{"id":1810,"date":"2013-09-05T11:28:54","date_gmt":"2013-09-05T09:28:54","guid":{"rendered":"https:\/\/konferenztechnik.de\/?page_id=1810"},"modified":"2013-09-05T11:28:54","modified_gmt":"2013-09-05T09:28:54","slug":"systemes-daccord-ted-systeme-old","status":"publish","type":"page","link":"https:\/\/konferenztechnik.de\/fr\/location-de-materiel-de-conference\/systemes-daccord-ted-systeme-old\/","title":{"rendered":"Syst\u00e8mes de vote, syst\u00e8mes TED"},"content":{"rendered":"<h1>Syst\u00e8mes de vote, syst\u00e8mes TED<\/h1>\n<figure id=\"attachment_4099\" aria-describedby=\"caption-attachment-4099\" style=\"width: 288px\" class=\"wp-caption alignright\"><a href=\"https:\/\/konferenztechnik.de\/wp-content\/uploads\/2013\/12\/abstimmanlagen2.jpg\"><img fetchpriority=\"high\" decoding=\"async\" src=\"https:\/\/konferenztechnik.de\/wp-content\/uploads\/2013\/12\/abstimmanlagen2.jpg\" alt=\"TED et syst\u00e8mes de vote bie PCS\" width=\"288\" height=\"198\" class=\"size-full wp-image-4099\" title=\"\"><\/a><figcaption id=\"caption-attachment-4099\" class=\"wp-caption-text\">Le syst\u00e8me de vote PCS...interaction entre l'orateur et la pl\u00e9ni\u00e8re.<\/figcaption><\/figure>\n<p>Le bon choix pour les sondages d'opinion, les quiz et les r\u00e9unions d'actionnaires.<\/p>\n<p>Notre syst\u00e8me d\u00e9termine rapidement l'opinion et l'exp\u00e9rience des participants et rend les r\u00e9sultats visibles pour tous en s\u00e9ance pl\u00e9ni\u00e8re.<br \/>\nChaque participant peut exprimer sa propre opinion avec les<br \/>\ncomparer et classer les r\u00e9sultats globaux.<\/p>\n<p>L'utilisation de ce syst\u00e8me de vote interactif suscite une attention accrue de la part des participants et leur donne le sentiment d'avoir leur mot \u00e0 dire sur les \u00e9v\u00e9nements sans avoir \u00e0 se pr\u00e9senter. Le vote se fait alors de mani\u00e8re anonyme.<\/p>\n<p>Le degr\u00e9 d'information augmente \u00e0 mesure que les participants s'impliquent activement dans les sujets.<\/p>\n<p>[spacer size=\"20\u2033]<br \/>\n<figure id=\"attachment_4114\" aria-describedby=\"caption-attachment-4114\" style=\"width: 650px\" class=\"wp-caption alignleft\"><a href=\"https:\/\/konferenztechnik.de\/wp-content\/uploads\/2013\/12\/abstimmeinheiten-bei-pcs.jpg\"><img decoding=\"async\" src=\"https:\/\/konferenztechnik.de\/wp-content\/uploads\/2013\/12\/abstimmeinheiten-bei-pcs.jpg\" alt=\"Vous pouvez voter avec un transpondeur ou directement via le poste de bureau.\" width=\"650\" height=\"200\" class=\"size-full wp-image-4114\" title=\"\" srcset=\"https:\/\/konferenztechnik.de\/wp-content\/uploads\/2013\/12\/abstimmeinheiten-bei-pcs.jpg 650w, https:\/\/konferenztechnik.de\/wp-content\/uploads\/2013\/12\/abstimmeinheiten-bei-pcs-300x92.jpg 300w\" sizes=\"(max-width: 650px) 100vw, 650px\" \/><\/a><figcaption id=\"caption-attachment-4114\" class=\"wp-caption-text\">Vous pouvez voter avec un transpondeur ou directement via le poste de bureau.<\/figcaption><\/figure><br \/>\n[spacer size=\"20\u2033]<\/p>\n<h1>Comment fonctionne le syst\u00e8me de vote PCS ? <\/h1>\n<h2>La question<\/h2>\n<p>Tous les participants re\u00e7oivent une unit\u00e9 de vote sans fil au d\u00e9but du symposium. Les intervenants posent \u00e0 l'auditoire des questions avec jusqu'\u00e0 10 possibilit\u00e9s de r\u00e9ponse. Les questions peuvent \u00eatre pr\u00e9sent\u00e9es par projection de donn\u00e9es \u00e0 l'aide d'un PC et d'un vid\u00e9oprojecteur.<\/p>\n<h2>Le vote<\/h2>\n<p>Apr\u00e8s avoir mod\u00e9r\u00e9 la question, l'orateur invite l'assembl\u00e9e \u00e0 voter. Un compte \u00e0 rebours appara\u00eet en grands chiffres sur l'\u00e9cran. Un temps de vote de 10 secondes a fait ses preuves. Pendant ce temps, les participants peuvent se d\u00e9cider et appuyer sur le bouton correspondant.<\/p>\n<h2>Le r\u00e9sultat<\/h2>\n<p><img decoding=\"async\" src=\"https:\/\/konferenztechnik.de\/wp-content\/uploads\/2013\/12\/voting-bei-pcs-televic.jpg\" alt=\"Logiciel de gestion des votes Televic\" width=\"600\" height=\"400\" class=\"alignleft size-full wp-image-4105\" title=\"\" srcset=\"https:\/\/konferenztechnik.de\/wp-content\/uploads\/2013\/12\/voting-bei-pcs-televic.jpg 600w, https:\/\/konferenztechnik.de\/wp-content\/uploads\/2013\/12\/voting-bei-pcs-televic-300x200.jpg 300w\" sizes=\"(max-width: 600px) 100vw, 600px\" \/><\/p>\n<p>D\u00e8s que le compte \u00e0 rebours est termin\u00e9, l'ordinateur calcule les votes exprim\u00e9s et pr\u00e9sente le r\u00e9sultat \u00e0 l'\u00e9cran en quelques secondes, par exemple sous la forme d'un graphique \u00e0 barres color\u00e9.<\/p>\n<h1>Aper\u00e7u des performances du syst\u00e8me de vote PCS<\/h1>\n<ul>\n<li>Unit\u00e9s d'accordage portables sans fil<\/li>\n<li>Clavier num\u00e9rique avec jusqu'\u00e0 10 possibilit\u00e9s de s\u00e9lection et touche de correction<\/li>\n<li>Plus de 3 500 unit\u00e9s d'accord utilisables simultan\u00e9ment dans la version standard<\/li>\n<li>Dans une \u00e9dition sp\u00e9ciale, jusqu'\u00e0 18.000 unit\u00e9s de vote utilisables simultan\u00e9ment<\/li>\n<li>Vote ouvert ou secret<\/li>\n<li>Sondage d'opinion, quiz ou r\u00e9union d'actionnaires<\/li>\n<li>Vote de groupe possible<\/li>\n<li>Si vous le souhaitez, vous pouvez attribuer un nom \u00e0 chaque bo\u00eetier de vote.<\/li>\n<li>Il est \u00e9galement possible de pond\u00e9rer les voix pour chaque appareil.<\/li>\n<li>Connexion PC avec logiciel TED variable avec connexion \u00e0 la projection de donn\u00e9es<\/li>\n<li>Pr\u00e9sentation des r\u00e9sultats sous forme de graphique \u00e0 barres, \u00e0 colonnes ou de camembert<\/li>\n<li>Pr\u00e9sentation des r\u00e9sultats de la requ\u00eate sous forme de chiffres absolus ou de pourcentages<\/li>\n<li>Possibilit\u00e9 d'organiser librement les diff\u00e9rentes pages<\/li>\n<li>Importation de logos et autres images \u00e0 partir de programmes graphiques<\/li>\n<li>Exportation des r\u00e9sultats dans des tableurs pour l'\u00e9valuation<\/li>\n<\/ul>","protected":false},"excerpt":{"rendered":"<p>Syst\u00e8mes de vote, syst\u00e8mes TED Le bon choix pour les sondages d'opinion, les quiz et les r\u00e9unions d'actionnaires. Notre syst\u00e8me d\u00e9termine rapidement l'opinion et l'exp\u00e9rience des participants et rend les r\u00e9sultats visibles pour tous en s\u00e9ance pl\u00e9ni\u00e8re. Chaque participant peut comparer et classer sa propre opinion avec les r\u00e9sultats globaux. L'utilisation de ce syst\u00e8me de vote interactif g\u00e9n\u00e8re une attention accrue de la part des participants et donne [...].<\/p>","protected":false},"author":1,"featured_media":45482,"parent":3618,"menu_order":158,"comment_status":"closed","ping_status":"open","template":"page-right-sidebar.php","meta":{"_acf_changed":false,"footnotes":""},"class_list":["post-1810","page","type-page","status-publish","has-post-thumbnail","hentry"],"acf":[],"_links":{"self":[{"href":"https:\/\/konferenztechnik.de\/fr\/wp-json\/wp\/v2\/pages\/1810","targetHints":{"allow":["GET"]}}],"collection":[{"href":"https:\/\/konferenztechnik.de\/fr\/wp-json\/wp\/v2\/pages"}],"about":[{"href":"https:\/\/konferenztechnik.de\/fr\/wp-json\/wp\/v2\/types\/page"}],"author":[{"embeddable":true,"href":"https:\/\/konferenztechnik.de\/fr\/wp-json\/wp\/v2\/users\/1"}],"replies":[{"embeddable":true,"href":"https:\/\/konferenztechnik.de\/fr\/wp-json\/wp\/v2\/comments?post=1810"}],"version-history":[{"count":0,"href":"https:\/\/konferenztechnik.de\/fr\/wp-json\/wp\/v2\/pages\/1810\/revisions"}],"up":[{"embeddable":true,"href":"https:\/\/konferenztechnik.de\/fr\/wp-json\/wp\/v2\/pages\/3618"}],"wp:featuredmedia":[{"embeddable":true,"href":"https:\/\/konferenztechnik.de\/fr\/wp-json\/wp\/v2\/media\/45482"}],"wp:attachment":[{"href":"https:\/\/konferenztechnik.de\/fr\/wp-json\/wp\/v2\/media?parent=1810"}],"curies":[{"name":"wp","href":"https:\/\/api.w.org\/{rel}","templated":true}]}}