{"id":1813,"date":"2013-09-05T11:30:23","date_gmt":"2013-09-05T09:30:23","guid":{"rendered":"https:\/\/konferenztechnik.de\/?page_id=1813"},"modified":"2023-06-29T14:15:16","modified_gmt":"2023-06-29T12:15:16","slug":"technique-av-microphones-technique-de-sonorisation-beamer","status":"publish","type":"page","link":"https:\/\/konferenztechnik.de\/fr\/location-de-materiel-de-conference\/technique-av-microphones-technique-de-sonorisation-beamer\/","title":{"rendered":"Technique AV : microphones, technique de sonorisation, vid\u00e9oprojecteurs"},"content":{"rendered":"<h1>Technique AV : microphones, technique de sonorisation, vid\u00e9oprojecteurs<\/h1>\n<p>Microphones, mat\u00e9riel de sonorisation, pupitres, hybrides t\u00e9l\u00e9phoniques, distributeurs de presse, logiciels de prise de notes steno-s, enregistreurs, signaleurs, vid\u00e9oprojecteurs, \u00e9crans et bien plus encore... Notre \u00e9quipement audio et vid\u00e9o est con\u00e7u pour les r\u00e9unions et les congr\u00e8s de toutes tailles.<\/p>\n<p><img fetchpriority=\"high\" decoding=\"async\" width=\"1200\" height=\"387\" src=\"https:\/\/konferenztechnik.de\/wp-content\/uploads\/2016\/10\/audio-videotechnik-mieten.jpg\" alt=\"location de mat\u00e9riel audio-visuel\" class=\"alignnone size-full wp-image-8507\" title=\"\" srcset=\"https:\/\/konferenztechnik.de\/wp-content\/uploads\/2016\/10\/audio-videotechnik-mieten.jpg 1200w, https:\/\/konferenztechnik.de\/wp-content\/uploads\/2016\/10\/audio-videotechnik-mieten-300x97.jpg 300w, https:\/\/konferenztechnik.de\/wp-content\/uploads\/2016\/10\/audio-videotechnik-mieten-1024x330.jpg 1024w, https:\/\/konferenztechnik.de\/wp-content\/uploads\/2016\/10\/audio-videotechnik-mieten-768x248.jpg 768w\" sizes=\"(max-width: 1200px) 100vw, 1200px\" \/><br \/>\n<img decoding=\"async\" src=\"https:\/\/konferenztechnik.de\/wp-content\/uploads\/2016\/10\/beamer-beschallung-mieten.jpg\" alt=\"location de beamer-sonorisation\" class=\"alignnone size-full wp-image-8506\" title=\"\"><br \/>\n<img decoding=\"async\" width=\"1200\" height=\"346\" src=\"https:\/\/konferenztechnik.de\/wp-content\/uploads\/2016\/10\/event-technik-mieten.jpg\" alt=\"location de mat\u00e9riel \u00e9v\u00e9nementiel\" class=\"alignnone size-full wp-image-8510\" title=\"\" srcset=\"https:\/\/konferenztechnik.de\/wp-content\/uploads\/2016\/10\/event-technik-mieten.jpg 1200w, https:\/\/konferenztechnik.de\/wp-content\/uploads\/2016\/10\/event-technik-mieten-300x87.jpg 300w, https:\/\/konferenztechnik.de\/wp-content\/uploads\/2016\/10\/event-technik-mieten-1024x295.jpg 1024w, https:\/\/konferenztechnik.de\/wp-content\/uploads\/2016\/10\/event-technik-mieten-768x221.jpg 768w\" sizes=\"(max-width: 1200px) 100vw, 1200px\" \/><\/p>\n<p>[callout add_button=\"no\" button_text=\"Learn More\" button_url=\"#\" button_color=\"#a62055\u2033]<br \/>\nLouez chez PCS \u00e0 des prix actualis\u00e9s au jour le jour dans notre vaste parc de location. Notre \u00e9quipe comp\u00e9tente vous fera parvenir une offre attrayante dans les plus brefs d\u00e9lais.<br \/>\n[\/callout]<\/p>\n<p>[spacer size=\"3\u2033]<br \/>\n[clear]<\/p>\n<div class=\"boxcontainer\">\n<div class=\"box1-4\">\n<div class=\"box-head\">Nord et Ouest<\/div>\n<p><img decoding=\"async\" width=\"800\" height=\"533\" src=\"https:\/\/konferenztechnik.de\/wp-content\/uploads\/2013\/09\/monika_van_den_boogaard_pcs-gmbh.jpg\" alt=\"monika_van_den_boogaard_pcs-gmbh\" class=\"alignleft size-full wp-image-2312\" title=\"\" srcset=\"https:\/\/konferenztechnik.de\/wp-content\/uploads\/2013\/09\/monika_van_den_boogaard_pcs-gmbh.jpg 800w, https:\/\/konferenztechnik.de\/wp-content\/uploads\/2013\/09\/monika_van_den_boogaard_pcs-gmbh-300x200.jpg 300w, https:\/\/konferenztechnik.de\/wp-content\/uploads\/2013\/09\/monika_van_den_boogaard_pcs-gmbh-768x512.jpg 768w\" sizes=\"(max-width: 800px) 100vw, 800px\" \/><br \/>\nMonika van den Boogaard<br \/>\nConseiller en projets de location<br \/>\nT\u00e9l. +49 211 737798 10<br \/>\n<span class=\"volleansicht\">Courrier \u00e9lectronique <a href=\"mailto:vandenboogaard@konferenztechnik.de\" onclick=\"ga('send', 'event', 'Email-Klick', 'Kontakt Boogaard');\">\u00e9crire<\/a><br \/>\n<\/span><br \/>\n<span class=\"mobileansicht\">Courrier \u00e9lectronique <a href=\"mailto:vandenboogaard@konferenztechnik.de\" onclick=\"ga('send', 'event', 'Email-Klick', 'Kontakt Boogaard');\">\u00e9crire<\/a><br \/>\n<\/span><\/p>\n<\/div>\n<div class=\"box1-4\">\n<div class=\"box-head\">Est<\/div>\n<p><img loading=\"lazy\" decoding=\"async\" width=\"2316\" height=\"1543\" src=\"https:\/\/konferenztechnik.de\/wp-content\/uploads\/2017\/05\/sebastian-meyer-pcs-gmbh.jpg\" alt=\"Sebastian Meyer PCS GmbH - Disposition\" class=\"alignleft size-full wp-image-10048\" title=\"\" srcset=\"https:\/\/konferenztechnik.de\/wp-content\/uploads\/2017\/05\/sebastian-meyer-pcs-gmbh.jpg 2316w, https:\/\/konferenztechnik.de\/wp-content\/uploads\/2017\/05\/sebastian-meyer-pcs-gmbh-300x200.jpg 300w, https:\/\/konferenztechnik.de\/wp-content\/uploads\/2017\/05\/sebastian-meyer-pcs-gmbh-1024x682.jpg 1024w, https:\/\/konferenztechnik.de\/wp-content\/uploads\/2017\/05\/sebastian-meyer-pcs-gmbh-768x512.jpg 768w, https:\/\/konferenztechnik.de\/wp-content\/uploads\/2017\/05\/sebastian-meyer-pcs-gmbh-1536x1023.jpg 1536w, https:\/\/konferenztechnik.de\/wp-content\/uploads\/2017\/05\/sebastian-meyer-pcs-gmbh-2048x1364.jpg 2048w\" sizes=\"(max-width: 2316px) 100vw, 2316px\" \/><br \/>\nS\u00e9bastien Meyer<br \/>\nConseiller en projets de location<br \/>\nT\u00e9l. +49 30 6959690 15<br \/>\n<span class=\"volleansicht\">Courrier \u00e9lectronique <a href=\"mailto:meyer@konferenztechnik.de\" onclick=\"ga('send', 'event', 'Email-Klick', 'Kontakt Meyer');\">\u00e9crire<\/a><br \/>\n<\/span><br \/>\n<span class=\"mobileansicht\">Courrier \u00e9lectronique <a href=\"mailto:meyer@konferenztechnik.de\" onclick=\"ga('send', 'event', 'Email-Klick', 'Kontakt Meyer');\">\u00e9crire<\/a><br \/>\n<\/span><\/p>\n<\/div>\n<div class=\"box1-4\">\n<div class=\"box-head\">Sud<\/div>\n<p><img loading=\"lazy\" decoding=\"async\" width=\"800\" height=\"533\" src=\"https:\/\/konferenztechnik.de\/wp-content\/uploads\/2013\/09\/sebastian_gegusch_pcs-gmbh.jpg\" alt=\"Sebastian Gegusch PCS-GmbH\" class=\"alignleft size-full wp-image-3153\" title=\"\" srcset=\"https:\/\/konferenztechnik.de\/wp-content\/uploads\/2013\/09\/sebastian_gegusch_pcs-gmbh.jpg 800w, https:\/\/konferenztechnik.de\/wp-content\/uploads\/2013\/09\/sebastian_gegusch_pcs-gmbh-300x200.jpg 300w, https:\/\/konferenztechnik.de\/wp-content\/uploads\/2013\/09\/sebastian_gegusch_pcs-gmbh-768x512.jpg 768w\" sizes=\"(max-width: 800px) 100vw, 800px\" \/><br \/>\nS\u00e9bastien Gegusch<br \/>\nDirection de projet et disposition<br \/>\nT\u00e9l. +49 89 248830021<br \/>\n<span class=\"volleansicht\">Courrier \u00e9lectronique <a href=\"mailto:gegusch@konferenztechnik.de\" onclick=\"ga('send', 'event', 'Email-Klick', 'Kontakt Gegusch');\">\u00e9crire<\/a><br \/>\n<\/span><br \/>\n<span class=\"mobileansicht\">Courrier \u00e9lectronique <a href=\"mailto:gegusch@konferenztechnik.de\" onclick=\"ga('send', 'event', 'Email-Klick', 'Kontakt Gegusch');\">\u00e9crire<\/a><br \/>\n<\/span><\/p>\n<\/div>\n<div class=\"box1-4-empty\"><\/div>\n<\/div>","protected":false},"excerpt":{"rendered":"<p>Technique AV : microphones, technique de sonorisation, vid\u00e9oprojecteurs Microphones, technique de sonorisation, pupitres, hybrides t\u00e9l\u00e9phoniques, distributeurs de presse, logiciel de prise de notes steno-s, appareils d'enregistrement, g\u00e9n\u00e9rateurs de signaux, vid\u00e9oprojecteurs, \u00e9crans et bien plus encore... Notre \u00e9quipement audio et vid\u00e9o est con\u00e7u pour les r\u00e9unions et les congr\u00e8s de toutes tailles. [callout add_button=\"no\" button_text=\"Learn More\" button_url=\"#\" button_color=\"#a62055\u2033] Louez chez PCS \u00e0 des prix actualis\u00e9s au jour le jour parmi notre vaste parc de location. Notre \u00e9quipe comp\u00e9tente vous fera imm\u00e9diatement parvenir une offre [...].<\/p>","protected":false},"author":1,"featured_media":45482,"parent":3618,"menu_order":157,"comment_status":"closed","ping_status":"open","template":"","meta":{"_acf_changed":false,"footnotes":""},"class_list":["post-1813","page","type-page","status-publish","has-post-thumbnail","hentry"],"acf":[],"_links":{"self":[{"href":"https:\/\/konferenztechnik.de\/fr\/wp-json\/wp\/v2\/pages\/1813","targetHints":{"allow":["GET"]}}],"collection":[{"href":"https:\/\/konferenztechnik.de\/fr\/wp-json\/wp\/v2\/pages"}],"about":[{"href":"https:\/\/konferenztechnik.de\/fr\/wp-json\/wp\/v2\/types\/page"}],"author":[{"embeddable":true,"href":"https:\/\/konferenztechnik.de\/fr\/wp-json\/wp\/v2\/users\/1"}],"replies":[{"embeddable":true,"href":"https:\/\/konferenztechnik.de\/fr\/wp-json\/wp\/v2\/comments?post=1813"}],"version-history":[{"count":0,"href":"https:\/\/konferenztechnik.de\/fr\/wp-json\/wp\/v2\/pages\/1813\/revisions"}],"up":[{"embeddable":true,"href":"https:\/\/konferenztechnik.de\/fr\/wp-json\/wp\/v2\/pages\/3618"}],"wp:featuredmedia":[{"embeddable":true,"href":"https:\/\/konferenztechnik.de\/fr\/wp-json\/wp\/v2\/media\/45482"}],"wp:attachment":[{"href":"https:\/\/konferenztechnik.de\/fr\/wp-json\/wp\/v2\/media?parent=1813"}],"curies":[{"name":"wp","href":"https:\/\/api.w.org\/{rel}","templated":true}]}}