{"id":18403,"date":"2021-09-23T15:21:14","date_gmt":"2021-09-23T14:21:14","guid":{"rendered":"https:\/\/www.konferenztechnik.de\/?page_id=18403"},"modified":"2023-07-05T10:49:31","modified_gmt":"2023-07-05T08:49:31","slug":"zoom-events","status":"publish","type":"page","link":"https:\/\/konferenztechnik.de\/fr\/zoom-events\/","title":{"rendered":"\u00c9v\u00e9nements Zoom"},"content":{"rendered":"<div data-elementor-type=\"wp-page\" data-elementor-id=\"18403\" class=\"elementor elementor-18403\" data-elementor-post-type=\"page\">\n\t\t\t\t\t\t<section data-particle_enable=\"false\" data-particle-mobile-disabled=\"false\" class=\"elementor-section elementor-top-section elementor-element elementor-element-6d5079df elementor-section-boxed elementor-section-height-default elementor-section-height-default\" data-id=\"6d5079df\" data-element_type=\"section\">\n\t\t\t\t\t\t<div class=\"elementor-container elementor-column-gap-default\">\n\t\t\t\t\t<div class=\"elementor-column elementor-col-100 elementor-top-column elementor-element elementor-element-748553c3\" data-id=\"748553c3\" data-element_type=\"column\">\n\t\t\t<div class=\"elementor-widget-wrap elementor-element-populated\">\n\t\t\t\t\t\t<div class=\"elementor-element elementor-element-1b99b6e elementor-widget elementor-widget-text-editor\" data-id=\"1b99b6e\" data-element_type=\"widget\" data-widget_type=\"text-editor.default\">\n\t\t\t\t<div class=\"elementor-widget-container\">\n\t\t\t\t\t\t\t\t\t<h1>Zoom Events \u2013 Cr\u00e9er, h\u00e9berger et g\u00e9rer des \u00e9v\u00e9nements en ligne avec la plateforme Zoom Events<\/h1>\n<img fetchpriority=\"high\" decoding=\"async\" class=\"alignleft size-full wp-image-18533\" src=\"https:\/\/konferenztechnik.de\/wp-content\/uploads\/2021\/09\/zoomevents-deutschland.png\" alt=\"R\u00e9server des \u00e9v\u00e9nements Zoom en Allemagne\" width=\"1920\" height=\"865\" title=\"\" srcset=\"https:\/\/konferenztechnik.de\/wp-content\/uploads\/2021\/09\/zoomevents-deutschland.png 1920w, https:\/\/konferenztechnik.de\/wp-content\/uploads\/2021\/09\/zoomevents-deutschland-300x135.png 300w, https:\/\/konferenztechnik.de\/wp-content\/uploads\/2021\/09\/zoomevents-deutschland-1024x461.png 1024w, https:\/\/konferenztechnik.de\/wp-content\/uploads\/2021\/09\/zoomevents-deutschland-768x346.png 768w, https:\/\/konferenztechnik.de\/wp-content\/uploads\/2021\/09\/zoomevents-deutschland-1536x692.png 1536w\" sizes=\"(max-width: 1920px) 100vw, 1920px\" \/>\n\n<img decoding=\"async\" src=\"https:\/\/konferenztechnik.de\/wp-content\/uploads\/2021\/09\/ze-logo-300x43.png\" alt=\"\u00c9v\u00e9nements Zoom\" width=\"300\" height=\"43\" title=\"\">\n\nLa plateforme Zoom Events r\u00e9pond aux besoins de r\u00e9aliser des exp\u00e9riences virtuelles individuelles de mani\u00e8re simple et efficace.\n\nZoom Events est une plateforme tout-en-un pour des \u00e9v\u00e9nements virtuels et hybrides de formats et de tailles tr\u00e8s vari\u00e9s. Nous vous assistons dans la planification et la cr\u00e9ation et, gr\u00e2ce \u00e0 nos serveurs en Allemagne, nous garantissons une r\u00e9alisation s\u00fbre et conforme \u00e0 la protection des donn\u00e9es.\n\nZoom Events vous offre tout ce dont vous avez besoin pour cr\u00e9er des \u00e9v\u00e9nements virtuels ou hybrides en toute confiance. Travaillez avec nos experts Zoom pour cr\u00e9er et optimiser votre \u00e9v\u00e9nement. Nous mettons \u00e0 votre disposition une infrastructure conforme au RGPD et vous conseillons et assistons pour les r\u00e9unions Zoom, les webinaires Zoom et les \u00e9v\u00e9nements Zoom.\n\nContactez nos experts pour savoir ce qui est d\u00e9j\u00e0 possible aujourd'hui avec Zoom Events.\n<div class=\"box1-4\" style=\"margin-bottom: 0!important; margin-top: 0px;\"><b><span class=\"pcs-color\">Conseil et planification<\/span><\/b>\n<img decoding=\"async\" class=\"alignleft size-full wp-image-18690\" src=\"https:\/\/konferenztechnik.de\/wp-content\/uploads\/2021\/11\/Christian-becker-pcs-gmbh-foto-thomas-arendt-1.jpg\" alt=\"Christian Becker - PCS GmbH\" title=\"\"><\/div>\n<div><\/div>\n<div><\/div>\n<div><\/div>\n<div><\/div>\n<div><\/div>\n<div><\/div>\n<div><\/div>\n<div><\/div>\n<div><\/div>\n<div><\/div>\n<div><\/div>\n<div><\/div>\n<div><\/div>\n<div><\/div>\n<div><\/div>\n<div><\/div>\n<div><\/div>\n<div><\/div>\n<div><\/div>\n<div><\/div>\n<div><\/div>\n<div><\/div>\n<div><\/div>\n<div class=\"box1-4\" style=\"margin-bottom: 0!important; margin-top: 0px;\">N'h\u00e9sitez pas \u00e0 nous appeler !\n<a href=\"tel:08007274624\"><b>0800 727 46 24<\/b><\/a>\nOu envoyez un e-mail \u00e0 :\n<span class=\"volleansicht\"><a href=\"mailto:info@konferenztechnik.de\">info@konferenztechnik.de<\/a>\n<\/span>\n<span class=\"mobileansicht\"><a href=\"mailto:info@konferenztechnik.de\">\u00e9crire<\/a>\n<\/span><\/div>\n<div id=\"newscontainer\">\n<div class=\"newskasten\"><img decoding=\"async\" class=\"alignleft size-medium wp-image-18461\" src=\"https:\/\/konferenztechnik.de\/wp-content\/uploads\/2021\/09\/datensicherheit-300x221.png\" alt=\"Zoom Events - Vos donn\u00e9es en s\u00e9curit\u00e9 chez PCS\" width=\"300\" height=\"221\" title=\"\" srcset=\"https:\/\/konferenztechnik.de\/wp-content\/uploads\/2021\/09\/datensicherheit-300x221.png 300w, https:\/\/konferenztechnik.de\/wp-content\/uploads\/2021\/09\/datensicherheit.png 336w\" sizes=\"(max-width: 300px) 100vw, 300px\" \/>\n<h3 class=\"pcs-color\"><strong>S\u00e9curit\u00e9 des donn\u00e9es<\/strong><\/h3>\nAccompagnement et documentation par les sp\u00e9cialistes de la protection des donn\u00e9es de PCS\n\n<\/div>\n<div class=\"newskasten\"><img loading=\"lazy\" decoding=\"async\" class=\"alignleft size-medium wp-image-18494\" src=\"https:\/\/konferenztechnik.de\/wp-content\/uploads\/2021\/09\/zoom-dsvgo-1-300x221.png\" alt=\"Zoom Events - Conformit\u00e9 \u00e0 la protection des donn\u00e9es, RGPD\" width=\"300\" height=\"221\" title=\"\" srcset=\"https:\/\/konferenztechnik.de\/wp-content\/uploads\/2021\/09\/zoom-dsvgo-1-300x221.png 300w, https:\/\/konferenztechnik.de\/wp-content\/uploads\/2021\/09\/zoom-dsvgo-1.png 336w\" sizes=\"(max-width: 300px) 100vw, 300px\" \/>\n<h3 class=\"pcs-color\"><strong>Conforme \u00e0 la protection des donn\u00e9es<\/strong><\/h3>\norganiser des conf\u00e9rences, sur des serveurs allemands, conform\u00e9ment \u00e0 la l\u00e9gislation allemande et europ\u00e9enne sur la protection des donn\u00e9es\n\n<\/div>\n<div class=\"newskasten\"><img loading=\"lazy\" decoding=\"async\" class=\"alignleft size-medium wp-image-18479\" src=\"https:\/\/konferenztechnik.de\/wp-content\/uploads\/2021\/09\/anmeldung-300x221.png\" alt=\"Zoom Events - Billetterie, inscription\" width=\"300\" height=\"221\" title=\"\" srcset=\"https:\/\/konferenztechnik.de\/wp-content\/uploads\/2021\/09\/anmeldung-300x221.png 300w, https:\/\/konferenztechnik.de\/wp-content\/uploads\/2021\/09\/anmeldung.png 336w\" sizes=\"(max-width: 300px) 100vw, 300px\" \/>\n<h3 class=\"pcs-color\"><strong>Billetterie, enregistrement<\/strong><\/h3>\nSyst\u00e8me d'inscription variable et complet int\u00e9gr\u00e9\n\n<\/div>\n<div class=\"newskasten\"><img loading=\"lazy\" decoding=\"async\" class=\"alignleft size-medium wp-image-18507\" src=\"https:\/\/konferenztechnik.de\/wp-content\/uploads\/2021\/09\/flexible-300x221.png\" alt=\"Zoom Events - \u00c9volutif et flexible\" width=\"300\" height=\"221\" title=\"\">\n<h3 class=\"pcs-color\"><strong>Flexible et \u00e9volutif<\/strong><\/h3>\nCouverture d'une grande vari\u00e9t\u00e9 de formats et de tailles\n\n<\/div>\n<div class=\"newskasten\"><img loading=\"lazy\" decoding=\"async\" class=\"alignleft size-medium wp-image-18498\" src=\"https:\/\/konferenztechnik.de\/wp-content\/uploads\/2021\/09\/allinone-300x221.png\" alt=\"Zoom Events - r\u00e9server chez PCS konferenztechnik.de\" width=\"300\" height=\"221\" title=\"\">\n<h3 class=\"pcs-color\"><strong>La meilleure qualit\u00e9 d'un seul tenant<\/strong><\/h3>\nQualit\u00e9 de transmission optimale et plateforme \u00e9v\u00e9nementielle compl\u00e8te\n\n<\/div>\n<\/div>\n<div style=\"background-color: #f7f7f7; padding-left: 20px; padding-right: 20px; padding-top: 30px;\">\n<h3><strong>Inscriptions et gestion des billets<\/strong><\/h3>\nUne inscription et une billetterie simples de vos participants sont int\u00e9gr\u00e9es. Vous pouvez d\u00e9finir le nombre de billets gratuits et payants, permettre des achats group\u00e9s, des options de cadeaux ou des dons. L'inscription et la billetterie sont personnalisables.\n<h3><strong>\u00c9v\u00e9nements publics et priv\u00e9s<\/strong><\/h3>\nVous pouvez organiser des \u00e9v\u00e9nements gratuits ou payants, tant pour les \u00e9v\u00e9nements publics que priv\u00e9s.\n<h3><strong>Diversit\u00e9 des formats d'\u00e9v\u00e9nements<\/strong><\/h3>\nPlanifiez des \u00e9v\u00e9nements individuels, des s\u00e9ries d'\u00e9v\u00e9nements, plusieurs sessions ou des r\u00e9unions parall\u00e8les. Sur une journ\u00e9e, sur plusieurs jours et bien s\u00fbr avec la possibilit\u00e9 de publier des enregistrements apr\u00e8s l'\u00e9v\u00e9nement. De mani\u00e8re g\u00e9n\u00e9rale, vous pouvez d\u00e9cider de rendre un \u00e9v\u00e9nement disponible en direct ou \u00e0 la demande.\n<h3><strong>Lobby, page de renvoi, hub \u00e9v\u00e9nementiel<\/strong><\/h3>\nZoom Events offre une possibilit\u00e9 simple de cr\u00e9er un point de d\u00e9part (landing page, event hub) de votre \u00e9v\u00e9nement. Celles-ci peuvent \u00e9galement \u00eatre publiques ou priv\u00e9es et utilis\u00e9es avec des URL individuelles.\n<h3><strong>\u00c9change, mise en r\u00e9seau<\/strong><\/h3>\nTous les participants peuvent se mettre en r\u00e9seau dans un lobby, discuter avec les sponsors et les exposants et \u00e9changer des informations de contact.\n<h3><strong>Collaboration et travail collaboratif<\/strong><\/h3>\nInt\u00e9grer diff\u00e9rentes apps pour favoriser la collaboration, comme par exemple Miro-Boards, Trello, Mentimeter, mais aussi Microsoft Teams, Slack ou Google Workspace. Zoom lui-m\u00eame a annonc\u00e9 le d\u00e9veloppement de son propre tableau blanc de haute qualit\u00e9 (13.09.2021), qui devrait \u00e9galement permettre \u00e0 l'avenir une collaboration VR.\n<h3><strong>Multilingue<\/strong><\/h3>\nNous vous permettons d'organiser des \u00e9v\u00e9nements virtuels multilingues et interpr\u00e9t\u00e9s en simultan\u00e9 avec Zoom Events.\n<h3><strong>Documentation et \u00e9valuation<\/strong><\/h3>\nVous pouvez suivre et documenter les inscriptions, le nombre de visiteurs, les ventes de billets, les recettes. Zoom Events propose des analyses qui vous permettent d'\u00e9valuer et d'am\u00e9liorer vos \u00e9v\u00e9nements.\n\n<\/div>\n<h2><strong>Organiser des \u00e9v\u00e9nements Zoom dans le respect de la protection des donn\u00e9es<\/strong><\/h2>\nZoom Events est bas\u00e9 sur la technologie fiable de vid\u00e9o et de chat de Zoom. Nous consid\u00e9rons la technique et l'infrastructure de Zoom comme les plus fiables et de la plus haute qualit\u00e9 du march\u00e9 et vous proposons, gr\u00e2ce \u00e0 nos propres serveurs Zoom en Allemagne, des \u00e9v\u00e9nements virtuels et hybrides conformes au DSGVO, c'est-\u00e0-dire strictement conformes \u00e0 la l\u00e9gislation allemande sur la protection des donn\u00e9es.\n<h2><strong>PCS est un fournisseur de Zoom Events<\/strong><\/h2>\nProfitez de nos nombreuses licences Zoom pour vos \u00e9v\u00e9nements. Nos experts vous assistent dans la mise en place, l'h\u00e9bergement et la personnalisation et sont \u00e0 votre disposition en tant qu'interlocuteur pour toutes les questions. Bien entendu, nous vous assistons \u00e9galement si vous disposez d\u00e9j\u00e0 de vos propres licences Zoom Events.\n\nFaites connaissance avec Zoom Events. Nous vous proposons une prise en main simple et rapide. N'h\u00e9sitez pas \u00e0 convenir d'une date de d\u00e9monstration pour d\u00e9couvrir les fonctions et le backend.\n\nN'h\u00e9sitez pas \u00e0 demander \u00e0 nos experts ce qu'il est d\u00e9j\u00e0 possible de faire avec Zoom Events.\n<h2><b>Cela pourrait aussi vous int\u00e9resser<\/b><\/h2>\n<a title=\"\u00c9v\u00e9nements hybrides\" href=\"\/fr\/evenements-hybrides\/\">\u00c9v\u00e9nements hybrides<\/a>\n<a title=\"Concepts d&#039;\u00e9v\u00e9nements flexibles\" href=\"\/fr\/concepts-devenements-flexibles\/\">Concepts d'\u00e9v\u00e9nements flexibles<\/a>\n<a href=\"https:\/\/konferenztechnik.de\/fr\/interpretation-a-distance\/\">Interpr\u00e9tation \u00e0 distance, hubs et studios<\/a>\n\n\n<a href=\"https:\/\/konferenztechnik.de\/fr\/visioconference\/\">Syst\u00e8mes de vid\u00e9oconf\u00e9rence<\/a>\n<a href=\"https:\/\/konferenztechnik.de\/fr\/location-de-materiel-de-streaming\/\">Louer du mat\u00e9riel de streaming<\/a>\n<a href=\"https:\/\/konferenztechnik.de\/fr\/location-de-materiel-de-conference\/technique-av-microphones-technique-de-sonorisation-beamer\/\">Techniques audio, vid\u00e9o et de transmission<\/a>\n<div class=\"box1-4 medium-size-txt\" style=\"margin-bottom: 0!important;\">\n<h2><b><span class=\"pcs-color medium-size-txt\">Vos experts en \u00e9v\u00e9nements<\/span><\/b><\/h2>\nNos experts Zoom Events se feront un plaisir de vous aider \u00e0 r\u00e9pondre \u00e0 vos questions, de vous conseiller, de vous faire une offre personnalis\u00e9e ou de planifier un projet individuel.\n\n<img loading=\"lazy\" decoding=\"async\" class=\"alignleft size-full wp-image-18120\" src=\"https:\/\/konferenztechnik.de\/wp-content\/uploads\/2021\/08\/Sebastian-Meyer-PCS-GmbH-konferenztechnik-small.jpg\" alt=\"Sebastian Meyer - PCS-GmbH - Planification de projet\" width=\"150\" height=\"150\" title=\"\">\n<img loading=\"lazy\" decoding=\"async\" class=\"alignleft size-full wp-image-17771\" src=\"https:\/\/konferenztechnik.de\/wp-content\/uploads\/2021\/06\/christian-becker-pcs-gmbh.jpg\" alt=\"Christian Becker - PCS GmbH - Planification d&#039;\u00e9v\u00e9nements\" width=\"150\" height=\"150\" title=\"\">\n<img loading=\"lazy\" decoding=\"async\" class=\"alignleft size-full wp-image-17774\" src=\"https:\/\/konferenztechnik.de\/wp-content\/uploads\/2021\/06\/sebastian-gegusch-pcs-gmbh.jpg\" alt=\"Sebastian Gegusch - PCS GmbH - Planification de projet\" width=\"150\" height=\"150\" title=\"\">\n\n<span class=\"medium-size-txt\">\nN'h\u00e9sitez pas \u00e0 nous appeler !\n<a href=\"tel:08007274624\"><b>0800 727 46 24<\/b><\/a><\/span>\n\nEcrivez-nous un e-mail \u00e0\n<span class=\"volleansicht\"><a href=\"mailto:info@konferenztechnik.de\">info@konferenztechnik.de<\/a>\n<\/span>\n<span class=\"mobileansicht\"><a href=\"mailto:info@konferenztechnik.de\">\u00e9crire<\/a>\n<\/span>\n\nChattez avec nous ou utilisez notre service de rappel\n<h2>Convenir d'un rappel<\/h2>\n<\/div>\t\t\t\t\t\t\t\t<\/div>\n\t\t\t\t<\/div>\n\t\t\t\t\t<\/div>\n\t\t<\/div>\n\t\t\t\t\t<\/div>\n\t\t<\/section>\n\t\t\t\t<\/div>","protected":false},"excerpt":{"rendered":"<p>Zoom Events \u2013 Cr\u00e9er, h\u00e9berger et g\u00e9rer des \u00e9v\u00e9nements en ligne avec la plateforme Zoom Events La plateforme Zoom Events r\u00e9pond aux besoins de r\u00e9aliser des exp\u00e9riences virtuelles individuelles de mani\u00e8re simple et efficace. Zoom Events est une plateforme tout-en-un pour les \u00e9v\u00e9nements virtuels et hybrides de formats et de tailles tr\u00e8s vari\u00e9s. Nous vous assistons dans la planification et la cr\u00e9ation et assurons, gr\u00e2ce \u00e0 nos serveurs en [...]<\/p>","protected":false},"author":1,"featured_media":45482,"parent":0,"menu_order":0,"comment_status":"closed","ping_status":"closed","template":"","meta":{"_acf_changed":false,"footnotes":""},"class_list":["post-18403","page","type-page","status-publish","has-post-thumbnail","hentry"],"acf":[],"_links":{"self":[{"href":"https:\/\/konferenztechnik.de\/fr\/wp-json\/wp\/v2\/pages\/18403","targetHints":{"allow":["GET"]}}],"collection":[{"href":"https:\/\/konferenztechnik.de\/fr\/wp-json\/wp\/v2\/pages"}],"about":[{"href":"https:\/\/konferenztechnik.de\/fr\/wp-json\/wp\/v2\/types\/page"}],"author":[{"embeddable":true,"href":"https:\/\/konferenztechnik.de\/fr\/wp-json\/wp\/v2\/users\/1"}],"replies":[{"embeddable":true,"href":"https:\/\/konferenztechnik.de\/fr\/wp-json\/wp\/v2\/comments?post=18403"}],"version-history":[{"count":0,"href":"https:\/\/konferenztechnik.de\/fr\/wp-json\/wp\/v2\/pages\/18403\/revisions"}],"wp:featuredmedia":[{"embeddable":true,"href":"https:\/\/konferenztechnik.de\/fr\/wp-json\/wp\/v2\/media\/45482"}],"wp:attachment":[{"href":"https:\/\/konferenztechnik.de\/fr\/wp-json\/wp\/v2\/media?parent=18403"}],"curies":[{"name":"wp","href":"https:\/\/api.w.org\/{rel}","templated":true}]}}