{"id":18772,"date":"2022-01-13T13:17:51","date_gmt":"2022-01-13T12:17:51","guid":{"rendered":"https:\/\/www.konferenztechnik.de\/?page_id=18772"},"modified":"2023-07-05T14:29:08","modified_gmt":"2023-07-05T12:29:08","slug":"studios-dinterpretation-berlin","status":"publish","type":"page","link":"https:\/\/konferenztechnik.de\/fr\/studios-dinterpretation-berlin\/","title":{"rendered":"Studios d'interpr\u00e9tation Berlin"},"content":{"rendered":"<h1 class=\"pcs-color\"><b>PCS Dolmetschstudios Berlin K\u00f6penicker Stra\u00dfe 154<\/b><\/h1>\n<p><iframe class=\"maps-full\" style=\"border: 0;\" src=\"https:\/\/www.google.com\/maps\/embed?pb=!1m18!1m12!1m3!1d2428.532610250432!2d13.427603016006886!3d52.505699645041084!2m3!1f0!2f0!3f0!3m2!1i1024!2i768!4f13.1!3m3!1m2!1s0x47a84e37d9891a73%3A0xee3a2da62f925ce!2sK%C3%B6penicker%20Str.%20154%2C%2010997%20Berlin!5e0!3m2!1sde!2sde!4v1641994730437!5m2!1sde!2sde\" allowfullscreen=\"allowfullscreen\"><\/iframe><\/p>\n<p>Des studios d'interpr\u00e9tation modernes, situ\u00e9s au centre, professionnels et confortables, sont actuellement en construction sur notre nouveau site. Avec plus de 50 postes de travail, il s'agit du plus grand hub d'interpr\u00e9tation simultan\u00e9e d'Allemagne : streaming conforme au RGPD vers des conf\u00e9rences, des \u00e9v\u00e9nements, des studios de diffusion, des r\u00e9unions et des vid\u00e9oconf\u00e9rences.<\/p>\n<p>Nos services sur place : Encadrement individuel par des techniciens, coordination d'\u00e9v\u00e9nements, restauration, studio \u00e0 \u00e9cran vert, espaces de coworking, lounge.<\/p>\n<p><img decoding=\"async\" class=\"alignleft size-full wp-image-18760\" src=\"https:\/\/konferenztechnik.de\/wp-content\/uploads\/2022\/01\/koep-1.jpg\" alt=\"Dolmetsch Hubs - PCS GmbH K\u00f6penicker Stra\u00dfe 154\" title=\"\"><\/p>\n<div class=\"small-text\">\n<h2 class=\"pcs-color\">Adresse<\/h2>\n<p>154, rue de K\u00f6penick<br \/>\nMaison J<br \/>\n10997 Berlin<br \/>\nT\u00e9l. <a href=\"\/fr\/tel&quot;+49306959690\/\"><b>+49 30 6959690 0<\/b><\/a><br \/>\n<span class=\"volleansicht\">Courrier \u00e9lectronique : <a href=\"mailto:berlin@konferenztechnik.de\">berlin@konferenztechnik.de<\/a><\/span><br \/>\n<span class=\"mobileansicht\">Courrier \u00e9lectronique : <a href=\"mailto:berlin@konferenztechnik.de\">\u00e9crire<\/a><\/span><\/p>\n<h2 class=\"pcs-color\">Plan d'acc\u00e8s<\/h2>\n<p>Vous pouvez nous rejoindre de pr\u00e9f\u00e9rence depuis les stations Ostbahnhof (S-Bahn, train r\u00e9gional), U Heinrich-Heine-Stra\u00dfe (m\u00e9tro) ou Bethaniendamm (bus).<\/p>\n<p><b>Depuis la gare de l'Est<\/b><\/p>\n<ul>\n<li>La distance \u00e0 pied est de 900 m, soit environ 10 minutes.<\/li>\n<li>Prendre le bus 140 en direction de U Mehringdamm, un arr\u00eat jusqu'\u00e0 Bethaniendamm.<\/li>\n<li>Prendre le bus 147 en direction de U Leopoldplatz un arr\u00eat jusqu'\u00e0 Bethaniendamm.<\/li>\n<li>Vous pouvez \u00e9galement utiliser les taxis, Uber, Freenow, les scooters \u00e9lectriques ou les v\u00e9los en libre-service.<\/li>\n<\/ul>\n<p><b>Depuis la station de m\u00e9tro Heinrich Heine Stra\u00dfe (U8)<\/b><\/p>\n<ul>\n<li>La distance \u00e0 pied est de 1000 m, soit environ 12 minutes.<\/li>\n<li>Prendre le bus 265 en direction de S Sch\u00f6neweide, trois arr\u00eats jusqu'\u00e0 Bethaniendamm.<\/li>\n<li>Prendre le bus 147 en direction de S Ostbahnhof, trois arr\u00eats jusqu'\u00e0 Bethaniendamm.<\/li>\n<li>Vous pouvez \u00e9galement utiliser les taxis, Uber, Freenow, les scooters \u00e9lectriques ou les v\u00e9los en libre-service.<\/li>\n<\/ul>\n<p>Six places de parking gratuites sont disponibles dans notre cour. Si elles sont occup\u00e9es, il est possible de se garer gratuitement dans l'espace public des environs.<\/p>\n<p>Des arceaux pour attacher les v\u00e9los sont disponibles dans la cour int\u00e9rieure tr\u00e8s anim\u00e9e.<\/p>\n<ul>\n<li>Prenez directement le train express r\u00e9gional RE7 depuis le terminal 1-2 jusqu'\u00e0 la gare de l'Est (Ostbahnhof). De la gare de l'Est, vous arrivez ensuite chez nous comme d\u00e9crit ci-dessus.<\/li>\n<li>Prenez directement le Flughafenexpress FEX depuis le terminal 1-2 jusqu'\u00e0 Ostkreuz, puis le S-Bahn (S 41, S3, S5, S7, RE1) jusqu'\u00e0 Ostbahnhof. De la gare de l'Est, vous arrivez ensuite chez nous comme d\u00e9crit ci-dessus.<\/li>\n<\/ul>\n<\/div>","protected":false},"excerpt":{"rendered":"<p>PCS Dolmetschstudios Berlin K\u00f6penicker Stra\u00dfe 154 An unserem neuen Standort entstehen aktuell moderne Dolmetschstudios, zentral gelegen, professionell und komfortabel. Mit \u00fcber 50 Arbeitspl\u00e4tzen ist dies der gr\u00f6\u00dfte Dolmetsch-Hub f\u00fcr Simultandolmetschen in Deutschland: DSGVO-konformes Streaming zu Konferenzen, Events, Broadcaststudios, Tagungen und Videokonferenzen. Unser Service vor Ort: Individuelle Betreuung durch Techniker:innen, Eventkoordination, Catering, Greenscreenstudio, Coworking-Spaces, Lounge. Adresse [&hellip;]<\/p>","protected":false},"author":1,"featured_media":45482,"parent":0,"menu_order":0,"comment_status":"closed","ping_status":"closed","template":"","meta":{"_acf_changed":false,"footnotes":""},"class_list":["post-18772","page","type-page","status-publish","has-post-thumbnail","hentry"],"acf":[],"_links":{"self":[{"href":"https:\/\/konferenztechnik.de\/fr\/wp-json\/wp\/v2\/pages\/18772","targetHints":{"allow":["GET"]}}],"collection":[{"href":"https:\/\/konferenztechnik.de\/fr\/wp-json\/wp\/v2\/pages"}],"about":[{"href":"https:\/\/konferenztechnik.de\/fr\/wp-json\/wp\/v2\/types\/page"}],"author":[{"embeddable":true,"href":"https:\/\/konferenztechnik.de\/fr\/wp-json\/wp\/v2\/users\/1"}],"replies":[{"embeddable":true,"href":"https:\/\/konferenztechnik.de\/fr\/wp-json\/wp\/v2\/comments?post=18772"}],"version-history":[{"count":0,"href":"https:\/\/konferenztechnik.de\/fr\/wp-json\/wp\/v2\/pages\/18772\/revisions"}],"wp:featuredmedia":[{"embeddable":true,"href":"https:\/\/konferenztechnik.de\/fr\/wp-json\/wp\/v2\/media\/45482"}],"wp:attachment":[{"href":"https:\/\/konferenztechnik.de\/fr\/wp-json\/wp\/v2\/media?parent=18772"}],"curies":[{"name":"wp","href":"https:\/\/api.w.org\/{rel}","templated":true}]}}