{"id":20395,"date":"2023-02-21T17:09:53","date_gmt":"2023-02-21T16:09:53","guid":{"rendered":"https:\/\/www.konferenztechnik.de\/?page_id=20395"},"modified":"2023-09-01T11:30:45","modified_gmt":"2023-09-01T09:30:45","slug":"conferences-avec-les-equipes-ms","status":"publish","type":"page","link":"https:\/\/konferenztechnik.de\/fr\/conferences-avec-les-equipes-ms\/","title":{"rendered":"Conf\u00e9rences avec MS Teams"},"content":{"rendered":"<div data-elementor-type=\"wp-page\" data-elementor-id=\"20395\" class=\"elementor elementor-20395\" data-elementor-post-type=\"page\">\n\t\t\t\t\t\t<section data-particle_enable=\"false\" data-particle-mobile-disabled=\"false\" class=\"elementor-section elementor-top-section elementor-element elementor-element-61c1ffcb elementor-section-boxed elementor-section-height-default elementor-section-height-default\" data-id=\"61c1ffcb\" data-element_type=\"section\">\n\t\t\t\t\t\t<div class=\"elementor-container elementor-column-gap-default\">\n\t\t\t\t\t<div class=\"elementor-column elementor-col-100 elementor-top-column elementor-element elementor-element-6d181681\" data-id=\"6d181681\" data-element_type=\"column\">\n\t\t\t<div class=\"elementor-widget-wrap elementor-element-populated\">\n\t\t\t\t\t\t<div class=\"elementor-element elementor-element-6da05206 elementor-widget elementor-widget-text-editor\" data-id=\"6da05206\" data-element_type=\"widget\" data-widget_type=\"text-editor.default\">\n\t\t\t\t<div class=\"elementor-widget-container\">\n\t\t\t\t\t\t\t\t\t<h1>Conf\u00e9rences professionnelles avec Microsoft Teams<\/h1>\n<img fetchpriority=\"high\" decoding=\"async\" src=\"https:\/\/konferenztechnik.de\/wp-content\/uploads\/2023\/02\/konferenzen-mit-msteams.jpg\" alt=\"\" width=\"1300\" height=\"490\" class=\"aligncenter size-full wp-image-20396\" title=\"\" srcset=\"https:\/\/konferenztechnik.de\/wp-content\/uploads\/2023\/02\/konferenzen-mit-msteams.jpg 1300w, https:\/\/konferenztechnik.de\/wp-content\/uploads\/2023\/02\/konferenzen-mit-msteams-300x113.jpg 300w, https:\/\/konferenztechnik.de\/wp-content\/uploads\/2023\/02\/konferenzen-mit-msteams-1024x386.jpg 1024w, https:\/\/konferenztechnik.de\/wp-content\/uploads\/2023\/02\/konferenzen-mit-msteams-768x289.jpg 768w\" sizes=\"(max-width: 1300px) 100vw, 1300px\" \/>\n\n[spacer size=\"20\u2033]\n<div class=\"newcolumn\">\n<h2><b>MS Teams d\u00e9sormais disponible en plusieurs langues et avec la fonction \"Interpr\u00e9tation simultan\u00e9e\".<\/b><\/h2>\nMicrosoft Teams (MS Teams) a longtemps jou\u00e9 les seconds violons chez nous, derri\u00e8re Zoom, dans les formats num\u00e9riques et hybrides. Nos techniciens* ont cependant r\u00e9guli\u00e8rement rapport\u00e9 comment MS Teams a rattrap\u00e9 son retard : l'interface utilisateur a \u00e9t\u00e9 constamment am\u00e9lior\u00e9e et surtout le moteur audio est devenu de plus en plus performant. En ce qui concerne la qualit\u00e9 vocale, Zoom et MS Teams sont actuellement \u00e0 \u00e9galit\u00e9.\nAu d\u00e9but de l'ann\u00e9e, Microsoft avait annonc\u00e9 vouloir int\u00e9grer l'interpr\u00e9tation professionnelle dans Teams, et a tenu parole. Microsoft offre la possibilit\u00e9 d'int\u00e9grer des interpr\u00e8tes* professionnels. Dans Teams, il est d\u00e9sormais possible d'ajouter et de s\u00e9lectionner des personnes comme interpr\u00e8tes*. Chez Microsoft, cette fonction s'appelle \"Interpr\u00e9tation vocale\".\n[spacer size=\"5\u2033]\n[list icon=\"moon-arrow-right-2\u2033 color=\"#a62055\u2033]<a title=\"Utiliser l&#039;interpr\u00e9tation linguistique dans une r\u00e9union d&#039;\u00e9quipe\" href=\"https:\/\/support.microsoft.com\/de-de\/office\/verwenden-der-sprachinterpretation-in-einer-teams-besprechung-b9fdde0f-1896-48ba-8540-efc99f5f4b2e\" target=\"_blank\" rel=\"noopener\">Utiliser l'interpr\u00e9tation linguistique dans une r\u00e9union d'\u00e9quipe<\/a>[\/list]\n\n[spacer size=\"30\u2033]\n<h2><b>PCS \u2013 konferenztechnik.de offre un encadrement professionnel des conf\u00e9rences avec Microsoft Teams<\/b><\/h2>\nNos professionnels des formats num\u00e9riques suivent actuellement une formation continue pour devenir des administrateurs Teams certifi\u00e9s. L'organisation d'\u00e9v\u00e9nements professionnels avec MS Teams pr\u00e9sente davantage de pi\u00e8ges et d'\u00e9cueils. Ce sont surtout les grandes entreprises qui ont int\u00e9gr\u00e9 Teams de mani\u00e8re centrale dans le syst\u00e8me informatique de l'entreprise, qui ont d\u00e9fini leurs propres mesures de s\u00e9curit\u00e9, autorisations ou restrictions. Pour les participants en dehors de l'entreprise et du domaine g\u00e9r\u00e9, cela signifie alors tout \u00e0 coup : vous ne pouvez pas vous connecter...\n<h2><b>MS Teams et la protection et la s\u00e9curit\u00e9 des donn\u00e9es<\/b><\/h2>\nSi vous demandez \u00e0 Microsoft ce qu'il en est de la s\u00e9curit\u00e9 des donn\u00e9es, vous entendrez : \"Mes conversations et mes donn\u00e9es sont-elles en s\u00e9curit\u00e9 ? \"Oui, car Microsoft Teams fait partie int\u00e9grante d'Office 365 et offre donc les m\u00eames fonctions de protection des donn\u00e9es et de conformit\u00e9 que les utilisateurs connaissent d\u00e9j\u00e0 d'Office 365. Pendant la transmission et le stockage, les donn\u00e9es sont crypt\u00e9es. Les fichiers sont enregistr\u00e9s dans SharePoint et s\u00e9curis\u00e9s par le cryptage SharePoint. Les notes sont stock\u00e9es dans OneNote et s\u00e9curis\u00e9es par le cryptage OneNote\". Les responsables allemands et europ\u00e9ens de la protection des donn\u00e9es sont toutefois indign\u00e9s par la mani\u00e8re dont Microsoft traite les donn\u00e9es des utilisateurs. En m\u00eame temps, chez nos clients, l\u00e0 o\u00f9 MS Teams est utilis\u00e9, le th\u00e8me de la s\u00e9curit\u00e9 des donn\u00e9es du c\u00f4t\u00e9 de l'entreprise est g\u00e9n\u00e9ralement clarifi\u00e9 et accept\u00e9 par le service informatique. Pourtant, pour beaucoup de nos clients, l'utilisation de services tels que Google et Microsoft n'est pas autoris\u00e9e. Dans ce cas, nous recommandons notre solution avec Zoom sur nos propres serveurs ou m\u00eame des solutions totalement ind\u00e9pendantes comme celles de Televic.\n<h2><b>MS Teams sur ses propres serveurs \/ sur site<\/b><\/h2>\nMicrosoft Teams est-il \u00e9galement possible sur des serveurs personnels ? Non, Microsoft Teams est con\u00e7u pour la collaboration avec SharePoint Online et Azure Active Directory. Il est certes possible d'utiliser certaines fonctions dans un environnement hybride, mais l'ensemble des fonctionnalit\u00e9s de Microsoft Teams n'est pas disponible dans une installation locale. Il n'existe pas d'installation de serveur pour Microsoft Teams, comme vous le connaissez peut-\u00eatre avec Skype for Business. Microsoft Teams est une solution purement \"cloud\".\n<h2><b>Nouveau Microsoft Teams \u00e0 partir de mars \u2013 MS Teams 2.0<\/b><\/h2>\nMicrosoft parle d'une grande am\u00e9lioration, surtout en termes de performance. Nous avons d\u00e9j\u00e0 \u00e9t\u00e9 convaincus par la qualit\u00e9 vocale et le moteur vocal qui la sous-tend. Nous esp\u00e9rons surtout des am\u00e9liorations pour les images vid\u00e9o. Mais il est \u00e9galement annonc\u00e9 que l'utilisation de \"plusieurs comptes\" sera simplifi\u00e9e. Tous ceux* qui utilisent des \u00e9quipes dans diff\u00e9rentes organisations savent \u00e0 quel point c'est encombrant et source d'erreurs. Les annonces faites par les ing\u00e9nieurs de l'\u00e9quipe sur \"The Verge\" sonnent comme un grand bond en avant. Mais entre les lignes, nous lisons aussi beaucoup de Microsoft 11, de navigateur Edge et d'ordinateurs PC. Nous sommes tr\u00e8s curieux de voir comment la nouvelle \u00e9quipe fonctionnera sur les appareils Apple ou les syst\u00e8mes Linux. Nous vous tiendrons au courant ici.\n\n[spacer size=\"30\u2033]\n[list icon=\"moon-arrow-right-2\u2033 color=\"#a62055\u2033]<a href=\"https:\/\/www.theverge.com\/2023\/2\/20\/23607037\/microsoft-teams-performance-improvements-less-cpu-memory\" rel=\"noopener\" target=\"_blank\">The Verge \u2013 Microsoft Teams va b\u00e9n\u00e9ficier d'importantes am\u00e9liorations de performances le mois prochain<\/a>[\/list]\n[spacer size=\"5\u2033]\n[list icon=\"moon-arrow-right-2\u2033 color=\"#a62055\u2033]<a href=\"https:\/\/www.drwindows.de\/news\/microsoft-teams-2-0-neue-version-mit-massiv-besserer-performance-startet-im-maerz\" rel=\"noopener\" target=\"_blank\">Dr. Windows \u2013 Microsoft Teams 2.0<\/a>[\/list]\n[spacer size=\"30\u2033]\n<h2><b>Vous souhaitez r\u00e9aliser des formats professionnels num\u00e9riques et hybrides en direct avec MS Teams ? Nous vous aidons : <\/b><\/h2>\n<\/div>\n[spacer size=\"30\u2033]\n<div class=\"box1-4 medium-size-txt\" style=\"margin-bottom: 0!important\">\n<h2><b><span class=\"pcs-color medium-size-txt\">Votre \u00e9quipe de service<\/span><\/b><\/h2>\n[taille d'espace=\"5\u2033]\n[column size=\"1-2\u2033 last=\"0\u2033]\n\nNotre d\u00e9partement sp\u00e9cialis\u00e9 vous aide volontiers \u00e0 r\u00e9pondre \u00e0 vos questions, vous conseille sur les produits, vous \u00e9tablit une offre personnelle ou une planification de projet individuelle.\n\n<img decoding=\"async\" src=\"https:\/\/konferenztechnik.de\/wp-content\/uploads\/2021\/08\/Monika-van-den-Boogaard-PCS-GmbH-konferenztechnik-small.jpg\" alt=\"Monika van den Boogaard - PCS GmbH - Conseil en projets\" width=\"150\" height=\"150\" class=\"alignleft size-full wp-image-18125\" title=\"\">\n<img decoding=\"async\" src=\"https:\/\/konferenztechnik.de\/wp-content\/uploads\/2021\/08\/Sebastian-Meyer-PCS-GmbH-konferenztechnik-small.jpg\" alt=\"Sebastian Meyer - PCS GmbH - Conseiller de projet\" width=\"150\" height=\"150\" class=\"alignleft size-full wp-image-18120\" title=\"\">\n<img loading=\"lazy\" decoding=\"async\" src=\"https:\/\/konferenztechnik.de\/wp-content\/uploads\/2021\/06\/sebastian-gegusch-pcs-gmbh.jpg\" alt=\"Sebastian Gegusch - PCS GmbH - Planification de projet\" width=\"150\" height=\"150\" class=\"alignleft size-full wp-image-17774\" title=\"\">\n[spacer size=\"5\u2033]\n<span class=\"medium-size-txt\">\nN'h\u00e9sitez pas \u00e0 nous appeler !\n<a href=\"tel:08007274624\"><b>0800 727 46 24<\/b><\/a><\/span>\n\nEcrivez-nous un e-mail \u00e0\n<span class=\"volleansicht\"><a href=\"mailto:info@konferenztechnik.de\" onclick=\"ga('send', 'event', 'Email-Klick', 'Kontakt Vermietung');\">info@konferenztechnik.de<\/a>\n<\/span>\n<span class=\"mobileansicht\"><a href=\"mailto:info@konferenztechnik.de\" onclick=\"ga('send', 'event', 'Email-Klick', 'Kontakt Vermietung');\">\u00e9crire<\/a>\n<\/span>\n\nChattez avec nous ou utilisez notre service de rappel\n\n[\/column]\n[column size=\"1-2\u2033 last=\"1\u2033]\n<h2>Convenir d'un rappel<\/h2>\n[contact-form-7 id=\"17963\u2033 title=\"Convenir d'un rappel\"]\n[\/column]\n\n<\/div>\t\t\t\t\t\t\t\t<\/div>\n\t\t\t\t<\/div>\n\t\t\t\t\t<\/div>\n\t\t<\/div>\n\t\t\t\t\t<\/div>\n\t\t<\/section>\n\t\t\t\t<\/div>","protected":false},"excerpt":{"rendered":"<p>Professionelle Konferenzen mit Microsoft Teams [spacer size=&#8220;20&#8243;] MS Teams jetzt auch mehrsprachig und mit der Funktion &#8222;Simultandolmetschen&#8220; Microsoft Teams (MS Teams) spielte bei uns lange die zweite Geige hinter Zoom bei den digitalen und hybriden Formaten. Unsere Techniker*innen berichteten regelm\u00e4\u00dfig, wie MS Teams jedoch aufholte: die Benutzeroberfl\u00e4che wurde stetig verbessert und vor allem die Audio-Engine [&hellip;]<\/p>","protected":false},"author":1,"featured_media":45482,"parent":0,"menu_order":0,"comment_status":"closed","ping_status":"closed","template":"elementor_theme","meta":{"_acf_changed":false,"footnotes":""},"class_list":["post-20395","page","type-page","status-publish","has-post-thumbnail","hentry"],"acf":[],"_links":{"self":[{"href":"https:\/\/konferenztechnik.de\/fr\/wp-json\/wp\/v2\/pages\/20395","targetHints":{"allow":["GET"]}}],"collection":[{"href":"https:\/\/konferenztechnik.de\/fr\/wp-json\/wp\/v2\/pages"}],"about":[{"href":"https:\/\/konferenztechnik.de\/fr\/wp-json\/wp\/v2\/types\/page"}],"author":[{"embeddable":true,"href":"https:\/\/konferenztechnik.de\/fr\/wp-json\/wp\/v2\/users\/1"}],"replies":[{"embeddable":true,"href":"https:\/\/konferenztechnik.de\/fr\/wp-json\/wp\/v2\/comments?post=20395"}],"version-history":[{"count":0,"href":"https:\/\/konferenztechnik.de\/fr\/wp-json\/wp\/v2\/pages\/20395\/revisions"}],"wp:featuredmedia":[{"embeddable":true,"href":"https:\/\/konferenztechnik.de\/fr\/wp-json\/wp\/v2\/media\/45482"}],"wp:attachment":[{"href":"https:\/\/konferenztechnik.de\/fr\/wp-json\/wp\/v2\/media?parent=20395"}],"curies":[{"name":"wp","href":"https:\/\/api.w.org\/{rel}","templated":true}]}}