{"id":2103,"date":"2013-09-19T13:22:58","date_gmt":"2013-09-19T11:22:58","guid":{"rendered":"https:\/\/konferenztechnik.de\/?page_id=2103"},"modified":"2013-09-19T13:22:58","modified_gmt":"2013-09-19T11:22:58","slug":"mentions-legales-2","status":"publish","type":"page","link":"https:\/\/konferenztechnik.de\/fr\/contact-3\/mentions-legales-2\/","title":{"rendered":"Mentions l\u00e9gales"},"content":{"rendered":"<h1>Mentions l\u00e9gales<\/h1>\n<p>Il s'agit de la pr\u00e9sentation commune de PCS Vertriebs- und Service GmbH et de PCS Professional Conference Systems GmbH.<br \/>\nPour plus de d\u00e9tails, veuillez consulter les informations ci-dessous.<\/p>\n<p>[column size=\"1-4\u2033 last=\"1\u2033]<br \/>\n<b>PCS Professional Conference Systems GmbH<\/b><\/p>\n<p><b>Propri\u00e9taire<\/b><br \/>\nDirk Neumann<br \/>\nJ\u00f6rg Peschka<\/p>\n<p><b>Directeur g\u00e9n\u00e9ral<\/b><br \/>\nDirk Neumann<br \/>\nJ\u00f6rg Peschka<br \/>\nGunnar Hermenau<br \/>\nThorsten Gei\u00dfler<\/p>\n<p><b>Adresse<\/b><br \/>\nRue du chantier naval de Reisholz 42<br \/>\n40589 D\u00fcsseldorf<br \/>\nT\u00e9l.:+49 211 737798-0<br \/>\nT\u00e9l\u00e9copieur : +49 211 737798-19<\/p>\n<p>Informations suppl\u00e9mentaires conform\u00e9ment \u00e0 la loi sur les conditions cadres juridiques pour le commerce \u00e9lectronique (EGG) en relation avec le \u00a7 6 de la loi sur les t\u00e9l\u00e9services (TDG) :<\/p>\n<p><b>Internet<\/b><br \/>\n<a href=\"https:\/\/konferenztechnik.de\/fr\">www.konferenztechnik.de<\/a><\/p>\n<p><b>Courrier \u00e9lectronique<\/b><br \/>\n<a href=\"mailto:info@konferenztechnik.de\">info@konferenztechnik.de<\/a><\/p>\n<p><b>Cr\u00e9ation de<\/b><br \/>\nnotari\u00e9 28.09.1995<\/p>\n<p><b>Forme juridique<\/b><br \/>\nGmbH<\/p>\n<p><b>Registre du commerce<\/b><br \/>\nHRB 32720<br \/>\nTribunal d'instance de D\u00fcsseldorf<br \/>\nInscription le 14.11.1995<\/p>\n<p><b>Num\u00e9ro d'identification de la taxe sur le chiffre d'affaires conform\u00e9ment au \u00a7 27a de la loi sur la taxe sur le chiffre d'affaires<\/b><br \/>\nFR 176 161 352<\/p>\n<p><b>Association professionnelle<\/b><br \/>\nVBG<br \/>\nAssociation professionnelle d'administration<br \/>\nN\u00b0 de membre 97\/0048\/8929<br \/>\n[\/column]<\/p>\n<p>[column size=\"1-4\u2033 last=\"1\u2033]<br \/>\n<b>PCS Vertriebs- und Service GmbH<\/b><\/p>\n<p><b>Propri\u00e9taire<\/b><br \/>\nDirk Neumann<br \/>\nJ\u00f6rg Peschka<\/p>\n<p><b>Directeur g\u00e9n\u00e9ral<\/b><br \/>\nDirk Neumann<br \/>\nJ\u00f6rg Peschka<br \/>\nGunnar Hermenau<br \/>\nThorsten Gei\u00dfler<\/p>\n<p><b>Adresse<\/b><br \/>\nRue du chantier naval de Reisholz 42<br \/>\n40589 D\u00fcsseldorf<br \/>\nT\u00e9l. : +49 211 737798-20<br \/>\nT\u00e9l\u00e9copieur : +49 211 737798-29<\/p>\n<p>Informations suppl\u00e9mentaires conform\u00e9ment \u00e0 la loi sur les conditions cadres juridiques pour le commerce \u00e9lectronique (EGG) en relation avec le \u00a7 6 de la loi sur les t\u00e9l\u00e9services (TDG) :<\/p>\n<p><b>Internet<\/b><br \/>\n<a href=\"https:\/\/konferenztechnik.de\/fr\">www.konferenztechnik.de<\/a><\/p>\n<p><b>Courrier \u00e9lectronique<\/b><br \/>\n<a href=\"mailto:vertrieb@konferenztechnik.de\">vertrieb@konferenztechnik.de<\/a><\/p>\n<p><b>Cr\u00e9ation de<\/b><br \/>\nnotari\u00e9 22.12.2006<\/p>\n<p><b>Forme juridique<\/b><br \/>\nGmbH<\/p>\n<p><b>Registre du commerce<\/b><br \/>\nHRB 56501<br \/>\nTribunal d'instance de D\u00fcsseldorf<br \/>\nEntr\u00e9e le 18.06.2007<\/p>\n<p><b>Num\u00e9ro d'identification de la taxe sur le chiffre d'affaires conform\u00e9ment au \u00a7 27a de la loi sur la taxe sur le chiffre d'affaires<\/b><br \/>\nFR 814 889 174<\/p>\n<p><b>Association professionnelle<\/b><br \/>\nBGHW<br \/>\nAssociation professionnelle du commerce et de la distribution de marchandises<br \/>\nM 9\/984 7264<\/p>\n<p>[\/column]<\/p>\n<h2>R\u00e9dacteur responsable<\/h2>\n<p>  J\u00f6rg Peschka<br \/>\n  <a href=\"mailto:impressum@konferenztechnik.de\">impressum@konferenztechnik.de<\/a><\/p>\n<h2>Droits d'utilisation :<\/h2>\n<p>Copyright \u00a9 1995-2018<br \/>\n  PCS Professional Conference Systems GmbH<br \/>\net PCS Vertriebs- und Service GmbH<br \/>\n  Rue du chantier naval de Reisholz 42<br \/>\n  40589 D\u00fcsseldorf, Allemagne<\/p>\n<p>Tous droits r\u00e9serv\u00e9s.<\/p>\n<p>Les droits d'auteur de ce site web sont enti\u00e8rement d\u00e9tenus par PCS Professional Conference Systems GmbH. <\/p>\n<p>Les droits d'image sont d\u00e9tenus par PCS Professional Conference Systems GmbH, PCS Vertriebs- und Service GmbH et les fabricants respectifs.<\/p>\n<p>Il est formellement interdit de copier, d'imprimer, de reproduire ou de distribuer, m\u00eame partiellement, ces pages web ainsi que les documents et images qui y sont int\u00e9gr\u00e9s, sans autorisation \u00e9crite pr\u00e9alable \u2013. Les pages web et les documents mis \u00e0 disposition ici ne peuvent \u00eatre utilis\u00e9s qu'\u00e0 des fins d'information et ne peuvent pas \u00eatre exploit\u00e9s commercialement.<\/p>\n<p>Nous v\u00e9rifions soigneusement tous les contenus, images et droits d'image avant de les publier sur nos pages. Si nous devions malgr\u00e9 tout commettre une erreur, nous vous prions de nous en informer afin que nous puissions r\u00e9soudre le probl\u00e8me rapidement et simplement. <a href=\"mailto:impressum@konferenztechnik.de\">impressum@konferenztechnik.de<\/a>. Merci beaucoup !\n<\/p>\n<p><h2>Mentions l\u00e9gales<\/h2>\n<\/p>\n<p>Malgr\u00e9 un contr\u00f4le minutieux du contenu, nous n'assumons aucune responsabilit\u00e9 pour le contenu des renvois\/liens externes. Seuls les exploitants de ces sites sont responsables de leur contenu.\n<\/p>\n<p>La soci\u00e9t\u00e9 PCS Professional Conference Systems GmbH s'efforce d'actualiser en permanence son offre Internet et de proposer un contenu correct et complet. Toutefois, des erreurs ne peuvent pas \u00eatre totalement exclues. La soci\u00e9t\u00e9 PCS Professional Conference Systems GmbH d\u00e9cline toute responsabilit\u00e9 quant \u00e0 l'actualit\u00e9, l'exactitude et l'exhaustivit\u00e9 des informations publi\u00e9es sur son site, \u00e0 moins que les erreurs n'aient \u00e9t\u00e9 commises intentionnellement ou par n\u00e9gligence grave. Ceci s'applique aux \u00e9ventuels dommages mat\u00e9riels ou immat\u00e9riels caus\u00e9s \u00e0 des tiers par l'utilisation de cette offre web.<\/p>\n<h2>Protection des donn\u00e9es<\/h2>\n<p>Le lien suivant vous permet d'acc\u00e9der \u00e0 notre d\u00e9claration de confidentialit\u00e9 :<br \/>\n<a href=\"https:\/\/konferenztechnik.de\/fr\/declaration-de-protection-des-donnees\/\">D\u00e9claration de confidentialit\u00e9 du site www.konferenztechnik.de<\/a><br \/>\n[spacer size=\"40\u2033]<\/p>","protected":false},"excerpt":{"rendered":"<p>Mentions l\u00e9gales Ceci est la pr\u00e9sentation commune de PCS Vertriebs- und Service GmbH et de PCS Professional Conference Systems GmbH. Pour plus de d\u00e9tails, veuillez consulter les informations ci-dessous. [column size=\"1-2\u2033 last=\"0\u2033] PCS Professional Conference Systems GmbH Propri\u00e9taire Dirk Neumann J\u00f6rg Peschka G\u00e9rant Dirk Neumann J\u00f6rg Peschka Gunnar Hermenau Thorsten Gei\u00dfler Adresse Reisholzer Werftstra\u00dfe 42 40589 D\u00fcsseldorf T\u00e9l.<\/p>","protected":false},"author":1,"featured_media":45482,"parent":791,"menu_order":145,"comment_status":"closed","ping_status":"open","template":"","meta":{"_acf_changed":false,"footnotes":""},"class_list":["post-2103","page","type-page","status-publish","has-post-thumbnail","hentry"],"acf":[],"_links":{"self":[{"href":"https:\/\/konferenztechnik.de\/fr\/wp-json\/wp\/v2\/pages\/2103","targetHints":{"allow":["GET"]}}],"collection":[{"href":"https:\/\/konferenztechnik.de\/fr\/wp-json\/wp\/v2\/pages"}],"about":[{"href":"https:\/\/konferenztechnik.de\/fr\/wp-json\/wp\/v2\/types\/page"}],"author":[{"embeddable":true,"href":"https:\/\/konferenztechnik.de\/fr\/wp-json\/wp\/v2\/users\/1"}],"replies":[{"embeddable":true,"href":"https:\/\/konferenztechnik.de\/fr\/wp-json\/wp\/v2\/comments?post=2103"}],"version-history":[{"count":0,"href":"https:\/\/konferenztechnik.de\/fr\/wp-json\/wp\/v2\/pages\/2103\/revisions"}],"up":[{"embeddable":true,"href":"https:\/\/konferenztechnik.de\/fr\/wp-json\/wp\/v2\/pages\/791"}],"wp:featuredmedia":[{"embeddable":true,"href":"https:\/\/konferenztechnik.de\/fr\/wp-json\/wp\/v2\/media\/45482"}],"wp:attachment":[{"href":"https:\/\/konferenztechnik.de\/fr\/wp-json\/wp\/v2\/media?parent=2103"}],"curies":[{"name":"wp","href":"https:\/\/api.w.org\/{rel}","templated":true}]}}