{"id":2271,"date":"2013-09-20T13:44:55","date_gmt":"2013-09-20T11:44:55","guid":{"rendered":"https:\/\/konferenztechnik.de\/?page_id=2271"},"modified":"2023-07-05T15:03:13","modified_gmt":"2023-07-05T13:03:13","slug":"tables-de-mixage","status":"publish","type":"page","link":"https:\/\/konferenztechnik.de\/fr\/distribution-de-materiel-de-conference-et-de-medias-audiovisuels\/technique-audio-microphones-sonorisation-regie-et-distribution\/tables-de-mixage\/","title":{"rendered":"Tables de mixage"},"content":{"rendered":"<h1>Tables de mixage<\/h1>\n<h2>Yamaha 01V\/96VCM<\/h2>\n<p><a href=\"https:\/\/konferenztechnik.de\/wp-content\/uploads\/2013\/09\/Mischpult_Yamaha_01V96_gross.jpg\"><img fetchpriority=\"high\" decoding=\"async\" width=\"393\" height=\"321\" class=\"alignleft size-full wp-image-2403\" src=\"https:\/\/konferenztechnik.de\/wp-content\/uploads\/2013\/09\/Mischpult_Yamaha_01V96_gross.jpg\" alt=\"Yamaha 01V\/96VCM\" title=\"\" srcset=\"https:\/\/konferenztechnik.de\/wp-content\/uploads\/2013\/09\/Mischpult_Yamaha_01V96_gross.jpg 393w, https:\/\/konferenztechnik.de\/wp-content\/uploads\/2013\/09\/Mischpult_Yamaha_01V96_gross-300x245.jpg 300w\" sizes=\"(max-width: 393px) 100vw, 393px\" \/><\/a><\/p>\n<p>Le 01V\/96VCM offre la puissance et la fiabilit\u00e9 que l'on attend des consoles num\u00e9riques de live et de production de Yamaha, dans un design remarquablement compact \u2013, ce qui en fait le choix parfait pour les applications o\u00f9 l'espace est limit\u00e9 ou o\u00f9 un mobilier flexible est n\u00e9cessaire. Malgr\u00e9 ses dimensions ext\u00e9rieures r\u00e9duites, elle peut g\u00e9rer jusqu'\u00e0 40 canaux.<\/p>\n<h2>Yamaha 01V\/96VCM<\/h2>\n<ul>\n<li>40 entr\u00e9es et 18 bus \u00e0 96 kHz<\/li>\n<li>Fonctions de canal puissantes avec contr\u00f4le et patching flexibles<\/li>\n<li>Quatre processeurs multi-effets<\/li>\n<li>Logiciel d'\u00e9dition inclus<\/li>\n<li>Les fonctions d'appairage et de regroupement polyvalentes rendent le m\u00e9lange plus efficace<\/li>\n<\/ul>","protected":false},"excerpt":{"rendered":"<p>Mischpulte Yamaha 01V\/96VCM Das 01V\/96VCM bietet die Leistungsf\u00e4higkeit und Zuverl\u00e4ssigkeit, die man von Yamahas digitalen Live- und Produktionskonsolen erwartet, und das in einem bemerkenswert kompakten Design &#8211; so ist es die perfekte Wahl f\u00fcr Anwendungen, wo Platz knapp oder flexible Mobililt\u00e4t gefragt ist. Trotz seiner geringen Au\u00dfenma\u00dfe kann es bis zu 40 Kan\u00e4le handhaben. Yamaha [&hellip;]<\/p>","protected":false},"author":1,"featured_media":45482,"parent":1289,"menu_order":141,"comment_status":"closed","ping_status":"open","template":"","meta":{"_acf_changed":false,"footnotes":""},"class_list":["post-2271","page","type-page","status-publish","has-post-thumbnail","hentry"],"acf":[],"_links":{"self":[{"href":"https:\/\/konferenztechnik.de\/fr\/wp-json\/wp\/v2\/pages\/2271","targetHints":{"allow":["GET"]}}],"collection":[{"href":"https:\/\/konferenztechnik.de\/fr\/wp-json\/wp\/v2\/pages"}],"about":[{"href":"https:\/\/konferenztechnik.de\/fr\/wp-json\/wp\/v2\/types\/page"}],"author":[{"embeddable":true,"href":"https:\/\/konferenztechnik.de\/fr\/wp-json\/wp\/v2\/users\/1"}],"replies":[{"embeddable":true,"href":"https:\/\/konferenztechnik.de\/fr\/wp-json\/wp\/v2\/comments?post=2271"}],"version-history":[{"count":0,"href":"https:\/\/konferenztechnik.de\/fr\/wp-json\/wp\/v2\/pages\/2271\/revisions"}],"up":[{"embeddable":true,"href":"https:\/\/konferenztechnik.de\/fr\/wp-json\/wp\/v2\/pages\/1289"}],"wp:featuredmedia":[{"embeddable":true,"href":"https:\/\/konferenztechnik.de\/fr\/wp-json\/wp\/v2\/media\/45482"}],"wp:attachment":[{"href":"https:\/\/konferenztechnik.de\/fr\/wp-json\/wp\/v2\/media?parent=2271"}],"curies":[{"name":"wp","href":"https:\/\/api.w.org\/{rel}","templated":true}]}}