{"id":2278,"date":"2013-09-20T14:10:18","date_gmt":"2013-09-20T12:10:18","guid":{"rendered":"https:\/\/konferenztechnik.de\/?page_id=2278"},"modified":"2023-07-05T14:29:38","modified_gmt":"2023-07-05T12:29:38","slug":"dynamiques-et-effets","status":"publish","type":"page","link":"https:\/\/konferenztechnik.de\/fr\/distribution-de-materiel-de-conference-et-de-medias-audiovisuels\/technique-audio-microphones-sonorisation-regie-et-distribution\/dynamiques-et-effets\/","title":{"rendered":"Dynamiques et effets"},"content":{"rendered":"<h1>Dynamiques et effets<\/h1>\n<h2>Nexia<\/h2>\n<p><a href=\"https:\/\/konferenztechnik.de\/wp-content\/uploads\/2013\/09\/Biamp_Nexia_CS_gross.jpg\"><img fetchpriority=\"high\" decoding=\"async\" width=\"603\" height=\"217\" class=\"alignleft size-full wp-image-2408\" src=\"https:\/\/konferenztechnik.de\/wp-content\/uploads\/2013\/09\/Biamp_Nexia_CS_gross.jpg\" alt=\"Nexia\" title=\"\" srcset=\"https:\/\/konferenztechnik.de\/wp-content\/uploads\/2013\/09\/Biamp_Nexia_CS_gross.jpg 603w, https:\/\/konferenztechnik.de\/wp-content\/uploads\/2013\/09\/Biamp_Nexia_CS_gross-300x108.jpg 300w\" sizes=\"(max-width: 603px) 100vw, 603px\" \/><\/a><\/p>\n<p>Nexia est un syst\u00e8me audio num\u00e9rique rentable qui peut \u00eatre programm\u00e9 librement via une interface graphique. La s\u00e9rie Nexia est disponible en diff\u00e9rentes configurations d'E\/S, ce qui permet de trouver rapidement l'appareil adapt\u00e9 \u00e0 chaque application. Jusqu'\u00e0 quatre syst\u00e8mes Nexia peuvent \u00eatre coupl\u00e9s entre eux c\u00f4t\u00e9 audio via le bus interne NexLink. Nexia est ainsi utilis\u00e9 dans les centres de conf\u00e9rence, les salles polyvalentes, les salles de formation, la restauration ou partout o\u00f9 un syst\u00e8me audio librement programmable est n\u00e9cessaire.<\/p>\n<h2>Nexia<\/h2>\n<p>Les types de Nexia suivants sont disponibles :<\/p>\n<ul>\n<li>Nexia CS : pour les applications n\u00e9cessitant beaucoup de microphones, comme les salles de conf\u00e9rence<\/li>\n<li>Nexia PM : Sp\u00e9cialement con\u00e7u pour les applications AV utilisant \u00e0 la fois des microphones et des lecteurs<\/li>\n<li>Nexia SP : id\u00e9al pour les applications o\u00f9 les signaux de ligne doivent \u00eatre r\u00e9partis sur un grand nombre de sorties<\/li>\n<li>Nexia TC : id\u00e9al pour de multiples applications de t\u00e9l\u00e9conf\u00e9rence<\/li>\n<li>Nexia VC : id\u00e9al pour de multiples applications de vid\u00e9oconf\u00e9rence<\/li>\n<\/ul>\n<h2>Sabine FBX-2400<\/h2>\n<p><a href=\"https:\/\/konferenztechnik.de\/wp-content\/uploads\/2013\/09\/Sabine_FBX1200-2400_gross.jpg\"><img decoding=\"async\" width=\"800\" height=\"75\" class=\"alignleft size-full wp-image-2407\" src=\"https:\/\/konferenztechnik.de\/wp-content\/uploads\/2013\/09\/Sabine_FBX1200-2400_gross.jpg\" alt=\"Sabine FBX-2400\" title=\"\" srcset=\"https:\/\/konferenztechnik.de\/wp-content\/uploads\/2013\/09\/Sabine_FBX1200-2400_gross.jpg 800w, https:\/\/konferenztechnik.de\/wp-content\/uploads\/2013\/09\/Sabine_FBX1200-2400_gross-300x28.jpg 300w, https:\/\/konferenztechnik.de\/wp-content\/uploads\/2013\/09\/Sabine_FBX1200-2400_gross-768x72.jpg 768w\" sizes=\"(max-width: 800px) 100vw, 800px\" \/><\/a><\/p>\n<p>Avec le <em>Sabine Exterminateur de feedback<\/em> permet de supprimer automatiquement et de mani\u00e8re fiable le Larsen. La technologie qui se trouve derri\u00e8re en est maintenant \u00e0 sa cinqui\u00e8me g\u00e9n\u00e9ration et fonctionne d\u00e9sormais avec le nouveau <em>Technologie SMARTFilter<\/em>.<\/p>\n<h2>Sabine FBX-2400<\/h2>\n<ul>\n<li>jusqu'\u00e0 12 filtres de feedback automatiques par canal<\/li>\n<li>2 canaux<\/li>\n<li>Entr\u00e9es\/sorties audio sur XLR<\/li>\n<li>1\/10 et 1\/5 d'octave commutable selon l'application<\/li>\n<li>filtres fixes et dynamiques<\/li>\n<li>Technologie du filtre SMART<\/li>\n<\/ul>","protected":false},"excerpt":{"rendered":"<p>Dynamics und Effekte Nexia Nexia ist ein kosteneffektives digitales Audiosystem, das \u00fcber eine grafische Oberfl\u00e4che frei programmiert werden kann. Die Nexia-Serie ist in verschiedenen I\/O-Konfigurationen erh\u00e4ltlich, so l\u00e4sst sich f\u00fcr jede Anwendung schnell das passende Ger\u00e4t finden. Bis zu vier Nexia Systeme k\u00f6nnen \u00fcber den internen NexLink Bus miteinander audioseitig gekoppelt werden. Nexia kommt so [&hellip;]<\/p>","protected":false},"author":1,"featured_media":45482,"parent":1289,"menu_order":139,"comment_status":"closed","ping_status":"open","template":"","meta":{"_acf_changed":false,"footnotes":""},"class_list":["post-2278","page","type-page","status-publish","has-post-thumbnail","hentry"],"acf":[],"_links":{"self":[{"href":"https:\/\/konferenztechnik.de\/fr\/wp-json\/wp\/v2\/pages\/2278","targetHints":{"allow":["GET"]}}],"collection":[{"href":"https:\/\/konferenztechnik.de\/fr\/wp-json\/wp\/v2\/pages"}],"about":[{"href":"https:\/\/konferenztechnik.de\/fr\/wp-json\/wp\/v2\/types\/page"}],"author":[{"embeddable":true,"href":"https:\/\/konferenztechnik.de\/fr\/wp-json\/wp\/v2\/users\/1"}],"replies":[{"embeddable":true,"href":"https:\/\/konferenztechnik.de\/fr\/wp-json\/wp\/v2\/comments?post=2278"}],"version-history":[{"count":0,"href":"https:\/\/konferenztechnik.de\/fr\/wp-json\/wp\/v2\/pages\/2278\/revisions"}],"up":[{"embeddable":true,"href":"https:\/\/konferenztechnik.de\/fr\/wp-json\/wp\/v2\/pages\/1289"}],"wp:featuredmedia":[{"embeddable":true,"href":"https:\/\/konferenztechnik.de\/fr\/wp-json\/wp\/v2\/media\/45482"}],"wp:attachment":[{"href":"https:\/\/konferenztechnik.de\/fr\/wp-json\/wp\/v2\/media?parent=2278"}],"curies":[{"name":"wp","href":"https:\/\/api.w.org\/{rel}","templated":true}]}}