{"id":24860,"date":"2023-04-18T10:42:05","date_gmt":"2023-04-18T08:42:05","guid":{"rendered":"http:\/\/dev.konferenztechnik.de\/?page_id=24860"},"modified":"2025-04-09T09:47:41","modified_gmt":"2025-04-09T07:47:41","slug":"agences","status":"publish","type":"page","link":"https:\/\/konferenztechnik.de\/fr\/agences\/","title":{"rendered":"Agences"},"content":{"rendered":"<div data-elementor-type=\"wp-page\" data-elementor-id=\"24860\" class=\"elementor elementor-24860\" data-elementor-post-type=\"page\">\n\t\t\t\t<div data-particle_enable=\"false\" data-particle-mobile-disabled=\"false\" class=\"elementor-element elementor-element-d8aba58 e-flex e-con-boxed e-con e-parent\" data-id=\"d8aba58\" data-element_type=\"container\">\n\t\t\t\t\t<div class=\"e-con-inner\">\n\t\t\t\t<div class=\"elementor-element elementor-element-366d4e5 elementor-widget__width-inherit elementor-widget elementor-widget-heading\" data-id=\"366d4e5\" data-element_type=\"widget\" data-widget_type=\"heading.default\">\n\t\t\t\t<div class=\"elementor-widget-container\">\n\t\t\t\t\t<h1 class=\"elementor-heading-title elementor-size-default\">Agences<\/h1>\t\t\t\t<\/div>\n\t\t\t\t<\/div>\n\t\t\t\t<div class=\"elementor-element elementor-element-e4b6b7a elementor-widget elementor-widget-image\" data-id=\"e4b6b7a\" data-element_type=\"widget\" data-widget_type=\"image.default\">\n\t\t\t\t<div class=\"elementor-widget-container\">\n\t\t\t\t\t\t\t\t\t\t\t\t\t\t\t<img fetchpriority=\"high\" decoding=\"async\" width=\"1300\" height=\"486\" src=\"https:\/\/konferenztechnik.de\/wp-content\/uploads\/2023\/04\/eventagenturen.jpg\" class=\"attachment-full size-full wp-image-24861\" alt=\"un grand scribble\/indmapping sur une paroi en verre - ici comme symbole des agences\" srcset=\"https:\/\/konferenztechnik.de\/wp-content\/uploads\/2023\/04\/eventagenturen.jpg 1300w, https:\/\/konferenztechnik.de\/wp-content\/uploads\/2023\/04\/eventagenturen-300x112.jpg 300w, https:\/\/konferenztechnik.de\/wp-content\/uploads\/2023\/04\/eventagenturen-1024x383.jpg 1024w, https:\/\/konferenztechnik.de\/wp-content\/uploads\/2023\/04\/eventagenturen-768x287.jpg 768w, https:\/\/konferenztechnik.de\/wp-content\/uploads\/2023\/04\/eventagenturen-18x7.jpg 18w\" sizes=\"(max-width: 1300px) 100vw, 1300px\" title=\"\">\t\t\t\t\t\t\t\t\t\t\t\t\t\t\t<\/div>\n\t\t\t\t<\/div>\n\t\t\t\t\t<\/div>\n\t\t\t\t<\/div>\n\t\t<div data-particle_enable=\"false\" data-particle-mobile-disabled=\"false\" class=\"elementor-element elementor-element-9deafd4 e-flex e-con-boxed e-con e-parent\" data-id=\"9deafd4\" data-element_type=\"container\">\n\t\t\t\t\t<div class=\"e-con-inner\">\n\t\t\t\t<div class=\"elementor-element elementor-element-66ea8b4 elementor-widget elementor-widget-heading\" data-id=\"66ea8b4\" data-element_type=\"widget\" data-settings=\"{&quot;_animation&quot;:&quot;none&quot;}\" data-widget_type=\"heading.default\">\n\t\t\t\t<div class=\"elementor-widget-container\">\n\t\t\t\t\t<h2 class=\"elementor-heading-title elementor-size-default\">Agences : le succ\u00e8s gr\u00e2ce \u00e0 l'imbrication<\/h2>\t\t\t\t<\/div>\n\t\t\t\t<\/div>\n\t\t\t\t<div class=\"elementor-element elementor-element-d16fcf6 elementor-widget__width-inherit elementor-widget elementor-widget-text-editor\" data-id=\"d16fcf6\" data-element_type=\"widget\" data-widget_type=\"text-editor.default\">\n\t\t\t\t<div class=\"elementor-widget-container\">\n\t\t\t\t\t\t\t\t\t<p class=\"my-0\"><span style=\"font-family: var( --e-global-typography-text-font-family ), Barlowlocal, Sans-Serif; font-size: var( --e-global-typography-text-font-size ); font-weight: var( --e-global-typography-text-font-weight ); text-align: var(--text-align);\">Nous soutenons les agences \u00e9v\u00e9nementielles dans la r\u00e9alisation technique de leurs \u00e9v\u00e9nements \u2013 de mani\u00e8re fiable, flexible et professionnelle. De la planification \u00e0 la r\u00e9alisation, nous sommes \u00e0 vos c\u00f4t\u00e9s en tant que partenaire et veillons \u00e0 ce que tous les aspects techniques fonctionnent sans probl\u00e8me.<\/span><\/p>\n<p class=\"my-0\"><strong>&nbsp;<\/strong><\/p>\n<p class=\"my-0\"><strong>Nos services pour vous :<\/strong><\/p>\n<ul class=\"marker:text-textOff list-disc\">\n<li>\n<p class=\"my-0\">Technique audio, vid\u00e9o et \u00e9clairage<\/p>\n<\/li>\n<li>\n<p class=\"my-0\">Solutions de streaming et hybrides<\/p>\n<\/li>\n<li>\n<p class=\"my-0\">Solutions informatiques pour les \u00e9v\u00e9nements<\/p>\n<\/li>\n<li>\n<p class=\"my-0\">Conseil technique et assistance sur place<\/p>\n<\/li>\n<\/ul>\n<p class=\"my-0\">En tant qu'\u00e9quipe exp\u00e9riment\u00e9e, nous travaillons en \u00e9troite collaboration avec vous afin de r\u00e9pondre efficacement \u00e0 vos besoins. Vous pouvez ainsi vous concentrer pleinement sur vos clients pendant que nous nous occupons de la technique.<\/p>\t\t\t\t\t\t\t\t<\/div>\n\t\t\t\t<\/div>\n\t\t\t\t\t<\/div>\n\t\t\t\t<\/div>\n\t\t<div data-particle_enable=\"false\" data-particle-mobile-disabled=\"false\" class=\"elementor-element elementor-element-455c20b e-flex e-con-boxed e-con e-parent\" data-id=\"455c20b\" data-element_type=\"container\" data-settings=\"{&quot;animation&quot;:&quot;none&quot;}\">\n\t\t\t\t\t<div class=\"e-con-inner\">\n\t\t\t\t<div class=\"elementor-element elementor-element-7734196 elementor-widget elementor-widget-heading\" data-id=\"7734196\" data-element_type=\"widget\" data-settings=\"{&quot;_animation&quot;:&quot;none&quot;}\" data-widget_type=\"heading.default\">\n\t\t\t\t<div class=\"elementor-widget-container\">\n\t\t\t\t\t<h2 class=\"elementor-heading-title elementor-size-default\">Th\u00e8mes fr\u00e9quents<\/h2>\t\t\t\t<\/div>\n\t\t\t\t<\/div>\n\t\t\t\t<div class=\"elementor-element elementor-element-1e5ddfb elementor-widget__width-inherit smart-post-list-4-col elementor-widget elementor-widget-eael-post-list\" data-id=\"1e5ddfb\" data-element_type=\"widget\" data-settings=\"{&quot;_animation&quot;:&quot;none&quot;}\" data-widget_type=\"eael-post-list.default\">\n\t\t\t\t<div class=\"elementor-widget-container\">\n\t\t\t\t\t<div class=\"eael-post-list-container advanced layout-advanced\"><div class=\"eael-post-list-wrap\"><div class=\"eael-post-list-posts-wrap eael-post-appender eael-post-appender-1e5ddfb\"><div class=\"eael-post-list-post\"><div class=\"eael-post-list-post-inner\"><div class=\"eael-post-list-thumbnail\"><a href=\"https:\/\/konferenztechnik.de\/fr\/streaming\/\">\n                <img decoding=\"async\" src=\"https:\/\/konferenztechnik.de\/wp-content\/uploads\/2023\/04\/streaming-hosting-events-jpg.webp\" alt=\"R\u00e9gie son et r\u00e9gie vid\u00e9o avec des techniciens de l&#039;\u00e9v\u00e9nementiel dans une salle de conf\u00e9rence, devant plusieurs fois l&#039;inscription &quot;Live - Live - Live&quot;\" title=\"\">\n            <\/a><\/div><div class=\"eael-post-list-content\"><h3 class=\"eael-post-list-title\"><a href=\"https:\/\/konferenztechnik.de\/fr\/streaming\/\" >Streaming et h\u00e9bergement<\/a><\/h3><p>Diffusion en continu de contenus en direct et vid\u00e9o, archivage et mise \u00e0 disposition sur des serveurs et des plateformes vid\u00e9o<\/p><a href=\"https:\/\/konferenztechnik.de\/fr\/streaming\/\" class=\"eael-post-elements-readmore-btn\" >\u203a plus<\/a><div class=\"boxed-meta\"><\/div><\/div><\/div><\/div><div class=\"eael-post-list-post\"><div class=\"eael-post-list-post-inner\"><div class=\"eael-post-list-thumbnail\"><a href=\"https:\/\/konferenztechnik.de\/fr\/pages-daccueil-pour-evenements-plateformes-devenements-virtuels\/\">\n                <img decoding=\"async\" src=\"https:\/\/konferenztechnik.de\/wp-content\/uploads\/2023\/03\/landingpage-beitrag.jpg\" alt=\"\" title=\"\">\n            <\/a><\/div><div class=\"eael-post-list-content\"><h3 class=\"eael-post-list-title\"><a href=\"https:\/\/konferenztechnik.de\/fr\/pages-daccueil-pour-evenements-plateformes-devenements-virtuels\/\" >Pages de renvoi pour les \u00e9v\u00e9nements, plateformes virtuelles d'\u00e9v\u00e9nements<\/a><\/h3><p>Pages d'atterrissage pour \u00e9v\u00e9nements, plateformes d'\u00e9v\u00e9nements virtuels Le package de base se compose des \u00e9l\u00e9ments suivants...<\/p><a href=\"https:\/\/konferenztechnik.de\/fr\/pages-daccueil-pour-evenements-plateformes-devenements-virtuels\/\" class=\"eael-post-elements-readmore-btn\" >\u203a plus<\/a><div class=\"boxed-meta\"><\/div><\/div><\/div><\/div><div class=\"eael-post-list-post\"><div class=\"eael-post-list-post-inner\"><div class=\"eael-post-list-thumbnail\"><a href=\"https:\/\/konferenztechnik.de\/fr\/bundles-de-salles-de-conference-pcs-salles-de-conference-hybrides-modernes-a-des-conditions-avantageuses\/\">\n                <img decoding=\"async\" src=\"https:\/\/konferenztechnik.de\/wp-content\/uploads\/2023\/03\/konferenzraum-bundles.jpg\" alt=\"\" title=\"\">\n            <\/a><\/div><div class=\"eael-post-list-content\"><h3 class=\"eael-post-list-title\"><a href=\"https:\/\/konferenztechnik.de\/fr\/bundles-de-salles-de-conference-pcs-salles-de-conference-hybrides-modernes-a-des-conditions-avantageuses\/\" >Offres group\u00e9es de salles de conf\u00e9rence<\/a><\/h3><p>Salles de r\u00e9union interactives, hybrides, sans fil et flexibles \u00e0 partir de 5.000 EUR<\/p><a href=\"https:\/\/konferenztechnik.de\/fr\/bundles-de-salles-de-conference-pcs-salles-de-conference-hybrides-modernes-a-des-conditions-avantageuses\/\" class=\"eael-post-elements-readmore-btn\" >\u203a plus<\/a><div class=\"boxed-meta\"><\/div><\/div><\/div><\/div><div class=\"eael-post-list-post\"><div class=\"eael-post-list-post-inner\"><div class=\"eael-post-list-thumbnail\"><a href=\"https:\/\/konferenztechnik.de\/fr\/conferences-avec-microsoft-teams\/\">\n                <img decoding=\"async\" src=\"https:\/\/konferenztechnik.de\/wp-content\/uploads\/2023\/03\/konferenzen-ms-teams.jpg\" alt=\"\" title=\"\">\n            <\/a><\/div><div class=\"eael-post-list-content\"><h3 class=\"eael-post-list-title\"><a href=\"https:\/\/konferenztechnik.de\/fr\/conferences-avec-microsoft-teams\/\" >Conf\u00e9rences avec Microsoft Teams<\/a><\/h3><p>MS Teams d\u00e9sormais disponible en plusieurs langues et avec la fonction \"Simultan\u00e9it\u00e9\"<\/p><a href=\"https:\/\/konferenztechnik.de\/fr\/conferences-avec-microsoft-teams\/\" class=\"eael-post-elements-readmore-btn\" >\u203a plus<\/a><div class=\"boxed-meta\"><\/div><\/div><\/div><\/div><div class=\"eael-post-list-post\"><div class=\"eael-post-list-post-inner\"><div class=\"eael-post-list-thumbnail\"><a href=\"https:\/\/konferenztechnik.de\/fr\/ecrans-interactifs-tableaux-blancs-flipcharts\/\">\n                <img decoding=\"async\" src=\"https:\/\/konferenztechnik.de\/wp-content\/uploads\/2023\/04\/i3-displays-whiteboards-flipcharts-jpg.webp\" alt=\"2 \u00e9crans de la marque I3 sur tr\u00e9pieds mobiles\" title=\"\">\n            <\/a><\/div><div class=\"eael-post-list-content\"><h3 class=\"eael-post-list-title\"><a href=\"https:\/\/konferenztechnik.de\/fr\/ecrans-interactifs-tableaux-blancs-flipcharts\/\" >\u00c9crans interactifs, tableaux blancs, flipcharts<\/a><\/h3><p>Notre premier choix pour les \u00e9crans tactiles, les tableaux blancs et les tableaux \u00e0 feuilles mobiles num\u00e9riques est souvent i3-Technologies.<\/p><a href=\"https:\/\/konferenztechnik.de\/fr\/ecrans-interactifs-tableaux-blancs-flipcharts\/\" class=\"eael-post-elements-readmore-btn\" >\u203a plus<\/a><div class=\"boxed-meta\"><\/div><\/div><\/div><\/div><div class=\"eael-post-list-post\"><div class=\"eael-post-list-post-inner\"><div class=\"eael-post-list-thumbnail\"><a href=\"https:\/\/konferenztechnik.de\/fr\/salles-de-reunion-hybrides-pour-videoconferences-2\/\">\n                <img decoding=\"async\" src=\"https:\/\/konferenztechnik.de\/wp-content\/uploads\/2023\/03\/hybride-besprechungsraeume.jpg\" alt=\"\" title=\"\">\n            <\/a><\/div><div class=\"eael-post-list-content\"><h3 class=\"eael-post-list-title\"><a href=\"https:\/\/konferenztechnik.de\/fr\/salles-de-reunion-hybrides-pour-videoconferences-2\/\" >Salles de r\u00e9union hybrides pour vid\u00e9oconf\u00e9rences<\/a><\/h3><p>Des conditions optimales dans la salle et pour les participants connect\u00e9s et une utilisation harmonieuse...<\/p><a href=\"https:\/\/konferenztechnik.de\/fr\/salles-de-reunion-hybrides-pour-videoconferences-2\/\" class=\"eael-post-elements-readmore-btn\" >\u203a plus<\/a><div class=\"boxed-meta\"><\/div><\/div><\/div><\/div><div class=\"eael-post-list-post\"><div class=\"eael-post-list-post-inner\"><div class=\"eael-post-list-thumbnail\"><a href=\"https:\/\/konferenztechnik.de\/fr\/accessibilite-evenements-solutions-techniques-conseil-mise-en-oeuvre\/\">\n                <img decoding=\"async\" src=\"https:\/\/konferenztechnik.de\/wp-content\/uploads\/2023\/03\/barrierefreie-events.jpg\" alt=\"Symbole d&#039;accessibilit\u00e9\" title=\"\">\n            <\/a><\/div><div class=\"eael-post-list-content\"><h3 class=\"eael-post-list-title\"><a href=\"https:\/\/konferenztechnik.de\/fr\/accessibilite-evenements-solutions-techniques-conseil-mise-en-oeuvre\/\" >Accessibilit\u00e9<\/a><\/h3><p>Pour les \u00e9v\u00e9nements et la communication num\u00e9rique : conseil, r\u00e9alisation : nous vous aidons \u00e0 organiser des...<\/p><a href=\"https:\/\/konferenztechnik.de\/fr\/accessibilite-evenements-solutions-techniques-conseil-mise-en-oeuvre\/\" class=\"eael-post-elements-readmore-btn\" >\u203a plus<\/a><div class=\"boxed-meta\"><\/div><\/div><\/div><\/div><div class=\"eael-post-list-post\"><div class=\"eael-post-list-post-inner\"><div class=\"eael-post-list-thumbnail\"><a href=\"https:\/\/konferenztechnik.de\/fr\/av-audio-et-video-location-achat-installation-leasing\/\">\n                <img decoding=\"async\" src=\"https:\/\/konferenztechnik.de\/wp-content\/uploads\/2023\/03\/audio-und-videotechnik-mieten-kaufen-installieren-1024x614.avif\" alt=\"audio-et-vid\u00e9o-louer-acheter-installer\" title=\"\">\n            <\/a><\/div><div class=\"eael-post-list-content\"><h3 class=\"eael-post-list-title\"><a href=\"https:\/\/konferenztechnik.de\/fr\/av-audio-et-video-location-achat-installation-leasing\/\" >AV : Technique audio et vid\u00e9o<\/a><\/h3><p>Microphone, technique de sonorisation, pupitres, hybrides t\u00e9l\u00e9phoniques, distributeurs de presse, logiciel de protocole steno-s...<\/p><a href=\"https:\/\/konferenztechnik.de\/fr\/av-audio-et-video-location-achat-installation-leasing\/\" class=\"eael-post-elements-readmore-btn\" >\u203a plus<\/a><div class=\"boxed-meta\"><\/div><\/div><\/div><\/div><\/div><\/div>\n\t\t<\/div>\t\t\t\t<\/div>\n\t\t\t\t<\/div>\n\t\t\t\t\t<\/div>\n\t\t\t\t<\/div>\n\t\t<div data-particle_enable=\"false\" data-particle-mobile-disabled=\"false\" class=\"elementor-element elementor-element-eaddbcf e-flex e-con-boxed e-con e-parent\" data-id=\"eaddbcf\" data-element_type=\"container\">\n\t\t\t\t\t<div class=\"e-con-inner\">\n\t\t\t\t<div class=\"elementor-element elementor-element-16f26b9 elementor-widget__width-inherit elementor-widget elementor-widget-heading\" data-id=\"16f26b9\" data-element_type=\"widget\" data-widget_type=\"heading.default\">\n\t\t\t\t<div class=\"elementor-widget-container\">\n\t\t\t\t\t<h2 class=\"elementor-heading-title elementor-size-default\">R\u00e9f\u00e9rences de la soci\u00e9t\u00e9 : Agences<\/h2>\t\t\t\t<\/div>\n\t\t\t\t<\/div>\n\t\t\t\t<div class=\"elementor-element elementor-element-b211c26 elementor-widget__width-inherit elementor-widget elementor-widget-text-editor\" data-id=\"b211c26\" data-element_type=\"widget\" data-widget_type=\"text-editor.default\">\n\t\t\t\t<div class=\"elementor-widget-container\">\n\t\t\t\t\t\t\t\t\t<ul><li>a1kommunikation Schweizer GmbH<\/li><li>Agence Medienlabor<\/li><li>BESL Eventagentur GmbH &amp; Co. KG<\/li><li>BRANDATMOSPHERE Medienkommunikation GmbH (communication avec les m\u00e9dias)<\/li><li>Agence allemande de l'\u00e9nergie (Deutsche Energie-Agentur GmbH)<\/li><li>dpa Deutsche Presse-Agentur GmbH<\/li><li>greenstorming GmbH Agence pour la gestion durable des \u00e9v\u00e9nements<\/li><li>ICE \u2013 Agence italienne pour le commerce ext\u00e9rieur<\/li><li>jaeger + haeckerhase GmbH Communication pour l'homme et la marque<\/li><li>Agence kaiko<\/li><li>communication l\u00f6wenholz<\/li><li>marqueur GmbH Agence de communication en direct<\/li><li>Meddewader Projektagentur GmbH<\/li><li>meder. agentur f\u00fcr veranstaltungen und kommunikation gmbh<\/li><li>N\u00f6lting GmbH \u2013 Agence de communication d'entreprise<\/li><li>THE BIG PICTURE AGENCY LTD<\/li><li>trendhouse event marketing GmbH<\/li><li>Wundermacher Agence pour les \u00e9v\u00e9nements, les promotions et la formation GmbH<\/li><li>Zweite Heimat GmbH Agence de communication en direct<\/li><\/ul>\t\t\t\t\t\t\t\t<\/div>\n\t\t\t\t<\/div>\n\t\t\t\t<div class=\"elementor-element elementor-element-f277dec elementor-icon-list--layout-traditional elementor-list-item-link-full_width elementor-widget elementor-widget-icon-list\" data-id=\"f277dec\" data-element_type=\"widget\" data-widget_type=\"icon-list.default\">\n\t\t\t\t<div class=\"elementor-widget-container\">\n\t\t\t\t\t\t\t<ul class=\"elementor-icon-list-items\">\n\t\t\t\t\t\t\t<li class=\"elementor-icon-list-item\">\n\t\t\t\t\t\t\t\t\t\t\t<a href=\"\/fr\/references\/\">\n\n\t\t\t\t\t\t\t\t\t\t\t\t<span class=\"elementor-icon-list-icon\">\n\t\t\t\t\t\t\t<svg aria-hidden=\"true\" class=\"e-font-icon-svg e-fas-chevron-right\" viewbox=\"0 0 320 512\" xmlns=\"http:\/\/www.w3.org\/2000\/svg\"><path d=\"M285.476 272.971L91.132 467.314c-9.373 9.373-24.569 9.373-33.941 0l-22.667-22.667c-9.357-9.357-9.375-24.522-.04-33.901L188.505 256 34.484 101.255c-9.335-9.379-9.317-24.544.04-33.901l22.667-22.667c9.373-9.373 24.569-9.373 33.941 0L285.475 239.03c9.373 9.372 9.373 24.568.001 33.941z\"><\/path><\/svg>\t\t\t\t\t\t<\/span>\n\t\t\t\t\t\t\t\t\t\t<span class=\"elementor-icon-list-text\">Plus de r\u00e9f\u00e9rences<\/span>\n\t\t\t\t\t\t\t\t\t\t\t<\/a>\n\t\t\t\t\t\t\t\t\t<\/li>\n\t\t\t\t\t\t<\/ul>\n\t\t\t\t\t\t<\/div>\n\t\t\t\t<\/div>\n\t\t\t\t\t<\/div>\n\t\t\t\t<\/div>\n\t\t<div data-particle_enable=\"false\" data-particle-mobile-disabled=\"false\" class=\"elementor-element elementor-element-e62a659 e-flex e-con-boxed e-con e-parent\" data-id=\"e62a659\" data-element_type=\"container\">\n\t\t\t\t\t<div class=\"e-con-inner\">\n\t\t\t\t<div class=\"elementor-element elementor-element-53f5abf elementor-widget elementor-widget-shortcode\" data-id=\"53f5abf\" data-element_type=\"widget\" data-widget_type=\"shortcode.default\">\n\t\t\t\t<div class=\"elementor-widget-container\">\n\t\t\t\t\t\t\t<div class=\"elementor-shortcode\"><\/div>\n\t\t\t\t\t\t<\/div>\n\t\t\t\t<\/div>\n\t\t\t\t\t<\/div>\n\t\t\t\t<\/div>\n\t\t<div data-particle_enable=\"false\" data-particle-mobile-disabled=\"false\" class=\"elementor-element elementor-element-14d115f e-flex e-con-boxed e-con e-parent\" data-id=\"14d115f\" data-element_type=\"container\">\n\t\t\t\t\t<div class=\"e-con-inner\">\n\t\t\t\t<div class=\"elementor-element elementor-element-0f53c4b elementor-widget elementor-widget-shortcode\" data-id=\"0f53c4b\" data-element_type=\"widget\" data-widget_type=\"shortcode.default\">\n\t\t\t\t<div class=\"elementor-widget-container\">\n\t\t\t\t\t\t\t<div class=\"elementor-shortcode\"><\/div>\n\t\t\t\t\t\t<\/div>\n\t\t\t\t<\/div>\n\t\t\t\t\t<\/div>\n\t\t\t\t<\/div>\n\t\t\t\t<\/div>","protected":false},"excerpt":{"rendered":"<p>Agences Agences : le succ\u00e8s par l'interconnexion Nous soutenons les agences \u00e9v\u00e9nementielles dans la r\u00e9alisation technique de leurs manifestations \u2013 de mani\u00e8re fiable, flexible et professionnelle. De la planification \u00e0 la r\u00e9alisation, nous sommes \u00e0 vos c\u00f4t\u00e9s en tant que partenaire et veillons \u00e0 ce que tous les aspects techniques fonctionnent sans probl\u00e8me.   Nos services pour vous : technique audio, vid\u00e9o et d'\u00e9clairage solutions de streaming et solutions hybrides solutions informatiques pour [...].<\/p>","protected":false},"author":2,"featured_media":45482,"parent":0,"menu_order":0,"comment_status":"closed","ping_status":"closed","template":"","meta":{"_acf_changed":false,"footnotes":""},"class_list":["post-24860","page","type-page","status-publish","has-post-thumbnail","hentry"],"acf":[],"_links":{"self":[{"href":"https:\/\/konferenztechnik.de\/fr\/wp-json\/wp\/v2\/pages\/24860","targetHints":{"allow":["GET"]}}],"collection":[{"href":"https:\/\/konferenztechnik.de\/fr\/wp-json\/wp\/v2\/pages"}],"about":[{"href":"https:\/\/konferenztechnik.de\/fr\/wp-json\/wp\/v2\/types\/page"}],"author":[{"embeddable":true,"href":"https:\/\/konferenztechnik.de\/fr\/wp-json\/wp\/v2\/users\/2"}],"replies":[{"embeddable":true,"href":"https:\/\/konferenztechnik.de\/fr\/wp-json\/wp\/v2\/comments?post=24860"}],"version-history":[{"count":0,"href":"https:\/\/konferenztechnik.de\/fr\/wp-json\/wp\/v2\/pages\/24860\/revisions"}],"wp:featuredmedia":[{"embeddable":true,"href":"https:\/\/konferenztechnik.de\/fr\/wp-json\/wp\/v2\/media\/45482"}],"wp:attachment":[{"href":"https:\/\/konferenztechnik.de\/fr\/wp-json\/wp\/v2\/media?parent=24860"}],"curies":[{"name":"wp","href":"https:\/\/api.w.org\/{rel}","templated":true}]}}