{"id":2512,"date":"2013-09-23T13:24:27","date_gmt":"2013-09-23T11:24:27","guid":{"rendered":"https:\/\/konferenztechnik.de\/?page_id=2512"},"modified":"2023-06-29T14:24:12","modified_gmt":"2023-06-29T12:24:12","slug":"installations-de-discussion-2","status":"publish","type":"page","link":"https:\/\/konferenztechnik.de\/fr\/distribution-de-materiel-de-conference-et-de-medias-audiovisuels\/installations-de-discussion-2\/","title":{"rendered":"Panneaux de discussion"},"content":{"rendered":"<h1>Panneaux de discussion<\/h1>\n<p>L'utilisation typique des syst\u00e8mes de conf\u00e9rence est la \"table ronde\", comme par exemple lors des r\u00e9unions du comit\u00e9 d'entreprise de l'UE, des r\u00e9unions minist\u00e9rielles, des r\u00e9unions du conseil municipal, des conf\u00e9rences de presse, des r\u00e9unions du conseil d'administration ou du comit\u00e9 des actionnaires, ou encore lors de vid\u00e9oconf\u00e9rences et de l'interpr\u00e9tation simultan\u00e9e \u00e0 distance. Ces installations, \u00e9galement connues sous le nom de \"cha\u00eenes de microphones\", conviennent donc principalement aux r\u00e9unions \u00e0 forte intensit\u00e9 de discussion. Selon le type d'installation, les pupitres sont \u00e9galement \u00e9quip\u00e9s d'un haut-parleur interne, d'une fonction de vote ou de canaux d'interpr\u00e9tation.<\/p>\n<p><img decoding=\"async\" src=\"https:\/\/konferenztechnik.de\/wp-content\/uploads\/2016\/10\/Vertrieb-Sprechstellen.jpg\" alt=\"PCS-Ventilation Postes d&#039;interphonie\" width=\"850\" class=\"alignleft size-full wp-image-2677\" title=\"\"><\/p>\n<p>[clear]<\/p>\n<p>Dans les syst\u00e8mes de conf\u00e9rence, on distingue essentiellement les deux types suivants :<\/p>\n<p><a href=\"\/fr\/distribution-de-materiel-de-conference-et-de-medias-audiovisuels\/installations-de-discussion-3\/systemes-de-discussion-filaires\/\">\u203a Syst\u00e8mes de conf\u00e9rence filaires<\/a> \u2013 la cha\u00eene de microphones classique traditionnelle, dans laquelle tous les pupitres sont reli\u00e9s entre eux par un c\u00e2ble.<\/p>\n<p><a href=\"https:\/\/konferenztechnik.de\/fr\/acheter-des-systemes-de-conference-sans-fil\/\">\u203a Syst\u00e8mes de conf\u00e9rence sans fil<\/a> \u2013 sans c\u00e2ble par radio \u2013 naturellement \u00e0 l'abri des \u00e9coutes !<\/p>\n<p>[spacer size=\"20\u2033]<br \/>\n[column size=\"1-4\u2033 last=\"1\u2033]<br \/>\n[tabs style=\"2\u2033]<br \/>\n[tab title=\"Liens compl\u00e9mentaires\"]<\/p>\n<div class=\"weiterlinks\" style=\"background-color:#efefef\">\n<ul>\n[list icon=\"moon-arrow-right-2\u2033 color=\"#a62055\u2033]<a title=\"Distribution par groupe de produits\" href=\"\/fr\/groupes-de-produits\/\">Distribution par groupe de produits<\/a>[\/list]<br \/>\n[list icon=\"moon-arrow-right-2\u2033 color=\"#a62055\u2033]<a title=\"Distribution par fabricant\" href=\"\/fr\/fabricant\/\">Distribution par fabricant<\/a>[\/list]<br \/>\n[list icon=\"moon-arrow-right-2\u2033 color=\"#a62055\u2033]<a title=\"Fabrications sp\u00e9ciales, entretien et r\u00e9parations\" href=\"\/fr\/services\/entretien-et-reparation\/\">Fabrications sp\u00e9ciales, entretien et r\u00e9parations<\/a>[\/list]<br \/>\n[list icon=\"moon-arrow-right-2\u2033 color=\"#a62055\u2033]<a title=\"10 bonnes raisons de choisir PCS\" href=\"\/fr\/a-propos-de-nous-2\/10-bonnes-raisons-pour-les-pc\/\">10 bonnes raisons de choisir PCS<\/a>[\/list]<br \/>\n[list icon=\"moon-arrow-right-2\u2033 color=\"#a62055\u2033]<a title=\"R\u00e9f\u00e9rences\" href=\"\/fr\/a-propos-de-nous-2\/liste-de-reference-installation\/\">R\u00e9f\u00e9rences Installation et int\u00e9gration<\/a>[\/list]<br \/>\n[list icon=\"moon-arrow-right-2\u2033 color=\"#a62055\u2033]<a title=\"PCS : Aper\u00e7u de toutes les prestations\" href=\"\/fr\/services\/\">PCS : Aper\u00e7u de tous les services<\/a>[\/list]<\/ul>\n<\/div>\n<p>[\/tab]<br \/>\n[\/tabs]<br \/>\n[\/column]<br \/>\n[spacer size=\"30\u2033]<\/p>","protected":false},"excerpt":{"rendered":"<p>L'utilisation typique des syst\u00e8mes de conf\u00e9rence est la \"table ronde\", comme par exemple lors des r\u00e9unions du comit\u00e9 d'entreprise de l'UE, des r\u00e9unions minist\u00e9rielles, des r\u00e9unions du conseil municipal, des conf\u00e9rences de presse, des r\u00e9unions du conseil d'administration ou du comit\u00e9 des actionnaires, ou encore lors de vid\u00e9oconf\u00e9rences et de l'interpr\u00e9tation simultan\u00e9e \u00e0 distance. Ces installations, \u00e9galement connues sous le nom de \"cha\u00eenes de microphones\", conviennent donc principalement aux r\u00e9unions \u00e0 forte intensit\u00e9 de discussion. Selon le type d'installation, les pupitres sont \u00e9galement \u00e9quip\u00e9s d'un haut-parleur interne, d'une fonction de vote ou de canaux d'interpr\u00e9tation.<\/p>","protected":false},"author":1,"featured_media":45482,"parent":3614,"menu_order":136,"comment_status":"closed","ping_status":"open","template":"","meta":{"_acf_changed":false,"footnotes":""},"class_list":["post-2512","page","type-page","status-publish","has-post-thumbnail","hentry"],"acf":[],"_links":{"self":[{"href":"https:\/\/konferenztechnik.de\/fr\/wp-json\/wp\/v2\/pages\/2512","targetHints":{"allow":["GET"]}}],"collection":[{"href":"https:\/\/konferenztechnik.de\/fr\/wp-json\/wp\/v2\/pages"}],"about":[{"href":"https:\/\/konferenztechnik.de\/fr\/wp-json\/wp\/v2\/types\/page"}],"author":[{"embeddable":true,"href":"https:\/\/konferenztechnik.de\/fr\/wp-json\/wp\/v2\/users\/1"}],"replies":[{"embeddable":true,"href":"https:\/\/konferenztechnik.de\/fr\/wp-json\/wp\/v2\/comments?post=2512"}],"version-history":[{"count":0,"href":"https:\/\/konferenztechnik.de\/fr\/wp-json\/wp\/v2\/pages\/2512\/revisions"}],"up":[{"embeddable":true,"href":"https:\/\/konferenztechnik.de\/fr\/wp-json\/wp\/v2\/pages\/3614"}],"wp:featuredmedia":[{"embeddable":true,"href":"https:\/\/konferenztechnik.de\/fr\/wp-json\/wp\/v2\/media\/45482"}],"wp:attachment":[{"href":"https:\/\/konferenztechnik.de\/fr\/wp-json\/wp\/v2\/media?parent=2512"}],"curies":[{"name":"wp","href":"https:\/\/api.w.org\/{rel}","templated":true}]}}