{"id":2516,"date":"2013-09-23T13:27:25","date_gmt":"2013-09-23T11:27:25","guid":{"rendered":"https:\/\/konferenztechnik.de\/?page_id=2516"},"modified":"2023-07-05T15:05:51","modified_gmt":"2023-07-05T13:05:51","slug":"enregistrement","status":"publish","type":"page","link":"https:\/\/konferenztechnik.de\/fr\/distribution-de-materiel-de-conference-et-de-medias-audiovisuels\/enregistrement\/","title":{"rendered":"Consignation des donn\u00e9es"},"content":{"rendered":"<h1>Consignation des donn\u00e9es<\/h1>\n<p>Diff\u00e9rents appareils sont disponibles sur le march\u00e9 pour l'enregistrement audio traditionnel des conf\u00e9rences. Alors que les appareils obsol\u00e8tes tels que les magn\u00e9tophones et les dictaphones sont pass\u00e9s de mode, les enregistreurs MD et les enregistreurs CD sont venus s'ajouter aux c\u00e9l\u00e8bres magn\u00e9tophones \u00e0 cassette et aux enregistreurs DAT. L'enregistrement sur disque dur devient \u00e9galement de plus en plus abordable. Ind\u00e9pendamment de ce mat\u00e9riel, la tendance est d\u00e9sormais \u00e0 l'enregistrement logiciel. Il suffit d'un PC ou d'un ordinateur portable, d'un microphone ou d'un microphone USB et du logiciel \u2013 correspondant et l'enregistrement peut commencer.<\/p>\n<h2>Enregistreur MP3 Marantz<\/h2>\n<p><a href=\"https:\/\/konferenztechnik.de\/wp-content\/uploads\/2013\/09\/marrantz_mp3-recorder_gross.jpg\"><img decoding=\"async\" width=\"400\" height=\"105\" class=\"alignleft size-full wp-image-2912\" src=\"https:\/\/konferenztechnik.de\/wp-content\/uploads\/2013\/09\/marrantz_mp3-recorder_gross.jpg\" alt=\"Enregistreur MP3 Marantz\" title=\"\" srcset=\"https:\/\/konferenztechnik.de\/wp-content\/uploads\/2013\/09\/marrantz_mp3-recorder_gross.jpg 400w, https:\/\/konferenztechnik.de\/wp-content\/uploads\/2013\/09\/marrantz_mp3-recorder_gross-300x79.jpg 300w\" sizes=\"(max-width: 400px) 100vw, 400px\" \/><\/a><\/p>\n<p>L'un des appareils d'enregistrement les plus populaires des temps modernes est l'enregistreur MP3. L'enregistrement audio se fait par exemple sur un support de stockage courant comme la carte CompactFlash. Gr\u00e2ce \u00e0 une interface s\u00e9rielle (RS-232C) ou \u00e0 une interface Ethernet (LAN\/RJ-45), les appareils professionnels peuvent \u00eatre command\u00e9s et lus par PC.<\/p>\n<h2>Enregistreur DAT<\/h2>\n<p><a href=\"https:\/\/konferenztechnik.de\/wp-content\/uploads\/2013\/09\/Sony_DAT-Recorder_gross.jpg\"><img fetchpriority=\"high\" decoding=\"async\" width=\"490\" height=\"151\" class=\"alignleft size-full wp-image-2911\" src=\"https:\/\/konferenztechnik.de\/wp-content\/uploads\/2013\/09\/Sony_DAT-Recorder_gross.jpg\" alt=\"Enregistreur DAT\" title=\"\" srcset=\"https:\/\/konferenztechnik.de\/wp-content\/uploads\/2013\/09\/Sony_DAT-Recorder_gross.jpg 490w, https:\/\/konferenztechnik.de\/wp-content\/uploads\/2013\/09\/Sony_DAT-Recorder_gross-300x92.jpg 300w\" sizes=\"(max-width: 490px) 100vw, 490px\" \/><\/a><\/p>\n<p>Alors que le format DAT a eu du mal \u00e0 s'imposer dans les ann\u00e9es 90 dans le secteur grand public, cette technique a pu se maintenir jusqu'\u00e0 aujourd'hui dans les studios et dans le secteur professionnel en tant que support classique, car elle offre les avantages d'une longue dur\u00e9e de lecture (jusqu'\u00e0 trois heures) et d'un enregistrement sans perte, non compress\u00e9 et \u00e9galement de haute qualit\u00e9.<\/p>\n<h1>Logiciel de protocole et d'enregistrement \u2013 stenos-s<\/h1>\n<h2>steno-s 4<\/h2>\n<p><a href=\"https:\/\/konferenztechnik.de\/wp-content\/uploads\/2013\/09\/beyerdynamic_stenos-s4_court_klein.jpg\"><img decoding=\"async\" width=\"130\" height=\"130\" class=\"alignleft size-full wp-image-2917\" src=\"https:\/\/konferenztechnik.de\/wp-content\/uploads\/2013\/09\/beyerdynamic_stenos-s4_court_klein.jpg\" alt=\"Logiciel d&#039;enregistrement Beyerdynamic stenos-s4\" title=\"\"><\/a><\/p>\n<p>Le logiciel de prise de notes steno-s est un outil performant pour l'enregistrement audio lors de conf\u00e9rences, de r\u00e9unions ou dans la salle d'audience. Avec steno-s, le mat\u00e9riel enregistr\u00e9 peut \u00eatre g\u00e9r\u00e9 et archiv\u00e9 de mani\u00e8re optimale gr\u00e2ce \u00e0 diff\u00e9rentes fonctions telles que les marqueurs, l'int\u00e9gration de fichiers m\u00e9dias (par ex. Word, Excel, Powerpoint) et les commentaires.<\/p>\n<p>Avec steno-s, vous pouvez acc\u00e9der facilement et de mani\u00e8re cibl\u00e9e aux diff\u00e9rents contenus, m\u00eame apr\u00e8s votre r\u00e9union. Les d\u00e9cisions, remarques ou questions sont marqu\u00e9es par des marqueurs dans l'enregistrement et peuvent ainsi \u00eatre r\u00e9\u00e9cout\u00e9es sans probl\u00e8me pour \u00e9tablir le proc\u00e8s-verbal. Pour un archivage sans papier, gravez simplement votre enregistrement sur CD ou mettez les donn\u00e9es \u00e0 disposition sur votre r\u00e9seau.<\/p>\n<h2>steno-s 4<\/h2>\n<p>Quelques caract\u00e9ristiques de steno-s 4 :<\/p>\n<ul>\n<li>Enregistrement de longue dur\u00e9e sur plusieurs heures\/jours<\/li>\n<li>Enregistrement simultan\u00e9 de plusieurs canaux<\/li>\n<li>Int\u00e9gration de n'importe quel fichier (par ex. Excel ou Powerpoint)<\/li>\n<li>Int\u00e9gration d'applications d'e-gouvernement (par ex. ALLRIS)<\/li>\n<li>Modification de la vitesse de lecture sans d\u00e9calage de la hauteur de son<\/li>\n<li>Lecture de la r\u00e9union alors que l'enregistrement est encore en cours<\/li>\n<li>Commande confortable de la lecture via la p\u00e9dale USB en option<\/li>\n<li>Mode steno-s Player gratuit pour la lecture des r\u00e9unions enregistr\u00e9es<\/li>\n<\/ul>\n<p>Veuillez noter : steno-s 4 n'est compatible qu'avec Windows 7 et sup\u00e9rieur. Si vous avez besoin de steno-s pour une version ant\u00e9rieure de Windows, il vous suffit de nous contacter.<\/p>\n<p>Diff\u00e9rents dispositifs de commande, tels que des p\u00e9dales, des \u00e9couteurs et des microphones USB, sont \u00e9galement disponibles pour accompagner le logiciel :<\/p>\n<h2>Casque st\u00e9thoscopique Steno-S STA-22<\/h2>\n<p><a href=\"https:\/\/konferenztechnik.de\/wp-content\/uploads\/2013\/09\/Steno-S_Kinnbuegelkopfhoerer_STA-22_gross.jpg\"><img loading=\"lazy\" decoding=\"async\" width=\"353\" height=\"600\" class=\"alignleft size-full wp-image-2916\" src=\"https:\/\/konferenztechnik.de\/wp-content\/uploads\/2013\/09\/Steno-S_Kinnbuegelkopfhoerer_STA-22_gross.jpg\" alt=\"Casque st\u00e9thoscopique Steno-S STA-22 \" title=\"\" srcset=\"https:\/\/konferenztechnik.de\/wp-content\/uploads\/2013\/09\/Steno-S_Kinnbuegelkopfhoerer_STA-22_gross.jpg 353w, https:\/\/konferenztechnik.de\/wp-content\/uploads\/2013\/09\/Steno-S_Kinnbuegelkopfhoerer_STA-22_gross-177x300.jpg 177w\" sizes=\"(max-width: 353px) 100vw, 353px\" \/><\/a><\/p>\n<p>STA 22 : casque st\u00e9thoscopique avec jack 3,5 mm<\/p>\n<p>Caract\u00e9ristiques :<\/p>\n<ul>\n<li>c\u00e2ble de 2,5 m avec r\u00e9glage du volume int\u00e9gr\u00e9<\/li>\n<li>prise jack 3,5 mm<\/li>\n<li>Connexion st\u00e9r\u00e9o, 21 ohms, 20-20 000 Hz<\/li>\n<li>possibilit\u00e9 de connexion directe \u00e0 l'ordinateur<\/li>\n<\/ul>\n<h2>P\u00e9dale de commande Steno-S STA-44<\/h2>\n<p><a href=\"https:\/\/konferenztechnik.de\/wp-content\/uploads\/2013\/09\/Steno-S_Fussschalter_STA-44_klein.jpg\"><img loading=\"lazy\" decoding=\"async\" width=\"180\" height=\"115\" class=\"alignleft size-full wp-image-2919\" src=\"https:\/\/konferenztechnik.de\/wp-content\/uploads\/2013\/09\/Steno-S_Fussschalter_STA-44_klein.jpg\" alt=\"P\u00e9dale de commande Steno-S STA-44\" title=\"\"><\/a><\/p>\n<p>La p\u00e9dale de commande STA-44 vous permet de contr\u00f4ler steno-s et le lecteur Steno-S gratuit sans utiliser la souris ou le clavier. La p\u00e9dale peut \u00eatre connect\u00e9e \u00e0 votre ordinateur via une interface RS232 ou USB. La commande s'effectue \u00e0 l'aide de 3 boutons qui peuvent \u00eatre personnalis\u00e9s dans les options de param\u00e9trage du logiciel Steno-S.<\/p>\n<h2>Microphone \u00e0 surface MPC 70 USB<\/h2>\n<p><a href=\"https:\/\/konferenztechnik.de\/wp-content\/uploads\/2013\/09\/Steno-S_Grenzflaechenmikrofon_MPC-70_USB_klein.jpg\"><img loading=\"lazy\" decoding=\"async\" width=\"155\" height=\"116\" class=\"alignleft size-full wp-image-2325\" src=\"https:\/\/konferenztechnik.de\/wp-content\/uploads\/2013\/09\/Steno-S_Grenzflaechenmikrofon_MPC-70_USB_klein.jpg\" alt=\"Beyerdynamic microphone de surface MPC 70 USB\" title=\"\"><\/a><\/p>\n<p>Le MPC 70 USB est un microphone de surface avec une connexion USB standard. Le microphone peut \u00eatre utilis\u00e9 pour des applications logicielles telles que steno-s, mais peut \u00e9galement \u00eatre int\u00e9gr\u00e9, par exemple, dans des syst\u00e8mes de vid\u00e9oconf\u00e9rence, o\u00f9 il offre de nouvelles possibilit\u00e9s en mati\u00e8re de qualit\u00e9 d'enregistrement et de voix.<\/p>\n<h2>Microphone \u00e0 surface MPC 70 USB<\/h2>\n<p>Le bouton-poussoir \u00e0 membrane int\u00e9gr\u00e9 permet de commuter entre les trois modes de fonctionnement On\/Off, Push to Talk ou Push to Mute, selon l'application. L'affichage LED s'allume en rouge lorsque le microphone est activ\u00e9. La sensibilit\u00e9 du microphone peut \u00eatre pr\u00e9s\u00e9lectionn\u00e9e sur deux niveaux. En outre, une r\u00e9duction des basses fr\u00e9quences est commutable pour le d\u00e9couplage des bruits de structure. Le c\u00e2ble est amovible et sa longueur de trois m\u00e8tres permet de placer facilement le MPC 70 sur la table de conf\u00e9rence.<\/p>","protected":false},"excerpt":{"rendered":"<p>Enregistrement de conf\u00e9rences Diff\u00e9rents appareils sont disponibles sur le march\u00e9 pour l'enregistrement audio traditionnel des conf\u00e9rences. Alors que les appareils obsol\u00e8tes tels que les magn\u00e9tophones et les dictaphones sont pass\u00e9s de mode, les enregistreurs MD et les enregistreurs CD sont venus s'ajouter aux c\u00e9l\u00e8bres magn\u00e9tophones \u00e0 cassette et aux enregistreurs DAT. L'enregistrement sur disque dur devient \u00e9galement de plus en plus abordable. Sans parler de ce mat\u00e9riel, la tendance est toutefois [...].<\/p>","protected":false},"author":1,"featured_media":45482,"parent":3614,"menu_order":135,"comment_status":"closed","ping_status":"open","template":"","meta":{"_acf_changed":false,"footnotes":""},"class_list":["post-2516","page","type-page","status-publish","has-post-thumbnail","hentry"],"acf":[],"_links":{"self":[{"href":"https:\/\/konferenztechnik.de\/fr\/wp-json\/wp\/v2\/pages\/2516","targetHints":{"allow":["GET"]}}],"collection":[{"href":"https:\/\/konferenztechnik.de\/fr\/wp-json\/wp\/v2\/pages"}],"about":[{"href":"https:\/\/konferenztechnik.de\/fr\/wp-json\/wp\/v2\/types\/page"}],"author":[{"embeddable":true,"href":"https:\/\/konferenztechnik.de\/fr\/wp-json\/wp\/v2\/users\/1"}],"replies":[{"embeddable":true,"href":"https:\/\/konferenztechnik.de\/fr\/wp-json\/wp\/v2\/comments?post=2516"}],"version-history":[{"count":0,"href":"https:\/\/konferenztechnik.de\/fr\/wp-json\/wp\/v2\/pages\/2516\/revisions"}],"up":[{"embeddable":true,"href":"https:\/\/konferenztechnik.de\/fr\/wp-json\/wp\/v2\/pages\/3614"}],"wp:featuredmedia":[{"embeddable":true,"href":"https:\/\/konferenztechnik.de\/fr\/wp-json\/wp\/v2\/media\/45482"}],"wp:attachment":[{"href":"https:\/\/konferenztechnik.de\/fr\/wp-json\/wp\/v2\/media?parent=2516"}],"curies":[{"name":"wp","href":"https:\/\/api.w.org\/{rel}","templated":true}]}}