{"id":2630,"date":"2013-09-25T15:16:13","date_gmt":"2013-09-25T13:16:13","guid":{"rendered":"https:\/\/konferenztechnik.de\/?page_id=2630"},"modified":"2023-07-05T10:58:26","modified_gmt":"2023-07-05T08:58:26","slug":"supports-de-traverses","status":"publish","type":"page","link":"https:\/\/konferenztechnik.de\/fr\/distribution-de-materiel-de-conference-et-de-medias-audiovisuels\/technique-video-2\/supports-pour-ecrans-et-beamers\/supports-de-traverses\/","title":{"rendered":"Supports de traverses"},"content":{"rendered":"<h1>Supports de traverses<\/h1>\n<h2>Audipack Quick Release Support de traverse pour projecteur<\/h2>\n<p><a href=\"https:\/\/konferenztechnik.de\/wp-content\/uploads\/2013\/09\/Audipack_Trusshalterung_QuickRelease.jpg\"><img fetchpriority=\"high\" decoding=\"async\" width=\"792\" height=\"594\" class=\"alignleft size-full wp-image-2773\" src=\"https:\/\/konferenztechnik.de\/wp-content\/uploads\/2013\/09\/Audipack_Trusshalterung_QuickRelease.jpg\" alt=\"Audipack Quick Release Support de traverse pour projecteur\" title=\"\" srcset=\"https:\/\/konferenztechnik.de\/wp-content\/uploads\/2013\/09\/Audipack_Trusshalterung_QuickRelease.jpg 792w, https:\/\/konferenztechnik.de\/wp-content\/uploads\/2013\/09\/Audipack_Trusshalterung_QuickRelease-300x225.jpg 300w, https:\/\/konferenztechnik.de\/wp-content\/uploads\/2013\/09\/Audipack_Trusshalterung_QuickRelease-768x576.jpg 768w\" sizes=\"(max-width: 792px) 100vw, 792px\" \/><\/a><\/p>\n<p>Support de traverse pour projecteurs jusqu'\u00e0 50 kg, qui peut \u00eatre combin\u00e9 avec tous les supports de projecteur Audipack et les Easy-Mounts.<\/p>\n<p>Le support de traverse pour projecteur Quick Release se fixe facilement et en toute s\u00e9curit\u00e9 \u00e0 la traverse. Gr\u00e2ce au syst\u00e8me de support de projecteur avec articulation sph\u00e9rique, les projecteurs peuvent ensuite \u00eatre mont\u00e9s, orient\u00e9s ou remplac\u00e9s tout aussi facilement. Le support est disponible en diff\u00e9rentes longueurs et versions et peut \u00eatre adapt\u00e9 \u00e0 vos besoins.<\/p>\n<h2>Audipack Quick Release Plus Support de traverse pour projecteur<\/h2>\n<p><a href=\"https:\/\/konferenztechnik.de\/wp-content\/uploads\/2018\/04\/Audipack-projector-truss-mount-quick-release-plus.jpg\"><img decoding=\"async\" width=\"800\" height=\"600\" class=\"alignleft size-full wp-image-13004\" src=\"https:\/\/konferenztechnik.de\/wp-content\/uploads\/2018\/04\/Audipack-projector-truss-mount-quick-release-plus.jpg\" alt=\"Audipack Projector Truss Support Quick-Release-Plus\" title=\"\" srcset=\"https:\/\/konferenztechnik.de\/wp-content\/uploads\/2018\/04\/Audipack-projector-truss-mount-quick-release-plus.jpg 800w, https:\/\/konferenztechnik.de\/wp-content\/uploads\/2018\/04\/Audipack-projector-truss-mount-quick-release-plus-300x225.jpg 300w, https:\/\/konferenztechnik.de\/wp-content\/uploads\/2018\/04\/Audipack-projector-truss-mount-quick-release-plus-768x576.jpg 768w\" sizes=\"(max-width: 800px) 100vw, 800px\" \/><\/a><\/p>\n<p>Support de traverse pour projecteurs jusqu'\u00e0 50 kg, qui peut \u00eatre combin\u00e9 avec tous les supports de projecteur Audipack et les Easy-Mounts.<\/p>\n<p>Le support de traverse Quick Release Projector Plus se fixe facilement et en toute s\u00e9curit\u00e9 \u00e0 la traverse. Gr\u00e2ce au syst\u00e8me de support de projecteur avec articulation sph\u00e9rique, les projecteurs peuvent ensuite \u00eatre mont\u00e9s, orient\u00e9s ou remplac\u00e9s tout aussi facilement.<\/p>\n<h2>Audipack Quick Release Plus Support de traverse pour projecteur<\/h2>\n<p>La version Plus dispose, en plus de la rotule, d'une plate-forme d'alignement avec trois boutons de r\u00e9glage. Celle-ci permet de r\u00e9gler la position du projecteur avec une grande pr\u00e9cision, ce qui est particuli\u00e8rement utile lorsque l'on utilise plusieurs projecteurs en m\u00eame temps !<\/p>\n<p>Le support est disponible en diff\u00e9rentes longueurs et versions et peut \u00eatre adapt\u00e9 \u00e0 vos besoins.<\/p>\n<h2>Smart Metals Truss Mount pour l'ajustement fin du projecteur (num\u00e9ro de prod. 002.1600)<\/h2>\n<p><a href=\"https:\/\/konferenztechnik.de\/wp-content\/uploads\/2014\/04\/smart-metals_truss-mount_0021600.jpg\"><img decoding=\"async\" width=\"1769\" height=\"1424\" class=\"alignleft size-full wp-image-4375\" src=\"https:\/\/konferenztechnik.de\/wp-content\/uploads\/2014\/04\/smart-metals_truss-mount_0021600.jpg\" alt=\"Smart Metals Truss Mount 002.1600\" title=\"\" srcset=\"https:\/\/konferenztechnik.de\/wp-content\/uploads\/2014\/04\/smart-metals_truss-mount_0021600.jpg 1769w, https:\/\/konferenztechnik.de\/wp-content\/uploads\/2014\/04\/smart-metals_truss-mount_0021600-300x241.jpg 300w, https:\/\/konferenztechnik.de\/wp-content\/uploads\/2014\/04\/smart-metals_truss-mount_0021600-1024x824.jpg 1024w, https:\/\/konferenztechnik.de\/wp-content\/uploads\/2014\/04\/smart-metals_truss-mount_0021600-768x618.jpg 768w, https:\/\/konferenztechnik.de\/wp-content\/uploads\/2014\/04\/smart-metals_truss-mount_0021600-1536x1236.jpg 1536w\" sizes=\"(max-width: 1769px) 100vw, 1769px\" \/><\/a><\/p>\n<p>Le m\u00e9canisme sp\u00e9cial de r\u00e9glage fin permet de faire pivoter et d'incliner les projecteurs de mani\u00e8re r\u00e9guli\u00e8re jusqu'\u00e0 20 degr\u00e9s. Les ajustements sont extr\u00eamement faciles \u00e0 r\u00e9aliser, ce qui peut s'av\u00e9rer particuli\u00e8rement utile en cas de projections multiples.<br \/>\nCe m\u00e9canisme permet d'\u00e9conomiser le temps pr\u00e9cieux des techniciens sur place. Le support est isol\u00e9 \u00e9lectriquement et peut \u00eatre command\u00e9 en diff\u00e9rentes versions.<\/p>\n<h2>Smart Metals Truss Mount pour l'ajustement fin du projecteur (num\u00e9ro de prod. 002.1600)<\/h2>\n<ul>\n<li>longueur maximale : 180 mm<\/li>\n<li>poids : 5,10 kg<\/li>\n<li>Couleur : Noir<\/li>\n<li>charge maximale : 25 kg<\/li>\n<li>Support \/ interface : en option<\/li>\n<li>Type de support \/ interface : sp\u00e9cifique au projecteur<\/li>\n<li>Fonction tilt : r\u00e9glage fin de +20 \u00b0 \u00e0 -20 \u00b0.<\/li>\n<li>Rotation : 180 \u00b010.04.2014 14:22:02<\/li>\n<li>Informations suppl\u00e9mentaires : Isolation \u00e9lectrique, excl. colliers de d\u00e9clenchement Doughty (2x 003.1128)<\/li>\n<\/ul>\n<p><a href=\"https:\/\/konferenztechnik.de\/wp-content\/uploads\/2013\/09\/0021600_SmartMetals_productleafletEN.pdf\"> Fiche de renseignements sur le produit Smart Metals 002.1600 (en anglais)<\/a><\/p>\n<h2>Support de truss Smart Metals \u2013 (Num\u00e9ro de produit : 002.1660)<\/h2>\n<p><a href=\"https:\/\/konferenztechnik.de\/wp-content\/uploads\/2014\/04\/smart-metals_truss-mount_0021660-scaled-1.jpg\"><img loading=\"lazy\" decoding=\"async\" class=\"alignleft size-medium wp-image-4422\" src=\"https:\/\/konferenztechnik.de\/wp-content\/uploads\/2014\/04\/smart-metals_truss-mount_0021660-133x300.jpg\" alt=\"Support de traverse Smart Metals 0021660\" width=\"133\" height=\"300\" title=\"\"><\/a><\/p>\n<p>Ce support est optimal pour la fixation rapide et simple de projecteurs<br \/>\n(par exemple dans les situations de location). En un quart de tour, le projecteur est mont\u00e9 sur le support en un rien de temps.<br \/>\nLe support est isol\u00e9 \u00e9lectriquement, il n'est donc pas n\u00e9cessaire d'isoler davantage le truss. L'articulation sph\u00e9rique permet de r\u00e9gler facilement la position du projecteur. Des Lifting Eyes sont install\u00e9s pour assurer la fixation de s\u00e9curit\u00e9 n\u00e9cessaire.<\/p>\n<h2>Support de truss Smart Metals \u2013 (Num\u00e9ro de produit : 002.1660)<\/h2>\n<ul>\n<li>Longueur minimale : 450 mm<\/li>\n<li>longueur maximale : 700 mm<\/li>\n<li>poids : 2,95 kg<\/li>\n<li>Couleur : Noir<\/li>\n<li>charge maximale : 30 kg<\/li>\n<li>R\u00e9glage de la hauteur : manuel<\/li>\n<li>Support \/ interface : vendu s\u00e9par\u00e9ment<\/li>\n<li>Type de support \/ interface : sp\u00e9cifique au projecteur \/ support universel<\/li>\n<li>Fonction d'inclinaison : +20 \u00b0 \u00e0 -20 \u00b0.<\/li>\n<li>Rotation : 360<\/li>\n<li>passage de c\u00e2bles : 25 mm \u00d8<\/li>\n<li>Informations suppl\u00e9mentaires : Isolation \u00e9lectrique, anneaux de levage inclus pour s\u00e9curiser le projecteur<\/li>\n<\/ul>\n<p><a href=\"https:\/\/konferenztechnik.de\/wp-content\/uploads\/2013\/09\/0021660_SmartMetals_productleafletEN.pdf\">0021660_SmartMetals_productleafletENSmart Metals Fiche d'information produit 002.1660 (anglais)<\/a><\/p>\n<h2>Support de traverse ou de plafond Smart Metals (num\u00e9ro de produit : 002.1670)<\/h2>\n<p><a href=\"https:\/\/konferenztechnik.de\/wp-content\/uploads\/2013\/09\/smart-metals_truss-mount_0021670-scaled-1.jpg\"><img loading=\"lazy\" decoding=\"async\" class=\"alignleft size-medium wp-image-4426\" src=\"https:\/\/konferenztechnik.de\/wp-content\/uploads\/2013\/09\/smart-metals_truss-mount_0021670-98x300.jpg\" alt=\"Smart Metals Truss Mount 0021670\" width=\"98\" height=\"300\" title=\"\"><\/a><\/p>\n<p>Ce support est particuli\u00e8rement con\u00e7u pour les projecteurs d'installation lourds. Le jeu de tubes dispose d'un r\u00e9glage fin int\u00e9gr\u00e9 et est disponible en trois longueurs, qui peuvent \u00e9galement \u00eatre adapt\u00e9es sur place.<\/p>\n<p>Gr\u00e2ce au r\u00e9glage fin (voir art. n\u00b0 : 002.1600), avec filetage de vis, il est possible de faire pivoter et d'incliner le projecteur de 20 degr\u00e9s en continu. Pour une fixation optimale, combinez ce kit avec un support sp\u00e9cifique au projecteur.<\/p>\n<h2>Support de traverse ou de plafond Smart Metals (num\u00e9ro de produit : 002.1670)<\/h2>\n<ul>\n<li>Longueur minimale : peut \u00eatre raccourcie dans la longueur (jusqu'\u00e0 452 mm)<\/li>\n<li>Longueur maximale : 1222 mm<\/li>\n<li>Couleur : Noir<\/li>\n<li>charge maximale : 25 kg<\/li>\n<li>Support \/ interface : vendu s\u00e9par\u00e9ment<\/li>\n<li>Type de support \/ interface : Projecteur sp\u00e9cifique<\/li>\n<li>Fonction tilt : r\u00e9glage fin de +20 \u00b0 \u00e0 -20 \u00b0.<\/li>\n<li>Rotation : 180<\/li>\n<li>passage de c\u00e2bles : 45 mm \u00d8<\/li>\n<\/ul>\n<p><a href=\"https:\/\/konferenztechnik.de\/wp-content\/uploads\/2013\/09\/0021670_SmartMetals_productleafletEN.pdf\">0021670_SmartMetals_productleafletENSmart Metals Fiche d'information produit 002.1670 (anglais)<\/a><\/p>\n<h2>Audipack Stack Frame pour projecteurs<\/h2>\n<p><a href=\"https:\/\/konferenztechnik.de\/wp-content\/uploads\/2013\/09\/Audipack_Trusshalterung_StackFrame.jpg\"><img loading=\"lazy\" decoding=\"async\" width=\"792\" height=\"594\" class=\"alignleft size-full wp-image-2772\" src=\"https:\/\/konferenztechnik.de\/wp-content\/uploads\/2013\/09\/Audipack_Trusshalterung_StackFrame.jpg\" alt=\"Audipack Stack Frame pour projecteurs\" title=\"\" srcset=\"https:\/\/konferenztechnik.de\/wp-content\/uploads\/2013\/09\/Audipack_Trusshalterung_StackFrame.jpg 792w, https:\/\/konferenztechnik.de\/wp-content\/uploads\/2013\/09\/Audipack_Trusshalterung_StackFrame-300x225.jpg 300w, https:\/\/konferenztechnik.de\/wp-content\/uploads\/2013\/09\/Audipack_Trusshalterung_StackFrame-768x576.jpg 768w\" sizes=\"(max-width: 792px) 100vw, 792px\" \/><\/a><\/p>\n<p>3D Stack Frame pour les projecteurs de diff\u00e9rents fabricants. Gr\u00e2ce \u00e0 ce cadre, les projecteurs sont sp\u00e9cialement prot\u00e9g\u00e9s, notamment en cas de transport fr\u00e9quent ou de montage et d\u00e9montage \u2013 particuli\u00e8rement int\u00e9ressant pour les loueurs ou les organisateurs mobiles !<\/p>\n<h2>Audipack Stack Frame pour projecteurs<\/h2>\n<p>Le projecteur est mont\u00e9 dans le cadre sur une plaque. Trois molettes de r\u00e9glage permettent d'ajuster l'orientation de l'image avec une grande pr\u00e9cision. En combinaison avec diff\u00e9rents accessoires, le cadre peut \u00eatre \u00e9tendu de mani\u00e8re optimale \u2013 \u00e9galement pour l'utilisation avec plusieurs projecteurs.<\/p>\n<ul>\n<li>tr\u00e8s bonne protection contre les dommages de transport<\/li>\n<li>id\u00e9al pour les loueurs ou les organisateurs mobiles<\/li>\n<li>permet un alignement pr\u00e9cis de l'image, m\u00eame en cas d'utilisation de plusieurs projecteurs<\/li>\n<li>montage facile du projecteur<\/li>\n<\/ul>\n<p>PCS GmbH est le distributeur officiel allemand de la soci\u00e9t\u00e9 Audipack. Chez nous, vous b\u00e9n\u00e9ficiez de conseils comp\u00e9tents et de d\u00e9lais de livraison rapides.<\/p>\n<p><img loading=\"lazy\" decoding=\"async\" class=\"alignright size-full wp-image-5489\" src=\"https:\/\/konferenztechnik.de\/wp-content\/uploads\/2013\/09\/PCS-GmbH-Audipack-authorized-dealer-small.jpg\" alt=\"PCS GmbH est revendeur agr\u00e9\u00e9 Audipack\" width=\"200\" height=\"81\" title=\"\"><\/p>","protected":false},"excerpt":{"rendered":"<p>Traversenhalterungen Audipack Quick Release Projektor Traversen-Halterung Traversenhalterung f\u00fcr Projektoren bis 50 kg, die mit allen Audipack Projektorhalterungen und Easy-Mounts kombiniert werden kann. Die Quick Release Projektor Traversen-Halterung l\u00e4sst sich einfach und sicher an der Traverse befestigen. Dank des Projektorhalterungssystems mit Kugelgelenk lassen sich Projektoren danach ebenso einfach montieren, ausrichten oder austauschen. Die Halterung ist in [&hellip;]<\/p>","protected":false},"author":1,"featured_media":45482,"parent":1221,"menu_order":127,"comment_status":"closed","ping_status":"open","template":"","meta":{"_acf_changed":false,"footnotes":""},"class_list":["post-2630","page","type-page","status-publish","has-post-thumbnail","hentry"],"acf":[],"_links":{"self":[{"href":"https:\/\/konferenztechnik.de\/fr\/wp-json\/wp\/v2\/pages\/2630","targetHints":{"allow":["GET"]}}],"collection":[{"href":"https:\/\/konferenztechnik.de\/fr\/wp-json\/wp\/v2\/pages"}],"about":[{"href":"https:\/\/konferenztechnik.de\/fr\/wp-json\/wp\/v2\/types\/page"}],"author":[{"embeddable":true,"href":"https:\/\/konferenztechnik.de\/fr\/wp-json\/wp\/v2\/users\/1"}],"replies":[{"embeddable":true,"href":"https:\/\/konferenztechnik.de\/fr\/wp-json\/wp\/v2\/comments?post=2630"}],"version-history":[{"count":0,"href":"https:\/\/konferenztechnik.de\/fr\/wp-json\/wp\/v2\/pages\/2630\/revisions"}],"up":[{"embeddable":true,"href":"https:\/\/konferenztechnik.de\/fr\/wp-json\/wp\/v2\/pages\/1221"}],"wp:featuredmedia":[{"embeddable":true,"href":"https:\/\/konferenztechnik.de\/fr\/wp-json\/wp\/v2\/media\/45482"}],"wp:attachment":[{"href":"https:\/\/konferenztechnik.de\/fr\/wp-json\/wp\/v2\/media?parent=2630"}],"curies":[{"name":"wp","href":"https:\/\/api.w.org\/{rel}","templated":true}]}}