{"id":28328,"date":"2023-05-27T09:23:33","date_gmt":"2023-05-27T07:23:33","guid":{"rendered":"http:\/\/dev.konferenztechnik.de\/?page_id=28328"},"modified":"2023-08-14T08:49:50","modified_gmt":"2023-08-14T06:49:50","slug":"conseil","status":"publish","type":"page","link":"https:\/\/konferenztechnik.de\/fr\/conseil\/","title":{"rendered":"Conseil"},"content":{"rendered":"<div data-elementor-type=\"wp-page\" data-elementor-id=\"28328\" class=\"elementor elementor-28328\" data-elementor-post-type=\"page\">\n\t\t\t\t<div data-particle_enable=\"false\" data-particle-mobile-disabled=\"false\" class=\"elementor-element elementor-element-4de4389 e-flex e-con-boxed e-con e-parent\" data-id=\"4de4389\" data-element_type=\"container\">\n\t\t\t\t\t<div class=\"e-con-inner\">\n\t\t<div data-particle_enable=\"false\" data-particle-mobile-disabled=\"false\" class=\"elementor-element elementor-element-2857e8b e-flex e-con-boxed e-con e-parent\" data-id=\"2857e8b\" data-element_type=\"container\">\n\t\t\t\t\t<div class=\"e-con-inner\">\n\t\t\t\t<div class=\"elementor-element elementor-element-d98bbf7 elementor-widget elementor-widget-heading\" data-id=\"d98bbf7\" data-element_type=\"widget\" data-widget_type=\"heading.default\">\n\t\t\t\t<div class=\"elementor-widget-container\">\n\t\t\t\t\t<h1 class=\"elementor-heading-title elementor-size-default\">Conseil<\/h1>\t\t\t\t<\/div>\n\t\t\t\t<\/div>\n\t\t\t\t<div class=\"elementor-element elementor-element-c40534e elementor-widget elementor-widget-image\" data-id=\"c40534e\" data-element_type=\"widget\" data-settings=\"{&quot;motion_fx_motion_fx_mouse&quot;:&quot;yes&quot;,&quot;motion_fx_tilt_effect&quot;:&quot;yes&quot;,&quot;motion_fx_tilt_direction&quot;:&quot;negative&quot;,&quot;motion_fx_tilt_speed&quot;:{&quot;unit&quot;:&quot;px&quot;,&quot;size&quot;:1.399999999999999911182158029987476766109466552734375,&quot;sizes&quot;:[]}}\" data-widget_type=\"image.default\">\n\t\t\t\t<div class=\"elementor-widget-container\">\n\t\t\t\t\t\t\t\t\t\t\t\t\t\t\t<img fetchpriority=\"high\" decoding=\"async\" width=\"1300\" height=\"433\" src=\"https:\/\/konferenztechnik.de\/wp-content\/uploads\/2023\/05\/praezision-events.jpg\" class=\"attachment-full size-full wp-image-28330\" alt=\"Symbole pour les \u00e9v\u00e9nements de pr\u00e9cision\" srcset=\"https:\/\/konferenztechnik.de\/wp-content\/uploads\/2023\/05\/praezision-events.jpg 1300w, https:\/\/konferenztechnik.de\/wp-content\/uploads\/2023\/05\/praezision-events-300x100.jpg 300w, https:\/\/konferenztechnik.de\/wp-content\/uploads\/2023\/05\/praezision-events-1024x341.jpg 1024w, https:\/\/konferenztechnik.de\/wp-content\/uploads\/2023\/05\/praezision-events-768x256.jpg 768w, https:\/\/konferenztechnik.de\/wp-content\/uploads\/2023\/05\/praezision-events-18x6.jpg 18w\" sizes=\"(max-width: 1300px) 100vw, 1300px\" title=\"\">\t\t\t\t\t\t\t\t\t\t\t\t\t\t\t<\/div>\n\t\t\t\t<\/div>\n\t\t\t\t\t<\/div>\n\t\t\t\t<\/div>\n\t\t\t\t\t<\/div>\n\t\t\t\t<\/div>\n\t\t<div data-particle_enable=\"false\" data-particle-mobile-disabled=\"false\" class=\"elementor-element elementor-element-59f2351 e-flex e-con-boxed e-con e-parent\" data-id=\"59f2351\" data-element_type=\"container\">\n\t\t\t\t\t<div class=\"e-con-inner\">\n\t\t\t\t<div class=\"elementor-element elementor-element-5726f9f elementor-widget__width-inherit elementor-widget elementor-widget-text-editor\" data-id=\"5726f9f\" data-element_type=\"widget\" data-widget_type=\"text-editor.default\">\n\t\t\t\t<div class=\"elementor-widget-container\">\n\t\t\t\t\t\t\t\t\t<p>Le succ\u00e8s de notre activit\u00e9 d\u00e9pend souvent de d\u00e9tails et de pr\u00e9cision. N'h\u00e9sitez pas \u00e0 nous en parler. Y a-t-il une subtilit\u00e9 dans votre demande qu'il vaudrait mieux que nous prenions en compte d\u00e8s le d\u00e9part ? C'est le genre de chose que nous d\u00e9couvrons le mieux lors d'un entretien.\u00a0\u00a0<\/p>\t\t\t\t\t\t\t\t<\/div>\n\t\t\t\t<\/div>\n\t\t\t\t\t<\/div>\n\t\t\t\t<\/div>\n\t\t<div data-particle_enable=\"false\" data-particle-mobile-disabled=\"false\" class=\"elementor-element elementor-element-33d417f e-flex e-con-boxed e-con e-parent\" data-id=\"33d417f\" data-element_type=\"container\">\n\t\t\t\t\t<div class=\"e-con-inner\">\n\t\t\t\t<div class=\"elementor-element elementor-element-3b590e1 elementor-widget elementor-widget-shortcode\" data-id=\"3b590e1\" data-element_type=\"widget\" data-widget_type=\"shortcode.default\">\n\t\t\t\t<div class=\"elementor-widget-container\">\n\t\t\t\t\t\t\t<div class=\"elementor-shortcode\"><\/div>\n\t\t\t\t\t\t<\/div>\n\t\t\t\t<\/div>\n\t\t\t\t\t<\/div>\n\t\t\t\t<\/div>\n\t\t\t\t<\/div>","protected":false},"excerpt":{"rendered":"<p>Le succ\u00e8s de notre activit\u00e9 d\u00e9pend souvent de d\u00e9tails et de pr\u00e9cision. N'h\u00e9sitez pas \u00e0 nous en parler. Y a-t-il une subtilit\u00e9 dans votre demande qu'il vaudrait mieux que nous prenions en compte d\u00e8s le d\u00e9part ? C'est le genre de chose que nous d\u00e9couvrons le mieux lors d'un entretien.<\/p>","protected":false},"author":2,"featured_media":45482,"parent":0,"menu_order":0,"comment_status":"closed","ping_status":"closed","template":"","meta":{"_acf_changed":false,"footnotes":""},"class_list":["post-28328","page","type-page","status-publish","has-post-thumbnail","hentry"],"acf":[],"_links":{"self":[{"href":"https:\/\/konferenztechnik.de\/fr\/wp-json\/wp\/v2\/pages\/28328","targetHints":{"allow":["GET"]}}],"collection":[{"href":"https:\/\/konferenztechnik.de\/fr\/wp-json\/wp\/v2\/pages"}],"about":[{"href":"https:\/\/konferenztechnik.de\/fr\/wp-json\/wp\/v2\/types\/page"}],"author":[{"embeddable":true,"href":"https:\/\/konferenztechnik.de\/fr\/wp-json\/wp\/v2\/users\/2"}],"replies":[{"embeddable":true,"href":"https:\/\/konferenztechnik.de\/fr\/wp-json\/wp\/v2\/comments?post=28328"}],"version-history":[{"count":0,"href":"https:\/\/konferenztechnik.de\/fr\/wp-json\/wp\/v2\/pages\/28328\/revisions"}],"wp:featuredmedia":[{"embeddable":true,"href":"https:\/\/konferenztechnik.de\/fr\/wp-json\/wp\/v2\/media\/45482"}],"wp:attachment":[{"href":"https:\/\/konferenztechnik.de\/fr\/wp-json\/wp\/v2\/media?parent=28328"}],"curies":[{"name":"wp","href":"https:\/\/api.w.org\/{rel}","templated":true}]}}