{"id":3320,"date":"2013-09-30T18:05:22","date_gmt":"2013-09-30T16:05:22","guid":{"rendered":"https:\/\/konferenztechnik.de\/?page_id=3320"},"modified":"2025-03-03T13:13:20","modified_gmt":"2025-03-03T12:13:20","slug":"que-nous-sommes","status":"publish","type":"page","link":"https:\/\/konferenztechnik.de\/fr\/que-nous-sommes\/","title":{"rendered":"\u00e0 propos de nous"},"content":{"rendered":"<div data-elementor-type=\"wp-page\" data-elementor-id=\"3320\" class=\"elementor elementor-3320\" data-elementor-post-type=\"page\">\n\t\t\t\t<div data-particle_enable=\"false\" data-particle-mobile-disabled=\"false\" class=\"elementor-element elementor-element-2fb1fdc e-flex e-con-boxed e-con e-parent\" data-id=\"2fb1fdc\" data-element_type=\"container\">\n\t\t\t\t\t<div class=\"e-con-inner\">\n\t\t<div data-particle_enable=\"false\" data-particle-mobile-disabled=\"false\" class=\"elementor-element elementor-element-a1dea13 e-flex e-con-boxed e-con e-child\" data-id=\"a1dea13\" data-element_type=\"container\">\n\t\t\t\t\t<div class=\"e-con-inner\">\n\t\t\t\t<div class=\"elementor-element elementor-element-225adb5 elementor-widget elementor-widget-heading\" data-id=\"225adb5\" data-element_type=\"widget\" data-widget_type=\"heading.default\">\n\t\t\t\t<div class=\"elementor-widget-container\">\n\t\t\t\t\t<h1 class=\"elementor-heading-title elementor-size-default\">C'est nous<\/h1>\t\t\t\t<\/div>\n\t\t\t\t<\/div>\n\t\t\t\t<div class=\"elementor-element elementor-element-4781f5e elementor-widget elementor-widget-image\" data-id=\"4781f5e\" data-element_type=\"widget\" data-widget_type=\"image.default\">\n\t\t\t\t<div class=\"elementor-widget-container\">\n\t\t\t\t\t\t\t\t\t\t\t\t<figure class=\"wp-caption\">\n\t\t\t\t\t\t\t\t\t\t<img fetchpriority=\"high\" decoding=\"async\" width=\"1300\" height=\"704\" src=\"https:\/\/konferenztechnik.de\/wp-content\/uploads\/2024\/06\/teamspirit-pcs-konferenztechnik.jpg\" class=\"attachment-full size-full wp-image-45784\" alt=\"La technique est en place, encore une photo rapide pour le site web.\" srcset=\"https:\/\/konferenztechnik.de\/wp-content\/uploads\/2024\/06\/teamspirit-pcs-konferenztechnik.jpg 1300w, https:\/\/konferenztechnik.de\/wp-content\/uploads\/2024\/06\/teamspirit-pcs-konferenztechnik-300x162.jpg 300w, https:\/\/konferenztechnik.de\/wp-content\/uploads\/2024\/06\/teamspirit-pcs-konferenztechnik-1024x555.jpg 1024w, https:\/\/konferenztechnik.de\/wp-content\/uploads\/2024\/06\/teamspirit-pcs-konferenztechnik-768x416.jpg 768w, https:\/\/konferenztechnik.de\/wp-content\/uploads\/2024\/06\/teamspirit-pcs-konferenztechnik-18x10.jpg 18w\" sizes=\"(max-width: 1300px) 100vw, 1300px\" title=\"\">\t\t\t\t\t\t\t\t\t\t\t<figcaption class=\"widget-image-caption wp-caption-text\">La technique est en place, encore une photo rapide pour le site web.<\/figcaption>\n\t\t\t\t\t\t\t\t\t\t<\/figure>\n\t\t\t\t\t\t\t\t\t<\/div>\n\t\t\t\t<\/div>\n\t\t\t\t<div class=\"elementor-element elementor-element-446125b elementor-widget elementor-widget-image\" data-id=\"446125b\" data-element_type=\"widget\" data-widget_type=\"image.default\">\n\t\t\t\t<div class=\"elementor-widget-container\">\n\t\t\t\t\t\t\t\t\t\t\t\t<figure class=\"wp-caption\">\n\t\t\t\t\t\t\t\t\t\t<img decoding=\"async\" width=\"1300\" height=\"704\" src=\"https:\/\/konferenztechnik.de\/wp-content\/uploads\/2024\/06\/pcs-hoch-hinaus.jpg\" class=\"attachment-full size-full wp-image-45782\" alt=\"Un technicien PCS travaille sur un chariot \u00e9l\u00e9vateur\" srcset=\"https:\/\/konferenztechnik.de\/wp-content\/uploads\/2024\/06\/pcs-hoch-hinaus.jpg 1300w, https:\/\/konferenztechnik.de\/wp-content\/uploads\/2024\/06\/pcs-hoch-hinaus-300x162.jpg 300w, https:\/\/konferenztechnik.de\/wp-content\/uploads\/2024\/06\/pcs-hoch-hinaus-1024x555.jpg 1024w, https:\/\/konferenztechnik.de\/wp-content\/uploads\/2024\/06\/pcs-hoch-hinaus-768x416.jpg 768w, https:\/\/konferenztechnik.de\/wp-content\/uploads\/2024\/06\/pcs-hoch-hinaus-18x10.jpg 18w\" sizes=\"(max-width: 1300px) 100vw, 1300px\" title=\"\">\t\t\t\t\t\t\t\t\t\t\t<figcaption class=\"widget-image-caption wp-caption-text\">Regardez, il y a aussi un technicien PCS l\u00e0-haut.<\/figcaption>\n\t\t\t\t\t\t\t\t\t\t<\/figure>\n\t\t\t\t\t\t\t\t\t<\/div>\n\t\t\t\t<\/div>\n\t\t\t\t<div class=\"elementor-element elementor-element-b63cf68 elementor-widget elementor-widget-image\" data-id=\"b63cf68\" data-element_type=\"widget\" data-widget_type=\"image.default\">\n\t\t\t\t<div class=\"elementor-widget-container\">\n\t\t\t\t\t\t\t\t\t\t\t\t<figure class=\"wp-caption\">\n\t\t\t\t\t\t\t\t\t\t<img decoding=\"async\" width=\"1300\" height=\"704\" src=\"https:\/\/konferenztechnik.de\/wp-content\/uploads\/2023\/05\/pcs-feueruebung.jpg\" class=\"attachment-full size-full wp-image-28530\" alt=\"J\u00f6rg, l&#039;un de nos chefs, pendant l&#039;exercice d&#039;extinction des feux. Non, les autres ne s&#039;ennuient pas et ne sont pas sceptiques.\" srcset=\"https:\/\/konferenztechnik.de\/wp-content\/uploads\/2023\/05\/pcs-feueruebung.jpg 1300w, https:\/\/konferenztechnik.de\/wp-content\/uploads\/2023\/05\/pcs-feueruebung-300x162.jpg 300w, https:\/\/konferenztechnik.de\/wp-content\/uploads\/2023\/05\/pcs-feueruebung-1024x555.jpg 1024w, https:\/\/konferenztechnik.de\/wp-content\/uploads\/2023\/05\/pcs-feueruebung-768x416.jpg 768w, https:\/\/konferenztechnik.de\/wp-content\/uploads\/2023\/05\/pcs-feueruebung-18x10.jpg 18w\" sizes=\"(max-width: 1300px) 100vw, 1300px\" title=\"\">\t\t\t\t\t\t\t\t\t\t\t<figcaption class=\"widget-image-caption wp-caption-text\">J\u00f6rg, l'un de nos chefs, pendant l'exercice d'extinction des feux. Non, les autres ne s'ennuient pas et ne sont pas sceptiques.<\/figcaption>\n\t\t\t\t\t\t\t\t\t\t<\/figure>\n\t\t\t\t\t\t\t\t\t<\/div>\n\t\t\t\t<\/div>\n\t\t\t\t<div class=\"elementor-element elementor-element-1afe949 elementor-widget elementor-widget-image\" data-id=\"1afe949\" data-element_type=\"widget\" data-widget_type=\"image.default\">\n\t\t\t\t<div class=\"elementor-widget-container\">\n\t\t\t\t\t\t\t\t\t\t\t\t<figure class=\"wp-caption\">\n\t\t\t\t\t\t\t\t\t\t<img loading=\"lazy\" decoding=\"async\" width=\"1300\" height=\"704\" src=\"https:\/\/konferenztechnik.de\/wp-content\/uploads\/2023\/05\/kamera-pcs.jpg\" class=\"attachment-full size-full wp-image-28558\" alt=\"Un cam\u00e9raman de PCS v\u00e9rifie les r\u00e9glages de sa cam\u00e9ra haut de gamme\" srcset=\"https:\/\/konferenztechnik.de\/wp-content\/uploads\/2023\/05\/kamera-pcs.jpg 1300w, https:\/\/konferenztechnik.de\/wp-content\/uploads\/2023\/05\/kamera-pcs-300x162.jpg 300w, https:\/\/konferenztechnik.de\/wp-content\/uploads\/2023\/05\/kamera-pcs-1024x555.jpg 1024w, https:\/\/konferenztechnik.de\/wp-content\/uploads\/2023\/05\/kamera-pcs-768x416.jpg 768w, https:\/\/konferenztechnik.de\/wp-content\/uploads\/2023\/05\/kamera-pcs-18x10.jpg 18w\" sizes=\"(max-width: 1300px) 100vw, 1300px\" title=\"\">\t\t\t\t\t\t\t\t\t\t\t<figcaption class=\"widget-image-caption wp-caption-text\">La cam\u00e9ra est-elle allum\u00e9e ? La batterie est-elle bient\u00f4t d\u00e9charg\u00e9e ? Pourquoi \u00eatre si critique ?<\/figcaption>\n\t\t\t\t\t\t\t\t\t\t<\/figure>\n\t\t\t\t\t\t\t\t\t<\/div>\n\t\t\t\t<\/div>\n\t\t\t\t<div class=\"elementor-element elementor-element-1c78e0b elementor-widget elementor-widget-image\" data-id=\"1c78e0b\" data-element_type=\"widget\" data-widget_type=\"image.default\">\n\t\t\t\t<div class=\"elementor-widget-container\">\n\t\t\t\t\t\t\t\t\t\t\t\t<figure class=\"wp-caption\">\n\t\t\t\t\t\t\t\t\t\t<img loading=\"lazy\" decoding=\"async\" width=\"1300\" height=\"704\" src=\"https:\/\/konferenztechnik.de\/wp-content\/uploads\/2024\/06\/pcs-team-konferenztechnik-1.jpg\" class=\"attachment-full size-full wp-image-45777\" alt=\"L&#039;\u00e9quipe PCS chez Televic\" srcset=\"https:\/\/konferenztechnik.de\/wp-content\/uploads\/2024\/06\/pcs-team-konferenztechnik-1.jpg 1300w, https:\/\/konferenztechnik.de\/wp-content\/uploads\/2024\/06\/pcs-team-konferenztechnik-1-300x162.jpg 300w, https:\/\/konferenztechnik.de\/wp-content\/uploads\/2024\/06\/pcs-team-konferenztechnik-1-1024x555.jpg 1024w, https:\/\/konferenztechnik.de\/wp-content\/uploads\/2024\/06\/pcs-team-konferenztechnik-1-768x416.jpg 768w, https:\/\/konferenztechnik.de\/wp-content\/uploads\/2024\/06\/pcs-team-konferenztechnik-1-18x10.jpg 18w\" sizes=\"(max-width: 1300px) 100vw, 1300px\" title=\"\">\t\t\t\t\t\t\t\t\t\t\t<figcaption class=\"widget-image-caption wp-caption-text\">Tout le monde sourit, photo d'\u00e9quipe ! \ud83d\ude42<\/figcaption>\n\t\t\t\t\t\t\t\t\t\t<\/figure>\n\t\t\t\t\t\t\t\t\t<\/div>\n\t\t\t\t<\/div>\n\t\t\t\t<div class=\"elementor-element elementor-element-1672317 elementor-widget elementor-widget-image\" data-id=\"1672317\" data-element_type=\"widget\" data-widget_type=\"image.default\">\n\t\t\t\t<div class=\"elementor-widget-container\">\n\t\t\t\t\t\t\t\t\t\t\t\t<figure class=\"wp-caption\">\n\t\t\t\t\t\t\t\t\t\t<img loading=\"lazy\" decoding=\"async\" width=\"1300\" height=\"704\" src=\"https:\/\/konferenztechnik.de\/wp-content\/uploads\/2023\/05\/blick-dolmetscherkabine.jpg\" class=\"attachment-full size-full wp-image-28562\" alt=\"Vue de la cabine d&#039;interpr\u00e9tation sur une interpr\u00e8te active, une pr\u00e9sentation de la r\u00e9union se refl\u00e8te dans la vitre de la cabine\" srcset=\"https:\/\/konferenztechnik.de\/wp-content\/uploads\/2023\/05\/blick-dolmetscherkabine.jpg 1300w, https:\/\/konferenztechnik.de\/wp-content\/uploads\/2023\/05\/blick-dolmetscherkabine-300x162.jpg 300w, https:\/\/konferenztechnik.de\/wp-content\/uploads\/2023\/05\/blick-dolmetscherkabine-1024x555.jpg 1024w, https:\/\/konferenztechnik.de\/wp-content\/uploads\/2023\/05\/blick-dolmetscherkabine-768x416.jpg 768w, https:\/\/konferenztechnik.de\/wp-content\/uploads\/2023\/05\/blick-dolmetscherkabine-18x10.jpg 18w\" sizes=\"(max-width: 1300px) 100vw, 1300px\" title=\"\">\t\t\t\t\t\t\t\t\t\t\t<figcaption class=\"widget-image-caption wp-caption-text\">Vue de la cabine d'interpr\u00e9tation. Les \u00e9v\u00e9nements multilingues, nous les trouvons vraiment passionnants.<\/figcaption>\n\t\t\t\t\t\t\t\t\t\t<\/figure>\n\t\t\t\t\t\t\t\t\t<\/div>\n\t\t\t\t<\/div>\n\t\t\t\t<div class=\"elementor-element elementor-element-a6bb08a elementor-widget elementor-widget-image\" data-id=\"a6bb08a\" data-element_type=\"widget\" data-widget_type=\"image.default\">\n\t\t\t\t<div class=\"elementor-widget-container\">\n\t\t\t\t\t\t\t\t\t\t\t\t<figure class=\"wp-caption\">\n\t\t\t\t\t\t\t\t\t\t<img loading=\"lazy\" decoding=\"async\" width=\"1300\" height=\"704\" src=\"https:\/\/konferenztechnik.de\/wp-content\/uploads\/2023\/05\/hybrider-konferenzraum.jpg\" class=\"attachment-full size-full wp-image-28584\" alt=\"Installation termin\u00e9e d&#039;une salle de conf\u00e9rence hybride, une table ronde pour 20 personnes, avec des postes de travail int\u00e9gr\u00e9s, des moniteurs et des cam\u00e9ras PTZ au centre de la table ronde.\" srcset=\"https:\/\/konferenztechnik.de\/wp-content\/uploads\/2023\/05\/hybrider-konferenzraum.jpg 1300w, https:\/\/konferenztechnik.de\/wp-content\/uploads\/2023\/05\/hybrider-konferenzraum-300x162.jpg 300w, https:\/\/konferenztechnik.de\/wp-content\/uploads\/2023\/05\/hybrider-konferenzraum-1024x555.jpg 1024w, https:\/\/konferenztechnik.de\/wp-content\/uploads\/2023\/05\/hybrider-konferenzraum-768x416.jpg 768w, https:\/\/konferenztechnik.de\/wp-content\/uploads\/2023\/05\/hybrider-konferenzraum-18x10.jpg 18w\" sizes=\"(max-width: 1300px) 100vw, 1300px\" title=\"\">\t\t\t\t\t\t\t\t\t\t\t<figcaption class=\"widget-image-caption wp-caption-text\">Une installation chic. \u00c9quipement technique m\u00e9dia de salles de conf\u00e9rence.<\/figcaption>\n\t\t\t\t\t\t\t\t\t\t<\/figure>\n\t\t\t\t\t\t\t\t\t<\/div>\n\t\t\t\t<\/div>\n\t\t\t\t<div class=\"elementor-element elementor-element-97861b8 elementor-widget elementor-widget-image\" data-id=\"97861b8\" data-element_type=\"widget\" data-widget_type=\"image.default\">\n\t\t\t\t<div class=\"elementor-widget-container\">\n\t\t\t\t\t\t\t\t\t\t\t\t<figure class=\"wp-caption\">\n\t\t\t\t\t\t\t\t\t\t<img loading=\"lazy\" decoding=\"async\" width=\"1300\" height=\"704\" src=\"https:\/\/konferenztechnik.de\/wp-content\/uploads\/2024\/06\/pcs-konferenztechnik-team.jpg\" class=\"attachment-full size-full wp-image-45785\" alt=\"Le technicien PCS \u00e9quipe l&#039;orateur d&#039;un microphone.\" srcset=\"https:\/\/konferenztechnik.de\/wp-content\/uploads\/2024\/06\/pcs-konferenztechnik-team.jpg 1300w, https:\/\/konferenztechnik.de\/wp-content\/uploads\/2024\/06\/pcs-konferenztechnik-team-300x162.jpg 300w, https:\/\/konferenztechnik.de\/wp-content\/uploads\/2024\/06\/pcs-konferenztechnik-team-1024x555.jpg 1024w, https:\/\/konferenztechnik.de\/wp-content\/uploads\/2024\/06\/pcs-konferenztechnik-team-768x416.jpg 768w, https:\/\/konferenztechnik.de\/wp-content\/uploads\/2024\/06\/pcs-konferenztechnik-team-18x10.jpg 18w\" sizes=\"(max-width: 1300px) 100vw, 1300px\" title=\"\">\t\t\t\t\t\t\t\t\t\t\t<figcaption class=\"widget-image-caption wp-caption-text\">Un dernier regard, le micro est en place, c'est parti ! <\/figcaption>\n\t\t\t\t\t\t\t\t\t\t<\/figure>\n\t\t\t\t\t\t\t\t\t<\/div>\n\t\t\t\t<\/div>\n\t\t\t\t<div class=\"elementor-element elementor-element-de2699e elementor-widget elementor-widget-image\" data-id=\"de2699e\" data-element_type=\"widget\" data-widget_type=\"image.default\">\n\t\t\t\t<div class=\"elementor-widget-container\">\n\t\t\t\t\t\t\t\t\t\t\t\t<figure class=\"wp-caption\">\n\t\t\t\t\t\t\t\t\t\t<img loading=\"lazy\" decoding=\"async\" width=\"1300\" height=\"704\" src=\"https:\/\/konferenztechnik.de\/wp-content\/uploads\/2023\/05\/pcs-ausflug.jpg\" class=\"attachment-full size-full wp-image-28554\" alt=\"Une excursion interne \u00e0 l&#039;entreprise PCS \u00e0 la station sismique de G\u00f6ttingen - passionnant !\" srcset=\"https:\/\/konferenztechnik.de\/wp-content\/uploads\/2023\/05\/pcs-ausflug.jpg 1300w, https:\/\/konferenztechnik.de\/wp-content\/uploads\/2023\/05\/pcs-ausflug-300x162.jpg 300w, https:\/\/konferenztechnik.de\/wp-content\/uploads\/2023\/05\/pcs-ausflug-1024x555.jpg 1024w, https:\/\/konferenztechnik.de\/wp-content\/uploads\/2023\/05\/pcs-ausflug-768x416.jpg 768w, https:\/\/konferenztechnik.de\/wp-content\/uploads\/2023\/05\/pcs-ausflug-18x10.jpg 18w\" sizes=\"(max-width: 1300px) 100vw, 1300px\" title=\"\">\t\t\t\t\t\t\t\t\t\t\t<figcaption class=\"widget-image-caption wp-caption-text\">Sortie d'entreprise au simulateur de tremblement de terre \u00e0 G\u00f6ttingen.<\/figcaption>\n\t\t\t\t\t\t\t\t\t\t<\/figure>\n\t\t\t\t\t\t\t\t\t<\/div>\n\t\t\t\t<\/div>\n\t\t\t\t<div class=\"elementor-element elementor-element-b8e2cbd elementor-widget elementor-widget-image\" data-id=\"b8e2cbd\" data-element_type=\"widget\" data-widget_type=\"image.default\">\n\t\t\t\t<div class=\"elementor-widget-container\">\n\t\t\t\t\t\t\t\t\t\t\t\t<figure class=\"wp-caption\">\n\t\t\t\t\t\t\t\t\t\t<img loading=\"lazy\" decoding=\"async\" width=\"1300\" height=\"704\" src=\"https:\/\/konferenztechnik.de\/wp-content\/uploads\/2023\/05\/sprechstellen-einrichten.jpg\" class=\"attachment-full size-full wp-image-28566\" alt=\"Des pupitres sont dispos\u00e9s sur une table de conf\u00e9rence en forme de U, afin que chaque membre de la d\u00e9l\u00e9gation puisse s&#039;exprimer depuis sa place.\" srcset=\"https:\/\/konferenztechnik.de\/wp-content\/uploads\/2023\/05\/sprechstellen-einrichten.jpg 1300w, https:\/\/konferenztechnik.de\/wp-content\/uploads\/2023\/05\/sprechstellen-einrichten-300x162.jpg 300w, https:\/\/konferenztechnik.de\/wp-content\/uploads\/2023\/05\/sprechstellen-einrichten-1024x555.jpg 1024w, https:\/\/konferenztechnik.de\/wp-content\/uploads\/2023\/05\/sprechstellen-einrichten-768x416.jpg 768w, https:\/\/konferenztechnik.de\/wp-content\/uploads\/2023\/05\/sprechstellen-einrichten-18x10.jpg 18w\" sizes=\"(max-width: 1300px) 100vw, 1300px\" title=\"\">\t\t\t\t\t\t\t\t\t\t\t<figcaption class=\"widget-image-caption wp-caption-text\">Mettre en place des postes d'interphonie. Des discussions de haut niveau. Oui, c'est le PCS \u2013 konferenztechnik.de<\/figcaption>\n\t\t\t\t\t\t\t\t\t\t<\/figure>\n\t\t\t\t\t\t\t\t\t<\/div>\n\t\t\t\t<\/div>\n\t\t\t\t\t<\/div>\n\t\t\t\t<\/div>\n\t\t\t\t\t<\/div>\n\t\t\t\t<\/div>\n\t\t<div data-particle_enable=\"false\" data-particle-mobile-disabled=\"false\" class=\"elementor-element elementor-element-64fd920 e-flex e-con-boxed e-con e-parent\" data-id=\"64fd920\" data-element_type=\"container\">\n\t\t\t\t\t<div class=\"e-con-inner\">\n\t\t\t\t<div class=\"elementor-element elementor-element-99960e5 elementor-widget elementor-widget-shortcode\" data-id=\"99960e5\" data-element_type=\"widget\" data-widget_type=\"shortcode.default\">\n\t\t\t\t<div class=\"elementor-widget-container\">\n\t\t\t\t\t\t\t<div class=\"elementor-shortcode\">\t\t<div data-elementor-type=\"container\" data-elementor-id=\"29227\" class=\"elementor elementor-29227\" data-elementor-post-type=\"elementor_library\">\n\t\t\t\t<div data-particle_enable=\"false\" data-particle-mobile-disabled=\"false\" class=\"elementor-element elementor-element-1149edd e-flex e-con-boxed e-con e-parent\" data-id=\"1149edd\" data-element_type=\"container\">\n\t\t\t\t\t<div class=\"e-con-inner\">\n\t\t\t\t<div class=\"elementor-element elementor-element-637047c7 elementor-icon-list--layout-traditional elementor-list-item-link-full_width elementor-widget elementor-widget-icon-list\" data-id=\"637047c7\" data-element_type=\"widget\" data-widget_type=\"icon-list.default\">\n\t\t\t\t<div class=\"elementor-widget-container\">\n\t\t\t\t\t\t\t<ul class=\"elementor-icon-list-items\">\n\t\t\t\t\t\t\t<li class=\"elementor-icon-list-item\">\n\t\t\t\t\t\t\t\t\t\t\t<a href=\"\/fr\/jobs\/\">\n\n\t\t\t\t\t\t\t\t\t\t\t\t<span class=\"elementor-icon-list-icon\">\n\t\t\t\t\t\t\t<svg aria-hidden=\"true\" class=\"e-font-icon-svg e-fas-chevron-right\" viewbox=\"0 0 320 512\" xmlns=\"http:\/\/www.w3.org\/2000\/svg\"><path d=\"M285.476 272.971L91.132 467.314c-9.373 9.373-24.569 9.373-33.941 0l-22.667-22.667c-9.357-9.357-9.375-24.522-.04-33.901L188.505 256 34.484 101.255c-9.335-9.379-9.317-24.544.04-33.901l22.667-22.667c9.373-9.373 24.569-9.373 33.941 0L285.475 239.03c9.373 9.372 9.373 24.568.001 33.941z\"><\/path><\/svg>\t\t\t\t\t\t<\/span>\n\t\t\t\t\t\t\t\t\t\t<span class=\"elementor-icon-list-text\">Emplois<\/span>\n\t\t\t\t\t\t\t\t\t\t\t<\/a>\n\t\t\t\t\t\t\t\t\t<\/li>\n\t\t\t\t\t\t\t\t<li class=\"elementor-icon-list-item\">\n\t\t\t\t\t\t\t\t\t\t\t<a href=\"\/fr\/formation-2\/\">\n\n\t\t\t\t\t\t\t\t\t\t\t\t<span class=\"elementor-icon-list-icon\">\n\t\t\t\t\t\t\t<svg aria-hidden=\"true\" class=\"e-font-icon-svg e-fas-chevron-right\" viewbox=\"0 0 320 512\" xmlns=\"http:\/\/www.w3.org\/2000\/svg\"><path d=\"M285.476 272.971L91.132 467.314c-9.373 9.373-24.569 9.373-33.941 0l-22.667-22.667c-9.357-9.357-9.375-24.522-.04-33.901L188.505 256 34.484 101.255c-9.335-9.379-9.317-24.544.04-33.901l22.667-22.667c9.373-9.373 24.569-9.373 33.941 0L285.475 239.03c9.373 9.372 9.373 24.568.001 33.941z\"><\/path><\/svg>\t\t\t\t\t\t<\/span>\n\t\t\t\t\t\t\t\t\t\t<span class=\"elementor-icon-list-text\">Formation<\/span>\n\t\t\t\t\t\t\t\t\t\t\t<\/a>\n\t\t\t\t\t\t\t\t\t<\/li>\n\t\t\t\t\t\t\t\t<li class=\"elementor-icon-list-item\">\n\t\t\t\t\t\t\t\t\t\t\t<a href=\"\/fr\/que-nous-sommes\/\">\n\n\t\t\t\t\t\t\t\t\t\t\t\t<span class=\"elementor-icon-list-icon\">\n\t\t\t\t\t\t\t<svg aria-hidden=\"true\" class=\"e-font-icon-svg e-fas-chevron-right\" viewbox=\"0 0 320 512\" xmlns=\"http:\/\/www.w3.org\/2000\/svg\"><path d=\"M285.476 272.971L91.132 467.314c-9.373 9.373-24.569 9.373-33.941 0l-22.667-22.667c-9.357-9.357-9.375-24.522-.04-33.901L188.505 256 34.484 101.255c-9.335-9.379-9.317-24.544.04-33.901l22.667-22.667c9.373-9.373 24.569-9.373 33.941 0L285.475 239.03c9.373 9.372 9.373 24.568.001 33.941z\"><\/path><\/svg>\t\t\t\t\t\t<\/span>\n\t\t\t\t\t\t\t\t\t\t<span class=\"elementor-icon-list-text\">C'est nous<\/span>\n\t\t\t\t\t\t\t\t\t\t\t<\/a>\n\t\t\t\t\t\t\t\t\t<\/li>\n\t\t\t\t\t\t\t\t<li class=\"elementor-icon-list-item\">\n\t\t\t\t\t\t\t\t\t\t\t<a href=\"\/fr\/profil-de-lentreprise\/\">\n\n\t\t\t\t\t\t\t\t\t\t\t\t<span class=\"elementor-icon-list-icon\">\n\t\t\t\t\t\t\t<svg aria-hidden=\"true\" class=\"e-font-icon-svg e-fas-chevron-right\" viewbox=\"0 0 320 512\" xmlns=\"http:\/\/www.w3.org\/2000\/svg\"><path d=\"M285.476 272.971L91.132 467.314c-9.373 9.373-24.569 9.373-33.941 0l-22.667-22.667c-9.357-9.357-9.375-24.522-.04-33.901L188.505 256 34.484 101.255c-9.335-9.379-9.317-24.544.04-33.901l22.667-22.667c9.373-9.373 24.569-9.373 33.941 0L285.475 239.03c9.373 9.372 9.373 24.568.001 33.941z\"><\/path><\/svg>\t\t\t\t\t\t<\/span>\n\t\t\t\t\t\t\t\t\t\t<span class=\"elementor-icon-list-text\">Profil de l'entreprise<\/span>\n\t\t\t\t\t\t\t\t\t\t\t<\/a>\n\t\t\t\t\t\t\t\t\t<\/li>\n\t\t\t\t\t\t\t\t<li class=\"elementor-icon-list-item\">\n\t\t\t\t\t\t\t\t\t\t\t<a href=\"\/fr\/10-bonnes-raisons-pour-les-pc\/\">\n\n\t\t\t\t\t\t\t\t\t\t\t\t<span class=\"elementor-icon-list-icon\">\n\t\t\t\t\t\t\t<svg aria-hidden=\"true\" class=\"e-font-icon-svg e-fas-chevron-right\" viewbox=\"0 0 320 512\" xmlns=\"http:\/\/www.w3.org\/2000\/svg\"><path d=\"M285.476 272.971L91.132 467.314c-9.373 9.373-24.569 9.373-33.941 0l-22.667-22.667c-9.357-9.357-9.375-24.522-.04-33.901L188.505 256 34.484 101.255c-9.335-9.379-9.317-24.544.04-33.901l22.667-22.667c9.373-9.373 24.569-9.373 33.941 0L285.475 239.03c9.373 9.372 9.373 24.568.001 33.941z\"><\/path><\/svg>\t\t\t\t\t\t<\/span>\n\t\t\t\t\t\t\t\t\t\t<span class=\"elementor-icon-list-text\">10 bonnes raisons de choisir PCS<\/span>\n\t\t\t\t\t\t\t\t\t\t\t<\/a>\n\t\t\t\t\t\t\t\t\t<\/li>\n\t\t\t\t\t\t\t\t<li class=\"elementor-icon-list-item\">\n\t\t\t\t\t\t\t\t\t\t\t<a href=\"\/fr\/vision-du-developpement-durable\/\">\n\n\t\t\t\t\t\t\t\t\t\t\t\t<span class=\"elementor-icon-list-icon\">\n\t\t\t\t\t\t\t<svg aria-hidden=\"true\" class=\"e-font-icon-svg e-fas-chevron-right\" viewbox=\"0 0 320 512\" xmlns=\"http:\/\/www.w3.org\/2000\/svg\"><path d=\"M285.476 272.971L91.132 467.314c-9.373 9.373-24.569 9.373-33.941 0l-22.667-22.667c-9.357-9.357-9.375-24.522-.04-33.901L188.505 256 34.484 101.255c-9.335-9.379-9.317-24.544.04-33.901l22.667-22.667c9.373-9.373 24.569-9.373 33.941 0L285.475 239.03c9.373 9.372 9.373 24.568.001 33.941z\"><\/path><\/svg>\t\t\t\t\t\t<\/span>\n\t\t\t\t\t\t\t\t\t\t<span class=\"elementor-icon-list-text\">Vision, durabilit\u00e9<\/span>\n\t\t\t\t\t\t\t\t\t\t\t<\/a>\n\t\t\t\t\t\t\t\t\t<\/li>\n\t\t\t\t\t\t\t\t<li class=\"elementor-icon-list-item\">\n\t\t\t\t\t\t\t\t\t\t\t<a href=\"\/fr\/diversite\/\">\n\n\t\t\t\t\t\t\t\t\t\t\t\t<span class=\"elementor-icon-list-icon\">\n\t\t\t\t\t\t\t<svg aria-hidden=\"true\" class=\"e-font-icon-svg e-fas-chevron-right\" viewbox=\"0 0 320 512\" xmlns=\"http:\/\/www.w3.org\/2000\/svg\"><path d=\"M285.476 272.971L91.132 467.314c-9.373 9.373-24.569 9.373-33.941 0l-22.667-22.667c-9.357-9.357-9.375-24.522-.04-33.901L188.505 256 34.484 101.255c-9.335-9.379-9.317-24.544.04-33.901l22.667-22.667c9.373-9.373 24.569-9.373 33.941 0L285.475 239.03c9.373 9.372 9.373 24.568.001 33.941z\"><\/path><\/svg>\t\t\t\t\t\t<\/span>\n\t\t\t\t\t\t\t\t\t\t<span class=\"elementor-icon-list-text\">Diversit\u00e9 et diversit\u00e9<\/span>\n\t\t\t\t\t\t\t\t\t\t\t<\/a>\n\t\t\t\t\t\t\t\t\t<\/li>\n\t\t\t\t\t\t\t\t<li class=\"elementor-icon-list-item\">\n\t\t\t\t\t\t\t\t\t\t\t<a href=\"\/fr\/references\/\">\n\n\t\t\t\t\t\t\t\t\t\t\t\t<span class=\"elementor-icon-list-icon\">\n\t\t\t\t\t\t\t<svg aria-hidden=\"true\" class=\"e-font-icon-svg e-fas-chevron-right\" viewbox=\"0 0 320 512\" xmlns=\"http:\/\/www.w3.org\/2000\/svg\"><path d=\"M285.476 272.971L91.132 467.314c-9.373 9.373-24.569 9.373-33.941 0l-22.667-22.667c-9.357-9.357-9.375-24.522-.04-33.901L188.505 256 34.484 101.255c-9.335-9.379-9.317-24.544.04-33.901l22.667-22.667c9.373-9.373 24.569-9.373 33.941 0L285.475 239.03c9.373 9.372 9.373 24.568.001 33.941z\"><\/path><\/svg>\t\t\t\t\t\t<\/span>\n\t\t\t\t\t\t\t\t\t\t<span class=\"elementor-icon-list-text\">Projets, r\u00e9f\u00e9rences<\/span>\n\t\t\t\t\t\t\t\t\t\t\t<\/a>\n\t\t\t\t\t\t\t\t\t<\/li>\n\t\t\t\t\t\t\t\t<li class=\"elementor-icon-list-item\">\n\t\t\t\t\t\t\t\t\t\t\t<a href=\"\/fr\/temoignages-de-clients\/\">\n\n\t\t\t\t\t\t\t\t\t\t\t\t<span class=\"elementor-icon-list-icon\">\n\t\t\t\t\t\t\t<svg aria-hidden=\"true\" class=\"e-font-icon-svg e-fas-chevron-right\" viewbox=\"0 0 320 512\" xmlns=\"http:\/\/www.w3.org\/2000\/svg\"><path d=\"M285.476 272.971L91.132 467.314c-9.373 9.373-24.569 9.373-33.941 0l-22.667-22.667c-9.357-9.357-9.375-24.522-.04-33.901L188.505 256 34.484 101.255c-9.335-9.379-9.317-24.544.04-33.901l22.667-22.667c9.373-9.373 24.569-9.373 33.941 0L285.475 239.03c9.373 9.372 9.373 24.568.001 33.941z\"><\/path><\/svg>\t\t\t\t\t\t<\/span>\n\t\t\t\t\t\t\t\t\t\t<span class=\"elementor-icon-list-text\">T\u00e9moignages de clients<\/span>\n\t\t\t\t\t\t\t\t\t\t\t<\/a>\n\t\t\t\t\t\t\t\t\t<\/li>\n\t\t\t\t\t\t\t\t<li class=\"elementor-icon-list-item\">\n\t\t\t\t\t\t\t\t\t\t\t<a href=\"\/fr\/actualites\/\">\n\n\t\t\t\t\t\t\t\t\t\t\t\t<span class=\"elementor-icon-list-icon\">\n\t\t\t\t\t\t\t<svg aria-hidden=\"true\" class=\"e-font-icon-svg e-fas-chevron-right\" viewbox=\"0 0 320 512\" xmlns=\"http:\/\/www.w3.org\/2000\/svg\"><path d=\"M285.476 272.971L91.132 467.314c-9.373 9.373-24.569 9.373-33.941 0l-22.667-22.667c-9.357-9.357-9.375-24.522-.04-33.901L188.505 256 34.484 101.255c-9.335-9.379-9.317-24.544.04-33.901l22.667-22.667c9.373-9.373 24.569-9.373 33.941 0L285.475 239.03c9.373 9.372 9.373 24.568.001 33.941z\"><\/path><\/svg>\t\t\t\t\t\t<\/span>\n\t\t\t\t\t\t\t\t\t\t<span class=\"elementor-icon-list-text\">Actualit\u00e9s<\/span>\n\t\t\t\t\t\t\t\t\t\t\t<\/a>\n\t\t\t\t\t\t\t\t\t<\/li>\n\t\t\t\t\t\t<\/ul>\n\t\t\t\t\t\t<\/div>\n\t\t\t\t<\/div>\n\t\t\t\t\t<\/div>\n\t\t\t\t<\/div>\n\t\t\t\t<\/div>\n\t\t<\/div>\n\t\t\t\t\t\t<\/div>\n\t\t\t\t<\/div>\n\t\t\t\t\t<\/div>\n\t\t\t\t<\/div>\n\t\t\t\t<\/div>","protected":false},"excerpt":{"rendered":"<p>C'est nous La technique est en place, encore une photo rapide pour le site web. Regardez, il y a aussi un technicien PCS l\u00e0-haut. J\u00f6rg, l'un de nos chefs, lors de l'exercice avec l'extincteur. Non, les autres ne s'ennuient pas et ne sont pas sceptiques. La cam\u00e9ra est-elle allum\u00e9e ? La batterie va-t-elle s'\u00e9puiser ? Pourquoi \u00eatre si critique ? Tout le monde sourit, photo d'\u00e9quipe ! \ud83d\ude42 Regard [...].<\/p>","protected":false},"author":1,"featured_media":45482,"parent":0,"menu_order":119,"comment_status":"closed","ping_status":"open","template":"","meta":{"_acf_changed":false,"footnotes":""},"class_list":["post-3320","page","type-page","status-publish","has-post-thumbnail","hentry"],"acf":[],"_links":{"self":[{"href":"https:\/\/konferenztechnik.de\/fr\/wp-json\/wp\/v2\/pages\/3320","targetHints":{"allow":["GET"]}}],"collection":[{"href":"https:\/\/konferenztechnik.de\/fr\/wp-json\/wp\/v2\/pages"}],"about":[{"href":"https:\/\/konferenztechnik.de\/fr\/wp-json\/wp\/v2\/types\/page"}],"author":[{"embeddable":true,"href":"https:\/\/konferenztechnik.de\/fr\/wp-json\/wp\/v2\/users\/1"}],"replies":[{"embeddable":true,"href":"https:\/\/konferenztechnik.de\/fr\/wp-json\/wp\/v2\/comments?post=3320"}],"version-history":[{"count":0,"href":"https:\/\/konferenztechnik.de\/fr\/wp-json\/wp\/v2\/pages\/3320\/revisions"}],"wp:featuredmedia":[{"embeddable":true,"href":"https:\/\/konferenztechnik.de\/fr\/wp-json\/wp\/v2\/media\/45482"}],"wp:attachment":[{"href":"https:\/\/konferenztechnik.de\/fr\/wp-json\/wp\/v2\/media?parent=3320"}],"curies":[{"name":"wp","href":"https:\/\/api.w.org\/{rel}","templated":true}]}}