{"id":3611,"date":"2013-10-24T14:19:31","date_gmt":"2013-10-24T12:19:31","guid":{"rendered":"https:\/\/konferenztechnik.de\/?page_id=3611"},"modified":"2023-09-01T14:06:28","modified_gmt":"2023-09-01T12:06:28","slug":"fabrications-speciales-entretiens-et-reparations","status":"publish","type":"page","link":"https:\/\/konferenztechnik.de\/fr\/fabrications-speciales-entretiens-et-reparations\/","title":{"rendered":"Fabrications sp\u00e9ciales, maintenance et r\u00e9parations"},"content":{"rendered":"<h1>Fabrications sp\u00e9ciales, maintenance et r\u00e9parations<\/h1>\n<p>[rev_slider fabrications sp\u00e9ciales]<br \/>\n[spacer size=\"20\u2033]<\/p>\n<p>Dans le cadre du support apr\u00e8s-vente, notre personnel form\u00e9 et un atelier parfaitement \u00e9quip\u00e9 sont \u00e0 votre disposition pour l'entretien et les r\u00e9parations.<\/p>\n<p>C'est \u00e9galement ici que sont cr\u00e9\u00e9es les solutions sp\u00e9ciales pour les installations et la distribution. Nous proposons des solutions multim\u00e9dias sur mesure, de haute qualit\u00e9, adapt\u00e9es \u00e0 vos id\u00e9es, \u00e0 vos directives visuelles et aux directives de corporate design, planifi\u00e9es par nos soins en termes d'ing\u00e9nierie et mises en \u0153uvre de mani\u00e8re professionnelle.<\/p>\n<p><img decoding=\"async\" src=\"https:\/\/konferenztechnik.de\/wp-content\/uploads\/2016\/10\/sonderanfertigungen-medientechnik.jpg\" alt=\"fabrications sp\u00e9ciales-technique des m\u00e9dias\" class=\"alignnone size-full wp-image-8476\" title=\"\"><\/p>\n<p><img decoding=\"async\" src=\"https:\/\/konferenztechnik.de\/wp-content\/uploads\/2016\/10\/medientechnik-sonderanfertigung.jpg\" alt=\"technique m\u00e9diatique-sp\u00e9ciale\" class=\"alignnone size-full wp-image-8477\" title=\"\"><\/p>\n<p>[callout add_button=\"no\" button_text=\"Learn More\" button_url=\"#\" button_color=\"#a62055\u2033]<br \/>\nVous avez besoin d'une rondelle pour votre syst\u00e8me de conf\u00e9rence de 1950 ou d'un microphone aux couleurs de votre entreprise ? Parlez-en \u00e0 notre d\u00e9partement des fabrications sp\u00e9ciales et des r\u00e9parations. Ici, m\u00eame les demandes les plus extraordinaires font partie du quotidien.<br \/>\n<img decoding=\"async\" src=\"\/wp-content\/uploads\/2016\/08\/retro-technik.jpg\" alt=\"r\u00e9tro-technique\" class=\"alignnone size-full wp-image-7183\" title=\"\"><\/p>\n<p>[\/callout]<\/p>\n<div class=\"boxcontainer\">\n<div class=\"box1-2\">\n<h1>Personne de contact<\/h1>\n<\/div>\n<div class=\"box1-2-order\">\n<h1>Liens compl\u00e9mentaires<\/h1>\n<\/div>\n<div class=\"box1-4\">\n<div class=\"box-head\">Service et entretien<\/div>\n<p><img decoding=\"async\" src=\"https:\/\/konferenztechnik.de\/wp-content\/uploads\/2018\/02\/rolandbaur.jpg\" alt=\"Roland Bauer - PCS GmbH\" class=\"alignleft size-full wp-image-12900\" title=\"\"><br \/>\nRoland Baur<br \/>\nConseiller de projet<br \/>\nT\u00e9l. +49 211 737798 20<br \/>\n<span class=\"volleansicht\">Courrier \u00e9lectronique <a href=\"mailto:vertrieb@konferenztechnik.de\" onclick=\"ga('send', 'event', 'Email-Klick', 'Kontakt Baur');\">\u00e9crire<\/a><br \/>\n<\/span><br \/>\n<span class=\"mobileansicht\">Courrier \u00e9lectronique <a href=\"mailto:vertrieb@konferenztechnik.de\" onclick=\"ga('send', 'event', 'Email-Klick', 'Kontakt Baur');\">\u00e9crire<\/a><br \/>\n<\/span><\/div>\n<div class=\"box2-4-2\" style=\"order:1;\" >\n<div class=\"weiterlinks\">\n<ul>\n[list icon=\"moon-arrow-right-2\u2033 color=\"#a62055\u2033]<a title=\"Distribution par groupe de produits\" href=\"\/fr\/groupes-de-produits\/\">Distribution par groupe de produits<\/a>[\/list]<br \/>\n[list icon=\"moon-arrow-right-2\u2033 color=\"#a62055\u2033]<a title=\"Distribution par fabricant\" href=\"\/fr\/fabricant\/\">Distribution par fabricant<\/a>[\/list]<br \/>\n[list icon=\"moon-arrow-right-2\u2033 color=\"#a62055\u2033]<a title=\"Fabrications sp\u00e9ciales, entretien et r\u00e9parations\" href=\"\/fr\/services\/entretien-et-reparation\/\">Fabrications sp\u00e9ciales, entretien et r\u00e9parations<\/a>[\/list]<br \/>\n[list icon=\"moon-arrow-right-2\u2033 color=\"#a62055\u2033]<a title=\"10 bonnes raisons de choisir PCS\" href=\"\/fr\/a-propos-de-nous-2\/10-bonnes-raisons-pour-les-pc\/\">10 bonnes raisons de choisir PCS<\/a>[\/list]<br \/>\n[list icon=\"moon-arrow-right-2\u2033 color=\"#a62055\u2033]<a title=\"R\u00e9f\u00e9rences\" href=\"\/fr\/a-propos-de-nous-2\/liste-de-reference-installation\/\">R\u00e9f\u00e9rences Installation et int\u00e9gration<\/a>[\/list]<br \/>\n[list icon=\"moon-arrow-right-2\u2033 color=\"#a62055\u2033]<a title=\"PCS : Aper\u00e7u de toutes les prestations\" href=\"\/fr\/services\/\">PCS : Aper\u00e7u de tous les services<\/a>[\/list]<\/ul>\n<\/div>\n<\/div>\n<\/div>\n<\/div>","protected":false},"excerpt":{"rendered":"<p>Fabrications sp\u00e9ciales, maintenance et r\u00e9parations [rev_slider fabrications sp\u00e9ciales] [spacer size=\"20\u2033] Dans le cadre du support apr\u00e8s-vente, notre personnel qualifi\u00e9 et un atelier parfaitement \u00e9quip\u00e9 sont \u00e0 votre disposition pour la maintenance et les r\u00e9parations. C'est \u00e9galement ici que naissent les solutions sp\u00e9ciales pour les installations et la distribution. Nous proposons des solutions multim\u00e9dias sur mesure, de haute qualit\u00e9, adapt\u00e9es \u00e0 vos id\u00e9es, \u00e0 vos directives visuelles et aux directives de corporate design, planifi\u00e9es par nos soins en termes d'ing\u00e9nierie et r\u00e9alis\u00e9es de mani\u00e8re professionnelle. [...]<\/p>","protected":false},"author":1,"featured_media":45482,"parent":0,"menu_order":114,"comment_status":"closed","ping_status":"open","template":"","meta":{"_acf_changed":false,"footnotes":""},"class_list":["post-3611","page","type-page","status-publish","has-post-thumbnail","hentry"],"acf":[],"_links":{"self":[{"href":"https:\/\/konferenztechnik.de\/fr\/wp-json\/wp\/v2\/pages\/3611","targetHints":{"allow":["GET"]}}],"collection":[{"href":"https:\/\/konferenztechnik.de\/fr\/wp-json\/wp\/v2\/pages"}],"about":[{"href":"https:\/\/konferenztechnik.de\/fr\/wp-json\/wp\/v2\/types\/page"}],"author":[{"embeddable":true,"href":"https:\/\/konferenztechnik.de\/fr\/wp-json\/wp\/v2\/users\/1"}],"replies":[{"embeddable":true,"href":"https:\/\/konferenztechnik.de\/fr\/wp-json\/wp\/v2\/comments?post=3611"}],"version-history":[{"count":0,"href":"https:\/\/konferenztechnik.de\/fr\/wp-json\/wp\/v2\/pages\/3611\/revisions"}],"wp:featuredmedia":[{"embeddable":true,"href":"https:\/\/konferenztechnik.de\/fr\/wp-json\/wp\/v2\/media\/45482"}],"wp:attachment":[{"href":"https:\/\/konferenztechnik.de\/fr\/wp-json\/wp\/v2\/media?parent=3611"}],"curies":[{"name":"wp","href":"https:\/\/api.w.org\/{rel}","templated":true}]}}