{"id":3614,"date":"2013-10-24T14:38:24","date_gmt":"2013-10-24T12:38:24","guid":{"rendered":"https:\/\/konferenztechnik.de\/?page_id=3614"},"modified":"2023-09-01T13:24:14","modified_gmt":"2023-09-01T11:24:14","slug":"distribution-de-materiel-de-conference-et-de-medias-audiovisuels","status":"publish","type":"page","link":"https:\/\/konferenztechnik.de\/fr\/distribution-de-materiel-de-conference-et-de-medias-audiovisuels\/","title":{"rendered":"Distribution de mat\u00e9riel de conf\u00e9rence et de m\u00e9dias audiovisuels"},"content":{"rendered":"<h1>Distribution de mat\u00e9riel de conf\u00e9rence et de m\u00e9dias audiovisuels<\/h1>\n<p>[rev_slider distribution]<\/p>\n<p>[spacer size=\"30\u2033]<\/p>\n<p>Vous \u00eates \u00e0 la recherche de syst\u00e8mes de conf\u00e9rence et de m\u00e9dias ou vous avez besoin d'une technique audio ou vid\u00e9o ? Nous sommes le partenaire de distribution des fabricants professionnels de renom dans ces domaines. Vous pouvez vous procurer chez nous des petits et grands syst\u00e8mes de technique audiovisuelle, tout comme des composants individuels, des pi\u00e8ces de rechange et des accessoires.<\/p>\n<p>PCS distribue pour l'usage professionnel une technique professionnelle \u00e0 des conditions du jour, y compris le conseil et le service apr\u00e8s-vente. Nous conseillons<\/p>\n<p>[column size=\"1-4\u2033 last=\"1\u2033]<br \/>\n[\/column]<\/p>\n<p>[spacer size=\"10\u2033]<\/p>\n<p>[column size=\"1-4\u2033 last=\"1\u2033]<br \/>\n<a href=\"\/fr\/distribution-de-materiel-de-conference-et-de-medias-audiovisuels\/vanerum-i3\/\"><img fetchpriority=\"high\" decoding=\"async\" width=\"288\" height=\"198\" class=\"alignleft size-full wp-image-3748\" src=\"https:\/\/konferenztechnik.de\/wp-content\/uploads\/2013\/11\/01-i3.jpg\" alt=\"Tableau blanc interactif Vanerum i3\" title=\"\"><\/a><br \/>\n<a href=\"\/fr\/distribution-de-materiel-de-conference-et-de-medias-audiovisuels\/vanerum-i3\/\"> Apprentissage intelligent, pr\u00e9sentation, collaboration<\/a><br \/>\nTableaux blancs interactifs, \u00e9crans interactifs et projecteurs<\/p>\n<p>[\/column]<\/p>\n<p>[column size=\"1-4\u2033 last=\"1\u2033]<br \/>\n<a href=\"\/fr\/distribution-de-materiel-de-conference-et-de-medias-audiovisuels\/barco-clickshare\/\"><img decoding=\"async\" width=\"288\" height=\"198\" class=\"alignnone size-full wp-image-3851\" src=\"https:\/\/konferenztechnik.de\/wp-content\/uploads\/2013\/11\/barco_clickshare_bei-pcs.jpg\" alt=\"barco_clickshare_bei-pcs\" title=\"\"><\/a><br \/>\n<a href=\"\/fr\/distribution-de-materiel-de-conference-et-de-medias-audiovisuels\/barco-clickshare\/\"> Pr\u00e9sentation sans fil : BarcoClickShare<\/a><br \/>\nUn clic et vous \u00eates \u00e0 l'\u00e9cran. Barco ClickShare s'occupe de toute la technique.<br \/>\n[\/column]<\/p>\n<p>[column size=\"1-4\u2033 last=\"1\u2033]<br \/>\n<a href=\"\/fr\/distribution-de-materiel-de-conference-et-de-medias-audiovisuels\/commandes-de-medias\/\"><img decoding=\"async\" width=\"288\" height=\"198\" class=\"alignleft size-full wp-image-3750\" src=\"https:\/\/konferenztechnik.de\/wp-content\/uploads\/2013\/11\/03-mediensteuerungen.jpg\" alt=\"Commandes de m\u00e9dias chez PCS - Crestron, AMX, RTI\" title=\"\"><\/a><br \/>\n<a href=\"\/fr\/distribution-de-materiel-de-conference-et-de-medias-audiovisuels\/commandes-de-medias\/\"> Commandes de m\u00e9dias<\/a><br \/>\nContr\u00f4le des pi\u00e8ces et des b\u00e2timents : r\u00e9glez la vid\u00e9o, l'audio, l'\u00e9clairage et la domotique<br \/>\n[\/column]<\/p>\n<p>[column size=\"1-4\u2033 last=\"1\u2033]<br \/>\n<a href=\"\/fr\/distribution-de-materiel-de-conference-et-de-medias-audiovisuels\/installations-de-discussion-3\/\"><img loading=\"lazy\" decoding=\"async\" class=\"alignnone size-full wp-image-1287\" src=\"https:\/\/konferenztechnik.de\/wp-content\/uploads\/2013\/06\/quinta.jpg\" alt=\"quinta\" width=\"288\" height=\"198\" title=\"\"><\/a><br \/>\n<a href=\"\/fr\/distribution-de-materiel-de-conference-et-de-medias-audiovisuels\/installations-de-discussion-3\/\"> Panneaux de discussion<\/a><br \/>\nAchetez des installations professionnelles : filaires et sans fil et avec une qualit\u00e9 audio exceptionnelle<br \/>\n[\/column]<\/p>\n<p>[column size=\"1-4\u2033 last=\"1\u2033]<br \/>\n<a href=\"\/fr\/distribution-de-materiel-de-conference-et-de-medias-audiovisuels\/installations-de-guidage\/\"><img loading=\"lazy\" decoding=\"async\" class=\"alignnone size-full wp-image-3357\" src=\"https:\/\/konferenztechnik.de\/wp-content\/uploads\/2013\/06\/sennheiser.jpg\" alt=\"sennheiser\" width=\"288\" height=\"198\" title=\"\"><\/a><br \/>\n<a href=\"\/fr\/distribution-de-materiel-de-conference-et-de-medias-audiovisuels\/installations-de-guidage\/\"> Installations de guidage<\/a><br \/>\nRobuste, excellente qualit\u00e9 sonore, nouvelles batteries lithium-ion \u00e0 longue dur\u00e9e de vie<br \/>\n[\/column]<\/p>\n<p>[column size=\"1-4\u2033 last=\"1\u2033]<br \/>\n<a href=\"\/fr\/distribution-de-materiel-de-conference-et-de-medias-audiovisuels\/installations-dinterpretation\/\"><img loading=\"lazy\" decoding=\"async\" class=\"alignnone size-full wp-image-1287\" src=\"https:\/\/konferenztechnik.de\/wp-content\/uploads\/2013\/06\/dolmetscherkabine.jpg\" alt=\"cabine d&#039;interpr\u00e9tation\" width=\"288\" height=\"198\" title=\"\"><\/a><br \/>\n<a href=\"\/fr\/distribution-de-materiel-de-conference-et-de-medias-audiovisuels\/installations-dinterpretation\/\"> Installations d'interpr\u00e9tation<\/a><br \/>\nCabines d'orateur et d'interpr\u00e8te, pupitres d'interpr\u00e8te, technique d'interpr\u00e9tation \u00e0 infrarouge, technique d'interpr\u00e9tation par radio<\/p>\n<p>[\/column]<\/p>\n<p>[column size=\"1-4\u2033 last=\"1\u2033]<br \/>\n<a href=\"\/fr\/distribution-de-materiel-de-conference-et-de-medias-audiovisuels\/supports-pour-ecrans-et-projecteurs\/\"><img loading=\"lazy\" decoding=\"async\" class=\"alignleft size-full wp-image-3751\" src=\"https:\/\/konferenztechnik.de\/wp-content\/uploads\/2013\/11\/07-projektorenhalterungen.jpg\" alt=\"Supports pour projecteurs et vid\u00e9oprojecteurs\" width=\"288\" height=\"198\" title=\"\"><\/a><br \/>\n<a href=\"\/fr\/distribution-de-materiel-de-conference-et-de-medias-audiovisuels\/supports-pour-ecrans-et-projecteurs\/\"> Supports pour \u00e9crans et projecteurs<\/a><\/p>\n<p>Supports de plafond, supports d'\u00e9cran, syst\u00e8mes de montage pour vid\u00e9oprojecteurs et \u00e9crans, rigging de vid\u00e9oprojecteurs, insonorisation et bo\u00eetiers<br \/>\n[\/column]<\/p>\n<p>[column size=\"1-4\u2033 last=\"1\u2033]<br \/>\n<a href=\"\/fr\/distribution-de-materiel-de-conference-et-de-medias-audiovisuels\/audio-et-video\/\"><img loading=\"lazy\" decoding=\"async\" class=\"alignleft size-full wp-image-3752\" src=\"https:\/\/konferenztechnik.de\/wp-content\/uploads\/2013\/11\/08-funklautsprecher.jpg\" alt=\"Haut-parleur sans fil Sennheiser LSP 500 PRO\" width=\"288\" height=\"198\" title=\"\"><\/a><br \/>\n<a href=\"\/fr\/distribution-de-materiel-de-conference-et-de-medias-audiovisuels\/audio-et-video\/\"> Technique audio, technique vid\u00e9o<\/a><br \/>\nSyst\u00e8mes de sonorisation, microphones, tables de mixage, vid\u00e9oprojecteurs, afficheurs, \u00e9crans, visualiseurs, \u00e9crans de projection, affichage num\u00e9rique<br \/>\n[\/column]<\/p>\n<p>[column size=\"1-4\u2033 last=\"1\u2033]<br \/>\n<a href=\"\/fr\/distribution-de-materiel-de-conference-et-de-medias-audiovisuels\/viprinet\/\"><img loading=\"lazy\" decoding=\"async\" class=\"alignleft size-full wp-image-3753\" src=\"https:\/\/konferenztechnik.de\/wp-content\/uploads\/2013\/11\/09-viprinetb.jpg\" alt=\"Viprinet Multichannel VPN Router 300\" width=\"288\" height=\"198\" title=\"\"><\/a><br \/>\n<a href=\"\/fr\/distribution-de-materiel-de-conference-et-de-medias-audiovisuels\/viprinet\/\"> Syst\u00e8mes de vid\u00e9oconf\u00e9rence, Interpr\u00e9tation vid\u00e9o \u00e0 distance<\/a><br \/>\nNouveau : Viprinet Multichannel VPN Router 300 : connexion \u00e0 large bande et \u00e0 s\u00e9curit\u00e9 int\u00e9gr\u00e9e \u00e0 Internet et\/ou \u00e0 un VPN d'entreprise<br \/>\n[\/column]<\/p>\n<p>[spacer size=\"10\u2033]<\/p>\n<p>Nous conseillons ind\u00e9pendamment des fabricants et nous nous ferons un plaisir de composer un syst\u00e8me exactement adapt\u00e9 \u00e0 vos besoins.<\/p>\n<div class=\"boxcontainer\">\n<div class=\"box1-2\">\n<h1>Personne de contact<\/h1>\n<\/div>\n<div class=\"box1-2-order\">\n<h1>Liens compl\u00e9mentaires<\/h1>\n<\/div>\n<div class=\"box1-4\">\n<div class=\"box-head\">Int\u00e9gration de syst\u00e8mes<\/div>\n<p><img loading=\"lazy\" decoding=\"async\" width=\"800\" height=\"533\" src=\"https:\/\/konferenztechnik.de\/wp-content\/uploads\/2013\/08\/pcs-gmbh-andreas-bagattini.jpg\" alt=\"PCS GmbH Andreas Bagattini\" class=\"alignleft size-full wp-image-6340\" title=\"\" srcset=\"https:\/\/konferenztechnik.de\/wp-content\/uploads\/2013\/08\/pcs-gmbh-andreas-bagattini.jpg 800w, https:\/\/konferenztechnik.de\/wp-content\/uploads\/2013\/08\/pcs-gmbh-andreas-bagattini-300x200.jpg 300w, https:\/\/konferenztechnik.de\/wp-content\/uploads\/2013\/08\/pcs-gmbh-andreas-bagattini-768x512.jpg 768w\" sizes=\"(max-width: 800px) 100vw, 800px\" \/><br \/>\nAndreas Bagattini<br \/>\nDirection du projet<br \/>\nT\u00e9l. +49 211 737798 21<br \/>\nCourrier \u00e9lectronique <a href=\"mailto:vertrieb@konferenztechnik.de\">\u00e9crire<\/a><br \/>\nCode QR <a href=\"https:\/\/konferenztechnik.de\/wp-content\/uploads\/2013\/08\/qrcode-andreas-bagattini.jpeg\">&amp;#x9B ; afficher<\/a><\/div>\n<div class=\"box1-4\">\n<div class=\"box-head\">Conseil et distribution<\/div>\n<p><img loading=\"lazy\" decoding=\"async\" width=\"800\" height=\"533\" src=\"https:\/\/konferenztechnik.de\/wp-content\/uploads\/2013\/09\/jens_timmermann_pcs-gmbh.jpg\" alt=\"jens_timmermann_pcs-gmbh\" class=\"alignleft size-full wp-image-2307\" title=\"\" srcset=\"https:\/\/konferenztechnik.de\/wp-content\/uploads\/2013\/09\/jens_timmermann_pcs-gmbh.jpg 800w, https:\/\/konferenztechnik.de\/wp-content\/uploads\/2013\/09\/jens_timmermann_pcs-gmbh-300x200.jpg 300w, https:\/\/konferenztechnik.de\/wp-content\/uploads\/2013\/09\/jens_timmermann_pcs-gmbh-768x512.jpg 768w\" sizes=\"(max-width: 800px) 100vw, 800px\" \/><br \/>\nJens Timmermann<br \/>\nConseiller de projet<br \/>\nT\u00e9l. +49 211 737798 20<br \/>\nCourrier \u00e9lectronique <a href=\"mailto:timmermann@konferenztechnik.de\">\u00e9crire<\/a><br \/>\nCode QR <a href=\"https:\/\/konferenztechnik.de\/wp-content\/uploads\/2013\/09\/jens_timmermann_qrcode.png\">&amp;#x9B ; afficher<\/a><\/div>\n<div class=\"box2-4-2\" style=\"order:1;\" >\n<div class=\"weiterlinks\">\n<ul>\n[list icon=\"moon-arrow-right-2\u2033 color=\"#a62055\u2033]<a title=\"Distribution par groupe de produits\" href=\"\/fr\/groupes-de-produits\/\">Distribution par groupe de produits<\/a>[\/list]<br \/>\n[list icon=\"moon-arrow-right-2\u2033 color=\"#a62055\u2033]<a title=\"Distribution par fabricant\" href=\"\/fr\/fabricant\/\">Distribution par fabricant<\/a>[\/list]<br \/>\n[list icon=\"moon-arrow-right-2\u2033 color=\"#a62055\u2033]<a title=\"Fabrications sp\u00e9ciales, entretien et r\u00e9parations\" href=\"\/fr\/services\/entretien-et-reparation\/\">Fabrications sp\u00e9ciales, entretien et r\u00e9parations<\/a>[\/list]<br \/>\n[list icon=\"moon-arrow-right-2\u2033 color=\"#a62055\u2033]<a title=\"10 bonnes raisons de choisir PCS\" href=\"\/fr\/a-propos-de-nous-2\/10-bonnes-raisons-pour-les-pc\/\">10 bonnes raisons de choisir PCS<\/a>[\/list]<br \/>\n[list icon=\"moon-arrow-right-2\u2033 color=\"#a62055\u2033]<a title=\"R\u00e9f\u00e9rences\" href=\"\/fr\/a-propos-de-nous-2\/liste-de-reference-installation\/\">R\u00e9f\u00e9rences Installation et int\u00e9gration<\/a>[\/list]<br \/>\n[list icon=\"moon-arrow-right-2\u2033 color=\"#a62055\u2033]<a title=\"PCS : Aper\u00e7u de toutes les prestations\" href=\"\/fr\/services\/\">PCS : Aper\u00e7u de tous les services<\/a>[\/list]<\/ul>\n<\/div>\n<\/div>\n<\/div>\n<\/div>","protected":false},"excerpt":{"rendered":"<p>Vertrieb von Konferenz- und AV-Medientechnik [rev_slider vertrieb] [spacer size=&#8220;30&#8243;] Sie suchen Konferenz- und Mediensysteme oder ben\u00f6tigen Audio- oder Videotechnik? Wir sind Vertriebspartner der namhaften professionellen Hersteller in diesen Bereichen. Kleine und gro\u00dfe Systeme der AV-Technik k\u00f6nnen Sie bei uns genauso beziehen, wie einzelne Komponenten, Ersatzteile und Zubeh\u00f6r. PCS vertreibt f\u00fcr die gewerbliche Nutzung professionelle Technik [&hellip;]<\/p>","protected":false},"author":1,"featured_media":45482,"parent":0,"menu_order":113,"comment_status":"closed","ping_status":"open","template":"","meta":{"_acf_changed":false,"footnotes":""},"class_list":["post-3614","page","type-page","status-publish","has-post-thumbnail","hentry"],"acf":[],"_links":{"self":[{"href":"https:\/\/konferenztechnik.de\/fr\/wp-json\/wp\/v2\/pages\/3614","targetHints":{"allow":["GET"]}}],"collection":[{"href":"https:\/\/konferenztechnik.de\/fr\/wp-json\/wp\/v2\/pages"}],"about":[{"href":"https:\/\/konferenztechnik.de\/fr\/wp-json\/wp\/v2\/types\/page"}],"author":[{"embeddable":true,"href":"https:\/\/konferenztechnik.de\/fr\/wp-json\/wp\/v2\/users\/1"}],"replies":[{"embeddable":true,"href":"https:\/\/konferenztechnik.de\/fr\/wp-json\/wp\/v2\/comments?post=3614"}],"version-history":[{"count":0,"href":"https:\/\/konferenztechnik.de\/fr\/wp-json\/wp\/v2\/pages\/3614\/revisions"}],"wp:featuredmedia":[{"embeddable":true,"href":"https:\/\/konferenztechnik.de\/fr\/wp-json\/wp\/v2\/media\/45482"}],"wp:attachment":[{"href":"https:\/\/konferenztechnik.de\/fr\/wp-json\/wp\/v2\/media?parent=3614"}],"curies":[{"name":"wp","href":"https:\/\/api.w.org\/{rel}","templated":true}]}}