{"id":3618,"date":"2013-10-24T14:44:08","date_gmt":"2013-10-24T12:44:08","guid":{"rendered":"https:\/\/konferenztechnik.de\/?page_id=3618"},"modified":"2025-12-20T19:57:07","modified_gmt":"2025-12-20T18:57:07","slug":"location-de-materiel-de-conference","status":"publish","type":"page","link":"https:\/\/konferenztechnik.de\/fr\/location-de-materiel-de-conference\/","title":{"rendered":"Location de mat\u00e9riel de conf\u00e9rence"},"content":{"rendered":"<div data-elementor-type=\"wp-page\" data-elementor-id=\"3618\" class=\"elementor elementor-3618\" data-elementor-post-type=\"page\">\n\t\t\t\t<div data-particle_enable=\"false\" data-particle-mobile-disabled=\"false\" class=\"elementor-element elementor-element-ce2605a e-con-full e-flex e-con e-parent\" data-id=\"ce2605a\" data-element_type=\"container\">\n\t\t<div data-particle_enable=\"false\" data-particle-mobile-disabled=\"false\" class=\"elementor-element elementor-element-72b0a35 e-flex e-con-boxed e-con e-child\" data-id=\"72b0a35\" data-element_type=\"container\">\n\t\t\t\t\t<div class=\"e-con-inner\">\n\t\t\t\t<div class=\"elementor-element elementor-element-cb3f62b elementor-widget__width-inherit elementor-widget elementor-widget-heading\" data-id=\"cb3f62b\" data-element_type=\"widget\" data-widget_type=\"heading.default\">\n\t\t\t\t<div class=\"elementor-widget-container\">\n\t\t\t\t\t<h1 class=\"elementor-heading-title elementor-size-default\">Location de mat\u00e9riel de conf\u00e9rence, multim\u00e9dia et d'interpr\u00e9tation \u2013 dans toute l'Allemagne et assistance professionnelle <\/h1>\t\t\t\t<\/div>\n\t\t\t\t<\/div>\n\t\t\t\t<div class=\"elementor-element elementor-element-39a20b9 elementor-widget elementor-widget-image\" data-id=\"39a20b9\" data-element_type=\"widget\" data-widget_type=\"image.default\">\n\t\t\t\t<div class=\"elementor-widget-container\">\n\t\t\t\t\t\t\t\t\t\t\t\t\t\t\t<img fetchpriority=\"high\" decoding=\"async\" width=\"1300\" height=\"485\" src=\"https:\/\/konferenztechnik.de\/wp-content\/uploads\/2025\/03\/vermietung-konferenztechnik.avif\" class=\"attachment-full size-full wp-image-47453\" alt=\"location-technique de conf\u00e9rence\" srcset=\"https:\/\/konferenztechnik.de\/wp-content\/uploads\/2025\/03\/vermietung-konferenztechnik.avif 1300w, https:\/\/konferenztechnik.de\/wp-content\/uploads\/2025\/03\/vermietung-konferenztechnik-300x112.avif 300w, https:\/\/konferenztechnik.de\/wp-content\/uploads\/2025\/03\/vermietung-konferenztechnik-1024x382.avif 1024w, https:\/\/konferenztechnik.de\/wp-content\/uploads\/2025\/03\/vermietung-konferenztechnik-768x287.avif 768w, https:\/\/konferenztechnik.de\/wp-content\/uploads\/2025\/03\/vermietung-konferenztechnik-18x7.avif 18w\" sizes=\"(max-width: 1300px) 100vw, 1300px\" title=\"\">\t\t\t\t\t\t\t\t\t\t\t\t\t\t\t<\/div>\n\t\t\t\t<\/div>\n\t\t\t\t\t<\/div>\n\t\t\t\t<\/div>\n\t\t\t\t<\/div>\n\t\t<div data-particle_enable=\"false\" data-particle-mobile-disabled=\"false\" class=\"elementor-element elementor-element-20a61bd e-flex e-con-boxed e-con e-parent\" data-id=\"20a61bd\" data-element_type=\"container\">\n\t\t\t\t\t<div class=\"e-con-inner\">\n\t\t\t\t<div class=\"elementor-element elementor-element-2909165 elementor-widget__width-inherit elementor-widget elementor-widget-text-editor\" data-id=\"2909165\" data-element_type=\"widget\" data-widget_type=\"text-editor.default\">\n\t\t\t\t<div class=\"elementor-widget-container\">\n\t\t\t\t\t\t\t\t\t<p>Chez nous, vous pouvez louer de mani\u00e8re flexible du mat\u00e9riel de conf\u00e9rence, du mat\u00e9riel multim\u00e9dia, du mat\u00e9riel \u00e9v\u00e9nementiel et du mat\u00e9riel d'interpr\u00e9tation \u2013, avec, si vous le souhaitez, une assistance compl\u00e8te par nos techniciens exp\u00e9riment\u00e9s. Nous vous proposons des solutions professionnelles pour vos r\u00e9unions, congr\u00e8s, \u00e9v\u00e9nements hybrides, vid\u00e9oconf\u00e9rences et bien plus encore.<\/p><p>\u00a0<\/p><p>Notre service de location \u00e0 l'\u00e9chelle nationale comprend des \u00e9quipements de conf\u00e9rence haut de gamme : fiables, compatibles, s\u00fbrs et imm\u00e9diatement pr\u00eats \u00e0 l'emploi. Du simple microphone aux syst\u00e8mes de visite guid\u00e9e, en passant par des installations compl\u00e8tes d'interpr\u00e9tation simultan\u00e9e pouvant prendre en charge jusqu'\u00e0 32 langues, nous r\u00e9alisons des sc\u00e9narios techniquement complexes pour des \u00e9v\u00e9nements de toutes tailles.<\/p><p>\u00a0<\/p><p>Utilisez nos studios d'interpr\u00e9tation pour connecter des interpr\u00e8tes simultan\u00e9s directement \u00e0 vos vid\u00e9oconf\u00e9rences ou \u00e9v\u00e9nements hybrides. Vous garantissez ainsi une communication pr\u00e9cise, accessible et compr\u00e9hensible \u00e0 l'\u00e9chelle internationale, quel que soit le lieu et le format.<\/p><p>\u00a0<\/p><p>Nous vous accompagnons d\u00e8s le d\u00e9but en vous fournissant des conseils professionnels afin de s\u00e9lectionner le mat\u00e9riel audio, vid\u00e9o et de conf\u00e9rence le mieux adapt\u00e9 \u00e0 votre \u00e9v\u00e9nement. Pendant l'\u00e9v\u00e9nement, nos techniciens, coordinateurs \u00e9v\u00e9nementiels, animateurs techniques et r\u00e9alisateurs vid\u00e9o veillent au bon d\u00e9roulement et \u00e0 la qualit\u00e9 technique optimale.<\/p>\t\t\t\t\t\t\t\t<\/div>\n\t\t\t\t<\/div>\n\t\t\t\t<div class=\"elementor-element elementor-element-ba5c4e4 elementor-widget elementor-widget-button\" data-id=\"ba5c4e4\" data-element_type=\"widget\" data-widget_type=\"button.default\">\n\t\t\t\t<div class=\"elementor-widget-container\">\n\t\t\t\t\t\t\t\t\t<div class=\"elementor-button-wrapper\">\n\t\t\t\t\t<a class=\"elementor-button elementor-button-link elementor-size-lg\" href=\"#serviceteam\">\n\t\t\t\t\t\t<span class=\"elementor-button-content-wrapper\">\n\t\t\t\t\t\t<span class=\"elementor-button-icon\">\n\t\t\t\t<svg aria-hidden=\"true\" class=\"e-font-icon-svg e-far-arrow-alt-circle-down\" viewbox=\"0 0 512 512\" xmlns=\"http:\/\/www.w3.org\/2000\/svg\"><path d=\"M256 8C119 8 8 119 8 256s111 248 248 248 248-111 248-248S393 8 256 8zm0 448c-110.5 0-200-89.5-200-200S145.5 56 256 56s200 89.5 200 200-89.5 200-200 200zm-32-316v116h-67c-10.7 0-16 12.9-8.5 20.5l99 99c4.7 4.7 12.3 4.7 17 0l99-99c7.6-7.6 2.2-20.5-8.5-20.5h-67V140c0-6.6-5.4-12-12-12h-40c-6.6 0-12 5.4-12 12z\"><\/path><\/svg>\t\t\t<\/span>\n\t\t\t\t\t\t\t\t\t<span class=\"elementor-button-text\">Demander maintenant<\/span>\n\t\t\t\t\t<\/span>\n\t\t\t\t\t<\/a>\n\t\t\t\t<\/div>\n\t\t\t\t\t\t\t\t<\/div>\n\t\t\t\t<\/div>\n\t\t\t\t\t<\/div>\n\t\t\t\t<\/div>\n\t\t<div data-particle_enable=\"false\" data-particle-mobile-disabled=\"false\" class=\"elementor-element elementor-element-c24ee69 e-flex e-con-boxed e-con e-parent\" data-id=\"c24ee69\" data-element_type=\"container\">\n\t\t\t\t\t<div class=\"e-con-inner\">\n\t\t\t\t\t<\/div>\n\t\t\t\t<\/div>\n\t\t<div data-particle_enable=\"false\" data-particle-mobile-disabled=\"false\" class=\"elementor-element elementor-element-6199ecb e-flex e-con-boxed e-con e-parent\" data-id=\"6199ecb\" data-element_type=\"container\">\n\t\t\t\t\t<div class=\"e-con-inner\">\n\t\t<div data-particle_enable=\"false\" data-particle-mobile-disabled=\"false\" class=\"elementor-element elementor-element-dcebc3e e-flex e-con-boxed e-con e-child\" data-id=\"dcebc3e\" data-element_type=\"container\" data-settings=\"{&quot;animation&quot;:&quot;none&quot;}\">\n\t\t\t\t\t<div class=\"e-con-inner\">\n\t\t\t\t<div class=\"elementor-element elementor-element-640f43b elementor-widget elementor-widget-heading\" data-id=\"640f43b\" data-element_type=\"widget\" data-settings=\"{&quot;_animation&quot;:&quot;none&quot;}\" data-widget_type=\"heading.default\">\n\t\t\t\t<div class=\"elementor-widget-container\">\n\t\t\t\t\t<h2 class=\"elementor-heading-title elementor-size-default\">Notre gamme de produits de location<\/h2>\t\t\t\t<\/div>\n\t\t\t\t<\/div>\n\t\t\t\t<div class=\"elementor-element elementor-element-6b2ae7a elementor-widget__width-inherit elementor-widget elementor-widget-eael-post-list\" data-id=\"6b2ae7a\" data-element_type=\"widget\" data-settings=\"{&quot;_animation&quot;:&quot;none&quot;}\" data-widget_type=\"eael-post-list.default\">\n\t\t\t\t<div class=\"elementor-widget-container\">\n\t\t\t\t\t<div class=\"eael-post-list-container advanced layout-advanced\"><div class=\"eael-post-list-wrap\"><div class=\"eael-post-list-posts-wrap eael-post-appender eael-post-appender-6b2ae7a\"><div class=\"eael-post-list-post\"><div class=\"eael-post-list-post-inner\"><div class=\"eael-post-list-thumbnail\"><a href=\"https:\/\/konferenztechnik.de\/fr\/location-de-materiel-evenementiel\/\">\n                <img decoding=\"async\" src=\"https:\/\/konferenztechnik.de\/wp-content\/uploads\/2024\/02\/Veranstaltungstechnik-mieten-post-jpg.webp\" alt=\"Location de mat\u00e9riel \u00e9v\u00e9nementiel : Table de mixage lors d&#039;un \u00e9v\u00e9nement\" title=\"\">\n            <\/a><\/div><div class=\"eael-post-list-content\"><h2 class=\"eael-post-list-title\"><a href=\"https:\/\/konferenztechnik.de\/fr\/location-de-materiel-evenementiel\/\" >Louer du mat\u00e9riel \u00e9v\u00e9nementiel<\/a><\/h2><p>En tant que prestataire de services complets, nous vous offrons tout d'une seule main \u2013 de...<\/p><a href=\"https:\/\/konferenztechnik.de\/fr\/location-de-materiel-evenementiel\/\" class=\"eael-post-elements-readmore-btn\" >informer maintenant<\/a><div class=\"boxed-meta\"><\/div><\/div><\/div><\/div><div class=\"eael-post-list-post\"><div class=\"eael-post-list-post-inner\"><div class=\"eael-post-list-thumbnail\"><a href=\"https:\/\/konferenztechnik.de\/fr\/hubs-dinterpretation-et-studios-dinterpretation\/\">\n                <img decoding=\"async\" src=\"https:\/\/konferenztechnik.de\/wp-content\/uploads\/2023\/04\/dolmetschhubs.jpg\" alt=\"Vue d&#039;un studio d&#039;interpr\u00e9tation o\u00f9 les interpr\u00e8tes suivent un orateur sur un grand \u00e9cran et le traduisent dans diff\u00e9rentes autres langues dans leurs cabines insonoris\u00e9es.\" title=\"\">\n            <\/a><\/div><div class=\"eael-post-list-content\"><h2 class=\"eael-post-list-title\"><a href=\"https:\/\/konferenztechnik.de\/fr\/hubs-dinterpretation-et-studios-dinterpretation\/\" >Hubs d'interpr\u00e9tation et studios d'interpr\u00e9tation<\/a><\/h2><p>Nos hubs professionnels pour l'interpr\u00e9tation \u00e0 distance, l'interpr\u00e9tation pour les vid\u00e9oconf\u00e9rences, le streaming, les r\u00e9unions sur site<\/p><a href=\"https:\/\/konferenztechnik.de\/fr\/hubs-dinterpretation-et-studios-dinterpretation\/\" class=\"eael-post-elements-readmore-btn\" >informer maintenant<\/a><div class=\"boxed-meta\"><\/div><\/div><\/div><\/div><div class=\"eael-post-list-post\"><div class=\"eael-post-list-post-inner\"><div class=\"eael-post-list-thumbnail\"><a href=\"https:\/\/konferenztechnik.de\/fr\/louer-acheter-installer-des-systemes-de-transport-de-personnes\/\">\n                <img decoding=\"async\" src=\"https:\/\/konferenztechnik.de\/wp-content\/uploads\/2023\/07\/personenfuehrungsanlage-mieten-kaufen-jpg.webp\" alt=\"L&#039;homme parle dans le microphone, le spectateur \u00e9coute avec le syst\u00e8me de guide touristique lors d&#039;une visite. Louer, acheter, prendre en leasing des syst\u00e8mes de guidage de personnes chez PCS.\" title=\"\">\n            <\/a><\/div><div class=\"eael-post-list-content\"><h2 class=\"eael-post-list-title\"><a href=\"https:\/\/konferenztechnik.de\/fr\/louer-acheter-installer-des-systemes-de-transport-de-personnes\/\" >Installations de guidage de personnes<\/a><\/h2><p>Syst\u00e8mes de tourguide, syst\u00e8mes de guidage, syst\u00e8mes de chuchotage ou PFA, casques, microphones, unit\u00e9s de chargement, mallettes de transport, accessoires<\/p><a href=\"https:\/\/konferenztechnik.de\/fr\/louer-acheter-installer-des-systemes-de-transport-de-personnes\/\" class=\"eael-post-elements-readmore-btn\" >informer maintenant<\/a><div class=\"boxed-meta\"><\/div><\/div><\/div><\/div><div class=\"eael-post-list-post\"><div class=\"eael-post-list-post-inner\"><div class=\"eael-post-list-thumbnail\"><a href=\"https:\/\/konferenztechnik.de\/fr\/systemes-de-discussion-postes-dinterphonie-louer-acheter-installer-leasing\/\">\n                <img decoding=\"async\" src=\"https:\/\/konferenztechnik.de\/wp-content\/uploads\/2023\/06\/diskussionsanlage-sprechstellen-tischmikrofone.jpg\" alt=\"Postes de table r\u00e9partis sur une table de conf\u00e9rence, avec microphones \u00e0 col de cygne\" title=\"\">\n            <\/a><\/div><div class=\"eael-post-list-content\"><h2 class=\"eael-post-list-title\"><a href=\"https:\/\/konferenztechnik.de\/fr\/systemes-de-discussion-postes-dinterphonie-louer-acheter-installer-leasing\/\" >Syst\u00e8mes de discussion, Postes d'interphonie \u2013 louer, acheter, installer, leasing<\/a><\/h2><p>Syst\u00e8mes de discussion, Postes d'interphonie \u2013 louer, acheter, installer, leasing<\/p><a href=\"https:\/\/konferenztechnik.de\/fr\/systemes-de-discussion-postes-dinterphonie-louer-acheter-installer-leasing\/\" class=\"eael-post-elements-readmore-btn\" >informer maintenant<\/a><div class=\"boxed-meta\"><\/div><\/div><\/div><\/div><div class=\"eael-post-list-post\"><div class=\"eael-post-list-post-inner\"><div class=\"eael-post-list-thumbnail\"><a href=\"https:\/\/konferenztechnik.de\/fr\/location-de-materiel-dinterpretation-et-installation-de-materiel-dinterpretation\/\">\n                <img decoding=\"async\" src=\"https:\/\/konferenztechnik.de\/wp-content\/uploads\/2023\/05\/simultantechnik-dolmetscheranlagen-mieten-kaufen-leasen-jpg.webp\" alt=\"\" title=\"\">\n            <\/a><\/div><div class=\"eael-post-list-content\"><h2 class=\"eael-post-list-title\"><a href=\"https:\/\/konferenztechnik.de\/fr\/location-de-materiel-dinterpretation-et-installation-de-materiel-dinterpretation\/\" >Mat\u00e9riel d'interpr\u00e9tation et technique d'interpr\u00e9tation<\/a><\/h2><p>Installations d'interpr\u00e9tation sans fil avec cabines d'interpr\u00e9tation et installations de discussion avec cabines d'interpr\u00e9tation<\/p><a href=\"https:\/\/konferenztechnik.de\/fr\/location-de-materiel-dinterpretation-et-installation-de-materiel-dinterpretation\/\" class=\"eael-post-elements-readmore-btn\" >informer maintenant<\/a><div class=\"boxed-meta\"><\/div><\/div><\/div><\/div><div class=\"eael-post-list-post\"><div class=\"eael-post-list-post-inner\"><div class=\"eael-post-list-thumbnail\"><a href=\"https:\/\/konferenztechnik.de\/fr\/streaming\/\">\n                <img decoding=\"async\" src=\"https:\/\/konferenztechnik.de\/wp-content\/uploads\/2023\/04\/streaming-hosting-events-jpg.webp\" alt=\"R\u00e9gie son et r\u00e9gie vid\u00e9o avec des techniciens de l&#039;\u00e9v\u00e9nementiel dans une salle de conf\u00e9rence, devant plusieurs fois l&#039;inscription &quot;Live - Live - Live&quot;\" title=\"\">\n            <\/a><\/div><div class=\"eael-post-list-content\"><h2 class=\"eael-post-list-title\"><a href=\"https:\/\/konferenztechnik.de\/fr\/streaming\/\" >Streaming et h\u00e9bergement<\/a><\/h2><p>Diffusion en continu de contenus en direct et vid\u00e9o, archivage et mise \u00e0 disposition sur des serveurs et des plateformes vid\u00e9o<\/p><a href=\"https:\/\/konferenztechnik.de\/fr\/streaming\/\" class=\"eael-post-elements-readmore-btn\" >informer maintenant<\/a><div class=\"boxed-meta\"><\/div><\/div><\/div><\/div><div class=\"eael-post-list-post\"><div class=\"eael-post-list-post-inner\"><div class=\"eael-post-list-thumbnail\"><a href=\"https:\/\/konferenztechnik.de\/fr\/pages-daccueil-pour-evenements-plateformes-devenements-virtuels\/\">\n                <img decoding=\"async\" src=\"https:\/\/konferenztechnik.de\/wp-content\/uploads\/2023\/03\/landingpage-beitrag.jpg\" alt=\"\" title=\"\">\n            <\/a><\/div><div class=\"eael-post-list-content\"><h2 class=\"eael-post-list-title\"><a href=\"https:\/\/konferenztechnik.de\/fr\/pages-daccueil-pour-evenements-plateformes-devenements-virtuels\/\" >Pages de renvoi pour les \u00e9v\u00e9nements, plateformes virtuelles d'\u00e9v\u00e9nements<\/a><\/h2><p>Pages d'atterrissage pour \u00e9v\u00e9nements, plateformes d'\u00e9v\u00e9nements virtuels Le package de base se compose des \u00e9l\u00e9ments suivants...<\/p><a href=\"https:\/\/konferenztechnik.de\/fr\/pages-daccueil-pour-evenements-plateformes-devenements-virtuels\/\" class=\"eael-post-elements-readmore-btn\" >informer maintenant<\/a><div class=\"boxed-meta\"><\/div><\/div><\/div><\/div><div class=\"eael-post-list-post\"><div class=\"eael-post-list-post-inner\"><div class=\"eael-post-list-thumbnail\"><a href=\"https:\/\/konferenztechnik.de\/fr\/av-audio-et-video-location-achat-installation-leasing\/\">\n                <img decoding=\"async\" src=\"https:\/\/konferenztechnik.de\/wp-content\/uploads\/2023\/03\/audio-und-videotechnik-mieten-kaufen-installieren-1024x614.avif\" alt=\"audio-et-vid\u00e9o-louer-acheter-installer\" title=\"\">\n            <\/a><\/div><div class=\"eael-post-list-content\"><h2 class=\"eael-post-list-title\"><a href=\"https:\/\/konferenztechnik.de\/fr\/av-audio-et-video-location-achat-installation-leasing\/\" >AV : Technique audio et vid\u00e9o<\/a><\/h2><p>Microphone, technique de sonorisation, pupitres, hybrides t\u00e9l\u00e9phoniques, distributeurs de presse, logiciel de protocole steno-s...<\/p><a href=\"https:\/\/konferenztechnik.de\/fr\/av-audio-et-video-location-achat-installation-leasing\/\" class=\"eael-post-elements-readmore-btn\" >informer maintenant<\/a><div class=\"boxed-meta\"><\/div><\/div><\/div><\/div><\/div><\/div>\n\t\t<\/div>\t\t\t\t<\/div>\n\t\t\t\t<\/div>\n\t\t\t\t\t<\/div>\n\t\t\t\t<\/div>\n\t\t\t\t\t<\/div>\n\t\t\t\t<\/div>\n\t\t<div data-particle_enable=\"false\" data-particle-mobile-disabled=\"false\" class=\"elementor-element elementor-element-4be366c e-flex e-con-boxed e-con e-parent\" data-id=\"4be366c\" data-element_type=\"container\">\n\t\t\t\t\t<div class=\"e-con-inner\">\n\t\t<div data-particle_enable=\"false\" data-particle-mobile-disabled=\"false\" class=\"elementor-element elementor-element-a7882b6 e-flex e-con-boxed e-con e-child\" data-id=\"a7882b6\" data-element_type=\"container\" data-settings=\"{&quot;background_background&quot;:&quot;classic&quot;}\">\n\t\t\t\t\t<div class=\"e-con-inner\">\n\t\t\t\t<div class=\"elementor-element elementor-element-52d730d elementor-widget elementor-widget-text-editor\" data-id=\"52d730d\" data-element_type=\"widget\" data-widget_type=\"text-editor.default\">\n\t\t\t\t<div class=\"elementor-widget-container\">\n\t\t\t\t\t\t\t\t\t<p>Vous n'\u00eates pas encore s\u00fbr de la technique qui vous convient le mieux ? N'h\u00e9sitez pas \u00e0 nous contacter.<\/p>\t\t\t\t\t\t\t\t<\/div>\n\t\t\t\t<\/div>\n\t\t\t\t\t<\/div>\n\t\t\t\t<\/div>\n\t\t\t\t\t<\/div>\n\t\t\t\t<\/div>\n\t\t<div data-particle_enable=\"false\" data-particle-mobile-disabled=\"false\" class=\"elementor-element elementor-element-13e4821 e-flex e-con-boxed e-con e-parent\" data-id=\"13e4821\" data-element_type=\"container\">\n\t\t\t\t\t<div class=\"e-con-inner\">\n\t\t\t\t<div class=\"elementor-element elementor-element-a0083f0 elementor-widget elementor-widget-shortcode\" data-id=\"a0083f0\" data-element_type=\"widget\" data-widget_type=\"shortcode.default\">\n\t\t\t\t<div class=\"elementor-widget-container\">\n\t\t\t\t\t\t\t<div class=\"elementor-shortcode\"><\/div>\n\t\t\t\t\t\t<\/div>\n\t\t\t\t<\/div>\n\t\t\t\t\t<\/div>\n\t\t\t\t<\/div>\n\t\t<div data-particle_enable=\"false\" data-particle-mobile-disabled=\"false\" class=\"elementor-element elementor-element-8c11562 e-flex e-con-boxed e-con e-parent\" data-id=\"8c11562\" data-element_type=\"container\">\n\t\t\t\t\t<div class=\"e-con-inner\">\n\t\t\t\t<div class=\"elementor-element elementor-element-38af8e9 elementor-widget elementor-widget-shortcode\" data-id=\"38af8e9\" data-element_type=\"widget\" data-widget_type=\"shortcode.default\">\n\t\t\t\t<div class=\"elementor-widget-container\">\n\t\t\t\t\t\t\t<div class=\"elementor-shortcode\"><\/div>\n\t\t\t\t\t\t<\/div>\n\t\t\t\t<\/div>\n\t\t\t\t\t<\/div>\n\t\t\t\t<\/div>\n\t\t\t\t<\/div>","protected":false},"excerpt":{"rendered":"<p>Konferenz-, Medien- und Dolmetschtechnik mieten \u2013 bundesweit und professionell betreut Bei uns k\u00f6nnen Sie Konferenztechnik, Medientechnik, Veranstaltungstechnik und Dolmetschtechnik flexibel mieten \u2013 auf Wunsch inklusive vollst\u00e4ndiger Betreuung durch unsere erfahrenen Techniker*innen. Wir bieten Ihnen professionelle L\u00f6sungen f\u00fcr Meetings, Kongresse, hybride Events, Videokonferenzen und mehr. \u00a0 Unsere bundesweite Vermietung umfasst Konferenztechnik der Spitzenklasse: zuverl\u00e4ssig, kompatibel, sicher [&hellip;]<\/p>","protected":false},"author":1,"featured_media":47453,"parent":0,"menu_order":112,"comment_status":"closed","ping_status":"open","template":"","meta":{"_acf_changed":false,"footnotes":""},"class_list":["post-3618","page","type-page","status-publish","has-post-thumbnail","hentry"],"acf":[],"_links":{"self":[{"href":"https:\/\/konferenztechnik.de\/fr\/wp-json\/wp\/v2\/pages\/3618","targetHints":{"allow":["GET"]}}],"collection":[{"href":"https:\/\/konferenztechnik.de\/fr\/wp-json\/wp\/v2\/pages"}],"about":[{"href":"https:\/\/konferenztechnik.de\/fr\/wp-json\/wp\/v2\/types\/page"}],"author":[{"embeddable":true,"href":"https:\/\/konferenztechnik.de\/fr\/wp-json\/wp\/v2\/users\/1"}],"replies":[{"embeddable":true,"href":"https:\/\/konferenztechnik.de\/fr\/wp-json\/wp\/v2\/comments?post=3618"}],"version-history":[{"count":0,"href":"https:\/\/konferenztechnik.de\/fr\/wp-json\/wp\/v2\/pages\/3618\/revisions"}],"wp:featuredmedia":[{"embeddable":true,"href":"https:\/\/konferenztechnik.de\/fr\/wp-json\/wp\/v2\/media\/47453"}],"wp:attachment":[{"href":"https:\/\/konferenztechnik.de\/fr\/wp-json\/wp\/v2\/media?parent=3618"}],"curies":[{"name":"wp","href":"https:\/\/api.w.org\/{rel}","templated":true}]}}