{"id":3687,"date":"2013-11-13T13:09:32","date_gmt":"2013-11-13T11:09:32","guid":{"rendered":"https:\/\/konferenztechnik.de\/?page_id=3687"},"modified":"2023-07-05T14:25:16","modified_gmt":"2023-07-05T12:25:16","slug":"dividende-numerique","status":"publish","type":"page","link":"https:\/\/konferenztechnik.de\/fr\/dividende-numerique\/","title":{"rendered":"Dividende num\u00e9rique"},"content":{"rendered":"<h1>Dividende num\u00e9rique<\/h1>\n<p>D\u00e8s \u00e0 pr\u00e9sent, l'utilisation de microphones sans fil peut entra\u00eener des coupures et des probl\u00e8mes de r\u00e9ception. Cela est d\u00fb au fait que les fr\u00e9quences de transmission sans fil sont modifi\u00e9es et redistribu\u00e9es par l'Agence f\u00e9d\u00e9rale des r\u00e9seaux.<br \/>\nTout cela s'appelle le dividende num\u00e9rique.<br \/>\n<img fetchpriority=\"high\" decoding=\"async\" class=\"size-full wp-image-3708\" src=\"https:\/\/konferenztechnik.de\/wp-content\/uploads\/2016\/10\/sennheiser-skm5200.jpg\" alt=\"Les fr\u00e9quences nouvellement attribu\u00e9es fonctionnent aussi parall\u00e8lement au LTE sans interf\u00e9rences. Voici le Sennheiser SKM5200\" width=\"850\" height=\"358\" title=\"\"><\/p>\n<div style=\"font-size: 0.8em; padding-bottom: 20px;\">Avec les nouvelles fr\u00e9quences attribu\u00e9es, il est \u00e9galement possible de travailler sans interf\u00e9rences parall\u00e8lement au LTE. Voici le Sennheiser SKM5200<\/div>\n<p>A partir de 2016, il ne sera plus permis (ni m\u00eame possible) d'utiliser une grande partie des installations sans fil actuellement en service.<br \/>\nCela concerne tous les domaines et lieux o\u00f9 des microphones sans fil sont utilis\u00e9s : par exemple les th\u00e9\u00e2tres, les \u00e9glises, les salles de concert, les clubs, les com\u00e9dies musicales, les salles de conf\u00e9rence et de r\u00e9union ou les stades de sport. La sonorisation mobile, par exemple lors de tourn\u00e9es ou de locations, est \u00e9galement concern\u00e9e.<\/p>\n<p>Profitez d\u00e8s maintenant des diff\u00e9rentes actions d'\u00e9change et de r\u00e9engagement limit\u00e9es dans le temps pour les syst\u00e8mes de microphones sans fil.<\/p>\n<p>N'h\u00e9sitez pas \u00e0 nous contacter, nos sp\u00e9cialistes se feront un plaisir de vous aider.<\/p>\n<h4>Questions et r\u00e9ponses sur le dividende num\u00e9rique<\/h4>\n<p>Le dividende num\u00e9rique d\u00e9signe les bandes de fr\u00e9quences lib\u00e9r\u00e9es par le passage de la t\u00e9l\u00e9vision analogique (PAL) \u00e0 la t\u00e9l\u00e9vision num\u00e9rique (DVB-T). Ces fr\u00e9quences ont \u00e9t\u00e9 mises aux ench\u00e8res au plus offrant par l'Agence f\u00e9d\u00e9rale des r\u00e9seaux en 2010 et acquises par les trois principaux op\u00e9rateurs de t\u00e9l\u00e9phonie mobile op\u00e9rant en Allemagne. A partir de 2016, seules de petites parties de cette bande de fr\u00e9quences seront encore disponibles pour l'utilisation de microphones sans fil.<\/p>\n<p>La plupart des installations de microphones sans fil avec d'anciennes attributions de fr\u00e9quences ne peuvent et ne doivent plus \u00eatre utilis\u00e9es \u00e0 partir de 2016. Les anciennes installations doivent \u00eatre remplac\u00e9es par de nouvelles ou, si cela est possible, faire l'objet d'un changement de fr\u00e9quence.<\/p>\n<p>Toute la gamme UHF de 470\u2013865 MHz est concern\u00e9e. Donc \u00e9galement les sous-bandes dans lesquelles les microphones sans fil pouvaient \u00eatre utilis\u00e9s jusqu'\u00e0 pr\u00e9sent. La plage 863\u2013865 MHz reste toujours utilisable librement.<\/p>\n<p>Le mieux est de le faire imm\u00e9diatement, car de nombreux fabricants proposent d\u00e9sormais des programmes d'\u00e9change ou de r\u00e9enregistrement limit\u00e9s dans le temps. De plus, de nombreuses r\u00e9gions d'Allemagne sont d\u00e9j\u00e0 en train de tester le LTE, de sorte qu'il n'est plus possible d'y garantir une utilisation sans probl\u00e8me des microphones sans fil.<\/p>\n<p>Long Term Evolution est une norme de t\u00e9l\u00e9phonie mobile sp\u00e9cifi\u00e9e comme successeur de l'UMTS. Gr\u00e2ce \u00e0 LTE, il est possible d'utiliser l'Internet mobile avec des d\u00e9bits de donn\u00e9es tr\u00e8s \u00e9lev\u00e9s, comme ceux dont on a besoin par exemple pour la transmission vid\u00e9o. LTE doit garantir un acc\u00e8s rapide \u00e0 Internet aux r\u00e9gions d\u00e9pourvues de connexion DSL par c\u00e2ble.<\/p>\n<p><a href=\"https:\/\/www.ltemobile.de\/lte-verfuegbarkeit\/\" target=\"_blank\" rel=\"noopener\">Lien : Disponibilit\u00e9 LTE en Allemagne<\/a><\/p>\n<p>Selon la Vvn\u00f6ml, il y aura quatre groupes d'utilisateurs pour les fr\u00e9quences UHF \u00e0 partir de 2016. Nous nous ferons un plaisir de d\u00e9terminer \u00e0 quel groupe vous serez affect\u00e9. N'h\u00e9sitez pas \u00e0 nous contacter.<\/p>\n<ul>\n<li>Nous vous conseillons sur toutes les questions relatives au dividende num\u00e9rique.<\/li>\n<li>Nous nous chargeons du remplacement et de la r\u00e9affectation des installations.<\/li>\n<li>Nous vous conseillons, ind\u00e9pendamment des fabricants, dans le choix de nouvelles installations que vous pouvez acheter directement aupr\u00e8s de notre service commercial.<\/li>\n<li>Nous vous aidons \u00e0 remplir les formulaires ou nous nous chargeons de l'inscription des fr\u00e9quences dont vous avez besoin.<\/li>\n<li>Nous installons les nouveaux \u00e9quipements et nous nous occupons de leur int\u00e9gration sans probl\u00e8me dans votre syst\u00e8me existant.<\/li>\n<li>Si n\u00e9cessaire, nous formons le personnel \u00e0 l'utilisation des nouvelles installations.<\/li>\n<\/ul>","protected":false},"excerpt":{"rendered":"<p>Dividende num\u00e9rique D\u00e8s \u00e0 pr\u00e9sent, l'utilisation de microphones sans fil peut entra\u00eener des coupures et des probl\u00e8mes de r\u00e9ception. Cela est d\u00fb au fait que les fr\u00e9quences de transmission sans fil sont modifi\u00e9es et redistribu\u00e9es par l'Agence f\u00e9d\u00e9rale des r\u00e9seaux. C'est ce que l'on appelle le dividende num\u00e9rique. Avec les fr\u00e9quences nouvellement attribu\u00e9es, il est \u00e9galement possible de travailler en parall\u00e8le avec LTE sans interf\u00e9rences. Ici [...]<\/p>","protected":false},"author":1,"featured_media":45482,"parent":0,"menu_order":111,"comment_status":"closed","ping_status":"open","template":"","meta":{"_acf_changed":false,"footnotes":""},"class_list":["post-3687","page","type-page","status-publish","has-post-thumbnail","hentry"],"acf":[],"_links":{"self":[{"href":"https:\/\/konferenztechnik.de\/fr\/wp-json\/wp\/v2\/pages\/3687","targetHints":{"allow":["GET"]}}],"collection":[{"href":"https:\/\/konferenztechnik.de\/fr\/wp-json\/wp\/v2\/pages"}],"about":[{"href":"https:\/\/konferenztechnik.de\/fr\/wp-json\/wp\/v2\/types\/page"}],"author":[{"embeddable":true,"href":"https:\/\/konferenztechnik.de\/fr\/wp-json\/wp\/v2\/users\/1"}],"replies":[{"embeddable":true,"href":"https:\/\/konferenztechnik.de\/fr\/wp-json\/wp\/v2\/comments?post=3687"}],"version-history":[{"count":0,"href":"https:\/\/konferenztechnik.de\/fr\/wp-json\/wp\/v2\/pages\/3687\/revisions"}],"wp:featuredmedia":[{"embeddable":true,"href":"https:\/\/konferenztechnik.de\/fr\/wp-json\/wp\/v2\/media\/45482"}],"wp:attachment":[{"href":"https:\/\/konferenztechnik.de\/fr\/wp-json\/wp\/v2\/media?parent=3687"}],"curies":[{"name":"wp","href":"https:\/\/api.w.org\/{rel}","templated":true}]}}