{"id":3805,"date":"2013-11-28T11:55:02","date_gmt":"2013-11-28T09:55:02","guid":{"rendered":"https:\/\/konferenztechnik.de\/?page_id=3805"},"modified":"2013-11-28T11:55:02","modified_gmt":"2013-11-28T09:55:02","slug":"viprinet","status":"publish","type":"page","link":"https:\/\/konferenztechnik.de\/fr\/distribution-de-materiel-de-conference-et-de-medias-audiovisuels\/viprinet\/","title":{"rendered":"Viprinet"},"content":{"rendered":"<p>[column size=\"2-3\u2033 last=\"0\u2033]<\/p>\n<h1>Plus jamais hors ligne !<\/h1>\n<p>Viprinet est le sp\u00e9cialiste de la connectivit\u00e9 WAN. Bande passante trop faible ? Risque de panne trop \u00e9lev\u00e9 ? Pas de couverture r\u00e9seau suffisante ? Pas avec le regroupement intelligent des canaux de Viprinet.<\/p>\n<p>Que ce soit pour des applications mobiles, une connexion rapide des entreprises en zone rurale, une mise en r\u00e9seau flexible des sites ou de grandes architectures de r\u00e9seau : il existe un routeur VPN multicanal adapt\u00e9 \u00e0 chaque utilisation.<\/p>\n<p>[\/column]<\/p>\n<p>[column size=\"1-4\u2033 last=\"1\u2033]<\/p>\n<div style=\"padding-top:50px;\">\n<img decoding=\"async\" class=\"alignright size-full wp-image-3813\" alt=\"Logo Viprinet\" src=\"https:\/\/konferenztechnik.de\/wp-content\/uploads\/2013\/11\/Viprinet-Logo.jpg\" width=\"182\" height=\"261\" title=\"\">\n<\/div>\n<p>[\/column]<\/p>\n<p>[spacer size=\"20\u2033]<\/p>\n<h4>Routeur VPN multicanaux<\/h4>\n<p>[column size=\"2-3\u2033 last=\"0\u2033]<br \/>\n[tabs style=\"1\u2033][tab title=\"Images\"]<br \/>\n[rev_slider ViprinetRouter]<br \/>\n[\/tab][tab title=\"Particularit\u00e9s\"]<\/p>\n<ul>\n<li>v\u00e9ritable regroupement de toutes les largeurs de bande de ligne avec\/sans optimisation TCP<\/li>\n<li>Qualit\u00e9 de service\/traffic-shaping (par module WAN\/tunnel VPN)<\/li>\n<li>NAT et transfert de port<\/li>\n<li>Surveillance (graphique, syslog \u00e0 distance)<\/li>\n<li>nombre illimit\u00e9 de tunnels VPN (SSL\/AES)<\/li>\n<li>routage bas\u00e9 sur des r\u00e8gles<\/li>\n<li>Comptabilisation du trafic vers un serveur externe<\/li>\n<li>syst\u00e8me d'administration web multi-tenant<\/li>\n<\/ul>\n<p>[\/tab][tab title=\"D\u00e9tails techniques\"]<\/p>\n<ul>\n<li>Facteur de forme du bo\u00eetier : Desktop<\/li>\n<li>Alimentation \u00e9lectrique : 12 VDC, 4 A max<\/li>\n<li>Interface LAN : Fast Ethernet<\/li>\n<li>Emplacements pour modules WAN : 3<\/li>\n<li>Capacit\u00e9 de liaison : 50 Mbit\/s<\/li>\n<\/ul>\n<p>[\/tab][\/tabs]<br \/>\n[\/column]<\/p>\n<p>[column size=\"1-4\u2033 last=\"1\u2033]<br \/>\n[spacer size=\"40\u2033]<\/p>\n<p>Gr\u00e2ce \u00e0 un v\u00e9ritable regroupement des canaux, il est possible de combiner jusqu'\u00e0 six acc\u00e8s Internet quelconques de diff\u00e9rents fournisseurs pour obtenir une connexion \u00e0 haute disponibilit\u00e9 et \u00e0 haut d\u00e9bit.<\/p>\n<p>Que ce soit pour des applications mobiles, une connexion rapide des entreprises en zone rurale, une mise en r\u00e9seau flexible des sites ou de grandes architectures de r\u00e9seau : il existe un routeur VPN multicanal adapt\u00e9 \u00e0 chaque utilisation.<\/p>\n<p>[\/column]<\/p>\n<h4>Viprinet Multichannel VPN Router 300 : la solution \u00e9v\u00e9nementielle pour les pr\u00e9sentations en ligne<\/h4>\n<p>[spacer size=\"20\u2033]<\/p>\n<p>[column size=\"1-4\u2033 last=\"1\u2033]<\/p>\n<h4>Vipri Multichannel VPN Router 300<\/h4>\n<p><a href=\"https:\/\/konferenztechnik.de\/wp-content\/uploads\/2013\/11\/Vipri-Multichannel-VPN-Rout.jpg\"><img fetchpriority=\"high\" decoding=\"async\" class=\"alignnone size-full wp-image-3823\" alt=\"Routage VPN multicanal de Vipri\" src=\"https:\/\/konferenztechnik.de\/wp-content\/uploads\/2013\/11\/Vipri-Multichannel-VPN-Rout.jpg\" width=\"308\" height=\"394\" title=\"\" srcset=\"https:\/\/konferenztechnik.de\/wp-content\/uploads\/2013\/11\/Vipri-Multichannel-VPN-Rout.jpg 308w, https:\/\/konferenztechnik.de\/wp-content\/uploads\/2013\/11\/Vipri-Multichannel-VPN-Rout-235x300.jpg 235w\" sizes=\"(max-width: 308px) 100vw, 308px\" \/><\/a><br \/>\n[\/column]<\/p>\n<p>[column size=\"1-4\u2033 last=\"1\u2033]<\/p>\n<h4>Module LTE\/UMTS\/HSPA+\/GPRS\/EDGE<\/h4>\n<p><a href=\"https:\/\/konferenztechnik.de\/wp-content\/uploads\/2013\/11\/LTE-UMTS-HSPA-GPRS-EDGE-Mod.jpg\"><img decoding=\"async\" class=\"alignnone size-full wp-image-3824\" alt=\"LTE-UMTS-HSPA-GPRS-EDGE-Mod\" src=\"https:\/\/konferenztechnik.de\/wp-content\/uploads\/2013\/11\/LTE-UMTS-HSPA-GPRS-EDGE-Mod.jpg\" width=\"451\" height=\"273\" title=\"\" srcset=\"https:\/\/konferenztechnik.de\/wp-content\/uploads\/2013\/11\/LTE-UMTS-HSPA-GPRS-EDGE-Mod.jpg 451w, https:\/\/konferenztechnik.de\/wp-content\/uploads\/2013\/11\/LTE-UMTS-HSPA-GPRS-EDGE-Mod-300x182.jpg 300w\" sizes=\"(max-width: 451px) 100vw, 451px\" \/><\/a><br \/>\n[\/column]<\/p>\n<p>[column size=\"1-4\u2033 last=\"1\u2033]<\/p>\n<p>Le Multichannel VPN Router 300 constitue la base id\u00e9ale pour se connecter \u00e0 Internet et\/ou \u00e0 un VPN d'entreprise \u00e0 haut d\u00e9bit et \u00e0 s\u00e9curit\u00e9 int\u00e9gr\u00e9e lors de sites mobiles, de conf\u00e9rences et d'\u00e9v\u00e9nements en tout genre. La capacit\u00e9 maximale du faisceau est de 50 Mbps.<\/p>\n<p>En ajoutant ou en retirant les diff\u00e9rents modules hotplug, la conception du r\u00e9seau peut \u00eatre adapt\u00e9e individuellement et rapidement aux exigences changeantes.<\/p>\n<p>En combinaison avec le Multichannel VPN Hub 1020, l'appareil est particuli\u00e8rement adapt\u00e9 aux r\u00e9seaux de petites et moyennes entreprises. Des r\u00e9seaux plus importants peuvent \u00eatre r\u00e9alis\u00e9s en combinaison avec le Multichannel VPN Hub 2020.<\/p>\n<p>[\/column]<\/p>\n<p>[column size=\"1-4\u2033 last=\"1\u2033]<\/p>\n<p>Le module LTE\/UMTS\/HSPA+\/GPRS\/EDGE permet d'utiliser toutes les technologies mobiles actuelles avec chaque routeur VPN multicanal Viprinet. LTE est la norme de t\u00e9l\u00e9phonie mobile la plus r\u00e9cente et la plus r\u00e9pandue dans le monde, \u2013, \u00e9galement appel\u00e9e 4G. Elle permet d'obtenir des largeurs de bande plus \u00e9lev\u00e9es tout en offrant une plus grande port\u00e9e et repr\u00e9sente l'\u00e9tat actuel de la technologie de t\u00e9l\u00e9phonie mobile, c'est pourquoi elle offre une s\u00e9curit\u00e9 \u00e0 long terme.<\/p>\n<p>Le module LTE garantit une connexion mobile ininterrompue, notamment en cas d'utilisation mobile, gr\u00e2ce \u00e0 la prise en charge suppl\u00e9mentaire des normes de t\u00e9l\u00e9phonie mobile UMTS et GSM. La transition entre les diff\u00e9rentes normes de t\u00e9l\u00e9phonie mobile s'effectue sans probl\u00e8me et la meilleure connexion disponible est utilis\u00e9e \u00e0 tout moment.<\/p>\n<p>[\/column]<\/p>\n<p>[callout add_button=\"no\" button_text=\"Learn More\" button_url=\"#\" button_color=\"#a62055\u2033]<\/p>\n<h4>Solutions de visioconf\u00e9rence s\u00e9curis\u00e9es pour les \u00e9v\u00e9nements, avec une haute r\u00e9silience et une large bande passante avec Viprinet et PCS.<\/h4>\n<p>[\/callout]<\/p>","protected":false},"excerpt":{"rendered":"<p>[column size=&#8220;2-3&#8243; last=&#8220;0&#8243;] Nie wieder offline! Viprinet sind die WAN Anbindungspezialisten. Zu niedrige Bandbreite? Zu hohes Ausfallrisiko? Keine ausreichende Netzabdeckung? Nicht mit der intelligenten Kanalb\u00fcndelung von Viprinet. Egal, ob f\u00fcr mobile Anwendungen, schnelle Unternehmensanbindung im l\u00e4ndlichen Raum, flexible Standortvernetzung oder gro\u00dfe Netzwerkarchitekturen: F\u00fcr jede Nutzung gibt es den passenden Multichannel VPN Router. [\/column] [column size=&#8220;1-3&#8243; [&hellip;]<\/p>","protected":false},"author":1,"featured_media":45482,"parent":3614,"menu_order":107,"comment_status":"closed","ping_status":"open","template":"","meta":{"_acf_changed":false,"footnotes":""},"class_list":["post-3805","page","type-page","status-publish","has-post-thumbnail","hentry"],"acf":[],"_links":{"self":[{"href":"https:\/\/konferenztechnik.de\/fr\/wp-json\/wp\/v2\/pages\/3805","targetHints":{"allow":["GET"]}}],"collection":[{"href":"https:\/\/konferenztechnik.de\/fr\/wp-json\/wp\/v2\/pages"}],"about":[{"href":"https:\/\/konferenztechnik.de\/fr\/wp-json\/wp\/v2\/types\/page"}],"author":[{"embeddable":true,"href":"https:\/\/konferenztechnik.de\/fr\/wp-json\/wp\/v2\/users\/1"}],"replies":[{"embeddable":true,"href":"https:\/\/konferenztechnik.de\/fr\/wp-json\/wp\/v2\/comments?post=3805"}],"version-history":[{"count":0,"href":"https:\/\/konferenztechnik.de\/fr\/wp-json\/wp\/v2\/pages\/3805\/revisions"}],"up":[{"embeddable":true,"href":"https:\/\/konferenztechnik.de\/fr\/wp-json\/wp\/v2\/pages\/3614"}],"wp:featuredmedia":[{"embeddable":true,"href":"https:\/\/konferenztechnik.de\/fr\/wp-json\/wp\/v2\/media\/45482"}],"wp:attachment":[{"href":"https:\/\/konferenztechnik.de\/fr\/wp-json\/wp\/v2\/media?parent=3805"}],"curies":[{"name":"wp","href":"https:\/\/api.w.org\/{rel}","templated":true}]}}