{"id":3833,"date":"2013-11-28T13:09:34","date_gmt":"2013-11-28T11:09:34","guid":{"rendered":"https:\/\/konferenztechnik.de\/?page_id=3833"},"modified":"2023-07-03T15:39:42","modified_gmt":"2023-07-03T13:39:42","slug":"barco-clickshare","status":"publish","type":"page","link":"https:\/\/konferenztechnik.de\/fr\/distribution-de-materiel-de-conference-et-de-medias-audiovisuels\/barco-clickshare\/","title":{"rendered":"Syst\u00e8mes de pr\u00e9sentation Barco ClickShare"},"content":{"rendered":"<h1>Pr\u00e9sentation sans fil, collaboration facilit\u00e9e.<\/h1>\n<p>ClickShare connecte sans fil les ordinateurs portables et les tablettes (iOS \/ Android) \u00e0 la technologie vid\u00e9o de votre salle de conf\u00e9rence \u2013 d'une simple pression sur un bouton !<\/p>\n<p>Plusieurs participants peuvent rejoindre leur pr\u00e9sentation en un seul clic et partager ainsi des contenus plus facilement que jamais.<\/p>\n<p>Plus jamais d'\u00e9crans noirs, de r\u00e9solutions et d'affichages de pages incorrects ou de c\u00e2bles de connexion manquants !<br \/>\nLa facilit\u00e9 de commutation et de partage des contenus permet une toute nouvelle collaboration.<\/p>\n<p>Fid\u00e8le \u00e0 la devise \"Bring Your Own Device\u201d\", ClickShare fonctionne avec tous les syst\u00e8mes informatiques courants ainsi que sur les tablettes et les smartphones \u2013 par Plug &amp; Play.<\/p>\n<p><a href=\"https:\/\/konferenztechnik.de\/wp-content\/uploads\/2013\/11\/Barco-Logo.jpg\"><img decoding=\"async\" class=\"alignright size-full wp-image-3844\" src=\"https:\/\/konferenztechnik.de\/wp-content\/uploads\/2013\/11\/Barco-Logo.jpg\" alt=\"Logo Barco\" width=\"181\" height=\"178\" title=\"\"><\/a><\/p>\n<div class=\"boxcontainer-home\">\n<div class=\"box1\">\n<p><img decoding=\"async\" class=\"alignnone size-full wp-image-1418\" src=\"https:\/\/konferenztechnik.de\/wp-content\/uploads\/2017\/04\/Barco-ClickShare-Button.jpg\" alt=\"Barco-Clickshare \u00c9tape 1\" title=\"\"><\/p>\n<h2>Connectez le bouton \u00e0 un port USB<\/h2>\n<p>Avec ClickShare, vous pouvez facilement transf\u00e9rer le contenu de votre ordinateur portable ou de votre appareil mobile vers un \u00e9cran de pr\u00e9sentation.<\/p>\n<\/div>\n<div class=\"box2\">\n<p><img decoding=\"async\" class=\"alignnone size-full wp-image-1418\" src=\"https:\/\/konferenztechnik.de\/wp-content\/uploads\/2017\/04\/Barco-ClickShare-Praesentationssystem.jpg\" alt=\"Barco-Clickshare \u00c9tape 2\" title=\"\"><\/p>\n<h2>Cliquez sur le bouton pour voir l'\u00e9cran<\/h2>\n<p>En un seul clic, vous pouvez transformer une r\u00e9union en une exp\u00e9rience o\u00f9 les id\u00e9es, le contenu et les personnes sont r\u00e9unis. Sans c\u00e2bles, ni configuration, ni attente des participants.<\/p>\n<\/div>\n<div class=\"box3\"><img decoding=\"async\" class=\"alignnone size-full wp-image-1418\" src=\"https:\/\/konferenztechnik.de\/wp-content\/uploads\/2017\/04\/Barco-ClickShare-drahtlosesPraesentieren.jpg\" alt=\"Barco-Clickshare \u00e9tape 3\" title=\"\"><\/p>\n<h2>Partagez votre travail pendant la conf\u00e9rence<\/h2>\n<p>Collaboration par plug-in \u2013 avec ClickShare, vos conf\u00e9rences ne seront plus jamais les m\u00eames ! En encourageant le partage de contenu, les conf\u00e9rences passent \u00e0 un niveau sup\u00e9rieur \u2013Une conf\u00e9rence o\u00f9 les grandes id\u00e9es sont encourag\u00e9es<\/p>\n<\/div>\n<\/div>\n<h4>ClickShare CS-100<img decoding=\"async\" class=\"aligncenter size-full wp-image-3845\" src=\"https:\/\/konferenztechnik.de\/wp-content\/uploads\/2017\/04\/Barco-Clickshare-CS-100.jpg\" alt=\"CLickShare1\" title=\"\"><br \/>\nL'unit\u00e9 de base CS-100 comprend les fonctions de s\u00e9curit\u00e9 ClickShare standard, y compris le cryptage, la gestion de la connexion, HTTPS et la possibilit\u00e9 de masquer le SSID du r\u00e9seau sans fil de l'unit\u00e9 de base.<\/h4>\n<ul>\n<li>Windows 7\/8\/8.1\/10 32 &amp; 64 bits, Mac OSX 10.10\/10.11\/10.12 (Sierra), Android v5 &amp; v6 (ClickShare App), iOS 8, 9 &amp; 10 (ClickShare App)<\/li>\n<li>Sorties vid\u00e9o : 1 x HDMI<\/li>\n<li>Taux de rafra\u00eechissement : 30 fps<\/li>\n<li>R\u00e9solution de sortie : 1.920 x 1.200<\/li>\n<li>Niveau sonore : Sans ventilateur<\/li>\n<li>Nombre de sources simultan\u00e9es : 1<\/li>\n<li>Nombre de connexions simultan\u00e9es : 8<\/li>\n<\/ul>\n<p>Syst\u00e8me de pr\u00e9sentation autonome sans fil pour petites salles de r\u00e9union<\/p>\n<p>L'unit\u00e9 de base CS-100 est un mod\u00e8le autonome avec une sortie HDMI. Elle permet \u00e0 huit utilisateurs maximum de se connecter, un seul \u00e0 la fois pouvant partager son contenu.<\/p>\n<h4>ClickShare CSE-200<img decoding=\"async\" class=\"aligncenter size-full wp-image-3845\" src=\"https:\/\/konferenztechnik.de\/wp-content\/uploads\/2017\/04\/Barco-Clickshare-CSE-200.jpg\" alt=\"CLickShare1\" title=\"\"><br \/>\nLa CSE-200 Base Unit a \u00e9t\u00e9 con\u00e7ue pour les grandes entreprises qui ont besoin de fonctions de s\u00e9curit\u00e9 avanc\u00e9es, de plus d'options de connexion, comme AirPlay et Google Cast pour les contenus non-HDCP, et d'une gestion centralis\u00e9e. Avec le CSE-200 Base Unit, jusqu'\u00e0 deux personnes peuvent afficher simultan\u00e9ment des contenus c\u00f4te \u00e0 c\u00f4te \u2013 cela permet une transmission directe sur l'\u00e9cran central et am\u00e9liore la collaboration. Pour contribuer \u00e0 la convivialit\u00e9, les fonctions de s\u00e9curit\u00e9 du CSE-200 peuvent \u00eatre d\u00e9finies \u00e0 l'un des trois niveaux pr\u00e9d\u00e9finis, en fonction des politiques et des besoins de l'entreprise. Enfin, l'int\u00e9gration de l'appareil dans le r\u00e9seau de l'entreprise est grandement facilit\u00e9e par l'API.<\/h4>\n<ul>\n<li>Windows 7\/8\/8.1\/10 32 &amp; 64 bits, Mac OSX 10.10\/10.11\/10.12 (Sierra), Android v5 &amp; v6 (ClickShare App), iOS 8, 9 &amp; 10 (ClickShare App)<\/li>\n<li>Sorties vid\u00e9o : 1 x HDMI<\/li>\n<li>Taux de rafra\u00eechissement : 30 fps<\/li>\n<li>R\u00e9solution de sortie : 1.920 x 1.200<\/li>\n<li>Niveau sonore : Sans ventilateur<\/li>\n<li>Nombre de sources simultan\u00e9es : 2<\/li>\n<li>Nombre de connexions simultan\u00e9es : 16<\/li>\n<\/ul>\n<p>Syst\u00e8me de pr\u00e9sentation sans fil pour les salles de r\u00e9union standard<\/p>\n<p>L'unit\u00e9 de base CSE-200 permet de vivre l'exp\u00e9rience ClickShare dans des salles de r\u00e9union de petite et moyenne taille. Tout le monde, y compris les invit\u00e9s, peut se connecter en un clic et partager instantan\u00e9ment du contenu \u2013 aucune formation n'est n\u00e9cessaire. Il suffit aux participants de brancher le p\u00e9riph\u00e9rique USB \u2013 le bouton ClickShare \u2013 sur leur PC ou Mac et d'appuyer sur le bouton pour afficher le contenu de leur ordinateur portable sur le grand \u00e9cran de la salle de r\u00e9union. L'application ClickShare permet \u00e9galement aux utilisateurs de partager du contenu depuis leur smartphone ou leur tablette.<\/p>\n<h4>ClickShare CSE-800<img decoding=\"async\" class=\"aligncenter size-full wp-image-3845\" src=\"https:\/\/konferenztechnik.de\/wp-content\/uploads\/2017\/04\/Barco-Clickshare-CSE-800.jpg\" alt=\"CLickShare1\" title=\"\"><br \/>\nDeux connexions r\u00e9seau permettent des connexions s\u00e9par\u00e9es et simultan\u00e9es \u00e0 plusieurs r\u00e9seaux (par exemple, des r\u00e9seaux d'invit\u00e9s et d'entreprise) et offrent une s\u00e9curit\u00e9 suppl\u00e9mentaire et un plus grand confort pour l'utilisateur. Avec jusqu'\u00e0 huit personnes pouvant partager du contenu simultan\u00e9ment, le CSE-800 permet une diffusion directe sur l'\u00e9cran central et am\u00e9liore la collaboration.<\/h4>\n<p>La fonction de mod\u00e9ration a \u00e9t\u00e9 sp\u00e9cialement con\u00e7ue pour \u00eatre utilis\u00e9e dans les grandes salles o\u00f9 plusieurs personnes souhaitent diffuser leur contenu en m\u00eame temps. Pour \u00e9viter de passer trop rapidement d'un \u00e9cran \u00e0 l'autre, un mod\u00e9rateur peut choisir manuellement quel contenu sera diffus\u00e9 et \u00e0 quel moment, afin de simplifier le suivi du contenu et d'offrir une exp\u00e9rience formidable \u00e0 tous les participants.<\/p>\n<p>Pour contribuer \u00e0 la facilit\u00e9 d'utilisation, les fonctions de s\u00e9curit\u00e9 du CSE-800 peuvent \u00eatre d\u00e9finies \u00e0 l'un des trois niveaux pr\u00e9d\u00e9finis, en fonction des politiques et des besoins de l'entreprise.<\/p>\n<ul>\n<li>Windows 7\/8\/8.1\/10 32 &amp; 64 bits, Mac OSX 10.10\/10.11\/10.12 (Sierra), Android v5 &amp; v6 (ClickShare App), iOS 8, 9 &amp; 10 (ClickShare App)<\/li>\n<li>Sorties vid\u00e9o : 2 x HDMI<\/li>\n<li>Entr\u00e9es vid\u00e9o : 2 x HDMI<\/li>\n<li>Taux de rafra\u00eechissement : 30 fps<\/li>\n<li>R\u00e9solution de sortie : 4K DCI (4 096 \u00d7 2 160)<\/li>\n<li>R\u00e9solution d'entr\u00e9e : 4K DCI (4 096 \u00d7 2 160)<\/li>\n<li>Niveau sonore : max. 25 dBA<\/li>\n<li>Nombre de sources simultan\u00e9es : 8 (4 par \u00e9cran)<\/li>\n<li>Nombre de connexions simultan\u00e9es : 64<\/li>\n<\/ul>\n<p>Syst\u00e8me sans fil pour les pr\u00e9sentations et la collaboration dans les salles de conseil d'administration et les salles de conf\u00e9rence<\/p>\n<p>Le CSE-800 dispose de deux entr\u00e9es et sorties HDMI. Cela permet d'\u00e9tablir une connexion directe avec les anciens syst\u00e8mes et de l'int\u00e9grer facilement dans les syst\u00e8mes de conf\u00e9rence. En outre, deux \u00e9crans UHD de qualit\u00e9 4K peuvent \u00eatre contr\u00f4l\u00e9s par une seule unit\u00e9 de base.<\/p>\n<h4>Accessoires<\/h4>\n<div class=\"boxcontainer-home\">\n<div class=\"box1\">\n<p><img decoding=\"async\" class=\"alignnone size-full wp-image-1418\" src=\"https:\/\/konferenztechnik.de\/wp-content\/uploads\/2017\/04\/ClickShare-tray.jpg\" alt=\"Bouton et plateau dans un paquet\" title=\"\"><\/p>\n<h2>Bouton et plateau dans un paquet<\/h2>\n<p>La collaboration ne fonctionne pas toute seule. Vous avez besoin d'au moins deux personnes, c'est donc toujours une bonne id\u00e9e d'avoir plusieurs boutons ClickShare \u00e0 disposition dans les salles de r\u00e9union.<\/p>\n<p>Bouton ClickShare sans fil ; plateau de commutation ClickShare<\/p>\n<\/div>\n<div class=\"box2\">\n<p><img decoding=\"async\" class=\"alignnone size-full wp-image-1418\" src=\"https:\/\/konferenztechnik.de\/wp-content\/uploads\/2017\/04\/ClickShare-App.jpg\" alt=\"Application ClickShare\" title=\"\"><\/p>\n<h2>Application ClickShare<\/h2>\n<p>Application pour le partage de contenus iOS ou Android<\/p>\n<p>L'application ClickShare permet de partager des contenus de mani\u00e8re simple et intuitive en cliquant sur le bouton virtuel de n'importe quel appareil iOS ou Android.<\/p>\n<\/div>\n<div class=\"box3\">\n<p><img decoding=\"async\" class=\"alignnone size-full wp-image-1418\" src=\"https:\/\/konferenztechnik.de\/wp-content\/uploads\/2017\/04\/ClickShare-Management-Suite.jpg\" alt=\"ClickShare Management Suite\" title=\"\"><\/p>\n<h2>ClickShare Management Suite<\/h2>\n<p>Gestion centralis\u00e9e de tous les ClickShares de l'entreprise<\/p>\n<ul>\n<li>Surveillance de l'\u00e9tat<\/li>\n<li>Planification des mises \u00e0 jour de logiciels<\/li>\n<li>Gestion des utilisateurs<\/li>\n<li>Simplification de l'int\u00e9gration des unit\u00e9s de base ClickShare dans le r\u00e9seau de l'entreprise<\/li>\n<li>Configuration du clone<\/li>\n<li>Installation \u00e0 distance des fonds d'\u00e9cran<\/li>\n<\/ul>\n<\/div>\n<\/div>\n<h4>Vid\u00e9os sur les produits<\/h4>\n<p><iframe src=\"https:\/\/www.youtube.com\/embed\/bm8HQle5WoU\" width=\"560\" height=\"315\" frameborder=\"0\" allowfullscreen=\"allowfullscreen\"><\/iframe><\/p>\n<p><iframe src=\"https:\/\/www.youtube.com\/embed\/3R-AbOkN_98\" width=\"560\" height=\"315\" frameborder=\"0\" allowfullscreen=\"allowfullscreen\"><\/iframe><\/p>\n<div class=\"boxcontainer\">\n<div class=\"box1-2\">\n<h1>Personne de contact<\/h1>\n<\/div>\n<div class=\"box1-2-order\">\n<h1>Liens compl\u00e9mentaires<\/h1>\n<\/div>\n<div class=\"box1-4\">\n<div class=\"box-head\">Distribution et vente<\/div>\n<\/div>\n<div class=\"box2-4-2\" style=\"order: 1;\">\n<div class=\"weiterlinks\">\n<p><a title=\"Distribution par groupe de produits\" href=\"https:\/\/konferenztechnik.de\/fr\/barco\/\">Aper\u00e7u de Barco<\/a><br \/>\n<a title=\"Distribution par fabricant\" href=\"\/fr\/fabricant\/\">Distribution par fabricant<\/a><br \/>\n<a title=\"Distribution par groupe de produits\" href=\"\/fr\/groupes-de-produits\/\">Distribution par groupe de produits<\/a><br \/>\n<a title=\"Fabrications sp\u00e9ciales, entretien et r\u00e9parations\" href=\"\/fr\/services\/entretien-et-reparation\/\">Fabrications sp\u00e9ciales, entretien et r\u00e9parations<\/a><br \/>\n<a title=\"10 bonnes raisons de choisir PCS\" href=\"\/fr\/a-propos-de-nous-2\/10-bonnes-raisons-pour-les-pc\/\">10 bonnes raisons de choisir PCS<\/a><br \/>\n<a title=\"R\u00e9f\u00e9rences\" href=\"\/fr\/a-propos-de-nous-2\/liste-de-reference-installation\/\">R\u00e9f\u00e9rences Installation et int\u00e9gration<\/a><br \/>\n<a title=\"PCS : Aper\u00e7u de toutes les prestations\" href=\"\/fr\/services\/\">PCS : Aper\u00e7u de tous les services<\/a><\/p>\n<\/div>\n<\/div>\n<\/div>","protected":false},"excerpt":{"rendered":"<p>Pr\u00e9sentations sans fil, collaboration facilit\u00e9e. ClickShare connecte sans fil les ordinateurs portables et les tablettes (iOS \/ Android) \u00e0 la technologie vid\u00e9o de votre salle de conf\u00e9rence \u2013 d'une simple pression sur un bouton ! Plusieurs participants peuvent connecter leur pr\u00e9sentation en un seul clic et partager ainsi des contenus plus facilement que jamais. Finis les \u00e9crans noirs, les r\u00e9solutions et affichages de pages incorrects ou les c\u00e2bles de connexion manquants ! Gr\u00e2ce \u00e0 la facilit\u00e9 de commutation et [...]<\/p>","protected":false},"author":1,"featured_media":45482,"parent":3614,"menu_order":105,"comment_status":"closed","ping_status":"open","template":"","meta":{"_acf_changed":false,"footnotes":""},"class_list":["post-3833","page","type-page","status-publish","has-post-thumbnail","hentry"],"acf":[],"_links":{"self":[{"href":"https:\/\/konferenztechnik.de\/fr\/wp-json\/wp\/v2\/pages\/3833","targetHints":{"allow":["GET"]}}],"collection":[{"href":"https:\/\/konferenztechnik.de\/fr\/wp-json\/wp\/v2\/pages"}],"about":[{"href":"https:\/\/konferenztechnik.de\/fr\/wp-json\/wp\/v2\/types\/page"}],"author":[{"embeddable":true,"href":"https:\/\/konferenztechnik.de\/fr\/wp-json\/wp\/v2\/users\/1"}],"replies":[{"embeddable":true,"href":"https:\/\/konferenztechnik.de\/fr\/wp-json\/wp\/v2\/comments?post=3833"}],"version-history":[{"count":0,"href":"https:\/\/konferenztechnik.de\/fr\/wp-json\/wp\/v2\/pages\/3833\/revisions"}],"up":[{"embeddable":true,"href":"https:\/\/konferenztechnik.de\/fr\/wp-json\/wp\/v2\/pages\/3614"}],"wp:featuredmedia":[{"embeddable":true,"href":"https:\/\/konferenztechnik.de\/fr\/wp-json\/wp\/v2\/media\/45482"}],"wp:attachment":[{"href":"https:\/\/konferenztechnik.de\/fr\/wp-json\/wp\/v2\/media?parent=3833"}],"curies":[{"name":"wp","href":"https:\/\/api.w.org\/{rel}","templated":true}]}}