{"id":47032,"date":"2024-12-20T16:51:26","date_gmt":"2024-12-20T15:51:26","guid":{"rendered":"https:\/\/konferenztechnik.de\/?page_id=47032"},"modified":"2024-12-20T16:57:29","modified_gmt":"2024-12-20T15:57:29","slug":"interpreting-technique-et-service-dinterpretation","status":"publish","type":"page","link":"https:\/\/konferenztechnik.de\/fr\/interpreting-technique-et-service-dinterpretation\/","title":{"rendered":"Interpreting \u2013 Technique et service d'interpr\u00e9tation"},"content":{"rendered":"<div data-elementor-type=\"wp-page\" data-elementor-id=\"47032\" class=\"elementor elementor-47032\" data-elementor-post-type=\"page\">\n\t\t\t\t<div data-particle_enable=\"false\" data-particle-mobile-disabled=\"false\" class=\"elementor-element elementor-element-d86bf25 e-flex e-con-boxed e-con e-parent\" data-id=\"d86bf25\" data-element_type=\"container\">\n\t\t\t\t\t<div class=\"e-con-inner\">\n\t\t<div data-particle_enable=\"false\" data-particle-mobile-disabled=\"false\" class=\"elementor-element elementor-element-3952e62 e-flex e-con-boxed e-con e-child\" data-id=\"3952e62\" data-element_type=\"container\">\n\t\t\t\t\t<div class=\"e-con-inner\">\n\t\t\t\t<div class=\"elementor-element elementor-element-0f5f49d elementor-widget elementor-widget-heading\" data-id=\"0f5f49d\" data-element_type=\"widget\" data-widget_type=\"heading.default\">\n\t\t\t\t<div class=\"elementor-widget-container\">\n\t\t\t\t\t<h1 class=\"elementor-heading-title elementor-size-default\">Interpreting : louer ou acheter du mat\u00e9riel d'interpr\u00e9tation pour des conf\u00e9rences, des r\u00e9unions et des vid\u00e9oconf\u00e9rences<\/h1>\t\t\t\t<\/div>\n\t\t\t\t<\/div>\n\t\t\t\t<div class=\"elementor-element elementor-element-a292cd2 elementor-widget__width-initial elementor-widget elementor-widget-image\" data-id=\"a292cd2\" data-element_type=\"widget\" data-widget_type=\"image.default\">\n\t\t\t\t<div class=\"elementor-widget-container\">\n\t\t\t\t\t\t\t\t\t\t\t\t\t\t\t<img fetchpriority=\"high\" decoding=\"async\" width=\"1300\" height=\"490\" src=\"https:\/\/konferenztechnik.de\/wp-content\/uploads\/2023\/04\/interpreting-technik-mieten.jpg\" class=\"attachment-full size-full wp-image-24296\" alt=\"Vue d&#039;une salle de r\u00e9union, tables dispos\u00e9es en U, plus un poste de d\u00e9l\u00e9gu\u00e9 pour chaque personne \u00e0 la table.\" srcset=\"https:\/\/konferenztechnik.de\/wp-content\/uploads\/2023\/04\/interpreting-technik-mieten.jpg 1300w, https:\/\/konferenztechnik.de\/wp-content\/uploads\/2023\/04\/interpreting-technik-mieten-300x113.jpg 300w, https:\/\/konferenztechnik.de\/wp-content\/uploads\/2023\/04\/interpreting-technik-mieten-1024x386.jpg 1024w, https:\/\/konferenztechnik.de\/wp-content\/uploads\/2023\/04\/interpreting-technik-mieten-768x289.jpg 768w, https:\/\/konferenztechnik.de\/wp-content\/uploads\/2023\/04\/interpreting-technik-mieten-18x7.jpg 18w\" sizes=\"(max-width: 1300px) 100vw, 1300px\" title=\"\">\t\t\t\t\t\t\t\t\t\t\t\t\t\t\t<\/div>\n\t\t\t\t<\/div>\n\t\t<div data-particle_enable=\"false\" data-particle-mobile-disabled=\"false\" class=\"elementor-element elementor-element-62b4d19 e-flex e-con-boxed e-con e-child\" data-id=\"62b4d19\" data-element_type=\"container\">\n\t\t\t\t\t<div class=\"e-con-inner\">\n\t\t\t\t<div class=\"elementor-element elementor-element-3399b3e elementor-widget__width-inherit elementor-widget elementor-widget-text-editor\" data-id=\"3399b3e\" data-element_type=\"widget\" data-widget_type=\"text-editor.default\">\n\t\t\t\t<div class=\"elementor-widget-container\">\n\t\t\t\t\t\t\t\t\t<p class=\"medium-size-txt\">Chez PCS, vous pouvez louer ou acheter du mat\u00e9riel d'interpr\u00e9tation pour toutes les occasions.<\/p><p class=\"medium-size-txt\">Rendez votre \u00e9v\u00e9nement, votre r\u00e9union ou votre conf\u00e9rence accessible \u00e0 un public international en le faisant interpr\u00e9ter par des interpr\u00e8tes professionnels.<\/p><p class=\"medium-size-txt\">\u00a0<\/p><p class=\"medium-size-txt\">Nous proposons des techniques d'interpr\u00e9tation professionnelles pour toutes les tailles et tous les budgets : de la petite r\u00e9union au grand \u00e9v\u00e9nement r\u00e9unissant plusieurs milliers de participants. Nous proposons des solutions temporaires sur place, l'intervention num\u00e9rique en direct d'interpr\u00e8tes depuis nos studios d'interpr\u00e9tation ou l'installation et l'int\u00e9gration permanentes de syst\u00e8mes d'interpr\u00e9tation dans vos locaux.<\/p>\t\t\t\t\t\t\t\t<\/div>\n\t\t\t\t<\/div>\n\t\t\t\t\t<\/div>\n\t\t\t\t<\/div>\n\t\t<div data-particle_enable=\"false\" data-particle-mobile-disabled=\"false\" class=\"elementor-element elementor-element-185bc89 e-flex e-con-boxed e-con e-child\" data-id=\"185bc89\" data-element_type=\"container\">\n\t\t\t\t\t<div class=\"e-con-inner\">\n\t\t\t\t<div class=\"elementor-element elementor-element-28d0fe0 elementor-widget elementor-widget-heading\" data-id=\"28d0fe0\" data-element_type=\"widget\" data-widget_type=\"heading.default\">\n\t\t\t\t<div class=\"elementor-widget-container\">\n\t\t\t\t\t<h2 class=\"elementor-heading-title elementor-size-default\"><a href=\"\/fr\/hubs-dinterpretation-et-studios-dinterpretation\/\">Hubs d'interpr\u00e9tation, studios d'interpr\u00e9tation et interpr\u00e9tation \u00e0 distance (RSI)<\/a><\/h2>\t\t\t\t<\/div>\n\t\t\t\t<\/div>\n\t\t\t\t<div class=\"elementor-element elementor-element-a2e8d52 elementor-widget elementor-widget-image\" data-id=\"a2e8d52\" data-element_type=\"widget\" data-widget_type=\"image.default\">\n\t\t\t\t<div class=\"elementor-widget-container\">\n\t\t\t\t\t\t\t\t\t\t\t\t<figure class=\"wp-caption\">\n\t\t\t\t\t\t\t\t\t\t\t<a href=\"\/fr\/hubs-dinterpretation-et-studios-dinterpretation\/\">\n\t\t\t\t\t\t\t<img decoding=\"async\" width=\"835\" height=\"399\" src=\"https:\/\/konferenztechnik.de\/wp-content\/uploads\/2022\/02\/Dolmetsch-Hubs-PCS-GmbH.jpg\" class=\"attachment-full size-full wp-image-18852\" alt=\"Interpretsch-Hubs-PCS-GmbH\" srcset=\"https:\/\/konferenztechnik.de\/wp-content\/uploads\/2022\/02\/Dolmetsch-Hubs-PCS-GmbH.jpg 835w, https:\/\/konferenztechnik.de\/wp-content\/uploads\/2022\/02\/Dolmetsch-Hubs-PCS-GmbH-300x143.jpg 300w, https:\/\/konferenztechnik.de\/wp-content\/uploads\/2022\/02\/Dolmetsch-Hubs-PCS-GmbH-768x367.jpg 768w\" sizes=\"(max-width: 835px) 100vw, 835px\" title=\"\">\t\t\t\t\t\t\t\t<\/a>\n\t\t\t\t\t\t\t\t\t\t\t<figcaption class=\"widget-image-caption wp-caption-text\"><\/figcaption>\n\t\t\t\t\t\t\t\t\t\t<\/figure>\n\t\t\t\t\t\t\t\t\t<\/div>\n\t\t\t\t<\/div>\n\t\t\t\t<div class=\"elementor-element elementor-element-ab239a4 elementor-widget__width-inherit elementor-widget elementor-widget-text-editor\" data-id=\"ab239a4\" data-element_type=\"widget\" data-widget_type=\"text-editor.default\">\n\t\t\t\t<div class=\"elementor-widget-container\">\n\t\t\t\t\t\t\t\t\t<p>PCS konferenztechnik.de exploite dans toute l'Allemagne des hubs d'interpr\u00e9tation avec des studios d'interpr\u00e9tation de diff\u00e9rentes tailles. Sur tous les sites, nous proposons une technique professionnelle, une coordination d'\u00e9v\u00e9nements, des locaux modernes, un service de restauration et un service complet.<\/p><p>Nos syst\u00e8mes fonctionnent sur nos serveurs s\u00e9curis\u00e9s situ\u00e9s en Allemagne et sont conformes au RGPD. Nos studios sont g\u00e9r\u00e9s par des techniciens exp\u00e9riment\u00e9s et votre \u00e9v\u00e9nement est mis en place et suivi par nos animateurs techniques.<\/p><p>\u00a0<\/p><p>Ajoutez des interpr\u00e8tes de nos hubs directement \u00e0 vos vid\u00e9oconf\u00e9rences, streamings ou \u00e9v\u00e9nements sur site.<\/p><p>Si n\u00e9cessaire, nous mettons \u00e9galement en place des plateformes d'interpr\u00e9tation temporaires ou permanentes dans votre entreprise ou dans vos locaux, en Allemagne et en Europe.<\/p>\t\t\t\t\t\t\t\t<\/div>\n\t\t\t\t<\/div>\n\t\t<div data-particle_enable=\"false\" data-particle-mobile-disabled=\"false\" class=\"elementor-element elementor-element-9f795d2 e-flex e-con-boxed e-con e-child\" data-id=\"9f795d2\" data-element_type=\"container\">\n\t\t\t\t\t<div class=\"e-con-inner\">\n\t\t\t\t<div class=\"elementor-element elementor-element-80498d6 elementor-align-left e-transform elementor-widget elementor-widget-button\" data-id=\"80498d6\" data-element_type=\"widget\" data-settings=\"{&quot;_transform_scale_effect_hover&quot;:{&quot;unit&quot;:&quot;px&quot;,&quot;size&quot;:1.100000000000000088817841970012523233890533447265625,&quot;sizes&quot;:[]},&quot;_transform_scale_effect_hover_widescreen&quot;:{&quot;unit&quot;:&quot;px&quot;,&quot;size&quot;:&quot;&quot;,&quot;sizes&quot;:[]},&quot;_transform_scale_effect_hover_laptop&quot;:{&quot;unit&quot;:&quot;px&quot;,&quot;size&quot;:&quot;&quot;,&quot;sizes&quot;:[]},&quot;_transform_scale_effect_hover_tablet_extra&quot;:{&quot;unit&quot;:&quot;px&quot;,&quot;size&quot;:&quot;&quot;,&quot;sizes&quot;:[]},&quot;_transform_scale_effect_hover_tablet&quot;:{&quot;unit&quot;:&quot;px&quot;,&quot;size&quot;:&quot;&quot;,&quot;sizes&quot;:[]},&quot;_transform_scale_effect_hover_mobile&quot;:{&quot;unit&quot;:&quot;px&quot;,&quot;size&quot;:&quot;&quot;,&quot;sizes&quot;:[]}}\" data-widget_type=\"button.default\">\n\t\t\t\t<div class=\"elementor-widget-container\">\n\t\t\t\t\t\t\t\t\t<div class=\"elementor-button-wrapper\">\n\t\t\t\t\t<a class=\"elementor-button elementor-button-link elementor-size-lg\" href=\"\/fr\/hubs-dinterpretation-et-studios-dinterpretation\/\">\n\t\t\t\t\t\t<span class=\"elementor-button-content-wrapper\">\n\t\t\t\t\t\t<span class=\"elementor-button-icon\">\n\t\t\t\t<svg aria-hidden=\"true\" class=\"e-font-icon-svg e-fas-caret-right\" viewbox=\"0 0 192 512\" xmlns=\"http:\/\/www.w3.org\/2000\/svg\"><path d=\"M0 384.662V127.338c0-17.818 21.543-26.741 34.142-14.142l128.662 128.662c7.81 7.81 7.81 20.474 0 28.284L34.142 398.804C21.543 411.404 0 402.48 0 384.662z\"><\/path><\/svg>\t\t\t<\/span>\n\t\t\t\t\t\t\t\t\t<span class=\"elementor-button-text\">Nos centres d'interpr\u00e9tation<\/span>\n\t\t\t\t\t<\/span>\n\t\t\t\t\t<\/a>\n\t\t\t\t<\/div>\n\t\t\t\t\t\t\t\t<\/div>\n\t\t\t\t<\/div>\n\t\t\t\t\t<\/div>\n\t\t\t\t<\/div>\n\t\t\t\t\t<\/div>\n\t\t\t\t<\/div>\n\t\t<div data-particle_enable=\"false\" data-particle-mobile-disabled=\"false\" class=\"elementor-element elementor-element-d451579 e-flex e-con-boxed e-con e-child\" data-id=\"d451579\" data-element_type=\"container\">\n\t\t\t\t\t<div class=\"e-con-inner\">\n\t\t\t\t<div class=\"elementor-element elementor-element-8c9c33b elementor-widget elementor-widget-heading\" data-id=\"8c9c33b\" data-element_type=\"widget\" data-widget_type=\"heading.default\">\n\t\t\t\t<div class=\"elementor-widget-container\">\n\t\t\t\t\t<h2 class=\"elementor-heading-title elementor-size-default\"><a href=\"\/fr\/location-de-materiel-dinterpretation-et-installation-de-materiel-dinterpretation\/\">Technique d'interpr\u00e9tation pour les \u00e9v\u00e9nements<\/a><\/h2>\t\t\t\t<\/div>\n\t\t\t\t<\/div>\n\t\t\t\t<div class=\"elementor-element elementor-element-95725d9 elementor-widget elementor-widget-image\" data-id=\"95725d9\" data-element_type=\"widget\" data-widget_type=\"image.default\">\n\t\t\t\t<div class=\"elementor-widget-container\">\n\t\t\t\t\t\t\t\t\t\t\t\t<figure class=\"wp-caption\">\n\t\t\t\t\t\t\t\t\t\t\t<a href=\"\/fr\/location-de-materiel-dinterpretation-et-installation-de-materiel-dinterpretation\/\">\n\t\t\t\t\t\t\t<img decoding=\"async\" width=\"835\" height=\"313\" src=\"https:\/\/konferenztechnik.de\/wp-content\/uploads\/2021\/06\/dolmetschtechnik-fuer-events-mieten-kaufen.jpg\" class=\"attachment-full size-full wp-image-17910\" alt=\"11 cabines d&#039;interpr\u00e9tation sont install\u00e9es sur une mezzanine dans une immense salle de r\u00e9union.\" srcset=\"https:\/\/konferenztechnik.de\/wp-content\/uploads\/2021\/06\/dolmetschtechnik-fuer-events-mieten-kaufen.jpg 835w, https:\/\/konferenztechnik.de\/wp-content\/uploads\/2021\/06\/dolmetschtechnik-fuer-events-mieten-kaufen-300x112.jpg 300w, https:\/\/konferenztechnik.de\/wp-content\/uploads\/2021\/06\/dolmetschtechnik-fuer-events-mieten-kaufen-768x288.jpg 768w\" sizes=\"(max-width: 835px) 100vw, 835px\" title=\"\">\t\t\t\t\t\t\t\t<\/a>\n\t\t\t\t\t\t\t\t\t\t\t<figcaption class=\"widget-image-caption wp-caption-text\"><\/figcaption>\n\t\t\t\t\t\t\t\t\t\t<\/figure>\n\t\t\t\t\t\t\t\t\t<\/div>\n\t\t\t\t<\/div>\n\t\t\t\t<div class=\"elementor-element elementor-element-f8c781c elementor-widget__width-inherit elementor-widget elementor-widget-text-editor\" data-id=\"f8c781c\" data-element_type=\"widget\" data-widget_type=\"text-editor.default\">\n\t\t\t\t<div class=\"elementor-widget-container\">\n\t\t\t\t\t\t\t\t\t<p>Nous \u00e9quipons des \u00e9v\u00e9nements, des conf\u00e9rences et des r\u00e9unions de toutes tailles avec des techniques d'interpr\u00e9tation. Cela commence par des r\u00e9unions avec un seul participant international jusqu'aux grands \u00e9v\u00e9nements avec plusieurs milliers de personnes. Nos syst\u00e8mes nous permettent de transmettre et d'interpr\u00e9ter simultan\u00e9ment et en direct jusqu'\u00e0 32 langues. Nous proposons des techniques d'interpr\u00e9tation pour diff\u00e9rentes utilisations. Il s'agit notamment de : Cabines d'interpr\u00e9tation, r\u00e9cepteurs de conf\u00e9rence sans fil avec \u00e9couteurs (par lesquels les participants entendent la traduction), installations de conf\u00e9rence, installations de discussion, syst\u00e8mes pour les connexions en direct et les transmissions d'images et de sons. Nous vous conseillons volontiers sans engagement, n'h\u00e9sitez pas \u00e0 nous appeler !<\/p>\t\t\t\t\t\t\t\t<\/div>\n\t\t\t\t<\/div>\n\t\t<div data-particle_enable=\"false\" data-particle-mobile-disabled=\"false\" class=\"elementor-element elementor-element-f3f1033 e-flex e-con-boxed e-con e-child\" data-id=\"f3f1033\" data-element_type=\"container\">\n\t\t\t\t\t<div class=\"e-con-inner\">\n\t\t<div data-particle_enable=\"false\" data-particle-mobile-disabled=\"false\" class=\"elementor-element elementor-element-e5677bd e-flex e-con-boxed e-con e-child\" data-id=\"e5677bd\" data-element_type=\"container\">\n\t\t\t\t\t<div class=\"e-con-inner\">\n\t\t\t\t<div class=\"elementor-element elementor-element-a96dad7 elementor-align-left e-transform elementor-widget elementor-widget-button\" data-id=\"a96dad7\" data-element_type=\"widget\" data-settings=\"{&quot;_transform_scale_effect_hover&quot;:{&quot;unit&quot;:&quot;px&quot;,&quot;size&quot;:1.100000000000000088817841970012523233890533447265625,&quot;sizes&quot;:[]},&quot;_transform_scale_effect_hover_widescreen&quot;:{&quot;unit&quot;:&quot;px&quot;,&quot;size&quot;:&quot;&quot;,&quot;sizes&quot;:[]},&quot;_transform_scale_effect_hover_laptop&quot;:{&quot;unit&quot;:&quot;px&quot;,&quot;size&quot;:&quot;&quot;,&quot;sizes&quot;:[]},&quot;_transform_scale_effect_hover_tablet_extra&quot;:{&quot;unit&quot;:&quot;px&quot;,&quot;size&quot;:&quot;&quot;,&quot;sizes&quot;:[]},&quot;_transform_scale_effect_hover_tablet&quot;:{&quot;unit&quot;:&quot;px&quot;,&quot;size&quot;:&quot;&quot;,&quot;sizes&quot;:[]},&quot;_transform_scale_effect_hover_mobile&quot;:{&quot;unit&quot;:&quot;px&quot;,&quot;size&quot;:&quot;&quot;,&quot;sizes&quot;:[]}}\" data-widget_type=\"button.default\">\n\t\t\t\t<div class=\"elementor-widget-container\">\n\t\t\t\t\t\t\t\t\t<div class=\"elementor-button-wrapper\">\n\t\t\t\t\t<a class=\"elementor-button elementor-button-link elementor-size-lg\" href=\"\/fr\/location-de-materiel-dinterpretation-et-installation-de-materiel-dinterpretation\/\">\n\t\t\t\t\t\t<span class=\"elementor-button-content-wrapper\">\n\t\t\t\t\t\t<span class=\"elementor-button-icon\">\n\t\t\t\t<svg aria-hidden=\"true\" class=\"e-font-icon-svg e-fas-caret-right\" viewbox=\"0 0 192 512\" xmlns=\"http:\/\/www.w3.org\/2000\/svg\"><path d=\"M0 384.662V127.338c0-17.818 21.543-26.741 34.142-14.142l128.662 128.662c7.81 7.81 7.81 20.474 0 28.284L34.142 398.804C21.543 411.404 0 402.48 0 384.662z\"><\/path><\/svg>\t\t\t<\/span>\n\t\t\t\t\t\t\t\t\t<span class=\"elementor-button-text\">En savoir plus sur les techniques d'interpr\u00e9tation<\/span>\n\t\t\t\t\t<\/span>\n\t\t\t\t\t<\/a>\n\t\t\t\t<\/div>\n\t\t\t\t\t\t\t\t<\/div>\n\t\t\t\t<\/div>\n\t\t\t\t\t<\/div>\n\t\t\t\t<\/div>\n\t\t\t\t\t<\/div>\n\t\t\t\t<\/div>\n\t\t\t\t\t<\/div>\n\t\t\t\t<\/div>\n\t\t<div data-particle_enable=\"false\" data-particle-mobile-disabled=\"false\" class=\"elementor-element elementor-element-671ec45 e-flex e-con-boxed e-con e-child\" data-id=\"671ec45\" data-element_type=\"container\">\n\t\t\t\t\t<div class=\"e-con-inner\">\n\t\t\t\t\t<\/div>\n\t\t\t\t<\/div>\n\t\t\t\t\t<\/div>\n\t\t\t\t<\/div>\n\t\t\t\t\t<\/div>\n\t\t\t\t<\/div>\n\t\t<div data-particle_enable=\"false\" data-particle-mobile-disabled=\"false\" class=\"elementor-element elementor-element-a7ddf2b e-flex e-con-boxed e-con e-parent\" data-id=\"a7ddf2b\" data-element_type=\"container\">\n\t\t\t\t\t<div class=\"e-con-inner\">\n\t\t\t\t<div class=\"elementor-element elementor-element-1c943aa elementor-widget__width-inherit elementor-widget elementor-widget-heading\" data-id=\"1c943aa\" data-element_type=\"widget\" data-widget_type=\"heading.default\">\n\t\t\t\t<div class=\"elementor-widget-container\">\n\t\t\t\t\t<h2 class=\"elementor-heading-title elementor-size-default\"><a href=\"\/fr\/systemes-de-discussion-postes-dinterphonie-louer-acheter-installer-leasing\/\">Syst\u00e8mes de conf\u00e9rence et de discussion<\/a><\/h2>\t\t\t\t<\/div>\n\t\t\t\t<\/div>\n\t\t\t\t\t<\/div>\n\t\t\t\t<\/div>\n\t\t\t\t<\/div>","protected":false},"excerpt":{"rendered":"<p>Interpr\u00e9tation : louer ou acheter du mat\u00e9riel d'interpr\u00e9tation pour des conf\u00e9rences, des r\u00e9unions et des vid\u00e9oconf\u00e9rences Chez PCS, vous pouvez louer ou acheter du mat\u00e9riel d'interpr\u00e9tation pour toutes les occasions.   Rendez votre \u00e9v\u00e9nement, votre r\u00e9union ou votre conf\u00e9rence accessible \u00e0 un public international en le faisant interpr\u00e9ter par des interpr\u00e8tes professionnels.   Nous disposons de mat\u00e9riel d'interpr\u00e9tation professionnel de toute taille et [...].<\/p>","protected":false},"author":1,"featured_media":45482,"parent":0,"menu_order":0,"comment_status":"closed","ping_status":"closed","template":"","meta":{"_acf_changed":false,"footnotes":""},"class_list":["post-47032","page","type-page","status-publish","has-post-thumbnail","hentry"],"acf":[],"_links":{"self":[{"href":"https:\/\/konferenztechnik.de\/fr\/wp-json\/wp\/v2\/pages\/47032","targetHints":{"allow":["GET"]}}],"collection":[{"href":"https:\/\/konferenztechnik.de\/fr\/wp-json\/wp\/v2\/pages"}],"about":[{"href":"https:\/\/konferenztechnik.de\/fr\/wp-json\/wp\/v2\/types\/page"}],"author":[{"embeddable":true,"href":"https:\/\/konferenztechnik.de\/fr\/wp-json\/wp\/v2\/users\/1"}],"replies":[{"embeddable":true,"href":"https:\/\/konferenztechnik.de\/fr\/wp-json\/wp\/v2\/comments?post=47032"}],"version-history":[{"count":0,"href":"https:\/\/konferenztechnik.de\/fr\/wp-json\/wp\/v2\/pages\/47032\/revisions"}],"wp:featuredmedia":[{"embeddable":true,"href":"https:\/\/konferenztechnik.de\/fr\/wp-json\/wp\/v2\/media\/45482"}],"wp:attachment":[{"href":"https:\/\/konferenztechnik.de\/fr\/wp-json\/wp\/v2\/media?parent=47032"}],"curies":[{"name":"wp","href":"https:\/\/api.w.org\/{rel}","templated":true}]}}