{"id":4933,"date":"2015-02-02T11:12:09","date_gmt":"2015-02-02T10:12:09","guid":{"rendered":"https:\/\/konferenztechnik.de\/?page_id=4933"},"modified":"2023-09-01T11:47:37","modified_gmt":"2023-09-01T09:47:37","slug":"bosch-ccs-1000-d","status":"publish","type":"page","link":"https:\/\/konferenztechnik.de\/fr\/bosch-ccs-1000-d\/","title":{"rendered":"Bosch CCS 1000 D"},"content":{"rendered":"<p>[column size=\"2-3\u2033 last=\"0\u2033]<\/p>\n<h1>Nouveaut\u00e9 : Syst\u00e8me de discussion num\u00e9rique Bosch CCS 1000 D<\/h1>\n<p>[\/column]<br \/>\n[column size=\"1-4\u2033 last=\"1\u2033]<br \/>\n<img decoding=\"async\" class=\"alignright size-full wp-image-3924\" src=\"https:\/\/konferenztechnik.de\/wp-content\/uploads\/2013\/11\/logo-pcs-selected-quality.png\" alt=\"Logo PCS Selected Quality\" width=\"143\" height=\"88\" title=\"\"><br \/>\n[\/column]<\/p>\n<p>[rev_slider Bosch-CCS-1000D]<br \/>\n[spacer size=\"30\u2033]<\/p>\n<p>Nous avons le plaisir de vous pr\u00e9senter le nouveau syst\u00e8me de conf\u00e9rence num\u00e9rique CCS 1000 D de Bosch !<\/p>\n<p>Le tout nouveau CCS 1000 D nous convainc par sa simplicit\u00e9 et sa convivialit\u00e9, et ce sans devoir renoncer aux derni\u00e8res innovations techniques.<\/p>\n<p>Nous avons longuement test\u00e9 et utilis\u00e9 le nouveau syst\u00e8me de discussion dans nos filiales. Le syst\u00e8me, con\u00e7u pour les r\u00e9unions de petite et moyenne taille, peut marquer des points gr\u00e2ce \u00e0 de nombreuses fonctions suppl\u00e9mentaires et est tout \u00e0 fait adapt\u00e9 \u00e0 une utilisation en installation fixe.<\/p>\n<p>&amp;#x9B ; <a href=\"\/fr\/bosch-ccs-1000-d-resultat-du-test\/\">Ici le r\u00e9sultat du test PCS Bosch CCS 1000 D \u2013 f\u00e9vrier 2015<\/a><br \/>\n[spacer size=\"30\u2033]<\/p>\n<h1>Points forts de la CCS 1000 D de Bosch<\/h1>\n<p>[spacer size=\"30\u2033]<\/p>\n<p>[column size=\"1-4\u2033 last=\"1\u2033]<img fetchpriority=\"high\" decoding=\"async\" width=\"665\" height=\"441\" class=\"alignnone size-full wp-image-5304\" src=\"https:\/\/konferenztechnik.de\/wp-content\/uploads\/2015\/02\/bosch-CCS-1000-D-usb-recording-CCSD-CURD1.jpg\" alt=\"Bosch CCS 1000 D Enregistrement USB - CCSD-CURD\" title=\"\" srcset=\"https:\/\/konferenztechnik.de\/wp-content\/uploads\/2015\/02\/bosch-CCS-1000-D-usb-recording-CCSD-CURD1.jpg 665w, https:\/\/konferenztechnik.de\/wp-content\/uploads\/2015\/02\/bosch-CCS-1000-D-usb-recording-CCSD-CURD1-300x199.jpg 300w\" sizes=\"(max-width: 665px) 100vw, 665px\" \/>Enregistrement direct sur la cl\u00e9 USB. Aucun logiciel suppl\u00e9mentaire n'est n\u00e9cessaire !<\/p>\n<p>[\/column]<br \/>\n[column size=\"1-4\u2033 last=\"1\u2033]<img decoding=\"async\" width=\"665\" height=\"441\" class=\"alignnone size-full wp-image-5308\" src=\"https:\/\/konferenztechnik.de\/wp-content\/uploads\/2015\/02\/Sprechstelle-CCSD-DS-CCS-1000-D1.jpg\" alt=\"Poste d&#039;interphonie CCSD DS CCS 1000 D\" title=\"\" srcset=\"https:\/\/konferenztechnik.de\/wp-content\/uploads\/2015\/02\/Sprechstelle-CCSD-DS-CCS-1000-D1.jpg 665w, https:\/\/konferenztechnik.de\/wp-content\/uploads\/2015\/02\/Sprechstelle-CCSD-DS-CCS-1000-D1-300x199.jpg 300w\" sizes=\"(max-width: 665px) 100vw, 665px\" \/>Postes d'interphonie de haute qualit\u00e9, suppression du larsen int\u00e9gr\u00e9e, bonne qualit\u00e9 audio et volume \u00e9lev\u00e9<\/p>\n<p>[\/column]<br \/>\n[column size=\"1-4\u2033 last=\"1\u2033]<img loading=\"lazy\" decoding=\"async\" width=\"665\" height=\"441\" class=\"alignnone size-full wp-image-4961\" src=\"https:\/\/konferenztechnik.de\/wp-content\/uploads\/2015\/02\/bosch-CCS1000D-plug-and-play.jpg\" alt=\"bosch-CCS1000D-plug-and-play\" title=\"\" srcset=\"https:\/\/konferenztechnik.de\/wp-content\/uploads\/2015\/02\/bosch-CCS1000D-plug-and-play.jpg 665w, https:\/\/konferenztechnik.de\/wp-content\/uploads\/2015\/02\/bosch-CCS1000D-plug-and-play-300x199.jpg 300w\" sizes=\"(max-width: 665px) 100vw, 665px\" \/>Plug &amp; Play \u2013 compact, facile \u00e0 monter, facile \u00e0 utiliser<\/p>\n<p>[\/column]<br \/>\n[column size=\"1-4\u2033 last=\"1\u2033]<img loading=\"lazy\" decoding=\"async\" width=\"665\" height=\"441\" class=\"alignnone size-full wp-image-5314\" src=\"https:\/\/konferenztechnik.de\/wp-content\/uploads\/2015\/02\/Bosch-CCSD-im-Konferenzraum.jpg\" alt=\"Bosch-CCSD-dans-la-salle-de-conf\u00e9rence\" title=\"\" srcset=\"https:\/\/konferenztechnik.de\/wp-content\/uploads\/2015\/02\/Bosch-CCSD-im-Konferenzraum.jpg 665w, https:\/\/konferenztechnik.de\/wp-content\/uploads\/2015\/02\/Bosch-CCSD-im-Konferenzraum-300x199.jpg 300w\" sizes=\"(max-width: 665px) 100vw, 665px\" \/>Compatible avec les vid\u00e9oconf\u00e9rences, contr\u00f4le automatique des cam\u00e9ras lors des vid\u00e9oconf\u00e9rences, \u00e9galement HD, jusqu'\u00e0 6 cam\u00e9ras HD Conference Dome<\/p>\n<p>[\/column]<br \/>\n[column size=\"1-4\u2033 last=\"1\u2033]<img loading=\"lazy\" decoding=\"async\" width=\"665\" height=\"441\" class=\"alignnone size-full wp-image-5305\" src=\"https:\/\/konferenztechnik.de\/wp-content\/uploads\/2015\/02\/Bosch-CCSD-DS-CCS-Transportkoffer1.jpg\" alt=\"Mallette de transport CCSD DS CCS Bosch\" title=\"\" srcset=\"https:\/\/konferenztechnik.de\/wp-content\/uploads\/2015\/02\/Bosch-CCSD-DS-CCS-Transportkoffer1.jpg 665w, https:\/\/konferenztechnik.de\/wp-content\/uploads\/2015\/02\/Bosch-CCSD-DS-CCS-Transportkoffer1-300x199.jpg 300w\" sizes=\"(max-width: 665px) 100vw, 665px\" \/>Postes d'interphonie bien prot\u00e9g\u00e9s dans un bo\u00eetier de transport de haute qualit\u00e9<\/p>\n<p>[\/column]<br \/>\n[column size=\"1-4\u2033 last=\"1\u2033]<\/p>\n<p><img loading=\"lazy\" decoding=\"async\" width=\"665\" height=\"441\" class=\"alignnone size-full wp-image-4965\" src=\"https:\/\/konferenztechnik.de\/wp-content\/uploads\/2015\/02\/bosch-CCS1000D-browser-steuerung-1.jpg\" alt=\"bosch-CCS1000D-browser-control\" title=\"\" srcset=\"https:\/\/konferenztechnik.de\/wp-content\/uploads\/2015\/02\/bosch-CCS1000D-browser-steuerung-1.jpg 665w, https:\/\/konferenztechnik.de\/wp-content\/uploads\/2015\/02\/bosch-CCS1000D-browser-steuerung-1-300x199.jpg 300w\" sizes=\"(max-width: 665px) 100vw, 665px\" \/>Interface web simple pour une configuration et un contr\u00f4le avanc\u00e9s<\/p>\n<p>[\/column]<br \/>\n&amp;#x9B ; <a href=\"\/fr\/bosch-ccs-1000d-caracteristiques\/\">Voici la liste des caract\u00e9ristiques et les d\u00e9tails techniques du CCS 1000 D de Bosch<\/a><br \/>\n[spacer size=\"50\u2033]<\/p>\n<h1>Vos contacts<\/h1>\n<p>[spacer size=\"20\u2033]<br \/>\n[column size=\"1-4\u2033 last=\"1\u2033]<br \/>\n[tabs style=\"2\u2033]<br \/>\n[tab title=\"Berlin\"]<br \/>\n<img loading=\"lazy\" decoding=\"async\" width=\"800\" height=\"533\" class=\"alignleft size-full wp-image-2301\" src=\"https:\/\/konferenztechnik.de\/wp-content\/uploads\/2013\/09\/gunnar_hermenau_pcs-gmbh.jpg\" alt=\"gunnar_hermenau_pcs-gmbh\" title=\"\" srcset=\"https:\/\/konferenztechnik.de\/wp-content\/uploads\/2013\/09\/gunnar_hermenau_pcs-gmbh.jpg 800w, https:\/\/konferenztechnik.de\/wp-content\/uploads\/2013\/09\/gunnar_hermenau_pcs-gmbh-300x200.jpg 300w, https:\/\/konferenztechnik.de\/wp-content\/uploads\/2013\/09\/gunnar_hermenau_pcs-gmbh-768x512.jpg 768w\" sizes=\"(max-width: 800px) 100vw, 800px\" \/><br \/>\nGunnar Hermenau<br \/>\nDirecteur de la succursale de Berlin<br \/>\nT\u00e9l. +49 30 6959690 14<br \/>\nCourrier \u00e9lectronique <a href=\"mailto:hermenau@konferenztechnik.de\">hermenau@konferenztechnik.de<\/a><br \/>\nCode QR <a title=\"Code QR Gunnar Hermenau\" href=\"https:\/\/konferenztechnik.de\/wp-content\/uploads\/2013\/09\/gunnar_hermenau_qrcode.png\">Afficher \u203a<\/a><br \/>\n[\/tab]<br \/>\n[\/tabs]<br \/>\n[\/column]<br \/>\n[column size=\"1-4\u2033 last=\"1\u2033]<br \/>\n[tabs style=\"2\u2033]<br \/>\n[tab title=\"D\u00fcsseldorf\"]<br \/>\n<a href=\"https:\/\/konferenztechnik.de\/wp-content\/uploads\/2013\/09\/dirk_neumann_pcs-gmbh.jpg\"><img loading=\"lazy\" decoding=\"async\" width=\"800\" height=\"533\" class=\"alignleft size-full wp-image-2297\" src=\"https:\/\/konferenztechnik.de\/wp-content\/uploads\/2013\/09\/dirk_neumann_pcs-gmbh.jpg\" alt=\"Dirk Neumann Directeur g\u00e9n\u00e9ral de PCS GmbH\" title=\"\" srcset=\"https:\/\/konferenztechnik.de\/wp-content\/uploads\/2013\/09\/dirk_neumann_pcs-gmbh.jpg 800w, https:\/\/konferenztechnik.de\/wp-content\/uploads\/2013\/09\/dirk_neumann_pcs-gmbh-300x200.jpg 300w, https:\/\/konferenztechnik.de\/wp-content\/uploads\/2013\/09\/dirk_neumann_pcs-gmbh-768x512.jpg 768w\" sizes=\"(max-width: 800px) 100vw, 800px\" \/><\/a><br \/>\nDirk Neumann<br \/>\nDirecteur g\u00e9n\u00e9ral<br \/>\nT\u00e9l. +49 211 737798 0<br \/>\nCourrier \u00e9lectronique <a href=\"mailto:vertrieb@konferenztechnik.de\">vertrieb@konferenztechnik.de<\/a><br \/>\nCode QR <a title=\"Code QR Dirk Neumann\" href=\"https:\/\/konferenztechnik.de\/wp-content\/uploads\/2013\/09\/dirk_neumann_qrcode.png\">Afficher \u203a<\/a>[\/tab]<br \/>\n[\/tabs]<br \/>\n[\/column]<br \/>\n[spacer size=\"10\u2033]<br \/>\nLiens vers le syst\u00e8me de conf\u00e9rence Bosch CCS 1000 D<br \/>\n&amp;#x9B ; <a style=\"line-height: 1.8em;\" title=\"\" href=\"\/fr\/pcs-selected-special-deal-bosch-ccs-1000d\/\">PCS\/Bosch Offre de lancement Bosch CCS 1000 D<\/a><br \/>\n&amp;#x9B ; <a style=\"line-height: 1.8em;\" title=\"\" href=\"\/fr\/bosch-ccs-1000-d-resultat-du-test\/\">R\u00e9sultat du test PCS Bosch CCS 1000 D<\/a><br \/>\n&amp;#x9B ; <a style=\"line-height: 1.8em;\" title=\"\" href=\"\/fr\/bosch-ccs-1000d-caracteristiques\/\">Gamme de puissance \/ caract\u00e9ristiques Bosch CCS 1000 D<\/a><\/p>\n<p>[spacer size=\"10\u2033]<\/p>\n<div class=\"weiterlinks\">\n<h1>Liens compl\u00e9mentaires :<\/h1>\n<ul>\n<li>\u203a <a title=\"Distribution\" href=\"\/fr\/distribution-de-materiel-de-conference-et-de-medias-audiovisuels\/\">Distribution de mat\u00e9riel de conf\u00e9rence et de m\u00e9dias<\/a><\/li>\n<li>\u203a <a title=\"Installation\" href=\"\/fr\/installation-et-integration-de-materiel-de-conference-et-de-systemes-media\/\">Installation et int\u00e9gration de mat\u00e9riel de conf\u00e9rence et de syst\u00e8mes multim\u00e9dias<\/a><\/li>\n<li>\u203a <a title=\"Encadrement d&#039;\u00e9v\u00e9nements multilingues\" href=\"\/fr\/services\/gestion-devenements-multilingues\/\">Encadrement d'\u00e9v\u00e9nements multilingues<\/a><\/li>\n<\/ul>\n<\/div>","protected":false},"excerpt":{"rendered":"<p>[column size=\"2-3\u2033 last=\"0\u2033] Nouvelle pr\u00e9sentation : Syst\u00e8me de conf\u00e9rence num\u00e9rique Bosch CCS 1000 D [\/column] [column size=\"1-3\u2033 last=\"1\u2033] [\/column] [rev_slider Bosch-CCS-1000D] [spacer size=\"30\u2033] Nous avons le plaisir de vous pr\u00e9senter le nouveau syst\u00e8me de conf\u00e9rence num\u00e9rique CCS 1000 D de Bosch ! Le tout nouveau CCS 1000 D nous a convaincus par sa simplicit\u00e9 et sa convivialit\u00e9, sans pour autant renoncer aux derni\u00e8res innovations techniques [...].<\/p>","protected":false},"author":1,"featured_media":45482,"parent":0,"menu_order":35,"comment_status":"closed","ping_status":"open","template":"","meta":{"_acf_changed":false,"footnotes":""},"class_list":["post-4933","page","type-page","status-publish","has-post-thumbnail","hentry"],"acf":[],"_links":{"self":[{"href":"https:\/\/konferenztechnik.de\/fr\/wp-json\/wp\/v2\/pages\/4933","targetHints":{"allow":["GET"]}}],"collection":[{"href":"https:\/\/konferenztechnik.de\/fr\/wp-json\/wp\/v2\/pages"}],"about":[{"href":"https:\/\/konferenztechnik.de\/fr\/wp-json\/wp\/v2\/types\/page"}],"author":[{"embeddable":true,"href":"https:\/\/konferenztechnik.de\/fr\/wp-json\/wp\/v2\/users\/1"}],"replies":[{"embeddable":true,"href":"https:\/\/konferenztechnik.de\/fr\/wp-json\/wp\/v2\/comments?post=4933"}],"version-history":[{"count":0,"href":"https:\/\/konferenztechnik.de\/fr\/wp-json\/wp\/v2\/pages\/4933\/revisions"}],"wp:featuredmedia":[{"embeddable":true,"href":"https:\/\/konferenztechnik.de\/fr\/wp-json\/wp\/v2\/media\/45482"}],"wp:attachment":[{"href":"https:\/\/konferenztechnik.de\/fr\/wp-json\/wp\/v2\/media?parent=4933"}],"curies":[{"name":"wp","href":"https:\/\/api.w.org\/{rel}","templated":true}]}}