{"id":4984,"date":"2015-02-02T14:48:25","date_gmt":"2015-02-02T13:48:25","guid":{"rendered":"https:\/\/konferenztechnik.de\/?page_id=4984"},"modified":"2023-09-01T11:47:24","modified_gmt":"2023-09-01T09:47:24","slug":"pcs-selected-special-deal-bosch-ccs-1000d","status":"publish","type":"page","link":"https:\/\/konferenztechnik.de\/fr\/pcs-selected-special-deal-bosch-ccs-1000d\/","title":{"rendered":"PCS Selected : Acheter un CCS 1000D Bosch"},"content":{"rendered":"<p>[column size=\"2-3\u2033 last=\"0\u2033]<\/p>\n<h1>Acheter Bosch CCS 1000 D \u2013 Offre de lancement : Digital Discussion System Bosch CCS 1000 D<\/h1>\n<p>[\/column]<br \/>\n[column size=\"1-4\u2033 last=\"1\u2033]<\/p>\n<p>[\/column]<\/p>\n<p><a href=\"https:\/\/konferenztechnik.de\/wp-content\/uploads\/2015\/02\/8.jpg\"><img fetchpriority=\"high\" decoding=\"async\" class=\"alignnone size-full wp-image-5243\" src=\"https:\/\/konferenztechnik.de\/wp-content\/uploads\/2015\/02\/8.jpg\" alt=\"_8\" width=\"941\" height=\"228\" title=\"\" srcset=\"https:\/\/konferenztechnik.de\/wp-content\/uploads\/2015\/02\/8.jpg 941w, https:\/\/konferenztechnik.de\/wp-content\/uploads\/2015\/02\/8-300x73.jpg 300w, https:\/\/konferenztechnik.de\/wp-content\/uploads\/2015\/02\/8-768x186.jpg 768w\" sizes=\"(max-width: 941px) 100vw, 941px\" \/><\/a><br \/>\n<a href=\"https:\/\/konferenztechnik.de\/wp-content\/uploads\/2015\/02\/Bosch-CCS-1000-D-PCSAngebot.jpg\"><img decoding=\"async\" class=\"alignnone size-full wp-image-5346\" src=\"https:\/\/konferenztechnik.de\/wp-content\/uploads\/2015\/02\/Bosch-CCS-1000-D-PCSAngebot.jpg\" alt=\"Acheter Bosch-CCS-1000 D\" width=\"940\" height=\"411\" title=\"\" srcset=\"https:\/\/konferenztechnik.de\/wp-content\/uploads\/2015\/02\/Bosch-CCS-1000-D-PCSAngebot.jpg 940w, https:\/\/konferenztechnik.de\/wp-content\/uploads\/2015\/02\/Bosch-CCS-1000-D-PCSAngebot-300x131.jpg 300w, https:\/\/konferenztechnik.de\/wp-content\/uploads\/2015\/02\/Bosch-CCS-1000-D-PCSAngebot-768x336.jpg 768w\" sizes=\"(max-width: 940px) 100vw, 940px\" \/><\/a><br \/>\nLe 10 f\u00e9vrier 2015, Bosch pr\u00e9sentera un nouveau syst\u00e8me de discussion num\u00e9rique au salon Integrated Systems Europe \u00e0 Amsterdam. Nous avons d\u00e9j\u00e0 pu tester l'installation sous toutes les coutures et sommes enthousiastes.<\/p>\n<p>Con\u00e7ue pour les r\u00e9unions et les \u00e9v\u00e9nements de petite et moyenne taille, cette nouvelle installation a marqu\u00e9 des points chez nous.<\/p>\n<p>Bosch propose un prix de lancement imbattable pour une nouvelle installation de discussion enti\u00e8rement r\u00e9ussie. Bosch souhaite faire conna\u00eetre rapidement cette installation sur le march\u00e9 international. Nous sommes convaincus par l'installation et c'est avec plaisir que nous vous faisons profiter de cet avantage.<br \/>\n[spacer size=\"20\u2033]<\/p>\n<h1>Offre de lancement Bosch\/PCS \u2013 Bosch CCS 1000 D Digital Discussion System<\/h1>\n<p>Deux interphones gratuits par set de 6, offre de lancement unique valable uniquement du 5 f\u00e9vrier au 5 mars 2015.<\/p>\n<p><a href=\"https:\/\/konferenztechnik.de\/wp-content\/uploads\/2015\/02\/Bosch-CCS-1000-D-PCSAngebot2.jpg\"><img decoding=\"async\" class=\"alignnone size-full wp-image-5350\" src=\"https:\/\/konferenztechnik.de\/wp-content\/uploads\/2015\/02\/Bosch-CCS-1000-D-PCSAngebot2.jpg\" alt=\"Bosch-CCS-1000 D Offre sp\u00e9ciale\" width=\"940\" height=\"411\" title=\"\" srcset=\"https:\/\/konferenztechnik.de\/wp-content\/uploads\/2015\/02\/Bosch-CCS-1000-D-PCSAngebot2.jpg 940w, https:\/\/konferenztechnik.de\/wp-content\/uploads\/2015\/02\/Bosch-CCS-1000-D-PCSAngebot2-300x131.jpg 300w, https:\/\/konferenztechnik.de\/wp-content\/uploads\/2015\/02\/Bosch-CCS-1000-D-PCSAngebot2-768x336.jpg 768w\" sizes=\"(max-width: 940px) 100vw, 940px\" \/><\/a><br \/>\nValable par set de base de 6 postes de discussion + prix pr\u00e9f\u00e9rentiel pour Control Unit, c\u00e2ble de rallonge et accessoires. Achetez le nouveau syst\u00e8me de discussion de Bosch \u00e0 un prix de lancement imbattable.<\/p>\n<p>Vous pouvez d\u00e9couvrir l'installation dans nos succursales. Du 10 f\u00e9vrier au 12 f\u00e9vrier, Bosch pr\u00e9sentera l'installation au salon ISE Integrated Systems Europe Amsterdam sur le stand 3-A81. N'h\u00e9sitez pas \u00e0 faire un essai avec nous. <a href=\"mailto:peschka@konferenztechnik.de?subject=Treffen auf der ISE Amsterdam\">Rendez-vous<\/a>.<\/p>\n<p><a href=\"https:\/\/www.iseurope.org\/home.php?navi=148&amp;clean_cat=search&amp;searchstring=bosch\" target=\"_blank\" rel=\"noopener\">Bosch avec le CCS 1000 D au salon ISE Integrated Systems Europe Amsterdam<\/a><\/p>\n<p>[spacer size=\"10\u2033]<\/p>\n<p><a style=\"line-height: 1.8em;\" title=\"\" href=\"\/fr\/bosch-ccs-1000-d\/\">Nouvelle pr\u00e9sentation Bosch CCS 1000 D<\/a><br \/>\n<a style=\"line-height: 1.8em;\" title=\"R\" href=\"\/fr\/bosch-ccs-1000-d-resultat-du-test\/\">R\u00e9sultat du test PCS Bosch CCS 1000 D<\/a><br \/>\n<a style=\"line-height: 1.8em;\" title=\"\" href=\"\/fr\/bosch-ccs-1000d-caracteristiques\/\">Gamme de puissance \/ caract\u00e9ristiques Bosch CCS 1000 D<\/a><br \/>\n<!--\n<b>Highend-Ausstattung zum Einsteigerpreis<\/b>\n[list icon=\"moon-checkmark-3\" color=\"#a62055\"]Exzellenter Klang und h\u00f6here Lautst\u00e4rken ohne R\u00fcckkopplung[\/list]\n[list icon=\"moon-checkmark-3\" color=\"#a62055\"]Kompakt, einfach aufzubauen, einfach zu bedienen[\/list]\n[list icon=\"moon-checkmark-3\" color=\"#a62055\"]Komfortable Aufzeichnung einfach auf den USB-Stick[\/list]\n[list icon=\"moon-checkmark-3\" color=\"#a62055\"]Steuerung der Anlage einach \u00fcber Tablet, Smartphone oder Web-Browser[\/list]\n[list icon=\"moon-checkmark-3\" color=\"#a62055\"]Integrierte, automatische Steuerung von DOM z. B. f\u00fcr Videokonferenzen[\/list]\n[spacer size=\"30\"]\n--><\/p>\n<p>[spacer size=\"20\u2033]<\/p>\n<p><!--\n\n<b>Zusatzangebot \u201eISE-Besuch\u201c \/ die Anlage auf der ISE kennenlernen<\/b>\n\nBesuchen Sie Bosch auf der ISE in Amsterdam. Bringen Sie unser PCS-Angebot als Ausdruck mit und Sie erhalten zus\u00e4tzlich 100 EUR Er\u00f6ffnungsrabatt.\n\nBesuchen Sie Bosch auf dem Stand 3-A81 und legen Sie dort unser Angebot zum Unterzeichnen vor und Sie erhalten im Aktionszeitraum nochmals zus\u00e4tzlich 100 EUR Preisnachlass auf Ihre erste Bestellung.\n\n* G\u00fcltig ab Abnahmemenge 1 Basiskoffer (5 + 1 for free) + 100 EUR ISE-Aktion. Angebot g\u00fcltig f\u00fcr den Gesamtzeitraum 5. Februar bis 31. M\u00e4rz, Abzeichnung Angebot nur auf der ISE m\u00f6glich.\n\nISE Integrated Systems Europe Amsterdam\n10.02.2015 - 12.02.2015\nAusstellung f\u00fcr professionelle AV Systemintegration &amp; elektronische Integration in Gesch\u00e4fts- und Wohngeb\u00e4uden\n\nBesuchen Sie Bosch und nutzen Sie die Chance, die Anlage kennenzulernen; Bosch CCS 1000 D, Stand 3-A81\n--><\/p>\n<p>[spacer size=\"20\u2033]<\/p>\n<h1>Vos contacts<\/h1>\n<p>[spacer size=\"20\u2033]<br \/>\n[column size=\"1-4\u2033 last=\"1\u2033]<br \/>\n[tabs style=\"2\u2033]<br \/>\n[tab title=\"Berlin\"]<br \/>\n<img loading=\"lazy\" decoding=\"async\" width=\"800\" height=\"533\" class=\"alignleft size-full wp-image-2301\" src=\"https:\/\/konferenztechnik.de\/wp-content\/uploads\/2013\/09\/gunnar_hermenau_pcs-gmbh.jpg\" alt=\"gunnar_hermenau_pcs-gmbh\" title=\"\" srcset=\"https:\/\/konferenztechnik.de\/wp-content\/uploads\/2013\/09\/gunnar_hermenau_pcs-gmbh.jpg 800w, https:\/\/konferenztechnik.de\/wp-content\/uploads\/2013\/09\/gunnar_hermenau_pcs-gmbh-300x200.jpg 300w, https:\/\/konferenztechnik.de\/wp-content\/uploads\/2013\/09\/gunnar_hermenau_pcs-gmbh-768x512.jpg 768w\" sizes=\"(max-width: 800px) 100vw, 800px\" \/><br \/>\nGunnar Hermenau<br \/>\nDirecteur de la succursale de Berlin<br \/>\nT\u00e9l. +49 30 6959690 14<br \/>\nCourrier \u00e9lectronique <a href=\"mailto:hermenau@konferenztechnik.de\">hermenau@konferenztechnik.de<\/a><br \/>\nCode QR <a title=\"Code QR Gunnar Hermenau\" href=\"https:\/\/konferenztechnik.de\/wp-content\/uploads\/2013\/09\/gunnar_hermenau_qrcode.png\">Afficher \u203a<\/a><br \/>\n[\/tab]<br \/>\n[\/tabs]<br \/>\n[\/column]<br \/>\n[column size=\"1-4\u2033 last=\"1\u2033]<br \/>\n[tabs style=\"2\u2033]<br \/>\n[tab title=\"Heilbronn\"]<br \/>\n<img loading=\"lazy\" decoding=\"async\" width=\"800\" height=\"533\" class=\"alignleft size-full wp-image-2289\" src=\"https:\/\/konferenztechnik.de\/wp-content\/uploads\/2013\/09\/carsten_adam_pcs-gmbh.jpg\" alt=\"carsten_adam_pcs-gmbh\" title=\"\" srcset=\"https:\/\/konferenztechnik.de\/wp-content\/uploads\/2013\/09\/carsten_adam_pcs-gmbh.jpg 800w, https:\/\/konferenztechnik.de\/wp-content\/uploads\/2013\/09\/carsten_adam_pcs-gmbh-300x200.jpg 300w, https:\/\/konferenztechnik.de\/wp-content\/uploads\/2013\/09\/carsten_adam_pcs-gmbh-768x512.jpg 768w\" sizes=\"(max-width: 800px) 100vw, 800px\" \/><br \/>\nCarsten Adam<br \/>\nDirecteur de la succursale de Heilbronn et Munich<br \/>\nT\u00e9l. +49 7131 278010 11<br \/>\nCourrier \u00e9lectronique <a href=\"mailto:adam@konferenztechnik.de\">adam@konferenztechnik.de<\/a><br \/>\nCode QR <a title=\"Code QR Carsten Adam\" href=\"https:\/\/konferenztechnik.de\/wp-content\/uploads\/2013\/09\/carsten_adam_qrcode.png\">Afficher \u203a<\/a><br \/>\n[\/tab]<br \/>\n[\/tabs]<br \/>\n[\/column]<\/p>\n<p>[column size=\"1-4\u2033 last=\"1\u2033]<br \/>\n[tabs style=\"2\u2033]<br \/>\n[tab title=\"D\u00fcsseldorf\"]<br \/>\n<a href=\"https:\/\/konferenztechnik.de\/wp-content\/uploads\/2013\/09\/dirk_neumann_pcs-gmbh.jpg\"><img loading=\"lazy\" decoding=\"async\" width=\"800\" height=\"533\" class=\"alignleft size-full wp-image-2297\" src=\"https:\/\/konferenztechnik.de\/wp-content\/uploads\/2013\/09\/dirk_neumann_pcs-gmbh.jpg\" alt=\"Dirk Neumann Directeur g\u00e9n\u00e9ral de PCS GmbH\" title=\"\" srcset=\"https:\/\/konferenztechnik.de\/wp-content\/uploads\/2013\/09\/dirk_neumann_pcs-gmbh.jpg 800w, https:\/\/konferenztechnik.de\/wp-content\/uploads\/2013\/09\/dirk_neumann_pcs-gmbh-300x200.jpg 300w, https:\/\/konferenztechnik.de\/wp-content\/uploads\/2013\/09\/dirk_neumann_pcs-gmbh-768x512.jpg 768w\" sizes=\"(max-width: 800px) 100vw, 800px\" \/><\/a><br \/>\nDirk Neumann<br \/>\nDirecteur g\u00e9n\u00e9ral<br \/>\nT\u00e9l. +49 211 737798 0<br \/>\nCourrier \u00e9lectronique <a href=\"mailto:vertrieb@konferenztechnik.de\">vertrieb@konferenztechnik.de<\/a><br \/>\nCode QR <a title=\"Code QR Dirk Neumann\" href=\"https:\/\/konferenztechnik.de\/wp-content\/uploads\/2013\/09\/dirk_neumann_qrcode.png\">Afficher \u203a<\/a>[\/tab]<br \/>\n[\/tabs]<br \/>\n[\/column]<\/p>\n<p>[spacer size=\"30\u2033]<\/p>\n<div class=\"weiterlinks\">\n<h1>Liens compl\u00e9mentaires :<\/h1>\n<ul>\n<li>\u203a <a title=\"Distribution\" href=\"\/fr\/distribution-de-materiel-de-conference-et-de-medias-audiovisuels\/\">Distribution de mat\u00e9riel de conf\u00e9rence et de m\u00e9dias<\/a><\/li>\n<li>\u203a <a title=\"Installation\" href=\"\/fr\/installation-et-integration-de-materiel-de-conference-et-de-systemes-media\/\">Installation et int\u00e9gration de mat\u00e9riel de conf\u00e9rence et de syst\u00e8mes multim\u00e9dias<\/a><\/li>\n<li>\u203a <a title=\"Encadrement d&#039;\u00e9v\u00e9nements multilingues\" href=\"\/fr\/services\/gestion-devenements-multilingues\/\">Encadrement d'\u00e9v\u00e9nements multilingues<\/a><\/li>\n<\/ul>\n<\/div>","protected":false},"excerpt":{"rendered":"<p>[column size=\"2-3\u2033 last=\"0\u2033] Acheter un CCS 1000 D Bosch \u2013 Offre de lancement : Syst\u00e8me de discussion num\u00e9rique Bosch CCS 1000 D [\/column] [column size=\"1-3\u2033 last=\"1\u2033] [\/column] Bosch pr\u00e9sentera un nouveau syst\u00e8me de discussion num\u00e9rique le 10 f\u00e9vrier 2015 au salon Integrated Systems Europe \u00e0 Amsterdam. Nous avons d\u00e9j\u00e0 pu tester l'installation sous toutes ses coutures et nous sommes enthousiastes. Le nouveau [...]<\/p>","protected":false},"author":1,"featured_media":45482,"parent":0,"menu_order":34,"comment_status":"closed","ping_status":"open","template":"","meta":{"_acf_changed":false,"footnotes":""},"class_list":["post-4984","page","type-page","status-publish","has-post-thumbnail","hentry"],"acf":[],"_links":{"self":[{"href":"https:\/\/konferenztechnik.de\/fr\/wp-json\/wp\/v2\/pages\/4984","targetHints":{"allow":["GET"]}}],"collection":[{"href":"https:\/\/konferenztechnik.de\/fr\/wp-json\/wp\/v2\/pages"}],"about":[{"href":"https:\/\/konferenztechnik.de\/fr\/wp-json\/wp\/v2\/types\/page"}],"author":[{"embeddable":true,"href":"https:\/\/konferenztechnik.de\/fr\/wp-json\/wp\/v2\/users\/1"}],"replies":[{"embeddable":true,"href":"https:\/\/konferenztechnik.de\/fr\/wp-json\/wp\/v2\/comments?post=4984"}],"version-history":[{"count":0,"href":"https:\/\/konferenztechnik.de\/fr\/wp-json\/wp\/v2\/pages\/4984\/revisions"}],"wp:featuredmedia":[{"embeddable":true,"href":"https:\/\/konferenztechnik.de\/fr\/wp-json\/wp\/v2\/media\/45482"}],"wp:attachment":[{"href":"https:\/\/konferenztechnik.de\/fr\/wp-json\/wp\/v2\/media?parent=4984"}],"curies":[{"name":"wp","href":"https:\/\/api.w.org\/{rel}","templated":true}]}}