{"id":5120,"date":"2015-02-02T20:06:57","date_gmt":"2015-02-02T19:06:57","guid":{"rendered":"https:\/\/konferenztechnik.de\/?page_id=5120"},"modified":"2023-09-01T11:47:03","modified_gmt":"2023-09-01T09:47:03","slug":"bosch-ccs-1000-d-resultat-du-test","status":"publish","type":"page","link":"https:\/\/konferenztechnik.de\/fr\/bosch-ccs-1000-d-resultat-du-test\/","title":{"rendered":"R\u00e9sultat du test CCS 1000 D de Bosch"},"content":{"rendered":"<h1>R\u00e9sultat du test CCS 1000 D de Bosch<\/h1>\n<p>Bosch fait la promotion de son nouveau syst\u00e8me de discussion avec le slogan \"compact et polyvalent\" et n'a pas fait trop de promesses. Le syst\u00e8me est id\u00e9al pour les d\u00e9butants, car il est intuitif et facile \u00e0 utiliser. Les professionnels ne doivent pas renoncer aux caract\u00e9ristiques et aux fonctions suppl\u00e9mentaires.<\/p>\n<p>L'installation est con\u00e7ue pour les petites et moyennes r\u00e9unions. Les packs de base ne pr\u00e9voient pas de longs chemins de c\u00e2bles, les lignes d'alimentation ou les c\u00e2bles permettant de franchir un couloir doivent \u00eatre planifi\u00e9s et command\u00e9s s\u00e9par\u00e9ment.<\/p>\n<p>&nbsp;<\/p>\n<p>Les postes d'interphonie<\/p>\n<p>Les postes d'interphonie sont de haute qualit\u00e9, robustes, stables et pourtant l\u00e9gers. Les mat\u00e9riaux sont en plastique et semblent r\u00e9sistants aux chocs et aux rayures et faciles \u00e0 nettoyer. Sur le plan technique, les interphones offrent beaucoup. Notamment une suppression du feedback de haute qualit\u00e9 \u2013 Le microphone et le haut-parleur peuvent \u00eatre utilis\u00e9s simultan\u00e9ment et sans couplage ni sifflement.<\/p>\n<p>Chaque poste offre deux fonctions : \"Possible to speak\u201d Anzeige\" (affichage de la possibilit\u00e9 de parler) et \"Request to speak\u201d Anzeige\" (affichage de la liste d'attente automatique), qui sont surtout utilis\u00e9es par des \u00e9quipes bien rod\u00e9es dans les salles de conf\u00e9rence d'entreprise.<\/p>\n<p><a href=\"https:\/\/konferenztechnik.de\/wp-content\/uploads\/2015\/02\/Bosch-CCS-1000-D-detail.jpg\"><img fetchpriority=\"high\" decoding=\"async\" class=\"alignnone size-full wp-image-5355\" src=\"https:\/\/konferenztechnik.de\/wp-content\/uploads\/2015\/02\/Bosch-CCS-1000-D-detail.jpg\" alt=\"Bosch-CCS-1000-D-detail R\u00e9sultat du test 01\" width=\"940\" height=\"411\" title=\"\" srcset=\"https:\/\/konferenztechnik.de\/wp-content\/uploads\/2015\/02\/Bosch-CCS-1000-D-detail.jpg 940w, https:\/\/konferenztechnik.de\/wp-content\/uploads\/2015\/02\/Bosch-CCS-1000-D-detail-300x131.jpg 300w, https:\/\/konferenztechnik.de\/wp-content\/uploads\/2015\/02\/Bosch-CCS-1000-D-detail-768x336.jpg 768w\" sizes=\"(max-width: 940px) 100vw, 940px\" \/><\/a><br \/>\nNom du produit :<br \/>\nCCSD-DS Microphone d\u00e9l\u00e9gu\u00e9 court<br \/>\nCCSD-DL Microphone d\u00e9l\u00e9gu\u00e9 long<\/p>\n<p>&nbsp;<\/p>\n<p>L'unit\u00e9 de base<\/p>\n<p>Le CU (Control Unit) est livr\u00e9 dans un bo\u00eetier en plastique, Bosch a renonc\u00e9 \u00e0 une version en m\u00e9tal, tout comme aux rails de montage 19\u2033 et aux connecteurs XLR professionnels. L'apparence, les connecteurs et l'utilisation rappellent davantage les lecteurs DVD que les installations UHF. Pour de nombreuses salles de conf\u00e9rence d'entreprise, c'est certainement la bonne d\u00e9cision. Dans ce cas, le CU ne doit pas \u00eatre install\u00e9 dans un chariot m\u00e9dia, mais peut facilement \u00eatre plac\u00e9 dans et sur des meubles \u00e0 caisson. Pour ceux qui souhaitent utiliser le CU dans le domaine de la location, nous proposons \u00e9galement le CU en kit de montage 19\u2033 et avec patchbay XLR. Pour les \u00e9v\u00e9nements internationaux et les r\u00e9unions multilingues, il n'y a pas de canaux de retour simultan\u00e9s disponibles.<\/p>\n<p><a href=\"https:\/\/konferenztechnik.de\/wp-content\/uploads\/2015\/02\/Bosch-CCS-1000-D-CU-detail.jpg\"><img decoding=\"async\" class=\"alignnone size-full wp-image-5356\" src=\"https:\/\/konferenztechnik.de\/wp-content\/uploads\/2015\/02\/Bosch-CCS-1000-D-CU-detail.jpg\" alt=\"Bosch-CCS-1000-D-CU-detail Test 02\" width=\"940\" height=\"411\" title=\"\" srcset=\"https:\/\/konferenztechnik.de\/wp-content\/uploads\/2015\/02\/Bosch-CCS-1000-D-CU-detail.jpg 940w, https:\/\/konferenztechnik.de\/wp-content\/uploads\/2015\/02\/Bosch-CCS-1000-D-CU-detail-300x131.jpg 300w, https:\/\/konferenztechnik.de\/wp-content\/uploads\/2015\/02\/Bosch-CCS-1000-D-CU-detail-768x336.jpg 768w\" sizes=\"(max-width: 940px) 100vw, 940px\" \/><\/a><br \/>\nNom du produit :<br \/>\nUnit\u00e9 de contr\u00f4le CCSD-CURD avec enregistrement audio et suppression du feedback<\/p>\n<p>&nbsp;<\/p>\n<p>Utilisation<\/p>\n<p>La commande s'effectue au moyen de touches \u00e0 effleurement avec une gradation grossi\u00e8re. L'entr\u00e9e audio (2x), le microphone, les pupitres (2 voies) peuvent ainsi \u00eatre \"mix\u00e9s\" au moyen du CU. Dans le domaine professionnel, le technicien r\u00e9glera les sorties individuelles avec une table de mixage audio s\u00e9par\u00e9e. Mais dans de nombreuses salles de conf\u00e9rence, le CU de Bosch peut tout \u00e0 fait remplacer une table de mixage suppl\u00e9mentaire.<\/p>\n<p>Enregistrement audio<\/p>\n<p>Nous sommes tous d'accord sur ce point. C'est une solution g\u00e9niale. Ins\u00e9rez la cl\u00e9 USB, appuyez sur enregistrement, emportez l'enregistrement. Enregistrement num\u00e9rique sur la m\u00e9moire interne : jusqu'\u00e0 8 heures, enregistrement num\u00e9rique avec une cl\u00e9 USB de 128 Go : jusqu'\u00e0 4000 heures en bonne qualit\u00e9 au format mp3.<\/p>\n<p>Verso<\/p>\n<p><a href=\"https:\/\/konferenztechnik.de\/wp-content\/uploads\/2015\/02\/CCURD-Bosch-CCS-1000-D.jpg\"><img decoding=\"async\" class=\"alignnone size-full wp-image-5370\" src=\"https:\/\/konferenztechnik.de\/wp-content\/uploads\/2015\/02\/CCURD-Bosch-CCS-1000-D.jpg\" alt=\"CCURD-Bosch-CCS-1000-D R\u00e9sultat du test 03\" width=\"940\" height=\"222\" title=\"\" srcset=\"https:\/\/konferenztechnik.de\/wp-content\/uploads\/2015\/02\/CCURD-Bosch-CCS-1000-D.jpg 940w, https:\/\/konferenztechnik.de\/wp-content\/uploads\/2015\/02\/CCURD-Bosch-CCS-1000-D-300x71.jpg 300w, https:\/\/konferenztechnik.de\/wp-content\/uploads\/2015\/02\/CCURD-Bosch-CCS-1000-D-768x181.jpg 768w\" sizes=\"(max-width: 940px) 100vw, 940px\" \/><\/a><\/p>\n<p>1. USB (mini)<\/p>\n<p>2. sortie audio, quatre canaux suppl\u00e9mentaires (enregistrement individuel et application en salle d'audience)<\/p>\n<p>3. sortie audio (2 x somme)<\/p>\n<p>4. entr\u00e9e audio (2 x somme)<\/p>\n<p>5. entr\u00e9e microphone (XLR)<\/p>\n<p>6. postes d'interphonie (2 circuits, fiche DIN)<\/p>\n<p>7. connexion LAN (connexion au Wlan, commande et programmation par PC, ordinateur portable, en option pour la commande sans fil)<\/p>\n<p>8. alimentation \u00e9lectrique (bloc d'alimentation externe)<\/p>\n<p>&nbsp;<\/p>\n<p>Utilisation du web via iPad et autres<\/p>\n<p>Bosch fait la promotion de l'installation avec une commande web simple. Celle-ci est effectivement auto-explicative et intuitive pour tous ceux qui savent utiliser une tablette. L'activation du microphone et les commandes sont faciles \u00e0 utiliser en parall\u00e8le par tout animateur de r\u00e9union. Les techniciens et les personnes qui comprennent la technique peuvent \u00e9galement commander des cam\u00e9ras HD. Aujourd'hui, les fabricants ne peuvent gu\u00e8re \u00e9viter la commande par tablette. Ce qui nous pla\u00eet chez Bosch, c'est que ce ne sont pas seulement les techniciens qui en profitent directement, mais aussi le pr\u00e9sident et tous les utilisateurs chez qui aucun technicien n'est disponible. Cela n'a jamais \u00e9t\u00e9 aussi simple avec cette installation. Ce qui nous pla\u00eet aussi : le design est simple, tous les \u00e9l\u00e9ments sont grands. Bosch renonce \u00e0 trop de graphiques et d'ic\u00f4nes, ce qui facilite l'utilisation.<\/p>\n<p>&nbsp;<\/p>\n<p>Domaines d'application<\/p>\n<p>Lors de grands \u00e9v\u00e9nements, o\u00f9 nous sommes entour\u00e9s d'une technique m\u00e9diatique professionnelle, la nouvelle installation de Bosch ne sera pas notre premier choix. Partout ailleurs, il faudra y penser. Il sera sans doute imbattable pour les d\u00e9butants et pour tous ceux qui envisagent d'acheter un syst\u00e8me de conf\u00e9rence pour la premi\u00e8re fois. Il est id\u00e9al pour \u00e9quiper les salles de conf\u00e9rence des entreprises. Pour tous ceux qui savent utiliser des lecteurs DVD et des tablettes, la CCS 1000 D de Bosch peut remplacer la technique compl\u00e9mentaire et les techniciens. Enregistrement audio, contr\u00f4le de la cam\u00e9ra et nouvelles fonctions intelligentes inclus. En location, l'installation est int\u00e9ressante, en raison de son \u00e9volutivit\u00e9 et de coffrets de transport tr\u00e8s bien r\u00e9solus.<\/p>\n<p>&nbsp;<\/p>\n<p>Conclusion<\/p>\n<p>Nous souhaitons bonne chance \u00e0 Bosch avec cette nouvelle installation. Le CCS 1000 D de Bosch tient les promesses du fabricant et peut en outre briller sur de nombreux points. Bosch utilise des technologies modernes (fonction d'enregistrement int\u00e9gr\u00e9e simple, commande intelligente du microphone, suppression efficace du larsen) et ce, \u00e0 des prix d'entr\u00e9e de gamme. L'impression d'\u00eatre chez soi et l'alimentation externe de l'unit\u00e9 de commande rendent l'utilisation plus difficile dans le secteur de la location \u00e0 grande \u00e9chelle, mais elle convient d'autant mieux aux r\u00e9unions d'entreprise et aux salles communales. Bosch propose ici une installation qui peut presque tout r\u00e9soudre avec brio.<br \/>\n<!--\n[spacer size=\"20\"]\n\n\n<h1>Ihre Ansprechpartner<\/h1>\n\n\n[spacer size=\"20\"]\n[column size=\"1-2\" last=\"0\"]\n[tabs style=\"2\"]\n[tab title=\"Berlin\"]\n<img loading=\"lazy\" decoding=\"async\" width=\"800\" height=\"533\" class=\"alignleft size-full wp-image-2301\" src=\"https:\/\/konferenztechnik.de\/wp-content\/uploads\/2013\/09\/gunnar_hermenau_pcs-gmbh.jpg\" alt=\"gunnar_hermenau_pcs-gmbh\" title=\"\" srcset=\"https:\/\/konferenztechnik.de\/wp-content\/uploads\/2013\/09\/gunnar_hermenau_pcs-gmbh.jpg 800w, https:\/\/konferenztechnik.de\/wp-content\/uploads\/2013\/09\/gunnar_hermenau_pcs-gmbh-300x200.jpg 300w, https:\/\/konferenztechnik.de\/wp-content\/uploads\/2013\/09\/gunnar_hermenau_pcs-gmbh-768x512.jpg 768w\" sizes=\"(max-width: 800px) 100vw, 800px\" \/>\nGunnar Hermenau\nNiederlassungsleiter Berlin\nTel. +49 30 6959690 14\nE-Mail <a href=\"mailto:hermenau@konferenztechnik.de\">hermenau@konferenztechnik.de<\/a>\nQR-Code <a title=\"QR-Code Gunnar Hermenau\" href=\"https:\/\/konferenztechnik.de\/wp-content\/uploads\/2013\/09\/gunnar_hermenau_qrcode.png\">\u203a anzeigen<\/a>\n[\/tab]\n[\/tabs]\n[\/column]\n[column size=\"1-2\" last=\"1\"]\n[tabs style=\"2\"]\n[tab title=\"Heilbronn\"]\n<img loading=\"lazy\" decoding=\"async\" width=\"800\" height=\"533\" class=\"alignleft size-full wp-image-2289\" src=\"https:\/\/konferenztechnik.de\/wp-content\/uploads\/2013\/09\/carsten_adam_pcs-gmbh.jpg\" alt=\"carsten_adam_pcs-gmbh\" title=\"\" srcset=\"https:\/\/konferenztechnik.de\/wp-content\/uploads\/2013\/09\/carsten_adam_pcs-gmbh.jpg 800w, https:\/\/konferenztechnik.de\/wp-content\/uploads\/2013\/09\/carsten_adam_pcs-gmbh-300x200.jpg 300w, https:\/\/konferenztechnik.de\/wp-content\/uploads\/2013\/09\/carsten_adam_pcs-gmbh-768x512.jpg 768w\" sizes=\"(max-width: 800px) 100vw, 800px\" \/>\nCarsten Adam\nNiederlassungsleiter Heilbronn und M\u00fcnchen\nTel. +49 7131 278010 11\nE-Mail <a href=\"mailto:adam@konferenztechnik.de\">adam@konferenztechnik.de<\/a>\nQR-Code <a title=\"QR-Code Carsten Adam\" href=\"https:\/\/konferenztechnik.de\/wp-content\/uploads\/2013\/09\/carsten_adam_qrcode.png\">\u203a anzeigen<\/a>\n[\/tab]\n[\/tabs]\n[\/column]\n\n[column size=\"1-2\" last=\"1\"]\n[tabs style=\"2\"]\n[tab title=\"D\u00fcsseldorf\"]\n<a href=\"https:\/\/konferenztechnik.de\/wp-content\/uploads\/2013\/09\/dirk_neumann_pcs-gmbh.jpg\"><img loading=\"lazy\" decoding=\"async\" width=\"800\" height=\"533\" class=\"alignleft size-full wp-image-2297\" src=\"https:\/\/konferenztechnik.de\/wp-content\/uploads\/2013\/09\/dirk_neumann_pcs-gmbh.jpg\" alt=\"Dirk Neumann Gesch\u00e4ftsf\u00fchrer PCS GmbH\" title=\"\" srcset=\"https:\/\/konferenztechnik.de\/wp-content\/uploads\/2013\/09\/dirk_neumann_pcs-gmbh.jpg 800w, https:\/\/konferenztechnik.de\/wp-content\/uploads\/2013\/09\/dirk_neumann_pcs-gmbh-300x200.jpg 300w, https:\/\/konferenztechnik.de\/wp-content\/uploads\/2013\/09\/dirk_neumann_pcs-gmbh-768x512.jpg 768w\" sizes=\"(max-width: 800px) 100vw, 800px\" \/><\/a>\nDirk Neumann\nGesch\u00e4ftsf\u00fchrer\nTel. +49 211 737798 0\nE-Mail <a href=\"mailto:vertrieb@konferenztechnik.de\">vertrieb@konferenztechnik.de<\/a>\nQR-Code <a title=\"QR-Code Dirk Neumann\" href=\"https:\/\/konferenztechnik.de\/wp-content\/uploads\/2013\/09\/dirk_neumann_qrcode.png\">\u203a anzeigen<\/a>[\/tab]\n[\/tabs]\n[\/column]\n--><br \/>\n[spacer size=\"20\u2033]<\/p>\n<p><a style=\"line-height: 1.8em;\" title=\"\" href=\"https:\/\/www.boschsecurity.com\/de\/\" target=\"_blank\" rel=\"noopener\">Site web du fabricant Bosch Security Systems<\/a><br \/>\n[spacer size=\"10\u2033]<br \/>\n<a style=\"line-height: 1.8em;\" title=\"\" href=\"\/fr\/bosch-ccs-1000-d\/\">Nouvelle pr\u00e9sentation Bosch CCS 1000 D<\/a><br \/>\n<a style=\"line-height: 1.8em;\" title=\"\" href=\"\/fr\/bosch-ccs-1000d-caracteristiques\/\">Gamme de puissance \/ caract\u00e9ristiques Bosch CCS 1000 D<\/a><br \/>\n[spacer size=\"30\u2033]<\/p>\n<div class=\"weiterlinks\">\n<h1>Liens compl\u00e9mentaires<\/h1>\n<ul>\n<li>\u203a <a title=\"Distribution\" href=\"\/fr\/distribution-de-materiel-de-conference-et-de-medias-audiovisuels\/\">Distribution de mat\u00e9riel de conf\u00e9rence et de m\u00e9dias<\/a><\/li>\n<li>\u203a <a title=\"Installation\" href=\"\/fr\/installation-et-integration-de-materiel-de-conference-et-de-systemes-media\/\">Installation et int\u00e9gration de mat\u00e9riel de conf\u00e9rence et de syst\u00e8mes multim\u00e9dias<\/a><\/li>\n<li>\u203a <a title=\"Encadrement d&#039;\u00e9v\u00e9nements multilingues\" href=\"\/fr\/services\/gestion-devenements-multilingues\/\">Encadrement d'\u00e9v\u00e9nements multilingues<\/a><\/li>\n<\/ul>\n<\/div>","protected":false},"excerpt":{"rendered":"<p>R\u00e9sultat du test du CCS 1000 D de Bosch Bosch fait la promotion de son nouveau syst\u00e8me de discussion avec le slogan \"compact et polyvalent\" et n'a pas fait trop de promesses. Le syst\u00e8me est id\u00e9al pour les d\u00e9butants, car il est intuitif et facile \u00e0 utiliser. Les professionnels ne doivent pas renoncer aux caract\u00e9ristiques et aux fonctions suppl\u00e9mentaires. L'installation est con\u00e7ue pour les petites et moyennes r\u00e9unions. Dans [...]<\/p>","protected":false},"author":1,"featured_media":45482,"parent":0,"menu_order":32,"comment_status":"closed","ping_status":"open","template":"","meta":{"_acf_changed":false,"footnotes":""},"class_list":["post-5120","page","type-page","status-publish","has-post-thumbnail","hentry"],"acf":[],"_links":{"self":[{"href":"https:\/\/konferenztechnik.de\/fr\/wp-json\/wp\/v2\/pages\/5120","targetHints":{"allow":["GET"]}}],"collection":[{"href":"https:\/\/konferenztechnik.de\/fr\/wp-json\/wp\/v2\/pages"}],"about":[{"href":"https:\/\/konferenztechnik.de\/fr\/wp-json\/wp\/v2\/types\/page"}],"author":[{"embeddable":true,"href":"https:\/\/konferenztechnik.de\/fr\/wp-json\/wp\/v2\/users\/1"}],"replies":[{"embeddable":true,"href":"https:\/\/konferenztechnik.de\/fr\/wp-json\/wp\/v2\/comments?post=5120"}],"version-history":[{"count":0,"href":"https:\/\/konferenztechnik.de\/fr\/wp-json\/wp\/v2\/pages\/5120\/revisions"}],"wp:featuredmedia":[{"embeddable":true,"href":"https:\/\/konferenztechnik.de\/fr\/wp-json\/wp\/v2\/media\/45482"}],"wp:attachment":[{"href":"https:\/\/konferenztechnik.de\/fr\/wp-json\/wp\/v2\/media?parent=5120"}],"curies":[{"name":"wp","href":"https:\/\/api.w.org\/{rel}","templated":true}]}}