{"id":5406,"date":"2015-02-09T13:31:50","date_gmt":"2015-02-09T12:31:50","guid":{"rendered":"https:\/\/konferenztechnik.de\/?page_id=5406"},"modified":"2023-09-01T11:46:48","modified_gmt":"2023-09-01T09:46:48","slug":"bosch-ccs-1000-d-caracteristiques","status":"publish","type":"page","link":"https:\/\/konferenztechnik.de\/fr\/bosch-ccs-1000-d-caracteristiques\/","title":{"rendered":"Caract\u00e9ristiques du CCS 1000 D Bosch"},"content":{"rendered":"<p>[column size=\"2-3\u2033 last=\"0\u2033]<\/p>\n<h1>Caract\u00e9ristiques : Syst\u00e8me de discussion num\u00e9rique Bosch CCS 1000 D<\/h1>\n<p>[\/column]<br \/>\n[column size=\"1-4\u2033 last=\"1\u2033]<br \/>\n<img decoding=\"async\" class=\"alignright size-full wp-image-3924\" src=\"https:\/\/konferenztechnik.de\/wp-content\/uploads\/2013\/11\/logo-pcs-selected-quality.png\" alt=\"Logo PCS Selected Quality\" width=\"143\" height=\"88\" title=\"\"><br \/>\n[\/column]<\/p>\n<p><a href=\"https:\/\/konferenztechnik.de\/wp-content\/uploads\/2015\/02\/Bosch-CCS-1000-D-features.jpg\"><img fetchpriority=\"high\" decoding=\"async\" class=\"alignnone size-full wp-image-5365\" src=\"https:\/\/konferenztechnik.de\/wp-content\/uploads\/2015\/02\/Bosch-CCS-1000-D-features.jpg\" alt=\"Bosch-CCS-1000-D-features\" width=\"940\" height=\"411\" title=\"\" srcset=\"https:\/\/konferenztechnik.de\/wp-content\/uploads\/2015\/02\/Bosch-CCS-1000-D-features.jpg 940w, https:\/\/konferenztechnik.de\/wp-content\/uploads\/2015\/02\/Bosch-CCS-1000-D-features-300x131.jpg 300w, https:\/\/konferenztechnik.de\/wp-content\/uploads\/2015\/02\/Bosch-CCS-1000-D-features-768x336.jpg 768w\" sizes=\"(max-width: 940px) 100vw, 940px\" \/><\/a><\/p>\n<p>Le tout nouveau CCS 1000 D convainc par sa simplicit\u00e9 et sa convivialit\u00e9, sans pour autant devoir renoncer aux derni\u00e8res innovations techniques. D\u00e9couvrez ici un aper\u00e7u de ses caract\u00e9ristiques.<\/p>\n<h2>Caract\u00e9ristiques du CCS 1000 D Bosch<\/h2>\n<p>[spacer size=\"20\u2033]<\/p>\n<div class=\"kasten\">\n<div class=\"kastenlinks\"><span class=\"zahl\">1.<\/span><\/div>\n<div class=\"kastenrechts\">\n<h1>Compact, facile \u00e0 monter, simple \u00e0 utiliser<\/h1>\n<p>\u2013 Plug and play<br \/>\n\u2013 Aucune formation requise<br \/>\n\u2013 Installation simple et directe<br \/>\n\u2013 Pas de configuration \u00e9tendue n\u00e9cessaire<\/p>\n<\/div>\n<p>[clear]<\/p>\n<\/div>\n<p>[spacer size=\"20\u2033]<\/p>\n<div class=\"kasten\">\n<div class=\"kastenlinks\"><span class=\"zahl\">2.<\/span><\/div>\n<div class=\"kastenrechts\">\n<h1>Un bon son et des volumes plus \u00e9lev\u00e9s sans larsen<\/h1>\n<p>\u2013 haut-parleur et microphone actifs en m\u00eame temps<br \/>\n\u2013 Suppresseur de Larsen num\u00e9rique int\u00e9gr\u00e9 (DAFS)<br \/>\n\u2013 Excellente intelligibilit\u00e9 de la parole pour tous les participants<\/p>\n<\/div>\n<p>[clear]<\/p>\n<\/div>\n<p>[spacer size=\"20\u2033]<\/p>\n<div class=\"kasten\">\n<div class=\"kastenlinks\"><span class=\"zahl\">3.<\/span><\/div>\n<div class=\"kastenrechts\">\n<h1>Enregistrement confortable<\/h1>\n<p>\u2013 Enregistrement num\u00e9rique sur la m\u00e9moire interne : jusqu'\u00e0 8 heures<br \/>\n\u2013 Enregistrement num\u00e9rique avec cl\u00e9 USB de 128 Go : jusqu'\u00e0 4000 heures<\/p>\n<\/div>\n<p>[clear]<\/p>\n<\/div>\n<p>[spacer size=\"20\u2033]<\/p>\n<div class=\"kasten\">\n<div class=\"kastenlinks\"><span class=\"zahl\">4.<\/span><\/div>\n<div class=\"kastenrechts\">\n<h1>Interface web simple pour une configuration et un contr\u00f4le avanc\u00e9s<\/h1>\n<p>\u2013 Possibilit\u00e9s de r\u00e9glage \u00e9tendues pour les techniciens<br \/>\n\u2013 Contr\u00f4le intuitif du microphone pour le pr\u00e9sident<br \/>\n\u2013 Contr\u00f4ler et enregistrer la discussion<\/p>\n<\/div>\n<p>[clear]<\/p>\n<\/div>\n<p>[spacer size=\"20\u2033]<\/p>\n<div class=\"kasten\">\n<div class=\"kastenlinks\"><span class=\"zahl\">5.<\/span><\/div>\n<div class=\"kastenrechts\">\n<h1>Soutien naturel du contr\u00f4le automatique de la cam\u00e9ra<\/h1>\n<p>\u2013 Support standard pour jusqu'\u00e0 6 cam\u00e9ras HD Conference Dome<br \/>\n\u2013 Configuration via un navigateur web, aucun logiciel suppl\u00e9mentaire requis<br \/>\n\u2013 Repr\u00e9sentation cristalline de l'orateur actif<\/p>\n<\/div>\n<p>[clear]<\/p>\n<\/div>\n<p><span style=\"font-size: 2.0em;\"><br \/>\n+<br \/>\n<\/span><\/p>\n<div class=\"kasten\">\n<div class=\"kastenlinks\"><span class=\"zahl\">6.<\/span><\/div>\n<div class=\"kastenrechts\">\n<p>\u2013 Affichage unique \"Possible to speak\u201d (possibilit\u00e9 de parler)<br \/>\n\u2013 \"Request to speak\u201d Affichage (liste d'attente automatique)<br \/>\n\u2013 Mode d'\u00e9conomie d'\u00e9nergie<br \/>\n\u2013 R\u00e9sistant \u00e0 la liti\u00e8re contre les t\u00e9l\u00e9phones portables et les smartphones (immunit\u00e9 GSM)<\/p>\n<\/div>\n<p>[clear]<\/p>\n<\/div>\n<p>[spacer size=\"40\u2033]<\/p>\n<p>Liens vers le syst\u00e8me de conf\u00e9rence Bosch CCS 1000 D<\/p>\n<p>&amp;#x9B ; <a style=\"line-height: 1.5em;\" title=\"\" href=\"\/fr\/bosch-ccs-1000-d-resultat-du-test\/\">R\u00e9sultat du test PCS Bosch CCS 1000 D<\/a><br \/>\n&amp;#x9B ; <a style=\"line-height: 1.8em;\" title=\"\" href=\"\/fr\/bosch-ccs-1000-d\/\">Nouvelle pr\u00e9sentation Bosch CCS 1000 D<\/a><\/p>\n<p>[spacer size=\"40\u2033]<\/p>\n<div class=\"weiterlinks\">\n<h1>Liens compl\u00e9mentaires :<\/h1>\n<ul>\n<li>\u203a <a title=\"Distribution\" href=\"\/fr\/distribution-de-materiel-de-conference-et-de-medias-audiovisuels\/\">Distribution de mat\u00e9riel de conf\u00e9rence et de m\u00e9dias<\/a><\/li>\n<li>\u203a <a title=\"Installation\" href=\"\/fr\/installation-et-integration-de-materiel-de-conference-et-de-systemes-media\/\">Installation et int\u00e9gration de mat\u00e9riel de conf\u00e9rence et de syst\u00e8mes multim\u00e9dias<\/a><\/li>\n<li>\u203a <a title=\"Encadrement d&#039;\u00e9v\u00e9nements multilingues\" href=\"\/fr\/services\/gestion-devenements-multilingues\/\">Encadrement d'\u00e9v\u00e9nements multilingues<\/a><\/li>\n<\/ul>\n<\/div>","protected":false},"excerpt":{"rendered":"<p>[column size=\"2-3\u2033 last=\"0\u2033] Caract\u00e9ristiques : Digital Discussion System Bosch CCS 1000 D [\/column] [column size=\"1-3\u2033 last=\"1\u2033] [\/column] Le tout nouveau CCS 1000 D convainc par sa simplicit\u00e9 et sa convivialit\u00e9, et ce, sans devoir renoncer aux derni\u00e8res innovations techniques. Procurez-vous ici un aper\u00e7u de ses caract\u00e9ristiques. Caract\u00e9ristiques du Bosch CCS 1000 D [spacer size=\"20\u2033] 1. [...]<\/p>","protected":false},"author":1,"featured_media":45482,"parent":0,"menu_order":31,"comment_status":"closed","ping_status":"open","template":"","meta":{"_acf_changed":false,"footnotes":""},"class_list":["post-5406","page","type-page","status-publish","has-post-thumbnail","hentry"],"acf":[],"_links":{"self":[{"href":"https:\/\/konferenztechnik.de\/fr\/wp-json\/wp\/v2\/pages\/5406","targetHints":{"allow":["GET"]}}],"collection":[{"href":"https:\/\/konferenztechnik.de\/fr\/wp-json\/wp\/v2\/pages"}],"about":[{"href":"https:\/\/konferenztechnik.de\/fr\/wp-json\/wp\/v2\/types\/page"}],"author":[{"embeddable":true,"href":"https:\/\/konferenztechnik.de\/fr\/wp-json\/wp\/v2\/users\/1"}],"replies":[{"embeddable":true,"href":"https:\/\/konferenztechnik.de\/fr\/wp-json\/wp\/v2\/comments?post=5406"}],"version-history":[{"count":0,"href":"https:\/\/konferenztechnik.de\/fr\/wp-json\/wp\/v2\/pages\/5406\/revisions"}],"wp:featuredmedia":[{"embeddable":true,"href":"https:\/\/konferenztechnik.de\/fr\/wp-json\/wp\/v2\/media\/45482"}],"wp:attachment":[{"href":"https:\/\/konferenztechnik.de\/fr\/wp-json\/wp\/v2\/media?parent=5406"}],"curies":[{"name":"wp","href":"https:\/\/api.w.org\/{rel}","templated":true}]}}