{"id":5760,"date":"2015-06-24T14:06:19","date_gmt":"2015-06-24T13:06:19","guid":{"rendered":"https:\/\/konferenztechnik.de\/?page_id=5760"},"modified":"2023-09-01T13:06:15","modified_gmt":"2023-09-01T11:06:15","slug":"cabine-dinterpretation","status":"publish","type":"page","link":"https:\/\/konferenztechnik.de\/fr\/cabine-dinterpretation\/","title":{"rendered":"Cabine d'interpr\u00e9tation"},"content":{"rendered":"<h1>Cabines d'interpr\u00e9tation \u2013 Location et vente<\/h1>\n<p>[spacer size=\"30\u2033]<br \/>\n[rev_slider Cabine d'interpr\u00e9tation]<br \/>\n[spacer size=\"30\u2033]<br \/>\n[column size=\"1-4\u2033 last=\"1\u2033]<br \/>\nChez PCS, vous ne recevez que des cabines d'interpr\u00e9tation Audipack de haute qualit\u00e9, professionnelles et parfaitement entretenues. Les cabines de la s\u00e9rie Audipack Silent se caract\u00e9risent par une flexibilit\u00e9 et une mobilit\u00e9 extr\u00eames.<\/p>\n<p>Les cabines r\u00e9pondent aux normes industrielles les plus strictes et d\u00e9passent m\u00eame les exigences \u00e9lev\u00e9es de la norme ISO 4043 gr\u00e2ce \u00e0 leur isolation acoustique.<\/p>\n<p>Les cabines d'interpr\u00e9tation sont modulaires et peuvent \u00eatre facilement mont\u00e9es et d\u00e9mont\u00e9es par nos techniciens.<br \/>\n[\/column]<\/p>\n<p>[column size=\"1-4\u2033 last=\"1\u2033]<\/p>\n<p>La cabine d'interpr\u00e9tation est \u00e9quip\u00e9e d'une table et d'une ventilation active. La couleur standard est le gris clair. Comme les cabines sont conformes \u00e0 la norme ISO 4043 pour les cabines d'interpr\u00e9tation mobiles, elles r\u00e9pondent aux exigences de nombreux appels d'offres, notamment au niveau europ\u00e9en.<\/p>\n<p>Nos cabines sont con\u00e7ues de mani\u00e8re standard pour deux personnes, mais elles peuvent facilement \u00eatre agrandies pour accueillir plus de personnes.<br \/>\n[\/column]<br \/>\n[spacer size=\"30\u2033]<br \/>\n[column size=\"1-4\u2033 last=\"1\u2033]<br \/>\nPoints forts :<\/p>\n<p>[v_icon color=\"#a5186d\" size=\"18px\" target=\"_blank\" name=\"moon-checkmark-3\u2033] Montage et d\u00e9montage faciles, utilisation mobile<br \/>\n[v_icon color=\"#a5186d\" size=\"18px\" target=\"_blank\" name=\"moon-checkmark-3\u2033] Conforme \u00e0 la norme ISO 4043<br \/>\n[v_icon color=\"#a5186d\" size=\"18px\" target=\"_blank\" name=\"moon-checkmark-3\u2033] Extensible jusqu'\u00e0 quatre personnes<br \/>\n[v_icon color=\"#a5186d\" size=\"18px\" target=\"_blank\" name=\"moon-checkmark-3\u2033] Ventilation active<br \/>\n[\/column]<\/p>\n<p>[column size=\"1-4\u2033 last=\"1\u2033]<br \/>\nSp\u00e9cifications :<\/p>\n<p>[v_icon color=\"#a5186d\" size=\"18px\" target=\"_blank\" name=\"moon-circle-small\"] Couleur : gris clair (correspond approximativement \u00e0 RAL 7042)<br \/>\n[v_icon color=\"#a5186d\" size=\"18px\" target=\"_blank\" name=\"moon-circle-small\"] dimensions ext\u00e9rieures : 1682 x 1682 x 2041 mm<br \/>\n[v_icon color=\"#a5186d\" size=\"18px\" target=\"_blank\" name=\"moon-circle-small\"] dimensions int\u00e9rieures : 1600 x 1600 x 2000 mm<br \/>\n[v_icon color=\"#a5186d\" size=\"18px\" target=\"_blank\" name=\"moon-circle-small\"] poids : environ 210 kg<br \/>\n[\/column]<\/p>\n<p>[spacer size=\"30\u2033]<\/p>\n<p>[clear]<\/p>\n<h1>Personne de contact<\/h1>\n<p>[spacer size=\"20\u2033]<\/p>\n<p>[column size=\"1-4\u2033 last=\"1\u2033]<br \/>\n[tabs style=\"2\u2033]<br \/>\n[tab title=\"Location et vente \"]<br \/>\n<img fetchpriority=\"high\" decoding=\"async\" width=\"800\" height=\"533\" src=\"https:\/\/konferenztechnik.de\/wp-content\/uploads\/2013\/09\/christian_becker_pcs-gmbh.jpg\" alt=\"christian_becker_pcs-gmbh\" class=\"alignleft size-full wp-image-2293\" title=\"\" srcset=\"https:\/\/konferenztechnik.de\/wp-content\/uploads\/2013\/09\/christian_becker_pcs-gmbh.jpg 800w, https:\/\/konferenztechnik.de\/wp-content\/uploads\/2013\/09\/christian_becker_pcs-gmbh-300x200.jpg 300w, https:\/\/konferenztechnik.de\/wp-content\/uploads\/2013\/09\/christian_becker_pcs-gmbh-768x512.jpg 768w\" sizes=\"(max-width: 800px) 100vw, 800px\" \/><br \/>\nChristian Becker<br \/>\nResponsable du secteur Location Ouest<br \/>\nT\u00e9l. +49 211 737798 17<br \/>\nCourrier \u00e9lectronique <a href=\"mailto:becker@konferenztechnik.de\">becker@konferenztechnik.de<\/a><br \/>\nCode QR <a href=\"https:\/\/konferenztechnik.de\/wp-content\/uploads\/2013\/09\/christian_becker_qrcode.png\" title=\"Code QR Christian Becker\">&amp;#x9B ; afficher<\/a><br \/>\n[\/tab]<br \/>\n[\/tabs]<br \/>\n[\/column]<\/p>\n<p>[spacer size=\"30\u2033]<\/p>\n<div class=\"weiterlinks\">\n<h1>Liens compl\u00e9mentaires :<\/h1>\n<ul>\n<li>\u203a <a title=\"R\u00e9f\u00e9rences\" href=\"\/fr\/a-propos-de-nous-2\/liste-de-reference-evenement\/\">R\u00e9f\u00e9rences assistance et location<\/a><\/li>\n<li>\u203a <a title=\"10 bonnes raisons de choisir PCS\" href=\"\/fr\/a-propos-de-nous-2\/10-bonnes-raisons-pour-les-pc\/\">10 bonnes raisons de choisir PCS<\/a><\/li>\n<li>\u203a <a title=\"Encadrement d&#039;\u00e9v\u00e9nements multilingues\" href=\"\/fr\/gestion-devenements-multilingues\/\">Encadrement d'\u00e9v\u00e9nements multilingues<\/a><\/li>\n<\/ul>\n<\/div>","protected":false},"excerpt":{"rendered":"<p>Dolmetscherkabinen &#8211; Vermietung und Verkauf [spacer size=&#8220;30&#8243;] [rev_slider Dolmetscherkabine] [spacer size=&#8220;30&#8243;] [column size=&#8220;1-2&#8243; last=&#8220;0&#8243;] Bei PCS erhalten Sie nur qualitativ hochwertige, pofessionelle und bestens gewartete Dolmetschkabinen der Firma Audipack. Die Kabinen der Audipack Silent Serie zeichnen sich durch \u00e4u\u00dferste Flexibilit\u00e4t und Mobilit\u00e4t aus. Die Kabinen entsprechen h\u00f6chsten industriellen Standards und \u00fcbertreffen mit ihrer akustischen D\u00e4mmung [&hellip;]<\/p>","protected":false},"author":1,"featured_media":45482,"parent":0,"menu_order":40,"comment_status":"closed","ping_status":"open","template":"","meta":{"_acf_changed":false,"footnotes":""},"class_list":["post-5760","page","type-page","status-publish","has-post-thumbnail","hentry"],"acf":[],"_links":{"self":[{"href":"https:\/\/konferenztechnik.de\/fr\/wp-json\/wp\/v2\/pages\/5760","targetHints":{"allow":["GET"]}}],"collection":[{"href":"https:\/\/konferenztechnik.de\/fr\/wp-json\/wp\/v2\/pages"}],"about":[{"href":"https:\/\/konferenztechnik.de\/fr\/wp-json\/wp\/v2\/types\/page"}],"author":[{"embeddable":true,"href":"https:\/\/konferenztechnik.de\/fr\/wp-json\/wp\/v2\/users\/1"}],"replies":[{"embeddable":true,"href":"https:\/\/konferenztechnik.de\/fr\/wp-json\/wp\/v2\/comments?post=5760"}],"version-history":[{"count":0,"href":"https:\/\/konferenztechnik.de\/fr\/wp-json\/wp\/v2\/pages\/5760\/revisions"}],"wp:featuredmedia":[{"embeddable":true,"href":"https:\/\/konferenztechnik.de\/fr\/wp-json\/wp\/v2\/media\/45482"}],"wp:attachment":[{"href":"https:\/\/konferenztechnik.de\/fr\/wp-json\/wp\/v2\/media?parent=5760"}],"curies":[{"name":"wp","href":"https:\/\/api.w.org\/{rel}","templated":true}]}}