{"id":5827,"date":"2015-10-12T11:52:48","date_gmt":"2015-10-12T10:52:48","guid":{"rendered":"https:\/\/konferenztechnik.de\/?page_id=5827"},"modified":"2024-12-04T13:34:56","modified_gmt":"2024-12-04T12:34:56","slug":"carriere","status":"publish","type":"page","link":"https:\/\/konferenztechnik.de\/fr\/carriere\/","title":{"rendered":"Emplois"},"content":{"rendered":"<p>[spacer size=\"20\u2033]<br \/>\n[column size=\"3-4\u2033 last=\"0\u2033]<\/p>\n<h1>Emplois, offres d'emploi et places de formation chez PCS GmbH<\/h1>\n<p>PCS GmbH est une entreprise de formation. Nous formons des sp\u00e9cialistes en technique \u00e9v\u00e9nementielle, des sp\u00e9cialistes en logistique de stockage et des agents commerciaux en \u00e9v\u00e9nementiel. Vous \u00eates int\u00e9ress\u00e9(e) ? Vous trouverez ici tous les postes vacants.<\/p>\n<p>De plus, nous sommes toujours \u00e0 la recherche de collaborateurs qualifi\u00e9s. Si aucun poste ne vous convient, n'h\u00e9sitez pas \u00e0 nous envoyer une candidature spontan\u00e9e.<\/p>\n<p>Les candidatures pour Munich et D\u00fcsseldorf sont \u00e0 envoyer \u00e0 Thorsten Gei\u00dfler :<br \/>\n<a href=\"mailto:geissler@konferenztechnik.de\">geissler@konferenztechnik.de<\/a><\/p>\n<p>Pour Berlin, veuillez envoyer votre candidature \u00e0 Gunnar Hermenau :<br \/>\n<a href=\"mailto:hermenau@konferenztechnik.de\">hermenau@konferenztechnik.de<\/a><\/p>\n<p>N'h\u00e9sitez pas \u00e0 nous contacter si vous avez des questions sur nos offres d'emploi et de formation.<\/p>\n<p>[\/column]<\/p>\n<p>[column size=\"1-4\u2033 last=\"1\u2033]<\/p>\n<p>[\/column]<\/p>\n<h2><b>Offres d'emploi actuelles<\/b><\/h2>\n<p>[spacer size=\"20\u2033]<br \/>\n[column size=\"1-4\u2033 last=\"1\u2033]<br \/>\n<a href=\"https:\/\/konferenztechnik.de\/jobs\/fachkraft-fuer-veranstaltungstechnik-d-w-m-gesucht\/\"><\/a><\/p>\n<p><a href=\"https:\/\/konferenztechnik.de\/jobs\/fachkraft-fuer-veranstaltungstechnik-d-w-m-gesucht\/\"><\/p>\n<h3><b>Sp\u00e9cialiste en technique \u00e9v\u00e9nementielle (h\/f),<br \/>\nIng\u00e9nieurs \u00e9v\u00e9nementiels, techniciens des m\u00e9dias audiovisuels*.<br \/>\nD\u00fcsseldorf<\/b><\/h3>\n<p><\/a><a href=\"https:\/\/konferenztechnik.de\/jobs\/fachkraft-fuer-veranstaltungstechnik-d-w-m-gesucht\/\"><\/a><\/p>\n<p>Nous recherchons pour notre site de D\u00fcsseldorf des techniciens* issus de diff\u00e9rents domaines de la technique \u00e9v\u00e9nementielle pour nous assister dans la r\u00e9alisation technique de conf\u00e9rences et d'\u00e9v\u00e9nements.<\/p>\n<p>[button link=\"https:\/\/www.konferenztechnik.de\/jobs\/fachkraft-fuer-veranstaltungstechnik-d-w-m-gesucht\/\" target=\"self\" color=\"#a62055\u2033 text=\"light\"]Informations et candidature[\/button]<br \/>\n[\/column]<\/p>\n<p>[column size=\"1-4\u2033 last=\"1\u2033]<br \/>\n<a href=\"https:\/\/konferenztechnik.de\/fr\/specialiste-en-technique-de-levenementiel-d-w-m-a-berlin-recherche-2\/\"><\/a><\/p>\n<p><a href=\"https:\/\/konferenztechnik.de\/fr\/specialiste-en-technique-de-levenementiel-d-w-m-a-berlin-recherche-2\/\"><\/p>\n<h3><b>Sp\u00e9cialiste en technique \u00e9v\u00e9nementielle (h\/f),<br \/>\nIng\u00e9nieurs \u00e9v\u00e9nementiels, techniciens des m\u00e9dias audiovisuels*.<br \/>\nBerlin<\/b><\/h3>\n<p><\/a><a href=\"https:\/\/konferenztechnik.de\/fr\/specialiste-en-technique-de-levenementiel-d-w-m-a-berlin-recherche-2\/\"><\/a><\/p>\n<p>Nous recherchons d\u00e8s \u00e0 pr\u00e9sent des techniciens* issus de diff\u00e9rents domaines de la technique \u00e9v\u00e9nementielle pour notre site de Berlin, afin de nous aider dans la r\u00e9alisation technique de conf\u00e9rences et d'\u00e9v\u00e9nements.<\/p>\n<p>[button link=\"https:\/\/www.konferenztechnik.de\/fachkraft-fuer-veranstaltungstechnik-d-w-m-in-berlin-gesucht\/\" target=\"self\" color=\"#a62055\u2033 text=\"light\"]Informations et candidature[\/button]<br \/>\n[\/column]<\/p>\n<p>[column size=\"1-4\u2033 last=\"1\u2033]<br \/>\n<a href=\"https:\/\/konferenztechnik.de\/fr\/specialiste-de-levenementiel-d-w-m-a-muenchen-2\/\"><\/a><\/p>\n<p><a href=\"https:\/\/konferenztechnik.de\/fr\/specialiste-de-levenementiel-d-w-m-a-muenchen-2\/\"><\/p>\n<h3><b>Sp\u00e9cialiste en technique \u00e9v\u00e9nementielle (h\/f),<br \/>\nIng\u00e9nieurs \u00e9v\u00e9nementiels, techniciens des m\u00e9dias audiovisuels*.<br \/>\nMunich<\/b><\/h3>\n<p><\/a><a href=\"https:\/\/konferenztechnik.de\/fr\/specialiste-de-levenementiel-d-w-m-a-muenchen-2\/\"><\/a><\/p>\n<p>Nous recherchons d\u00e8s \u00e0 pr\u00e9sent des techniciens* issus de diff\u00e9rents domaines de la technique \u00e9v\u00e9nementielle pour notre site de Munich, afin de nous aider dans la r\u00e9alisation technique de conf\u00e9rences et d'\u00e9v\u00e9nements.<\/p>\n<p>[button link=\"https:\/\/www.konferenztechnik.de\/fachkraft-fuer-veranstaltungstechnik-d-w-m-in-muenchen-gesucht\/\" target=\"self\" color=\"#a62055\u2033 text=\"light\"]Informations et candidature[\/button]<br \/>\n[\/column]<\/p>\n<p>[spacer size=\"50\u2033]<\/p>\n<p>[column size=\"1-4\u2033 last=\"1\u2033]<br \/>\n<a href=\"https:\/\/konferenztechnik.de\/jobs\/buero-servicekraft-m-w-d-gesucht\/\"><\/a><\/p>\n<p><a href=\"https:\/\/konferenztechnik.de\/jobs\/buero-servicekraft-m-w-d-gesucht\/\"><\/p>\n<h3><b>Recherche d'un employ\u00e9 de bureau (h\/f)<br \/>\nBerlin<\/b><\/h3>\n<p><\/a><a href=\"https:\/\/konferenztechnik.de\/jobs\/buero-servicekraft-m-w-d-gesucht\/\"><\/a><\/p>\n<p>Nous recherchons pour notre site de Berlin un(e) agent(e) de service au bureau pour organiser notre bureau et nos studios d'interpr\u00e9tation avant et apr\u00e8s les r\u00e9unions et les conf\u00e9rences.<\/p>\n<p>[button link=\"https:\/\/www.konferenztechnik.de\/jobs\/buero-servicekraft-m-w-d-gesucht\/\" target=\"self\" color=\"#a62055\u2033 text=\"light\"]Informations et candidature[\/button]<br \/>\n[\/column]<\/p>\n<p>[column size=\"1-4\u2033 last=\"1\u2033]<br \/>\n<a href=\"https:\/\/konferenztechnik.de\/jobs\/technische-hilfskraft-m-w-d-fuer-kommissionierung-und-transport-gesucht\/\"><\/a><\/p>\n<p><a href=\"https:\/\/konferenztechnik.de\/jobs\/technische-hilfskraft-m-w-d-fuer-kommissionierung-und-transport-gesucht\/\"><\/p>\n<h3><b>Recherche d'un assistant technique (m\/f) pour la pr\u00e9paration de commandes et le transport<br \/>\nBerlin<\/b><\/h3>\n<p><\/a><a href=\"https:\/\/konferenztechnik.de\/jobs\/technische-hilfskraft-m-w-d-fuer-kommissionierung-und-transport-gesucht\/\"><\/a><\/p>\n<p>Nous recherchons un(e) assistant(e) technique pour nous aider \u00e0 pr\u00e9parer les commandes dans notre entrep\u00f4t, \u00e0 effectuer les transports et \u00e0 monter et d\u00e9monter les installations techniques.<\/p>\n<p>[button link=\"https:\/\/www.konferenztechnik.de\/jobs\/technische-hilfskraft-m-w-d-fuer-kommissionierung-und-transport-gesucht\/\" target=\"self\" color=\"#a62055\u2033 text=\"light\"]Informations et candidature[\/button]<br \/>\n[\/column]<\/p>\n<p>[column size=\"1-4\u2033 last=\"1\u2033]<br \/>\n<a href=\"https:\/\/konferenztechnik.de\/jobs\/technikerin-m-w-d-fuer-den-bereich-kommissionierung-und-transport-gesucht\/\"><\/a><\/p>\n<p><a href=\"https:\/\/konferenztechnik.de\/jobs\/technikerin-m-w-d-fuer-den-bereich-kommissionierung-und-transport-gesucht\/\"><\/p>\n<h3><b>Technicien* recherch\u00e9 pour le secteur de la pr\u00e9paration des commandes et du transport<br \/>\nBerlin<\/b><\/h3>\n<p><\/a><a href=\"https:\/\/konferenztechnik.de\/jobs\/technikerin-m-w-d-fuer-den-bereich-kommissionierung-und-transport-gesucht\/\"><\/a><\/p>\n<p>Nous recherchons un(e) technicien(ne) pour nous aider \u00e0 pr\u00e9parer les commandes dans notre entrep\u00f4t, \u00e0 effectuer les transports et \u00e0 monter et d\u00e9monter les installations techniques.<\/p>\n<p>[button link=\"https:\/\/www.konferenztechnik.de\/jobs\/technikerin-m-w-d-fuer-den-bereich-kommissionierung-und-transport-gesucht\/\" target=\"self\" color=\"#a62055\u2033 text=\"light\"]Informations et candidature[\/button]<br \/>\n[\/column]<\/p>\n<p>[spacer size=\"30\u2033]<\/p>\n<hr>\n<p>[spacer size=\"30\u2033]<\/p>\n<h2><b>Places d'apprentissage pour 2023 \u2013 Formation chez PCS konferenztechnik.de<\/b><\/h2>\n<p>Nous recherchons des apprentis pour l'ann\u00e9e de formation 2023. Nous attendons avec impatience vos candidatures !<\/p>\n<p>[spacer size=\"20\u2033]<\/p>\n<p>[column size=\"1-4\u2033 last=\"1\u2033]<br \/>\n<a href=\"https:\/\/konferenztechnik.de\/fr\/formation-dagent-technique-devenementiel-m-w-d-a-duesseldorf-2\/\"><\/a><\/p>\n<p><a href=\"https:\/\/konferenztechnik.de\/fr\/formation-dagent-technique-devenementiel-m-w-d-a-duesseldorf-2\/\"><\/p>\n<h3><b>Place d'apprentissage de sp\u00e9cialiste en technique \u00e9v\u00e9nementielle (d\/w\/m)<br \/>\nD\u00fcsseldorf<\/b><\/h3>\n<p><\/a><a href=\"https:\/\/konferenztechnik.de\/fr\/formation-dagent-technique-devenementiel-m-w-d-a-duesseldorf-2\/\"><\/a><\/p>\n<p>Formation de sp\u00e9cialiste en technique \u00e9v\u00e9nementielle dans notre filiale de D\u00fcsseldorf.<\/p>\n<p>[button link=\"https:\/\/www.konferenztechnik.de\/ausbildung-zur-fachkraft-fuer-veranstaltungstechnik-m-w-d-in-duesseldorf\/\" target=\"self\" color=\"#a62055\u2033 text=\"light\"]Informations et candidature[\/button]<br \/>\n[\/column]<\/p>\n<p>[column size=\"1-4\u2033 last=\"1\u2033]<br \/>\n<a href=\"https:\/\/konferenztechnik.de\/fr\/formation-dagent-technique-devenementiel-m-w-d-a-berlin-2023-2\/\"><\/a><\/p>\n<p><a href=\"https:\/\/konferenztechnik.de\/fr\/formation-dagent-technique-devenementiel-m-w-d-a-berlin-2023-2\/\"><\/p>\n<h3><b>Place d'apprentissage de sp\u00e9cialiste en technique \u00e9v\u00e9nementielle (d\/w\/m)<br \/>\nBerlin<\/b><\/h3>\n<p><\/a><a href=\"https:\/\/konferenztechnik.de\/fr\/formation-dagent-technique-devenementiel-m-w-d-a-berlin-2023-2\/\"><\/a><\/p>\n<p>Formation de sp\u00e9cialiste en technique \u00e9v\u00e9nementielle dans notre filiale berlinoise.<\/p>\n<p>[button link=\"https:\/\/www.konferenztechnik.de\/ausbildung-zur-fachkraft-fuer-veranstaltungstechnik-m-w-d-in-berlin-2023\/\" target=\"self\" color=\"#a62055\u2033 text=\"light\"]Informations et candidature[\/button]<br \/>\n[\/column]<\/p>\n<p>[column size=\"1-4\u2033 last=\"1\u2033]<br \/>\n<a href=\"https:\/\/konferenztechnik.de\/jobs\/ausbildungsplatz-fachkraft-lagerlogistik-berlin-2023\/\"><\/a><\/p>\n<p><a href=\"https:\/\/konferenztechnik.de\/jobs\/ausbildungsplatz-fachkraft-lagerlogistik-berlin-2023\/\"><\/p>\n<h3><b>Place de formation de sp\u00e9cialiste en logistique d'entreposage (d\/w\/m)<br \/>\nBerlin<\/b><\/h3>\n<p><\/a><a href=\"https:\/\/konferenztechnik.de\/jobs\/ausbildungsplatz-fachkraft-lagerlogistik-berlin-2023\/\"><\/a><\/p>\n<p>Formation de sp\u00e9cialiste en logistique d'entreposage dans notre filiale berlinoise.<\/p>\n<p>[button link=\"https:\/\/www.konferenztechnik.de\/jobs\/ausbildungsplatz-fachkraft-lagerlogistik-berlin-2023\/\" target=\"self\" color=\"#a62055\u2033 text=\"light\"]Informations et candidature[\/button]<br \/>\n[\/column]<\/p>\n<p>[spacer size=\"30\u2033]<\/p>\n<hr>\n<p>[spacer size=\"30\u2033]<\/p>\n<h2>Informations sur les m\u00e9tiers de formation chez PCS<\/h2>\n<p>[column size=\"1-4\u2033 last=\"1\u2033]<\/p>\n<h3><strong>Employ\u00e9(e) en \u00e9v\u00e9nementiel<\/strong><\/h3>\n<p>Les sp\u00e9cialistes en logistique d'entreposage travaillent dans le domaine de la planification et de l'organisation logistiques. Leurs t\u00e2ches consistent notamment \u00e0 r\u00e9ceptionner les marchandises, \u00e0 les pr\u00e9parer, \u00e0 les charger, \u00e0 les ranger, \u00e0 les transporter et \u00e0 les emballer. D'autres \u00e9l\u00e9ments de la formation sont, entre autres, la gestion et le contr\u00f4le commerciaux, la protection de l'environnement ou l'organisation du travail, l'information et la communication. La formation dure trois ans et se d\u00e9roule aussi bien dans nos entreprises que dans les \u00e9coles professionnelles respectives.<\/p>\n<h4>Plus d'informations :<\/h4>\n<p>\u203a <a href=\"https:\/\/www.ihk-berlin.de\/ausbildung\/ausbildungsberufe-von-a-bis-z\/veranstaltungskaufmann-2262380\" target=\"_blank\" rel=\"noopener noreferrer\">Chambre de commerce et d'industrie de Berlin<\/a><br \/>\n\u203a <a href=\"https:\/\/berufenet.arbeitsagentur.de\/berufenet\/faces\/index;BERUFENETJSESSIONID=H4dPyKJvbXrnWotpa2-unjyMlToiDlBPBg0q0Sm5LB_Pd5I_B9D5!358792421?path=null\/suchergebnisse\/kurzbeschreibung&amp;dkz=14448&amp;such=veranstaltungskauffrau\" target=\"_blank\" rel=\"noopener noreferrer\">Agence f\u00e9d\u00e9rale pour l'emploi<\/a><\/p>\n<p>[\/column]<\/p>\n<p>[column size=\"1-4\u2033 last=\"1\u2033]<\/p>\n<h3><strong>Sp\u00e9cialiste en logistique d'entreposage<\/strong><\/h3>\n<p>Les sp\u00e9cialistes en logistique d'entreposage travaillent dans le domaine de la planification et de l'organisation logistiques. Leurs t\u00e2ches consistent notamment \u00e0 r\u00e9ceptionner les marchandises, \u00e0 les pr\u00e9parer, \u00e0 les charger, \u00e0 les ranger, \u00e0 les transporter et \u00e0 les emballer. D'autres \u00e9l\u00e9ments de la formation sont, entre autres, la gestion et le contr\u00f4le commerciaux, la protection de l'environnement ou l'organisation du travail, l'information et la communication. La formation dure trois ans et se d\u00e9roule aussi bien dans nos entreprises que dans les \u00e9coles professionnelles respectives.<\/p>\n<h4>Plus d'informations :<\/h4>\n<p>\u203a <a href=\"https:\/\/www.ihk-berlin.de\/aus_und_weiterbildung\/Ausbildung\/Ausbildungsberufe_von_A_bis_Z\/Fachkraft_fuer_Veranstaltungstechnik\/2262432\" target=\"_blank\" rel=\"noopener noreferrer\">Chambre de commerce et d'industrie de Berlin<\/a><br \/>\n\u203a <a href=\"https:\/\/berufenet.arbeitsagentur.de\/berufe\/start?dest=profession&amp;prof-id=8525_8523&amp;status=B\" target=\"_blank\" rel=\"noopener noreferrer\">Agence f\u00e9d\u00e9rale pour l'emploi<\/a><br \/>\n\u203a <a href=\"https:\/\/de.wikipedia.org\/wiki\/Fachkraft_f%C3%BCr_Lagerlogistik\" target=\"_blank\" rel=\"noopener noreferrer\">Wikipedia<\/a><\/p>\n<p>[\/column]<\/p>\n<p>[column size=\"1-4\u2033 last=\"1\u2033]<\/p>\n<h3><strong>Sp\u00e9cialiste en technique \u00e9v\u00e9nementielle<\/strong><\/h3>\n<p>En tant que sp\u00e9cialiste en technique \u00e9v\u00e9nementielle, vous vous occupez du montage et du d\u00e9montage ainsi que de l'exploitation de constructions techniques de sc\u00e8ne et de d\u00e9cors ainsi que d'installations d'\u00e9clairage, de projection et de sonorisation. La formation dure trois ans et se d\u00e9roule aussi bien dans notre entreprise que dans les \u00e9coles professionnelles respectives.<\/p>\n<h4>Plus d'informations :<\/h4>\n<p>\u203a <a href=\"https:\/\/www.ihk-berlin.de\/aus_und_weiterbildung\/Ausbildung\/Ausbildungsberufe_von_A_bis_Z\/Fachkraft_fuer_Veranstaltungstechnik\/2262432\" target=\"_blank\" rel=\"noopener noreferrer\">Chambre de commerce et d'industrie de Berlin<\/a><br \/>\n\u203a <a href=\"https:\/\/berufenet.arbeitsagentur.de\/berufe\/start?dest=profession&amp;prof-id=27448_27449&amp;status=B\" target=\"_blank\" rel=\"noopener noreferrer\">Agence f\u00e9d\u00e9rale pour l'emploi<\/a><br \/>\n\u203a <a href=\"https:\/\/de.wikipedia.org\/wiki\/Fachkraft_f%C3%BCr_Lagerlogistik\" target=\"_blank\" rel=\"noopener noreferrer\">Wikipedia<\/a><\/p>\n<p>[\/column]<\/p>\n<p>[spacer size=\"30\u2033]<\/p>\n<hr>\n<p>[spacer size=\"30\u2033]<\/p>\n<h2>Nous sommes membres ou membres de soutien des associations suivantes :<\/h2>\n<p>[column size=\"1-4\u2033 last=\"1\u2033]<a href=\"https:\/\/www.100pro.org\/\" target=\"_blank\" rel=\"noopener noreferrer\"><br \/>\n<img decoding=\"async\" src=\"https:\/\/konferenztechnik.de\/wp-content\/uploads\/2015\/10\/logo-100proOrg.jpg\" alt=\"Logo 100 Pro Org\" width=\"150\" height=\"149\" class=\"alignleft size-full wp-image-6492\" title=\"\"><\/a><br \/>\n[\/column]<\/p>\n<p>[column size=\"1-4\u2033 last=\"1\u2033]<br \/>\n<a href=\"https:\/\/www.vplt.org\/\" target=\"_blank\" rel=\"noopener noreferrer\"><br \/>\n<img decoding=\"async\" src=\"https:\/\/konferenztechnik.de\/wp-content\/uploads\/2015\/10\/vplt-logo.jpg\" alt=\"Logo de la VPLT\" width=\"216\" height=\"69\" class=\"alignleft size-full wp-image-6493\" title=\"\"><\/a><br \/>\n[\/column]<\/p>\n<p>[column size=\"1-4\u2033 last=\"1\u2033]<a href=\"https:\/\/isdv.net\/\" target=\"_blank\" rel=\"noopener noreferrer\"><br \/>\n<img decoding=\"async\" src=\"https:\/\/konferenztechnik.de\/wp-content\/uploads\/2015\/10\/isdv-logo.png\" alt=\"Logo de l&#039;ISDV\" width=\"240\" height=\"140\" class=\"alignleft size-full wp-image-6494\" title=\"\"><\/a><br \/>\n[\/column]<\/p>","protected":false},"excerpt":{"rendered":"<p>[spacer size=\u201c 20 \u201c] [column size=\u201c 3-4 \u00bb last=\u00ab 0 \u00bb] Emplois, offres d'emploi et places d'apprentissage chez PCS GmbH PCS GmbH est une entreprise formatrice. Nous formons des techniciens sp\u00e9cialis\u00e9s dans l'\u00e9v\u00e9nementiel, des sp\u00e9cialistes en logistique d'entrep\u00f4t et des commerciaux dans le domaine de l'\u00e9v\u00e9nementiel. Vous \u00eates int\u00e9ress\u00e9 ? Vous trouverez ici toutes les offres d'emploi disponibles. De plus, nous sommes toujours \u00e0 la recherche de collaborateurs qualifi\u00e9s. Si [\u2026]<\/p>","protected":false},"author":1,"featured_media":45482,"parent":0,"menu_order":50,"comment_status":"closed","ping_status":"closed","template":"","meta":{"_acf_changed":false,"footnotes":""},"class_list":["post-5827","page","type-page","status-publish","has-post-thumbnail","hentry"],"acf":[],"_links":{"self":[{"href":"https:\/\/konferenztechnik.de\/fr\/wp-json\/wp\/v2\/pages\/5827","targetHints":{"allow":["GET"]}}],"collection":[{"href":"https:\/\/konferenztechnik.de\/fr\/wp-json\/wp\/v2\/pages"}],"about":[{"href":"https:\/\/konferenztechnik.de\/fr\/wp-json\/wp\/v2\/types\/page"}],"author":[{"embeddable":true,"href":"https:\/\/konferenztechnik.de\/fr\/wp-json\/wp\/v2\/users\/1"}],"replies":[{"embeddable":true,"href":"https:\/\/konferenztechnik.de\/fr\/wp-json\/wp\/v2\/comments?post=5827"}],"version-history":[{"count":0,"href":"https:\/\/konferenztechnik.de\/fr\/wp-json\/wp\/v2\/pages\/5827\/revisions"}],"wp:featuredmedia":[{"embeddable":true,"href":"https:\/\/konferenztechnik.de\/fr\/wp-json\/wp\/v2\/media\/45482"}],"wp:attachment":[{"href":"https:\/\/konferenztechnik.de\/fr\/wp-json\/wp\/v2\/media?parent=5827"}],"curies":[{"name":"wp","href":"https:\/\/api.w.org\/{rel}","templated":true}]}}