{"id":6543,"date":"2016-04-15T14:03:11","date_gmt":"2016-04-15T13:03:11","guid":{"rendered":"https:\/\/konferenztechnik.de\/?page_id=6543"},"modified":"2016-04-15T14:03:11","modified_gmt":"2016-04-15T13:03:11","slug":"fohn","status":"publish","type":"page","link":"https:\/\/konferenztechnik.de\/fr\/fohn\/","title":{"rendered":"Fohn"},"content":{"rendered":"<p><img decoding=\"async\" src=\"https:\/\/konferenztechnik.de\/wp-content\/uploads\/2016\/04\/logo-fohhn.jpg\" alt=\"Logo Fohhn\" width=\"210\" height=\"210\" class=\"alignleft size-full wp-image-6641\" title=\"\" srcset=\"https:\/\/konferenztechnik.de\/wp-content\/uploads\/2016\/04\/logo-fohhn.jpg 250w, https:\/\/konferenztechnik.de\/wp-content\/uploads\/2016\/04\/logo-fohhn-150x150.jpg 150w\" sizes=\"(max-width: 210px) 100vw, 210px\" \/><br \/>\n[clear]<br \/>\nFohn est un fabricant de syst\u00e8mes de haut-parleurs actifs et passifs pour la sonorisation mobile et les installations fixes. <\/p>\n<p><img fetchpriority=\"high\" decoding=\"async\" width=\"1024\" height=\"323\" src=\"https:\/\/konferenztechnik.de\/wp-content\/uploads\/2016\/04\/fohn-lautsprecher-1024x323.jpg\" alt=\"Haut-parleurs Fohn\" class=\"alignleft size-large wp-image-7046\" title=\"\" srcset=\"https:\/\/konferenztechnik.de\/wp-content\/uploads\/2016\/04\/fohn-lautsprecher-1024x323.jpg 1024w, https:\/\/konferenztechnik.de\/wp-content\/uploads\/2016\/04\/fohn-lautsprecher-300x95.jpg 300w, https:\/\/konferenztechnik.de\/wp-content\/uploads\/2016\/04\/fohn-lautsprecher-768x242.jpg 768w, https:\/\/konferenztechnik.de\/wp-content\/uploads\/2016\/04\/fohn-lautsprecher.jpg 1251w\" sizes=\"(max-width: 1024px) 100vw, 1024px\" \/><\/p>\n<p>[clear]<\/p>\n<p>Tous les syst\u00e8mes de sonorisation actifs Fohhn, les amplificateurs de puissance DSP et les contr\u00f4leurs de syst\u00e8me DSP peuvent \u00eatre command\u00e9s \u00e0 distance, surveill\u00e9s \u00e0 distance et commut\u00e9s de mani\u00e8re synchrone dans le r\u00e9seau. Le concept de commande intuitive comprend des possibilit\u00e9s de commande \u00e0 distance avec ou sans fil pour les syst\u00e8mes de sonorisation fixes et mobiles Fohhn.<\/p>","protected":false},"excerpt":{"rendered":"<p>[clear] Fohn est un fabricant de syst\u00e8mes de haut-parleurs actifs et passifs pour les sonorisations mobiles et les installations fixes. [Tous les syst\u00e8mes de sonorisation actifs Fohhn, les amplificateurs de puissance DSP et les contr\u00f4leurs de syst\u00e8me DSP peuvent \u00eatre command\u00e9s \u00e0 distance, surveill\u00e9s \u00e0 distance et commut\u00e9s de mani\u00e8re synchrone dans le r\u00e9seau. Le concept de commande intuitive comprend des possibilit\u00e9s de commande \u00e0 distance avec et sans fil pour les syst\u00e8mes de sonorisation Fohhn fixes et mobiles.<\/p>","protected":false},"author":1,"featured_media":45482,"parent":0,"menu_order":24,"comment_status":"closed","ping_status":"closed","template":"","meta":{"_acf_changed":false,"footnotes":""},"class_list":["post-6543","page","type-page","status-publish","has-post-thumbnail","hentry"],"acf":[],"_links":{"self":[{"href":"https:\/\/konferenztechnik.de\/fr\/wp-json\/wp\/v2\/pages\/6543","targetHints":{"allow":["GET"]}}],"collection":[{"href":"https:\/\/konferenztechnik.de\/fr\/wp-json\/wp\/v2\/pages"}],"about":[{"href":"https:\/\/konferenztechnik.de\/fr\/wp-json\/wp\/v2\/types\/page"}],"author":[{"embeddable":true,"href":"https:\/\/konferenztechnik.de\/fr\/wp-json\/wp\/v2\/users\/1"}],"replies":[{"embeddable":true,"href":"https:\/\/konferenztechnik.de\/fr\/wp-json\/wp\/v2\/comments?post=6543"}],"version-history":[{"count":0,"href":"https:\/\/konferenztechnik.de\/fr\/wp-json\/wp\/v2\/pages\/6543\/revisions"}],"wp:featuredmedia":[{"embeddable":true,"href":"https:\/\/konferenztechnik.de\/fr\/wp-json\/wp\/v2\/media\/45482"}],"wp:attachment":[{"href":"https:\/\/konferenztechnik.de\/fr\/wp-json\/wp\/v2\/media?parent=6543"}],"curies":[{"name":"wp","href":"https:\/\/api.w.org\/{rel}","templated":true}]}}