{"id":6818,"date":"2016-08-02T16:20:57","date_gmt":"2016-08-02T14:20:57","guid":{"rendered":"https:\/\/konferenztechnik.de\/?page_id=6818"},"modified":"2023-07-05T15:03:35","modified_gmt":"2023-07-05T13:03:35","slug":"mobileconnect","status":"publish","type":"page","link":"https:\/\/konferenztechnik.de\/fr\/mobileconnect\/","title":{"rendered":"MobileConnect"},"content":{"rendered":"<h1>Sennheiser MobileConnect et CinemaConnect<\/h1>\n<p>Sennheiser MobileConnect est le syst\u00e8me innovant pour une \u00e9coute sans barri\u00e8re au th\u00e9\u00e2tre, \u00e0 l'op\u00e9ra et dans les com\u00e9dies musicales. MobileConnect diffuse l'audio en direct via WLAN directement sur le smartphone personnel. Le signal audio y est parfaitement adapt\u00e9 aux besoins auditifs de chacun et est ensuite diffus\u00e9 dans un casque ou directement sur l'appareil auditif \u2013 L'aide auditive en toute simplicit\u00e9 !<\/p>\n<h2>Installation simple et rapide, pas de frais fixes suppl\u00e9mentaires.<\/h2>\n<p><img fetchpriority=\"high\" decoding=\"async\" class=\"alignleft size-full wp-image-9964\" src=\"https:\/\/konferenztechnik.de\/wp-content\/uploads\/2016\/08\/sennheiser-mobileconnect-szenario.jpg\" alt=\"Sennheiser MobileConnect en action\" width=\"558\" height=\"428\" title=\"\" srcset=\"https:\/\/konferenztechnik.de\/wp-content\/uploads\/2016\/08\/sennheiser-mobileconnect-szenario.jpg 558w, https:\/\/konferenztechnik.de\/wp-content\/uploads\/2016\/08\/sennheiser-mobileconnect-szenario-300x230.jpg 300w\" sizes=\"(max-width: 558px) 100vw, 558px\" \/><\/p>\n<p>S'int\u00e8gre facilement dans toute infrastructure existante et peut \u00eatre install\u00e9 en une journ\u00e9e. Il suffit de connecter le syst\u00e8me audio existant \u00e0 la ConnectStation et de raccorder le point d'acc\u00e8s WLAN du r\u00e9seau MobileConnect \u2013 termin\u00e9. PCS GmbH propose une gestion compl\u00e8te de la commande, de la planification du syst\u00e8me \u00e0 l'installation et \u00e0 l'int\u00e9gration dans votre environnement existant.<\/p>\n<p>Une fois install\u00e9, MobileConnect n'entra\u00eene pas de frais de maintenance ou d'exploitation. Avec le t\u00e9l\u00e9phone portable personnel comme terminal \u2013 mot-cl\u00e9 \"Bring Your Own Device\" \u2013, il n'y a pas de d\u00e9penses pour la manipulation des batteries, la distribution des appareils ou l'hygi\u00e8ne des \u00e9couteurs.<\/p>\n<h2>Assistant pour ses propres besoins auditifs<\/h2>\n<p>Le Personal Hearing Assistant, d\u00e9velopp\u00e9 en coop\u00e9ration avec l'Institut Fraunhofer pour la technologie des m\u00e9dias num\u00e9riques IDMT, permet une adaptation particuli\u00e8rement intuitive du son aux besoins personnels. Non seulement le volume du signal audio re\u00e7u, mais aussi l'intelligibilit\u00e9 de la parole et les caract\u00e9ristiques sonores peuvent \u00eatre ajust\u00e9s facilement par commande tactile.<\/p>\n<p>\u203a <a href=\"https:\/\/www.innovationsforum.fraunhofer.de\/2016\/02\/fraunhofer-und-sennheiser-apps-fuer-massgeschneidertes-klangerlebnis\/\" target=\"_blank\" rel=\"noopener noreferrer\">Plus d'informations sur l'algorithme de l'institut Fraunhofer<\/a><\/p>\n<p><img decoding=\"async\" class=\"alignleft size-full wp-image-9967\" src=\"https:\/\/konferenztechnik.de\/wp-content\/uploads\/2016\/08\/sennheiser-mobileconnect-personal-hearing-idmt.jpg\" alt=\"sennheiser-mobileconnect-personal-hearing-idmt\" width=\"558\" height=\"428\" title=\"\" srcset=\"https:\/\/konferenztechnik.de\/wp-content\/uploads\/2016\/08\/sennheiser-mobileconnect-personal-hearing-idmt.jpg 558w, https:\/\/konferenztechnik.de\/wp-content\/uploads\/2016\/08\/sennheiser-mobileconnect-personal-hearing-idmt-300x230.jpg 300w\" sizes=\"(max-width: 558px) 100vw, 558px\" \/><\/p>\n<h2>Un maximum d'inclusion<\/h2>\n<p>MobileConnect ouvre l'acc\u00e8s \u00e0 de nouveaux groupes de visiteurs et offre \u00e0 tous la possibilit\u00e9 de participer \u00e0 la vie culturelle. Outre l'assistance auditive, le syst\u00e8me est \u00e9galement adapt\u00e9 \u00e0 l'audiodescription ou \u00e0 l'interpr\u00e9tation simultan\u00e9e \u2013, ce qui lui permet d'atteindre des groupes cibles plus larges que les syst\u00e8mes qui se limitent \u00e0 l'assistance auditive.<\/p>\n<p><img decoding=\"async\" class=\"alignleft size-full wp-image-9968\" src=\"https:\/\/konferenztechnik.de\/wp-content\/uploads\/2016\/08\/sennheiser-mobileconnect-barrierefrei.jpg\" alt=\"sennheiser-mobileconnect-accessible\" width=\"558\" height=\"428\" title=\"\" srcset=\"https:\/\/konferenztechnik.de\/wp-content\/uploads\/2016\/08\/sennheiser-mobileconnect-barrierefrei.jpg 558w, https:\/\/konferenztechnik.de\/wp-content\/uploads\/2016\/08\/sennheiser-mobileconnect-barrierefrei-300x230.jpg 300w\" sizes=\"(max-width: 558px) 100vw, 558px\" \/><\/p>\n<h2>Autres caract\u00e9ristiques du syst\u00e8me MobileConnect<\/h2>\n<p>Streaming audio \u00e0 faible latence<br \/>\nTransmission de l'assistance auditive, de l'audiodescription et de l'interpr\u00e9tation simultan\u00e9e<br \/>\nAssistant personnel d'\u00e9coute<br \/>\nBring Your Own Device (BYOD) : pas de frais de mise \u00e0 disposition et de maintenance des appareils ou de formation des collaborateurs<\/p>\n<p><img loading=\"lazy\" decoding=\"async\" width=\"558\" height=\"428\" class=\"alignleft size-full wp-image-9965\" src=\"https:\/\/konferenztechnik.de\/wp-content\/uploads\/2016\/08\/sennheiser-mobileconnect-kopfhoerer.jpg\" alt=\"casque sennheiser-mobileconnect\" title=\"\" srcset=\"https:\/\/konferenztechnik.de\/wp-content\/uploads\/2016\/08\/sennheiser-mobileconnect-kopfhoerer.jpg 558w, https:\/\/konferenztechnik.de\/wp-content\/uploads\/2016\/08\/sennheiser-mobileconnect-kopfhoerer-300x230.jpg 300w\" sizes=\"(max-width: 558px) 100vw, 558px\" \/><\/p>\n<p>N'h\u00e9sitez pas \u00e0 nous contacter si vous avez des questions sur MobileConnect. Nous nous ferons un plaisir de vous conseiller et de vous aider \u00e0 planifier et \u00e0 installer le syst\u00e8me.<\/p>\n<div class=\"boxcontainer\">\n<div class=\"box1-2\">\n<h1>Personne de contact<\/h1>\n<\/div>\n<div class=\"box1-2-order\">\n<h1>Liens compl\u00e9mentaires<\/h1>\n<\/div>\n<div class=\"box1-4\">\n<div class=\"box-head\">Distribution et vente<\/div>\n<\/div>\n<div class=\"box2-4-2\" style=\"order: 1;\">\n<div class=\"weiterlinks\"><a title=\"Distribution par groupe de produits\" href=\"\/fr\/groupes-de-produits\/\">Distribution par groupe de produits<\/a><br \/>\n<a title=\"Distribution par fabricant\" href=\"\/fr\/fabricant\/\">Distribution par fabricant<\/a><br \/>\n<a title=\"Fabrications sp\u00e9ciales, entretien et r\u00e9parations\" href=\"\/fr\/services\/entretien-et-reparation\/\">Fabrications sp\u00e9ciales, entretien et r\u00e9parations<\/a><br \/>\n<a title=\"10 bonnes raisons de choisir PCS\" href=\"\/fr\/a-propos-de-nous-2\/10-bonnes-raisons-pour-les-pc\/\">10 bonnes raisons de choisir PCS<\/a><br \/>\n<a title=\"R\u00e9f\u00e9rences\" href=\"\/fr\/a-propos-de-nous-2\/liste-de-reference-installation\/\">R\u00e9f\u00e9rences Installation et int\u00e9gration<\/a><br \/>\n<a title=\"PCS : Aper\u00e7u de toutes les prestations\" href=\"\/fr\/services\/\">PCS : Aper\u00e7u de tous les services<\/a><\/p>\n<\/div>\n<\/div>\n<\/div>","protected":false},"excerpt":{"rendered":"<p>Sennheiser MobileConnect et CinemaConnect Sennheiser MobileConnect est le syst\u00e8me innovant pour une \u00e9coute sans barri\u00e8re au th\u00e9\u00e2tre, \u00e0 l'op\u00e9ra et dans les com\u00e9dies musicales. MobileConnect diffuse l'audio en direct via WLAN directement sur le smartphone personnel. Le signal audio y est parfaitement adapt\u00e9 \u00e0 ses propres besoins auditifs et est ensuite diffus\u00e9 dans un casque ou directement sur l'appareil auditif \u2013 L'aide auditive en toute simplicit\u00e9 ! Simple et [...]<\/p>","protected":false},"author":1,"featured_media":45482,"parent":0,"menu_order":75,"comment_status":"closed","ping_status":"closed","template":"","meta":{"_acf_changed":false,"footnotes":""},"class_list":["post-6818","page","type-page","status-publish","has-post-thumbnail","hentry"],"acf":[],"_links":{"self":[{"href":"https:\/\/konferenztechnik.de\/fr\/wp-json\/wp\/v2\/pages\/6818","targetHints":{"allow":["GET"]}}],"collection":[{"href":"https:\/\/konferenztechnik.de\/fr\/wp-json\/wp\/v2\/pages"}],"about":[{"href":"https:\/\/konferenztechnik.de\/fr\/wp-json\/wp\/v2\/types\/page"}],"author":[{"embeddable":true,"href":"https:\/\/konferenztechnik.de\/fr\/wp-json\/wp\/v2\/users\/1"}],"replies":[{"embeddable":true,"href":"https:\/\/konferenztechnik.de\/fr\/wp-json\/wp\/v2\/comments?post=6818"}],"version-history":[{"count":0,"href":"https:\/\/konferenztechnik.de\/fr\/wp-json\/wp\/v2\/pages\/6818\/revisions"}],"wp:featuredmedia":[{"embeddable":true,"href":"https:\/\/konferenztechnik.de\/fr\/wp-json\/wp\/v2\/media\/45482"}],"wp:attachment":[{"href":"https:\/\/konferenztechnik.de\/fr\/wp-json\/wp\/v2\/media?parent=6818"}],"curies":[{"name":"wp","href":"https:\/\/api.w.org\/{rel}","templated":true}]}}