{"id":7115,"date":"2016-07-26T13:26:03","date_gmt":"2016-07-26T11:26:03","guid":{"rendered":"https:\/\/konferenztechnik.de\/?page_id=7115"},"modified":"2023-09-27T11:40:41","modified_gmt":"2023-09-27T09:40:41","slug":"contact-direct","status":"publish","type":"page","link":"https:\/\/konferenztechnik.de\/fr\/contact-direct\/","title":{"rendered":"Contact direct"},"content":{"rendered":"<p>[spacer size=\"3\u2033]<br \/>\n<script><br \/>\nfunction goBack() {<br \/>\n    window.history.back();<br \/>\n}<br \/>\n<\/script><\/p>\n<style>\n.anfahrt, .schnell-kontakt{display:none;}<br \/>\n<\/style>\n<div class=\"kontakt-front\"><button onclick=\"goBack()\"\" class=\"taster3\">[v_icon color=\"#a62055\u2033 size=\"14px\" target=\"_blank\" name=\"moon-arrow-left\"] retour<\/button><\/div>\n<h1>Contact rapide avec nos succursales<\/h1>\n<p>[column size=\"1-4\u2033 last=\"1\u2033]<\/p>\n<div class=\"callouthoch\">\n[callout add_button=\"no\" button_text=\"Learn More\" button_url=\"#\" button_color=\"#a62055\u2033]<br \/>\nPCS Berlin<br \/>\n[v_icon color=\"#a62055\u2033 size=\"20px\" target=\"_blank\" name=\"moon-phone-2\u2033] <a href=\"tel:+493069596900\">+49 30 6959690 0<\/a><br \/>\n[\/callout]<\/div>\n<p>[\/column]<\/p>\n<p>[column size=\"1-4\u2033 last=\"1\u2033]<\/p>\n<div class=\"callouthoch\">\n[callout add_button=\"no\" button_text=\"Learn More\" button_url=\"#\" button_color=\"#a62055\u2033]<br \/>\nPCS Munich<br \/>\n[v_icon color=\"#a62055\u2033 size=\"20px\" target=\"_blank\" name=\"moon-phone-2\u2033] <a href=\"tel:+4989248830021\">+49 89 248830021<\/a><br \/>\n[\/callout]<\/div>\n<p>[\/column]<\/p>\n<p>[column size=\"1-4\u2033 last=\"1\u2033]<\/p>\n<div class=\"callouthoch\">\n[callout add_button=\"no\" button_text=\"Learn More\" button_url=\"#\" button_color=\"#a62055\u2033]<br \/>\nPCS D\u00fcsseldorf<br \/>\n[v_icon color=\"#a62055\u2033 size=\"20px\" target=\"_blank\" name=\"moon-phone-2\u2033] <a href=\"tel:+4902117377980\">+49 211 737798 0<\/a><br \/>\n[\/callout]<\/div>\n<p>[\/column]<\/p>\n<p>[column size=\"1-4\u2033 last=\"1\u2033]<\/p>\n<div class=\"callouthoch\">\n[callout add_button=\"no\" button_text=\"Learn More\" button_url=\"#\" button_color=\"#a62055\u2033]<br \/>\nNotre service d'assistance t\u00e9l\u00e9phonique gratuit :<br \/>\n[v_icon color=\"#a62055\u2033 size=\"20px\" target=\"_blank\" name=\"moon-phone-2\u2033] <a href=\"tel:+4908007274624\">0800 7274624<\/a><br \/>\n[\/callout]<\/div>\n<p>[\/column]<\/p>\n<p>[column size=\"1-4\u2033 last=\"1\u2033]<\/p>\n<div class=\"callouthoch\">\n[callout add_button=\"no\" button_text=\"Learn More\" button_url=\"#\" button_color=\"#a62055\u2033]<br \/>\nCourrier \u00e9lectronique<br \/>\n<a href=\"mailto:pcs@konferenztechnik.de\"  onclick=\"ga('send', 'event', 'Email-Klick', 'Direkt-Kontakt PCS');\">pcs@konferenztechnik.de<\/a><br \/>\n[\/callout]<\/div>\n<p>[\/column]<\/p>\n<p>[spacer size=\"30\u2033]<\/p>\n<div class=\"box1-4 medium-size-txt\" style=\"margin-bottom: 0!important\">\n<h2><b><span class=\"pcs-color medium-size-txt\">Votre \u00e9quipe de service<\/span><\/b><\/h2>\n<p>[spacer size=\"5\u2033]<br \/>\n[column size=\"1-4\u2033 last=\"1\u2033]<\/p>\n<p>Notre service sp\u00e9cialis\u00e9 se fera un plaisir de r\u00e9pondre \u00e0 vos questions, de vous conseiller sur les produits, de vous faire une offre personnalis\u00e9e ou de planifier un projet individuel.<\/p>\n<p><img decoding=\"async\" src=\"https:\/\/konferenztechnik.de\/wp-content\/uploads\/2021\/06\/sebastian-meyer-pcs-gmbh.jpg\" alt=\"Sebastian Meyer - PCS GmbH - Planification de projet\" width=\"150\" height=\"150\" class=\"alignleft size-full wp-image-17777\" title=\"\"><br \/>\n<img decoding=\"async\" src=\"https:\/\/konferenztechnik.de\/wp-content\/uploads\/2021\/06\/christian-becker-pcs-gmbh.jpg\" alt=\"Christian Becker - PCS GmbH - Planification d&#039;\u00e9v\u00e9nements\" width=\"150\" height=\"150\" class=\"alignleft size-full wp-image-17771\" title=\"\"><br \/>\n<img decoding=\"async\" src=\"https:\/\/konferenztechnik.de\/wp-content\/uploads\/2021\/06\/sebastian-gegusch-pcs-gmbh.jpg\" alt=\"Sebastian Gegusch - PCS GmbH - Planification de projet\" width=\"150\" height=\"150\" class=\"alignleft size-full wp-image-17774\" title=\"\"><br \/>\n[spacer size=\"5\u2033]<br \/>\n<span class=\"medium-size-txt\"><br \/>\nN'h\u00e9sitez pas \u00e0 nous appeler !<br \/>\n<a href=\"tel:+498007274624\"><b>+49 800 727 46 24<\/b><\/a><\/p>\n<p>Ecrivez-nous un e-mail \u00e0<br \/>\n<span class=\"volleansicht\"><a href=\"mailto:info@konferenztechnik.de\" onclick=\"ga('send', 'event', 'Email-Klick', 'Kontakt Vermietung');\">info@konferenztechnik.de<\/a><br \/>\n<\/span><br \/>\n<span class=\"mobileansicht\"><a href=\"mailto:info@konferenztechnik.de\" onclick=\"ga('send', 'event', 'Email-Klick', 'Kontakt Vermietung');\">\u00e9crire<\/a><br \/>\n<\/span><\/p>\n<p>Chattez avec nous ou utilisez notre service de rappel<br \/>\n<\/span><br \/>\n[\/column]<br \/>\n[column size=\"1-4\u2033 last=\"1\u2033]<\/p>\n<h2>Convenir d'un rappel<\/h2>\n<p>[contact-form-7 id=\"17963\u2033 title=\"Convenir d'un rappel\"]<br \/>\n[\/column]<\/p>\n<\/div>","protected":false},"excerpt":{"rendered":"<p>[spacer size=\"3\u2033]<\/p>","protected":false},"author":1,"featured_media":45482,"parent":0,"menu_order":76,"comment_status":"closed","ping_status":"closed","template":"","meta":{"_acf_changed":false,"footnotes":""},"class_list":["post-7115","page","type-page","status-publish","has-post-thumbnail","hentry"],"acf":[],"_links":{"self":[{"href":"https:\/\/konferenztechnik.de\/fr\/wp-json\/wp\/v2\/pages\/7115","targetHints":{"allow":["GET"]}}],"collection":[{"href":"https:\/\/konferenztechnik.de\/fr\/wp-json\/wp\/v2\/pages"}],"about":[{"href":"https:\/\/konferenztechnik.de\/fr\/wp-json\/wp\/v2\/types\/page"}],"author":[{"embeddable":true,"href":"https:\/\/konferenztechnik.de\/fr\/wp-json\/wp\/v2\/users\/1"}],"replies":[{"embeddable":true,"href":"https:\/\/konferenztechnik.de\/fr\/wp-json\/wp\/v2\/comments?post=7115"}],"version-history":[{"count":0,"href":"https:\/\/konferenztechnik.de\/fr\/wp-json\/wp\/v2\/pages\/7115\/revisions"}],"wp:featuredmedia":[{"embeddable":true,"href":"https:\/\/konferenztechnik.de\/fr\/wp-json\/wp\/v2\/media\/45482"}],"wp:attachment":[{"href":"https:\/\/konferenztechnik.de\/fr\/wp-json\/wp\/v2\/media?parent=7115"}],"curies":[{"name":"wp","href":"https:\/\/api.w.org\/{rel}","templated":true}]}}