{"id":786,"date":"2013-08-12T10:23:29","date_gmt":"2013-08-12T08:23:29","guid":{"rendered":"https:\/\/pcs-miete.de\/?page_id=786"},"modified":"2023-08-28T15:51:12","modified_gmt":"2023-08-28T13:51:12","slug":"10-bonnes-raisons-pour-les-pc","status":"publish","type":"page","link":"https:\/\/konferenztechnik.de\/fr\/a-propos-de-nous-2\/10-bonnes-raisons-pour-les-pc\/","title":{"rendered":"10 bonnes raisons de choisir PCS"},"content":{"rendered":"<h1>10 bonnes raisons de choisir PCS<\/h1>\n<p>[spacer size=\"10\u2033]<\/p>\n<div class=\"container-zehn\">\n<div class=\"kasten-zehn\">\n<div class=\"kastenlinks\">\n        <span class=\"zahl\">1.<\/span><\/div>\n<div class=\"kastenrechts\">\n<h1>PCS est le fournisseur de qualit\u00e9 pour la technique de conf\u00e9rence<\/h1>\n<p>Depuis 1995, PCS est l'expert en mati\u00e8re de mat\u00e9riel d'interpr\u00e9tation, de discussion, de guidage, de vote et de conf\u00e9rence. Nous vous proposons une planification fiable, des solutions professionnelles et une ex\u00e9cution soign\u00e9e des commandes. Le service est toujours une priorit\u00e9 pour nous.<\/p>\n<p>Avec plus de 1 500 conf\u00e9rences internationales et installations fixes organis\u00e9es chaque ann\u00e9e, PCS est l'un des plus grands prestataires de services du secteur dans le monde.<\/p>\n<\/div>\n<p>[clear]<\/p>\n<\/div>\n<p>[spacer size=\"20\u2033]<\/p>\n<div class=\"kasten-zehn\">\n<div class=\"kastenlinks\">\n        <span class=\"zahl\">2.<\/span><\/div>\n<div class=\"kastenrechts\">\n<h1>PCS offre un service complet dans tous les domaines de la technique de conf\u00e9rence<\/h1>\n<ol>\n<li>Location de mat\u00e9riel de conf\u00e9rence<\/li>\n<li>Installation et int\u00e9gration de mat\u00e9riel de conf\u00e9rence et de syst\u00e8mes multim\u00e9dias<\/li>\n<li>Distribution de mat\u00e9riel de conf\u00e9rence et de m\u00e9dias audiovisuels<\/li>\n<li>Encadrement des \u00e9v\u00e9nements<\/li>\n<li>Fabrications sp\u00e9ciales, maintenance et r\u00e9parations<\/li>\n<li>Formation et service pour les interpr\u00e8tes<\/li>\n<\/ol>\n<\/div>\n<p>[clear]<\/p>\n<\/div>\n<p>[spacer size=\"20\u2033]<\/p>\n<div class=\"kasten-zehn\">\n<div class=\"kastenlinks\">\n        <span class=\"zahl\">3.<\/span><\/div>\n<div class=\"kastenrechts\">\n<h1>PCS mise sur un personnel qualifi\u00e9<\/h1>\n<p>Chez nous, seul un personnel hautement qualifi\u00e9 travaille. Notre \u00e9quipe est compos\u00e9e d'experts dans le domaine de l'audio et de la vid\u00e9o : ing\u00e9nieurs, ma\u00eetres en technique \u00e9v\u00e9nementielle, ma\u00eetres \u00e9lectriciens, programmateurs et techniciens \u00e9v\u00e9nementiels*.<\/p>\n<p>Nous sommes une entreprise de formation et nous formons en permanence notre \u00e9quipe \u2013, du sp\u00e9cialiste en technique \u00e9v\u00e9nementielle \u00e0 la formation de ma\u00eetre, en passant par le brevet professionnel. Nous formons des collaborateurs externes, des techniciens* et des interpr\u00e8tes sur quatre sites en Allemagne. Ainsi, nous sommes \u00e9galement \u00e0 la pointe du secteur en ce qui concerne la qualification des collaborateurs.<\/p>\n<\/div>\n<p>[clear]<\/p>\n<\/div>\n<p>[spacer size=\"20\u2033]<\/p>\n<div class=\"kasten-zehn\">\n<div class=\"kastenlinks\">\n            <span class=\"zahl\">4.<\/span><\/div>\n<div class=\"kastenrechts\">\n<h1>PCS travaille de mani\u00e8re durable<\/h1>\n<p>Tous nos appareils doivent pr\u00e9senter une s\u00e9curit\u00e9 de fonctionnement et une durabilit\u00e9 maximales, tout en \u00e9tant \u00e9conomiques : en termes de poids, de mat\u00e9riaux et de consommation d'\u00e9nergie. L'avenir de notre technique multim\u00e9dia est vert et intelligent. Dans les installations fixes, les possibilit\u00e9s de solutions de haute qualit\u00e9 et \u00e0 faible consommation d'\u00e9nergie sont \u00e9normes gr\u00e2ce \u00e0 des unit\u00e9s de commande modernes.<\/p>\n<p>En outre, nous misons \u00e9galement sur des solutions durables pour nos propres sites d'exploitation. Notre flotte de v\u00e9hicules est con\u00e7ue pour r\u00e9duire les \u00e9missions de CO2 et notre r\u00e9seau de succursales nous permet de maintenir les distances de d\u00e9placement au minimum n\u00e9cessaire.<\/p>\n<\/div>\n<p>[clear]<\/p>\n<\/div>\n<p>[spacer size=\"20\u2033]<\/p>\n<div class=\"kasten-zehn\">\n<div class=\"kastenlinks\">\n        <span class=\"zahl\">5.<\/span><\/div>\n<div class=\"kastenrechts\">\n<h1>PCS distribue ind\u00e9pendamment des fabricants<\/h1>\n<p>Nous avons r\u00e9ussi \u00e0 convaincre les principaux fabricants de mat\u00e9riel de conf\u00e9rence de nous rejoindre et nous distribuons une offre unique en Europe. Notre r\u00e9pertoire est valoris\u00e9 par des fabrications sp\u00e9ciales et des solutions individuelles \"Made by PCS\". Nous sommes distributeurs de Sennheiser, Bosch, Beyerdynamic, Televic, Audipack, Panasonic, Shure, Crestron, AMX et bien d'autres.<\/p>\n<\/div>\n<p>[clear]<\/p>\n<\/div>\n<p>[spacer size=\"20\u2033]<\/p>\n<div class=\"kasten-zehn\">\n<div class=\"kastenlinks\">\n        <span class=\"zahl\">6.<\/span><\/div>\n<div class=\"kastenrechts\">\n<h1>PCS est rapide et flexible<\/h1>\n<p>PCS ne cesse d'\u00e9tendre son r\u00e9seau de filiales en Allemagne. Vous nous trouvez actuellement \u00e0 Berlin, Munich et D\u00fcsseldorf. Avec plus de 30 employ\u00e9s permanents dans les domaines de l'ordonnancement, de la planification, de la r\u00e9alisation de projets et du service ext\u00e9rieur, nous r\u00e9agissons rapidement \u00e0 vos demandes et \u00e0 vos souhaits. Notre vaste gamme de techniques nous permet de mener de front plusieurs productions exigeantes et de r\u00e9agir de mani\u00e8re professionnelle aux impr\u00e9vus.<\/p>\n<\/div>\n<p>[clear]<\/p>\n<\/div>\n<p>[spacer size=\"20\u2033]<\/p>\n<div class=\"kasten-zehn\">\n<div class=\"kastenlinks\">\n<span class=\"zahl\">7.<\/span><\/div>\n<div class=\"kastenrechts\">\n<h1>PCS est actif dans le monde entier<\/h1>\n<p>Nous nous occupons de clients \u00e0 Madrid, Amsterdam, Shanghai, Tokyo, Moscou et partout ailleurs dans le monde. Le secteur des conf\u00e9rences internationales est un d\u00e9fi que nous relevons avec plaisir et passion.<\/p>\n<\/div>\n<p>[clear]<\/p>\n<\/div>\n<p>[spacer size=\"20\u2033]<\/p>\n<div class=\"kasten-zehn\">\n<div class=\"kastenlinks\">\n<span class=\"zahl\">8.<\/span><\/div>\n<div class=\"kastenrechts\">\n<h1>PCS offre une s\u00e9curit\u00e9 de fonctionnement test\u00e9e sans faille<\/h1>\n<p>Chaque intervention de PCS est s\u00fbre pour la direction. Nous avons l'habitude de r\u00e9pondre \u00e0 tout moment aux exigences les plus \u00e9lev\u00e9es, quel que soit l'endroit, et de garantir un d\u00e9roulement sans faille. Celui qui livre \u00e0 un prix plus avantageux que le n\u00f4tre aura du mal \u00e0 respecter les dispositions et directives de s\u00e9curit\u00e9 exig\u00e9es et pertinentes. Il s'agit entre autres des contr\u00f4les r\u00e9p\u00e9t\u00e9s n\u00e9cessaires des \u00e9quipements \u00e9lectriques selon DGUV 3 et VDE 0701\/0702, du respect des normes DGUV 17, BGI 810 et DIN 15750.<\/p>\n<\/div>\n<p>[clear]<\/p>\n<\/div>\n<p>[spacer size=\"20\u2033]<\/p>\n<div class=\"kasten-zehn\">\n<div class=\"kastenlinks\">\n<span class=\"zahl\">9.<\/span><\/div>\n<div class=\"kastenrechts\">\n<h1>PCS s'engage<\/h1>\n<p>PCS d\u00e9fend les int\u00e9r\u00eats des interpr\u00e8tes, des exploitants de lieux de r\u00e9union, des techniciens et des responsables sur place. Nous travaillons en \u00e9troite collaboration avec les associations d'interpr\u00e8tes et sommes actifs au sein de l'Association pour la technique des m\u00e9dias et de l'\u00e9v\u00e9nementiel. Nous nous engageons au-del\u00e0 des limites de notre travail pour une compr\u00e9hension parfaite \u2013 et si vous ne comprenez tout de m\u00eame pas notre charabia de conf\u00e9rence, vous trouverez de l'aide sous : <a href=\"\/fr\/lexique\/\" title=\"www.konferenztechnik.de\/lexikon\">www.konferenztechnik.de\/lexikon<\/a><\/p>\n<\/div>\n<p>[clear]<\/p>\n<\/div>\n<p>[spacer size=\"20\u2033]<\/p>\n<div class=\"kasten-zehn\">\n<div class=\"kastenlinks\">\n<span class=\"zahl\">10.<\/span><\/div>\n<div class=\"kastenrechts\">\n<h1>PCS innove<\/h1>\n<p>Nous sommes conscients que seule une grande comp\u00e9tence technique nous permettra de r\u00e9pondre aux exigences du futur. PCS a \u00e9t\u00e9 la premi\u00e8re entreprise allemande \u00e0 utiliser la technique du simulateur radio, a d\u00e9velopp\u00e9 avec Beyerdynamic de nouveaux syst\u00e8mes d'interpr\u00e9tation qui r\u00e9pondent exactement aux besoins des interpr\u00e8tes et est fermement impliqu\u00e9e dans la recherche et le d\u00e9veloppement de fabricants tels que Bosch, Shure et Sennheiser.<\/p>\n<p>La qualit\u00e9 et les possibilit\u00e9s d'utilisation de la technique de conf\u00e9rence augmentent constamment et rapidement. PCS contribue \u00e0 cette \u00e9volution en Allemagne, mais aussi dans le monde entier gr\u00e2ce \u00e0 des coop\u00e9rations.<\/p>\n<\/div>\n<p>[clear]<\/p>\n<\/div>\n<p>[spacer size=\"20\u2033]<\/p>\n<div class=\"kasten-zehn\">\n<div class=\"kastenlinks\">\n<span class=\"zahl\">+<\/span><\/div>\n<div class=\"kastenrechts\">\n<h1>Satisfaction des clients<\/h1>\n<p>Notre maxime de satisfaction des clients est tellement \u00e9vidente pour nous qu'elle ne figure pas r\u00e9guli\u00e8rement dans notre top ten : nous essayons toujours de satisfaire au mieux les besoins de nos clients. Les relations loyales et partenariales que nous entretenons avec nos clients, nos fournisseurs et nos collaborateurs sont les garants de la r\u00e9ussite de votre projet et la base strat\u00e9gique de notre succ\u00e8s \u00e0 long terme.<\/p>\n<\/div>\n<p>[clear]<\/p>\n<\/div>\n<p>[spacer size=\"20\u2033]<\/p>\n<\/div>","protected":false},"excerpt":{"rendered":"<p>10 bonnes raisons de choisir PCS 1. PCS est le fournisseur de qualit\u00e9 pour la technique de conf\u00e9rence Depuis 1995, PCS est l'expert en mati\u00e8re de mat\u00e9riel d'interpr\u00e9tation, de discussion, de guidage, de vote et de technique de conf\u00e9rence. Nous vous proposons une planification fiable, des solutions professionnelles et une ex\u00e9cution soign\u00e9e des commandes. Le service est toujours une priorit\u00e9 pour nous. Avec plus de 1 500 conf\u00e9rences internationales et installations fixes organis\u00e9es chaque ann\u00e9e, PCS fait partie des [...].<\/p>","protected":false},"author":1,"featured_media":45482,"parent":12,"menu_order":235,"comment_status":"closed","ping_status":"open","template":"","meta":{"_acf_changed":false,"footnotes":""},"class_list":["post-786","page","type-page","status-publish","has-post-thumbnail","hentry"],"acf":[],"_links":{"self":[{"href":"https:\/\/konferenztechnik.de\/fr\/wp-json\/wp\/v2\/pages\/786","targetHints":{"allow":["GET"]}}],"collection":[{"href":"https:\/\/konferenztechnik.de\/fr\/wp-json\/wp\/v2\/pages"}],"about":[{"href":"https:\/\/konferenztechnik.de\/fr\/wp-json\/wp\/v2\/types\/page"}],"author":[{"embeddable":true,"href":"https:\/\/konferenztechnik.de\/fr\/wp-json\/wp\/v2\/users\/1"}],"replies":[{"embeddable":true,"href":"https:\/\/konferenztechnik.de\/fr\/wp-json\/wp\/v2\/comments?post=786"}],"version-history":[{"count":0,"href":"https:\/\/konferenztechnik.de\/fr\/wp-json\/wp\/v2\/pages\/786\/revisions"}],"up":[{"embeddable":true,"href":"https:\/\/konferenztechnik.de\/fr\/wp-json\/wp\/v2\/pages\/12"}],"wp:featuredmedia":[{"embeddable":true,"href":"https:\/\/konferenztechnik.de\/fr\/wp-json\/wp\/v2\/media\/45482"}],"wp:attachment":[{"href":"https:\/\/konferenztechnik.de\/fr\/wp-json\/wp\/v2\/media?parent=786"}],"curies":[{"name":"wp","href":"https:\/\/api.w.org\/{rel}","templated":true}]}}