{"id":8918,"date":"2017-02-08T13:29:02","date_gmt":"2017-02-08T12:29:02","guid":{"rendered":"https:\/\/www.konferenztechnik.de\/?page_id=8918\/"},"modified":"2023-07-04T15:31:12","modified_gmt":"2023-07-04T13:31:12","slug":"audipack-silent-9300mkii","status":"publish","type":"page","link":"https:\/\/konferenztechnik.de\/fr\/audipack-silent-9300mkii\/","title":{"rendered":"Audipack Silent 9300MKII"},"content":{"rendered":"<div data-elementor-type=\"wp-page\" data-elementor-id=\"8918\" class=\"elementor elementor-8918\" data-elementor-post-type=\"page\">\n\t\t\t\t<div data-particle_enable=\"false\" data-particle-mobile-disabled=\"false\" class=\"elementor-element elementor-element-68f9f91 e-flex e-con-boxed e-con e-parent\" data-id=\"68f9f91\" data-element_type=\"container\">\n\t\t\t\t\t<div class=\"e-con-inner\">\n\t\t<div data-particle_enable=\"false\" data-particle-mobile-disabled=\"false\" class=\"elementor-element elementor-element-604bc16 e-flex e-con-boxed e-con e-parent\" data-id=\"604bc16\" data-element_type=\"container\">\n\t\t\t\t\t<div class=\"e-con-inner\">\n\t\t\t\t<div class=\"elementor-element elementor-element-966ff93 elementor-widget elementor-widget-heading\" data-id=\"966ff93\" data-element_type=\"widget\" data-settings=\"{&quot;_animation&quot;:&quot;none&quot;}\" data-widget_type=\"heading.default\">\n\t\t\t\t<div class=\"elementor-widget-container\">\n\t\t\t\t\t<h1 class=\"elementor-heading-title elementor-size-default\">Acheter, louer ou prendre en leasing des cabines d'interpr\u00e9tation Audipack Silent 9300 MK II<\/h1>\t\t\t\t<\/div>\n\t\t\t\t<\/div>\n\t\t\t\t\t<\/div>\n\t\t\t\t<\/div>\n\t\t<div data-particle_enable=\"false\" data-particle-mobile-disabled=\"false\" class=\"elementor-element elementor-element-bb09329 e-grid e-con-boxed e-con e-parent\" data-id=\"bb09329\" data-element_type=\"container\">\n\t\t\t\t\t<div class=\"e-con-inner\">\n\t\t\t\t<div class=\"elementor-element elementor-element-abfa810 elementor-widget elementor-widget-image\" data-id=\"abfa810\" data-element_type=\"widget\" data-widget_type=\"image.default\">\n\t\t\t\t<div class=\"elementor-widget-container\">\n\t\t\t\t\t\t\t\t\t\t\t\t\t\t\t<img fetchpriority=\"high\" decoding=\"async\" width=\"800\" height=\"600\" src=\"https:\/\/konferenztechnik.de\/wp-content\/uploads\/2013\/09\/9300-Interpreter-booth.jpg\" class=\"attachment-large size-large wp-image-3475\" alt=\"Cabine d&#039;interpr\u00e9tation Audipack Silent 9300\" srcset=\"https:\/\/konferenztechnik.de\/wp-content\/uploads\/2013\/09\/9300-Interpreter-booth.jpg 800w, https:\/\/konferenztechnik.de\/wp-content\/uploads\/2013\/09\/9300-Interpreter-booth-300x225.jpg 300w, https:\/\/konferenztechnik.de\/wp-content\/uploads\/2013\/09\/9300-Interpreter-booth-768x576.jpg 768w\" sizes=\"(max-width: 800px) 100vw, 800px\" title=\"\">\t\t\t\t\t\t\t\t\t\t\t\t\t\t\t<\/div>\n\t\t\t\t<\/div>\n\t\t\t\t<div class=\"elementor-element elementor-element-8b0af73 content-align-cta-default elementor-widget elementor-widget-eael-cta-box\" data-id=\"8b0af73\" data-element_type=\"widget\" data-widget_type=\"eael-cta-box.default\">\n\t\t\t\t<div class=\"elementor-widget-container\">\n\t\t\t\t\t\t\t<div class=\"eael-call-to-action cta-basic bg-lite cta-preset-1\">\n        <h2 class=\"title eael-cta-heading\">Audipack Silent 9300 MK II<\/h2><p>La 9300 MK II n'est plus fabriqu\u00e9e<\/p><p>Le successeur est le Silent 9600<\/p><p>Le 9600 r\u00e9pond aux normes les plus r\u00e9centes<\/p><a href=\"https:\/\/konferenztechnik.de\/fr\/audipack-silent-9600-achat-location-leasing\/\" class=\"cta-button cta-preset-1\">Voir Silent 9600<\/a>\t<\/div>\n\t\t\t\t\t\t\t\t<\/div>\n\t\t\t\t<\/div>\n\t\t\t\t\t<\/div>\n\t\t\t\t<\/div>\n\t\t<div data-particle_enable=\"false\" data-particle-mobile-disabled=\"false\" class=\"elementor-element elementor-element-0684704 e-flex e-con-boxed e-con e-parent\" data-id=\"0684704\" data-element_type=\"container\">\n\t\t\t\t\t<div class=\"e-con-inner\">\n\t\t\t\t<div class=\"elementor-element elementor-element-83733a1 elementor-widget__width-inherit elementor-widget elementor-widget-text-editor\" data-id=\"83733a1\" data-element_type=\"widget\" data-widget_type=\"text-editor.default\">\n\t\t\t\t<div class=\"elementor-widget-container\">\n\t\t\t\t\t\t\t\t\t<p>La cabine d'interpr\u00e9tation Audipack Silent 9300 MK II n'est plus fabriqu\u00e9e depuis 2018. La raison en est une norme ISO am\u00e9lior\u00e9e, publi\u00e9e fin 2016. Pour cette raison, les s\u00e9ries de mod\u00e8les existantes comme la Silent Series 9300 MK II ont \u00e9t\u00e9 revues et am\u00e9lior\u00e9es. Le mod\u00e8le qui succ\u00e8de \u00e0 l'Audipack Silent 9300 MK II, qui s'est impos\u00e9 ces derni\u00e8res ann\u00e9es comme une r\u00e9f\u00e9rence dans le domaine des conf\u00e9rences, est le nouvel Audipack Silent 9600.<\/p>\t\t\t\t\t\t\t\t<\/div>\n\t\t\t\t<\/div>\n\t\t\t\t<div class=\"elementor-element elementor-element-ee1ea0d elementor-widget elementor-widget-heading\" data-id=\"ee1ea0d\" data-element_type=\"widget\" data-settings=\"{&quot;_animation&quot;:&quot;none&quot;}\" data-widget_type=\"heading.default\">\n\t\t\t\t<div class=\"elementor-widget-container\">\n\t\t\t\t\t<h2 class=\"elementor-heading-title elementor-size-default\">Nouveau mod\u00e8le : cabine d'interpr\u00e9tation Audipack Silent 9600<\/h2>\t\t\t\t<\/div>\n\t\t\t\t<\/div>\n\t\t\t\t<div class=\"elementor-element elementor-element-5255fa7 elementor-widget__width-inherit elementor-widget elementor-widget-text-editor\" data-id=\"5255fa7\" data-element_type=\"widget\" data-widget_type=\"text-editor.default\">\n\t\t\t\t<div class=\"elementor-widget-container\">\n\t\t\t\t\t\t\t\t\t<p>Par rapport au Silent 9300 MK II, le Silent 9600 dispose entre autres d'une meilleure insonorisation, d'une fen\u00eatre d'observation plus grande et d'un \u00e9clairage LED au plafond. En option, il est toujours possible de surveiller la qualit\u00e9 de l'air. La nouvelle Audipack Silent 9600 est certifi\u00e9e conforme \u00e0 la derni\u00e8re norme ISO pour les cabines d'interpr\u00e9tation mobiles (ISO 4043:2016). Les cabines d'interpr\u00e9tation Audipack Silent 9600 sont actuellement disponibles imm\u00e9diatement dans l'entrep\u00f4t de PCS.<\/p>\t\t\t\t\t\t\t\t<\/div>\n\t\t\t\t<\/div>\n\t\t\t\t<div class=\"elementor-element elementor-element-7327639 elementor-widget__width-auto elementor-widget elementor-widget-button\" data-id=\"7327639\" data-element_type=\"widget\" data-widget_type=\"button.default\">\n\t\t\t\t<div class=\"elementor-widget-container\">\n\t\t\t\t\t\t\t\t\t<div class=\"elementor-button-wrapper\">\n\t\t\t\t\t<a class=\"elementor-button elementor-button-link elementor-size-sm\" href=\"https:\/\/konferenztechnik.de\/fr\/audipack-silent-9600-achat-location-leasing\/\">\n\t\t\t\t\t\t<span class=\"elementor-button-content-wrapper\">\n\t\t\t\t\t\t\t\t\t<span class=\"elementor-button-text\">Directement vers le Silent 9600<\/span>\n\t\t\t\t\t<\/span>\n\t\t\t\t\t<\/a>\n\t\t\t\t<\/div>\n\t\t\t\t\t\t\t\t<\/div>\n\t\t\t\t<\/div>\n\t\t\t\t\t<\/div>\n\t\t\t\t<\/div>\n\t\t\t\t<div class=\"elementor-element elementor-element-811c454 elementor-widget elementor-widget-shortcode\" data-id=\"811c454\" data-element_type=\"widget\" data-widget_type=\"shortcode.default\">\n\t\t\t\t<div class=\"elementor-widget-container\">\n\t\t\t\t\t\t\t<div class=\"elementor-shortcode\"><\/div>\n\t\t\t\t\t\t<\/div>\n\t\t\t\t<\/div>\n\t\t\t\t\t<\/div>\n\t\t\t\t<\/div>\n\t\t<div data-particle_enable=\"false\" data-particle-mobile-disabled=\"false\" class=\"elementor-element elementor-element-a15df91 e-flex e-con-boxed e-con e-parent\" data-id=\"a15df91\" data-element_type=\"container\">\n\t\t\t\t\t<div class=\"e-con-inner\">\n\t\t\t\t<div class=\"elementor-element elementor-element-056b8e1 elementor-widget elementor-widget-shortcode\" data-id=\"056b8e1\" data-element_type=\"widget\" data-widget_type=\"shortcode.default\">\n\t\t\t\t<div class=\"elementor-widget-container\">\n\t\t\t\t\t\t\t<div class=\"elementor-shortcode\"><\/div>\n\t\t\t\t\t\t<\/div>\n\t\t\t\t<\/div>\n\t\t\t\t\t<\/div>\n\t\t\t\t<\/div>\n\t\t\t\t<\/div>","protected":false},"excerpt":{"rendered":"<p>Audipack Silent 9300 MK II Dolmetscherkabinen kaufen, mieten oder leasen Audipack Silent 9300 MK II Die 9300 MK II wird nicht mehr hergestellt Nachfolgerin ist die Silent 9600 Die 9600 entspricht neusten Normen Silent 9600 ansehen Die Dolmetschkabine Audipack Silent 9300 MK II wird seit 2018 nicht mehr hergestellt. Der Grund daf\u00fcr ist eine verbesserte [&hellip;]<\/p>","protected":false},"author":1,"featured_media":45482,"parent":0,"menu_order":0,"comment_status":"closed","ping_status":"closed","template":"","meta":{"_acf_changed":false,"footnotes":""},"class_list":["post-8918","page","type-page","status-publish","has-post-thumbnail","hentry"],"acf":[],"_links":{"self":[{"href":"https:\/\/konferenztechnik.de\/fr\/wp-json\/wp\/v2\/pages\/8918","targetHints":{"allow":["GET"]}}],"collection":[{"href":"https:\/\/konferenztechnik.de\/fr\/wp-json\/wp\/v2\/pages"}],"about":[{"href":"https:\/\/konferenztechnik.de\/fr\/wp-json\/wp\/v2\/types\/page"}],"author":[{"embeddable":true,"href":"https:\/\/konferenztechnik.de\/fr\/wp-json\/wp\/v2\/users\/1"}],"replies":[{"embeddable":true,"href":"https:\/\/konferenztechnik.de\/fr\/wp-json\/wp\/v2\/comments?post=8918"}],"version-history":[{"count":0,"href":"https:\/\/konferenztechnik.de\/fr\/wp-json\/wp\/v2\/pages\/8918\/revisions"}],"wp:featuredmedia":[{"embeddable":true,"href":"https:\/\/konferenztechnik.de\/fr\/wp-json\/wp\/v2\/media\/45482"}],"wp:attachment":[{"href":"https:\/\/konferenztechnik.de\/fr\/wp-json\/wp\/v2\/media?parent=8918"}],"curies":[{"name":"wp","href":"https:\/\/api.w.org\/{rel}","templated":true}]}}