{"id":11199,"date":"2017-09-07T09:09:17","date_gmt":"2017-09-07T07:09:17","guid":{"rendered":"https:\/\/www.konferenztechnik.de\/?page_id=11199"},"modified":"2023-07-28T11:12:13","modified_gmt":"2023-07-28T09:12:13","slug":"noleggio-di-attrezzature-per-conferenze-a-stoccarda","status":"publish","type":"page","link":"https:\/\/konferenztechnik.de\/it\/noleggio-di-attrezzature-per-conferenze-a-stoccarda\/","title":{"rendered":"Noleggio di tecnologie per conferenze Stoccarda"},"content":{"rendered":"<div data-elementor-type=\"wp-page\" data-elementor-id=\"11199\" class=\"elementor elementor-11199\" data-elementor-post-type=\"page\">\n\t\t\t\t<div data-particle_enable=\"false\" data-particle-mobile-disabled=\"false\" class=\"elementor-element elementor-element-1574f151 e-flex e-con-boxed e-con e-parent\" data-id=\"1574f151\" data-element_type=\"container\">\n\t\t\t\t\t<div class=\"e-con-inner\">\n\t\t\t\t<div class=\"elementor-element elementor-element-23819dfd elementor-widget elementor-widget-heading\" data-id=\"23819dfd\" data-element_type=\"widget\" data-settings=\"{&quot;_animation&quot;:&quot;none&quot;}\" data-widget_type=\"heading.default\">\n\t\t\t\t<div class=\"elementor-widget-container\">\n\t\t\t\t\t<h1 class=\"elementor-heading-title elementor-size-default\">Noleggio di tecnologia per conferenze Stoccarda, noleggio di tecnologia audio, simultanea e video nel Baden-W\u00fcrttemberg<\/h1>\t\t\t\t<\/div>\n\t\t\t\t<\/div>\n\t\t\t\t<div class=\"elementor-element elementor-element-3953162a elementor-widget-widescreen__width-inherit elementor-widget elementor-widget-image\" data-id=\"3953162a\" data-element_type=\"widget\" data-widget_type=\"image.default\">\n\t\t\t\t<div class=\"elementor-widget-container\">\n\t\t\t\t\t\t\t\t\t\t\t\t\t\t\t<img fetchpriority=\"high\" decoding=\"async\" width=\"850\" height=\"380\" src=\"https:\/\/konferenztechnik.de\/wp-content\/uploads\/2017\/03\/stuttgart-02.jpg\" class=\"attachment-full size-full wp-image-9527\" alt=\"Noleggio attrezzature per interpreti Stoccarda-03\" srcset=\"https:\/\/konferenztechnik.de\/wp-content\/uploads\/2017\/03\/stuttgart-02.jpg 850w, https:\/\/konferenztechnik.de\/wp-content\/uploads\/2017\/03\/stuttgart-02-300x134.jpg 300w, https:\/\/konferenztechnik.de\/wp-content\/uploads\/2017\/03\/stuttgart-02-768x343.jpg 768w\" sizes=\"(max-width: 850px) 100vw, 850px\" title=\"\">\t\t\t\t\t\t\t\t\t\t\t\t\t\t\t<\/div>\n\t\t\t\t<\/div>\n\t\t<div data-particle_enable=\"false\" data-particle-mobile-disabled=\"false\" class=\"elementor-element elementor-element-54ef56ae e-flex e-con-boxed e-con e-parent\" data-id=\"54ef56ae\" data-element_type=\"container\">\n\t\t\t\t\t<div class=\"e-con-inner\">\n\t\t\t\t<div class=\"elementor-element elementor-element-7454b949 elementor-align-left elementor-widget elementor-widget-button\" data-id=\"7454b949\" data-element_type=\"widget\" data-widget_type=\"button.default\">\n\t\t\t\t<div class=\"elementor-widget-container\">\n\t\t\t\t\t\t\t\t\t<div class=\"elementor-button-wrapper\">\n\t\t\t\t\t<a class=\"elementor-button elementor-button-link elementor-size-lg\" href=\"#serviceteam\">\n\t\t\t\t\t\t<span class=\"elementor-button-content-wrapper\">\n\t\t\t\t\t\t<span class=\"elementor-button-icon\">\n\t\t\t\t<svg aria-hidden=\"true\" class=\"e-font-icon-svg e-far-arrow-alt-circle-down\" viewbox=\"0 0 512 512\" xmlns=\"http:\/\/www.w3.org\/2000\/svg\"><path d=\"M256 8C119 8 8 119 8 256s111 248 248 248 248-111 248-248S393 8 256 8zm0 448c-110.5 0-200-89.5-200-200S145.5 56 256 56s200 89.5 200 200-89.5 200-200 200zm-32-316v116h-67c-10.7 0-16 12.9-8.5 20.5l99 99c4.7 4.7 12.3 4.7 17 0l99-99c7.6-7.6 2.2-20.5-8.5-20.5h-67V140c0-6.6-5.4-12-12-12h-40c-6.6 0-12 5.4-12 12z\"><\/path><\/svg>\t\t\t<\/span>\n\t\t\t\t\t\t\t\t\t<span class=\"elementor-button-text\">Richiedi ora<\/span>\n\t\t\t\t\t<\/span>\n\t\t\t\t\t<\/a>\n\t\t\t\t<\/div>\n\t\t\t\t\t\t\t\t<\/div>\n\t\t\t\t<\/div>\n\t\t\t\t\t<\/div>\n\t\t\t\t<\/div>\n\t\t<div data-particle_enable=\"false\" data-particle-mobile-disabled=\"false\" class=\"elementor-element elementor-element-5e27720 e-flex e-con-boxed e-con e-parent\" data-id=\"5e27720\" data-element_type=\"container\">\n\t\t\t\t\t<div class=\"e-con-inner\">\n\t\t\t\t<div class=\"elementor-element elementor-element-31bb7c85 elementor-widget__width-inherit smart-post-list-4-col elementor-hidden-mobile elementor-widget elementor-widget-eael-post-list\" data-id=\"31bb7c85\" data-element_type=\"widget\" data-settings=\"{&quot;_animation&quot;:&quot;none&quot;}\" data-widget_type=\"eael-post-list.default\">\n\t\t\t\t<div class=\"elementor-widget-container\">\n\t\t\t\t\t<div class=\"eael-post-list-container advanced layout-advanced\"><div class=\"eael-post-list-wrap\"><div class=\"eael-post-list-posts-wrap eael-post-appender eael-post-appender-31bb7c85\"><div class=\"eael-post-list-post\"><div class=\"eael-post-list-post-inner\"><div class=\"eael-post-list-thumbnail\"><a href=\"https:\/\/konferenztechnik.de\/it\/sistemi-di-guida-personale-rent-buy-install\/\">\n                <img decoding=\"async\" src=\"https:\/\/konferenztechnik.de\/wp-content\/uploads\/2023\/07\/personenfuehrungsanlage-mieten-kaufen-jpg.webp\" alt=\"Un uomo parla al microfono, uno spettatore ascolta con un sistema di guida turistica durante un tour. Noleggiate, acquistate o noleggiate i sistemi di guida turistica di PCS.\" title=\"\">\n            <\/a><\/div><div class=\"eael-post-list-content\"><h3 class=\"eael-post-list-title\"><a href=\"https:\/\/konferenztechnik.de\/it\/sistemi-di-guida-personale-rent-buy-install\/\" >Sistemi di guida per i passeggeri<\/a><\/h3><p>Sistemi di guida turistica, sistemi di guida, sistemi whisper o PFA, cuffie, microfoni, unit\u00e0 di ricarica, custodie per il trasporto, accessori<\/p><a href=\"https:\/\/konferenztechnik.de\/it\/sistemi-di-guida-personale-rent-buy-install\/\" class=\"eael-post-elements-readmore-btn\" >\u203a di pi\u00f9<\/a><div class=\"boxed-meta\"><\/div><\/div><\/div><\/div><div class=\"eael-post-list-post\"><div class=\"eael-post-list-post-inner\"><div class=\"eael-post-list-thumbnail\"><a href=\"https:\/\/konferenztechnik.de\/it\/ricevitore-per-conferenze-ricevitore-per-cuffie\/\">\n                <img decoding=\"async\" src=\"https:\/\/konferenztechnik.de\/wp-content\/uploads\/2023\/06\/kopfhoerer-empfaenger-jpg.webp\" alt=\"Due ricevitori per conferenze disposti su un tavolo da conferenza con cuffie per l&#039;ascolto delle lingue interpretate\" title=\"\">\n            <\/a><\/div><div class=\"eael-post-list-content\"><h3 class=\"eael-post-list-title\"><a href=\"https:\/\/konferenztechnik.de\/it\/ricevitore-per-conferenze-ricevitore-per-cuffie\/\" >Ricevitore per conferenze, ricevitore per cuffie<\/a><\/h3><p>Noleggio di ricevitori per conferenze: Ricevitori e cuffie per conferenze con traduzione simultanea<\/p><a href=\"https:\/\/konferenztechnik.de\/it\/ricevitore-per-conferenze-ricevitore-per-cuffie\/\" class=\"eael-post-elements-readmore-btn\" >\u203a di pi\u00f9<\/a><div class=\"boxed-meta\"><\/div><\/div><\/div><\/div><div class=\"eael-post-list-post\"><div class=\"eael-post-list-post-inner\"><div class=\"eael-post-list-thumbnail\"><a href=\"https:\/\/konferenztechnik.de\/it\/noleggio-acquisto-installazione-leasing-di-sistemi-di-discussione-stazioni-intercomunicanti\/\">\n                <img decoding=\"async\" src=\"https:\/\/konferenztechnik.de\/wp-content\/uploads\/2023\/06\/diskussionsanlage-sprechstellen-tischmikrofone.jpg\" alt=\"Unit\u00e0 microfoniche da tavolo distribuite attorno a un tavolo da conferenza, con microfoni a collo d&#039;oca\" title=\"\">\n            <\/a><\/div><div class=\"eael-post-list-content\"><h3 class=\"eael-post-list-title\"><a href=\"https:\/\/konferenztechnik.de\/it\/noleggio-acquisto-installazione-leasing-di-sistemi-di-discussione-stazioni-intercomunicanti\/\" >Noleggio, acquisto, installazione, leasing di sistemi di discussione \u2013, stazioni intercomunicanti<\/a><\/h3><p>Noleggio, acquisto, installazione, leasing di sistemi di discussione \u2013, stazioni intercomunicanti<\/p><a href=\"https:\/\/konferenztechnik.de\/it\/noleggio-acquisto-installazione-leasing-di-sistemi-di-discussione-stazioni-intercomunicanti\/\" class=\"eael-post-elements-readmore-btn\" >\u203a di pi\u00f9<\/a><div class=\"boxed-meta\"><\/div><\/div><\/div><\/div><div class=\"eael-post-list-post\"><div class=\"eael-post-list-post-inner\"><div class=\"eael-post-list-thumbnail\"><a href=\"https:\/\/konferenztechnik.de\/it\/cabine-di-interpretazione-e-cabine-per-relatori\/\">\n                <img decoding=\"async\" src=\"https:\/\/konferenztechnik.de\/wp-content\/uploads\/2022\/06\/dolmetscherkabine-sprecherkabine-mieten-kaufen-leasen-jpg.webp\" alt=\"Cabina di interpretazione per 2 interpreti simultanei\" title=\"\">\n            <\/a><\/div><div class=\"eael-post-list-content\"><h3 class=\"eael-post-list-title\"><a href=\"https:\/\/konferenztechnik.de\/it\/cabine-di-interpretazione-e-cabine-per-relatori\/\" >Cabine di interpretariato e cabine per relatori<\/a><\/h3><p>La cabina di interpretazione \u00e8 il luogo di lavoro degli interpreti di simultanea.<\/p><a href=\"https:\/\/konferenztechnik.de\/it\/cabine-di-interpretazione-e-cabine-per-relatori\/\" class=\"eael-post-elements-readmore-btn\" >\u203a di pi\u00f9<\/a><div class=\"boxed-meta\"><\/div><\/div><\/div><\/div><div class=\"eael-post-list-post\"><div class=\"eael-post-list-post-inner\"><div class=\"eael-post-list-thumbnail\"><a href=\"https:\/\/konferenztechnik.de\/it\/banchi-di-interpretazione\/\">\n                <img decoding=\"async\" src=\"https:\/\/konferenztechnik.de\/wp-content\/uploads\/2022\/06\/dolmetscherpulte-mieten-kaufen-leasen-jpg.webp\" alt=\"Sportello di interpretariato televisivo\" title=\"\">\n            <\/a><\/div><div class=\"eael-post-list-content\"><h3 class=\"eael-post-list-title\"><a href=\"https:\/\/konferenztechnik.de\/it\/banchi-di-interpretazione\/\" >Banchi di interpretazione<\/a><\/h3><p>La dotazione di base di una cabina di interpretazione comprende un tavolo per l'interpretazione.<\/p><a href=\"https:\/\/konferenztechnik.de\/it\/banchi-di-interpretazione\/\" class=\"eael-post-elements-readmore-btn\" >\u203a di pi\u00f9<\/a><div class=\"boxed-meta\"><\/div><\/div><\/div><\/div><\/div><\/div>\n\t\t<\/div>\t\t\t\t<\/div>\n\t\t\t\t<\/div>\n\t\t\t\t\t<\/div>\n\t\t\t\t<\/div>\n\t\t\t\t\t<\/div>\n\t\t\t\t<\/div>\n\t\t<div data-particle_enable=\"false\" data-particle-mobile-disabled=\"false\" class=\"elementor-element elementor-element-11c6ebfd e-flex e-con-boxed e-con e-parent\" data-id=\"11c6ebfd\" data-element_type=\"container\">\n\t\t\t\t\t<div class=\"e-con-inner\">\n\t\t\t\t<div class=\"elementor-element elementor-element-4721cb49 elementor-widget__width-initial elementor-widget elementor-widget-text-editor\" data-id=\"4721cb49\" data-element_type=\"widget\" data-widget_type=\"text-editor.default\">\n\t\t\t\t<div class=\"elementor-widget-container\">\n\t\t\t\t\t\t\t\t\t<div class=\"call-action-slider-img\"><img decoding=\"async\" class=\"alignleft size-full wp-image-8570\" src=\"http:\/\/old.konferenztechnik.de\/wp-content\/uploads\/2016\/10\/events-fullservice.jpg\" alt=\"Noleggio di tecnologia per conferenze a Stoccarda da PCS GmbH\" title=\"\"><\/div><p>PCS offre soluzioni tecnologiche complete per conferenze a Stoccarda e in tutto il Baden-W\u00fcrttemberg. La gamma di servizi va ben oltre il noleggio di tecnologie audio, simultanee, video e AV. Sulla base di oltre 20 anni di esperienza nel settore, PCS offre agli organizzatori di congressi, agli organizzatori di eventi, agli interpreti di conferenza e alle aziende di Stoccarda una gamma completa di consulenze e servizi che coprono tutte le aree della tecnologia congressuale: dal supporto durante la fase di pianificazione alla consegna puntuale delle attrezzature alla sede dell'evento nel Baden-W\u00fcrttemberg e all'installazione professionale dei sistemi fino all'assistenza tecnica professionale durante l'evento. <\/p>\t\t\t\t\t\t\t\t<\/div>\n\t\t\t\t<\/div>\n\t\t\t\t<div class=\"elementor-element elementor-element-40d5c2be elementor-widget__width-initial elementor-widget elementor-widget-heading\" data-id=\"40d5c2be\" data-element_type=\"widget\" data-settings=\"{&quot;_animation&quot;:&quot;none&quot;}\" data-widget_type=\"heading.default\">\n\t\t\t\t<div class=\"elementor-widget-container\">\n\t\t\t\t\t<h2 class=\"elementor-heading-title elementor-size-default\">Tecnologia congressuale noleggiare \u2013 in quantit\u00e0 elevate per Stoccarda<\/h2>\t\t\t\t<\/div>\n\t\t\t\t<\/div>\n\t\t\t\t<div class=\"elementor-element elementor-element-4af2089 elementor-widget elementor-widget-image\" data-id=\"4af2089\" data-element_type=\"widget\" data-widget_type=\"image.default\">\n\t\t\t\t<div class=\"elementor-widget-container\">\n\t\t\t\t\t\t\t\t\t\t\t\t\t\t\t<img decoding=\"async\" width=\"1200\" height=\"450\" src=\"https:\/\/konferenztechnik.de\/wp-content\/uploads\/2016\/10\/events-fullservice.jpg\" class=\"attachment-full size-full wp-image-8489\" alt=\"eventi-servizio completo\" srcset=\"https:\/\/konferenztechnik.de\/wp-content\/uploads\/2016\/10\/events-fullservice.jpg 1200w, https:\/\/konferenztechnik.de\/wp-content\/uploads\/2016\/10\/events-fullservice-300x113.jpg 300w, https:\/\/konferenztechnik.de\/wp-content\/uploads\/2016\/10\/events-fullservice-1024x384.jpg 1024w, https:\/\/konferenztechnik.de\/wp-content\/uploads\/2016\/10\/events-fullservice-768x288.jpg 768w\" sizes=\"(max-width: 1200px) 100vw, 1200px\" title=\"\">\t\t\t\t\t\t\t\t\t\t\t\t\t\t\t<\/div>\n\t\t\t\t<\/div>\n\t\t\t\t<div class=\"elementor-element elementor-element-54a70897 elementor-widget__width-inherit elementor-widget elementor-widget-text-editor\" data-id=\"54a70897\" data-element_type=\"widget\" data-widget_type=\"text-editor.default\">\n\t\t\t\t<div class=\"elementor-widget-container\">\n\t\t\t\t\t\t\t\t\t<p>Da un punto di vista tecnico, PCS fornisce, tra l'altro, attrezzature come sistemi per conferenze, ricevitori simultanei, sistemi di interpretariato e unit\u00e0 microfoniche (o microfoni da tavolo \/ sistemi di discussione \/ catene di microfoni \/ unit\u00e0 microfoniche per delegati) a noleggio o in acquisto. Molti di questi dispositivi a noleggio sono disponibili in gran numero anche per Stoccarda. Questi dispositivi sono utilizzati in centri per eventi di Stoccarda come il centro culturale e congressuale Liederhalle, il centro conferenze dell'aeroporto di Stoccarda e il centro espositivo ICS. I sistemi per conferenze di PCS sono naturalmente utilizzati anche negli hotel di Stoccarda, come l'arcona MO.Hotel Stuttgart, il Maritim Hotel Stuttgart e il Kongresshotel Europe.<\/p><p>\u00a0<\/p><p>La tendenza alla velocit\u00e0 e alla flessibilit\u00e0 \u00e8 molto evidente anche nel settore della tecnologia per conferenze. Per questo motivo, nel Baden-W\u00fcrttemberg PCS si concentra sempre pi\u00f9 sui sistemi wireless, come il sistema di discussione wireless del marchio Bosch Dicentis. Il vantaggio principale di questi sistemi wireless \u00e8 che possono essere installati rapidamente e posizionati in modo flessibile. La scelta di utilizzare sistemi wireless o cablati viene solitamente decisa caso per caso.<\/p>\t\t\t\t\t\t\t\t<\/div>\n\t\t\t\t<\/div>\n\t\t\t\t<div class=\"elementor-element elementor-element-1c8c37eb elementor-widget elementor-widget-image\" data-id=\"1c8c37eb\" data-element_type=\"widget\" data-widget_type=\"image.default\">\n\t\t\t\t<div class=\"elementor-widget-container\">\n\t\t\t\t\t\t\t\t\t\t\t\t\t\t\t<img decoding=\"async\" width=\"1200\" height=\"450\" src=\"https:\/\/konferenztechnik.de\/wp-content\/uploads\/2016\/10\/events-berlin.jpg\" class=\"attachment-full size-full wp-image-8486\" alt=\"\" srcset=\"https:\/\/konferenztechnik.de\/wp-content\/uploads\/2016\/10\/events-berlin.jpg 1200w, https:\/\/konferenztechnik.de\/wp-content\/uploads\/2016\/10\/events-berlin-300x113.jpg 300w, https:\/\/konferenztechnik.de\/wp-content\/uploads\/2016\/10\/events-berlin-1024x384.jpg 1024w, https:\/\/konferenztechnik.de\/wp-content\/uploads\/2016\/10\/events-berlin-768x288.jpg 768w\" sizes=\"(max-width: 1200px) 100vw, 1200px\" title=\"\">\t\t\t\t\t\t\t\t\t\t\t\t\t\t\t<\/div>\n\t\t\t\t<\/div>\n\t\t<div data-particle_enable=\"false\" data-particle-mobile-disabled=\"false\" class=\"elementor-element elementor-element-622c790b e-flex e-con-boxed e-con e-parent\" data-id=\"622c790b\" data-element_type=\"container\">\n\t\t\t\t\t<div class=\"e-con-inner\">\n\t\t\t\t<div class=\"elementor-element elementor-element-54479de0 elementor-align-left elementor-widget elementor-widget-button\" data-id=\"54479de0\" data-element_type=\"widget\" data-widget_type=\"button.default\">\n\t\t\t\t<div class=\"elementor-widget-container\">\n\t\t\t\t\t\t\t\t\t<div class=\"elementor-button-wrapper\">\n\t\t\t\t\t<a class=\"elementor-button elementor-button-link elementor-size-lg\" href=\"#serviceteam\">\n\t\t\t\t\t\t<span class=\"elementor-button-content-wrapper\">\n\t\t\t\t\t\t<span class=\"elementor-button-icon\">\n\t\t\t\t<svg aria-hidden=\"true\" class=\"e-font-icon-svg e-far-arrow-alt-circle-down\" viewbox=\"0 0 512 512\" xmlns=\"http:\/\/www.w3.org\/2000\/svg\"><path d=\"M256 8C119 8 8 119 8 256s111 248 248 248 248-111 248-248S393 8 256 8zm0 448c-110.5 0-200-89.5-200-200S145.5 56 256 56s200 89.5 200 200-89.5 200-200 200zm-32-316v116h-67c-10.7 0-16 12.9-8.5 20.5l99 99c4.7 4.7 12.3 4.7 17 0l99-99c7.6-7.6 2.2-20.5-8.5-20.5h-67V140c0-6.6-5.4-12-12-12h-40c-6.6 0-12 5.4-12 12z\"><\/path><\/svg>\t\t\t<\/span>\n\t\t\t\t\t\t\t\t\t<span class=\"elementor-button-text\">Richiedi ora<\/span>\n\t\t\t\t\t<\/span>\n\t\t\t\t\t<\/a>\n\t\t\t\t<\/div>\n\t\t\t\t\t\t\t\t<\/div>\n\t\t\t\t<\/div>\n\t\t\t\t\t<\/div>\n\t\t\t\t<\/div>\n\t\t\t\t<div class=\"elementor-element elementor-element-3d3231ff elementor-widget__width-initial elementor-widget elementor-widget-heading\" data-id=\"3d3231ff\" data-element_type=\"widget\" data-settings=\"{&quot;_animation&quot;:&quot;none&quot;}\" data-widget_type=\"heading.default\">\n\t\t\t\t<div class=\"elementor-widget-container\">\n\t\t\t\t\t<h2 class=\"elementor-heading-title elementor-size-default\"> Tecnologia multimediale AV: dallo schermo all'unit\u00e0 di voto<\/h2>\t\t\t\t<\/div>\n\t\t\t\t<\/div>\n\t\t\t\t<div class=\"elementor-element elementor-element-7627d73 elementor-widget__width-inherit elementor-widget elementor-widget-text-editor\" data-id=\"7627d73\" data-element_type=\"widget\" data-widget_type=\"text-editor.default\">\n\t\t\t\t<div class=\"elementor-widget-container\">\n\t\t\t\t\t\t\t\t\t<p>La tecnologia multimediale AV \u00e8 un'area sempre pi\u00f9 importante della tecnologia per conferenze a Stoccarda e dintorni. Questo include microfoni da tavolo e da leggio, wireless e cablati, oltre a sistemi di diffusione sonora, proiettori, display, schermi e sistemi di votazione TED.<\/p><p>\u00a0<\/p><p>Stoccarda e il Baden-W\u00fcrttemberg sono serviti dalla filiale PCS di Heilbronn. Le richieste via e-mail da Stoccarda e dal Baden-W\u00fcrttemberg ricevono solitamente una risposta entro un'ora. PCS ha anche una linea telefonica attiva 24 ore su 24 che pu\u00f2 aiutare i clienti a risolvere problemi tecnici.<\/p>\t\t\t\t\t\t\t\t<\/div>\n\t\t\t\t<\/div>\n\t\t\t\t<div class=\"elementor-element elementor-element-735861bd elementor-widget__width-initial elementor-widget elementor-widget-heading\" data-id=\"735861bd\" data-element_type=\"widget\" data-settings=\"{&quot;_animation&quot;:&quot;none&quot;}\" data-widget_type=\"heading.default\">\n\t\t\t\t<div class=\"elementor-widget-container\">\n\t\t\t\t\t<h2 class=\"elementor-heading-title elementor-size-default\">Noleggio attrezzature per conferenze Stoccarda<\/h2>\t\t\t\t<\/div>\n\t\t\t\t<\/div>\n\t\t\t\t<div class=\"elementor-element elementor-element-354f102 elementor-widget elementor-widget-eael-adv-accordion\" data-id=\"354f102\" data-element_type=\"widget\" data-widget_type=\"eael-adv-accordion.default\">\n\t\t\t\t<div class=\"elementor-widget-container\">\n\t\t\t\t\t            <div class=\"eael-adv-accordion\" id=\"eael-adv-accordion-354f102\" data-scroll-on-click=\"no\" data-scroll-speed=\"300\" data-accordion-id=\"354f102\" data-accordion-type=\"accordion\" data-toogle-speed=\"300\">\n            <div class=\"eael-accordion-list\">\n\t\t\t\t\t<div id=\"locations-in-stuttgart\" class=\"elementor-tab-title eael-accordion-header\" tabindex=\"0\" data-tab=\"1\" aria-controls=\"elementor-tab-content-5581\"><span class=\"eael-advanced-accordion-icon-closed\"><svg aria-hidden=\"true\" class=\"fa-accordion-icon e-font-icon-svg e-fas-plus\" viewbox=\"0 0 448 512\" xmlns=\"http:\/\/www.w3.org\/2000\/svg\"><path d=\"M416 208H272V64c0-17.67-14.33-32-32-32h-32c-17.67 0-32 14.33-32 32v144H32c-17.67 0-32 14.33-32 32v32c0 17.67 14.33 32 32 32h144v144c0 17.67 14.33 32 32 32h32c17.67 0 32-14.33 32-32V304h144c17.67 0 32-14.33 32-32v-32c0-17.67-14.33-32-32-32z\"><\/path><\/svg><\/span><span class=\"eael-advanced-accordion-icon-opened\"><svg aria-hidden=\"true\" class=\"fa-accordion-icon e-font-icon-svg e-fas-minus\" viewbox=\"0 0 448 512\" xmlns=\"http:\/\/www.w3.org\/2000\/svg\"><path d=\"M416 208H32c-17.67 0-32 14.33-32 32v32c0 17.67 14.33 32 32 32h384c17.67 0 32-14.33 32-32v-32c0-17.67-14.33-32-32-32z\"><\/path><\/svg><\/span><span class=\"eael-accordion-tab-title\">Sedi a Stoccarda<\/span><svg aria-hidden=\"true\" class=\"fa-toggle e-font-icon-svg e-fas-angle-right\" viewbox=\"0 0 256 512\" xmlns=\"http:\/\/www.w3.org\/2000\/svg\"><path d=\"M224.3 273l-136 136c-9.4 9.4-24.6 9.4-33.9 0l-22.6-22.6c-9.4-9.4-9.4-24.6 0-33.9l96.4-96.4-96.4-96.4c-9.4-9.4-9.4-24.6 0-33.9L54.3 103c9.4-9.4 24.6-9.4 33.9 0l136 136c9.5 9.4 9.5 24.6.1 34z\"><\/path><\/svg><\/div><div id=\"elementor-tab-content-5581\" class=\"eael-accordion-content clearfix\" data-tab=\"1\" aria-labelledby=\"locations-in-stuttgart\"><div><p>Se noleggiate apparecchiature per l'interpretariato a Stoccarda, possiamo consegnarle e installarle indipendentemente dal luogo in cui si trovano. Alcune delle autorit\u00e0, sedi, strutture e luoghi di eventi in cui \u00e8 possibile noleggiare apparecchiature per l'interpretariato a Stoccarda includono <\/p><ul><li>Centro fieristico di Stoccarda<\/li><li>Centro fieristico di Stoccarda<\/li><li>Centro espositivo<\/li><li>Centro culturale e congressuale Liederhalle<\/li><li>Sala dei Marmi nel Parco Weissenburg<\/li><li>Filderhalle<\/li><li>Parco del Neckar<\/li><li>Arena Carl Benz<\/li><li>Hanns-Martin-Schleyer-Halle<\/li><li>Arena Porsche<\/li><li>Il mondo dei tram di Stoccarda<\/li><li>Fortezza romana di Exometa<\/li><li>Casa dell'Economia<\/li><li>Tribunale regionale superiore di Stoccarda<\/li><li>Radio tedesca del sud-ovest SWF<\/li><li>diversi ministeri<\/li><li>Museo Mercedes Benz<\/li><li>Parlamento del Baden-W\u00fcrttemberg<\/li><li>Corte costituzionale dello Stato del Baden-W\u00fcrttemberg.<\/li><\/ul><\/div><\/div>\n\t\t\t\t\t<\/div><div class=\"eael-accordion-list\">\n\t\t\t\t\t<div id=\"dolmetscherkabinen-mieten-stuttgart-und-ganz-baden-wrttemberg\" class=\"elementor-tab-title eael-accordion-header\" tabindex=\"0\" data-tab=\"2\" aria-controls=\"elementor-tab-content-5582\"><span class=\"eael-advanced-accordion-icon-closed\"><svg aria-hidden=\"true\" class=\"fa-accordion-icon e-font-icon-svg e-fas-plus\" viewbox=\"0 0 448 512\" xmlns=\"http:\/\/www.w3.org\/2000\/svg\"><path d=\"M416 208H272V64c0-17.67-14.33-32-32-32h-32c-17.67 0-32 14.33-32 32v144H32c-17.67 0-32 14.33-32 32v32c0 17.67 14.33 32 32 32h144v144c0 17.67 14.33 32 32 32h32c17.67 0 32-14.33 32-32V304h144c17.67 0 32-14.33 32-32v-32c0-17.67-14.33-32-32-32z\"><\/path><\/svg><\/span><span class=\"eael-advanced-accordion-icon-opened\"><svg aria-hidden=\"true\" class=\"fa-accordion-icon e-font-icon-svg e-fas-minus\" viewbox=\"0 0 448 512\" xmlns=\"http:\/\/www.w3.org\/2000\/svg\"><path d=\"M416 208H32c-17.67 0-32 14.33-32 32v32c0 17.67 14.33 32 32 32h384c17.67 0 32-14.33 32-32v-32c0-17.67-14.33-32-32-32z\"><\/path><\/svg><\/span><span class=\"eael-accordion-tab-title\">Noleggio di cabine di interpretazione a Stoccarda e in tutto il Baden W\u00fcrttemberg<\/span><svg aria-hidden=\"true\" class=\"fa-toggle e-font-icon-svg e-fas-angle-right\" viewbox=\"0 0 256 512\" xmlns=\"http:\/\/www.w3.org\/2000\/svg\"><path d=\"M224.3 273l-136 136c-9.4 9.4-24.6 9.4-33.9 0l-22.6-22.6c-9.4-9.4-9.4-24.6 0-33.9l96.4-96.4-96.4-96.4c-9.4-9.4-9.4-24.6 0-33.9L54.3 103c9.4-9.4 24.6-9.4 33.9 0l136 136c9.5 9.4 9.5 24.6.1 34z\"><\/path><\/svg><\/div><div id=\"elementor-tab-content-5582\" class=\"eael-accordion-content clearfix\" data-tab=\"2\" aria-labelledby=\"dolmetscherkabinen-mieten-stuttgart-und-ganz-baden-wrttemberg\"><div><p>Forniamo questi distretti quando i nostri clienti noleggiano tecnologie di interpretariato da utilizzare a Stoccarda e dintorni:<\/p><ul><li>Centro di Stoccarda,<\/li><li>Stoccarda-Nord,<\/li><li>Stoccarda Est,<\/li><li>Stoccarda-Sud,<\/li><li>Stoccarda-Ovest,<\/li><li>Bad Cannstatt,<\/li><li>Museo Porsche,<\/li><li>Stammheim,<\/li><li>Feuerbach,<\/li><\/ul><p>ma anche in tutti gli altri quartieri di Stoccarda. Noleggiamo le nostre attrezzature non solo nella capitale dello Stato, Stoccarda, ma anche in tutto il Baden W\u00fcrttemberg.<\/p><\/div><\/div>\n\t\t\t\t\t<\/div><\/div>\t\t\t\t<\/div>\n\t\t\t\t<\/div>\n\t\t\t\t\t<\/div>\n\t\t\t\t<\/div>\n\t\t<div data-particle_enable=\"false\" data-particle-mobile-disabled=\"false\" class=\"elementor-element elementor-element-4483eb38 e-flex e-con-boxed e-con e-parent\" data-id=\"4483eb38\" data-element_type=\"container\">\n\t\t\t\t\t<div class=\"e-con-inner\">\n\t\t\t\t<div class=\"elementor-element elementor-element-6b1c9b5b elementor-widget elementor-widget-shortcode\" data-id=\"6b1c9b5b\" data-element_type=\"widget\" data-widget_type=\"shortcode.default\">\n\t\t\t\t<div class=\"elementor-widget-container\">\n\t\t\t\t\t\t\t<div class=\"elementor-shortcode\"><\/div>\n\t\t\t\t\t\t<\/div>\n\t\t\t\t<\/div>\n\t\t\t\t\t<\/div>\n\t\t\t\t<\/div>\n\t\t\t\t<\/div>","protected":false},"excerpt":{"rendered":"<p>Konferenztechnik mieten Stuttgart, Vermietung von Audio-, Simultan- und Videotechnik in Baden-W\u00fcrttemberg Jetzt anfragen Diskussionsanlagen, Sprechstellen \u2013 mieten, kaufen, installieren, leasen Diskussionsanlagen, Sprechstellen \u2013 mieten, kaufen, installieren, leasen \u203a mehr Dolmetschkabinen und Sprecherkabinen Die Dolmetschkabine ist der Arbeitsplatz der Simultandolmetscher*innen \u203a mehr Dolmetschpulte Zur Grundausr\u00fcstung einer Dolmetscherkabine geh\u00f6rt ein Dolmetschpult. \u203a mehr Konferenzempf\u00e4nger, Kopfh\u00f6rerempf\u00e4nger Konferenzempf\u00e4nger mieten: [&hellip;]<\/p>","protected":false},"author":1,"featured_media":45482,"parent":0,"menu_order":0,"comment_status":"closed","ping_status":"closed","template":"","meta":{"_acf_changed":false,"footnotes":""},"class_list":["post-11199","page","type-page","status-publish","has-post-thumbnail","hentry"],"acf":[],"_links":{"self":[{"href":"https:\/\/konferenztechnik.de\/it\/wp-json\/wp\/v2\/pages\/11199","targetHints":{"allow":["GET"]}}],"collection":[{"href":"https:\/\/konferenztechnik.de\/it\/wp-json\/wp\/v2\/pages"}],"about":[{"href":"https:\/\/konferenztechnik.de\/it\/wp-json\/wp\/v2\/types\/page"}],"author":[{"embeddable":true,"href":"https:\/\/konferenztechnik.de\/it\/wp-json\/wp\/v2\/users\/1"}],"replies":[{"embeddable":true,"href":"https:\/\/konferenztechnik.de\/it\/wp-json\/wp\/v2\/comments?post=11199"}],"version-history":[{"count":0,"href":"https:\/\/konferenztechnik.de\/it\/wp-json\/wp\/v2\/pages\/11199\/revisions"}],"wp:featuredmedia":[{"embeddable":true,"href":"https:\/\/konferenztechnik.de\/it\/wp-json\/wp\/v2\/media\/45482"}],"wp:attachment":[{"href":"https:\/\/konferenztechnik.de\/it\/wp-json\/wp\/v2\/media?parent=11199"}],"curies":[{"name":"wp","href":"https:\/\/api.w.org\/{rel}","templated":true}]}}