{"id":1141,"date":"2013-08-22T11:55:13","date_gmt":"2013-08-22T09:55:13","guid":{"rendered":"https:\/\/pcs-miete.de\/?page_id=1141"},"modified":"2023-07-05T15:04:23","modified_gmt":"2023-07-05T13:04:23","slug":"proiettori","status":"publish","type":"page","link":"https:\/\/konferenztechnik.de\/it\/distribuzione-di-tecnologia-per-conferenze-e-media-av\/tecnologia-video\/proiettori\/","title":{"rendered":"Proiettori"},"content":{"rendered":"<h1>Proiettori<\/h1>\n<p>Una piccola selezione di proiettori professionali, silenziosi ed estremamente potenti. Se siete interessati ai proiettori, contattateci e troveremo il modello pi\u00f9 adatto alle vostre esigenze.<\/p>\n<h2>Proiettore LCD Panasonic PT-EW630U<\/h2>\n<p><a href=\"https:\/\/konferenztechnik.de\/wp-content\/uploads\/2013\/08\/Panasonic_LCD-Projektor-PT-EW630U.jpg\"><img fetchpriority=\"high\" decoding=\"async\" width=\"900\" height=\"698\" class=\"alignnone size-full wp-image-4817\" src=\"https:\/\/konferenztechnik.de\/wp-content\/uploads\/2013\/08\/Panasonic_LCD-Projektor-PT-EW630U.jpg\" alt=\"Proiettore LCD Panasonic PT-EW630U\" title=\"\" srcset=\"https:\/\/konferenztechnik.de\/wp-content\/uploads\/2013\/08\/Panasonic_LCD-Projektor-PT-EW630U.jpg 900w, https:\/\/konferenztechnik.de\/wp-content\/uploads\/2013\/08\/Panasonic_LCD-Projektor-PT-EW630U-300x233.jpg 300w, https:\/\/konferenztechnik.de\/wp-content\/uploads\/2013\/08\/Panasonic_LCD-Projektor-PT-EW630U-768x596.jpg 768w\" sizes=\"(max-width: 900px) 100vw, 900px\" \/><\/a><\/p>\n<p>Proiettore LCD Panasonic PT-EW630U<\/p>\n<p>Il proiettore LCD PT- EW630U di Panasonic offre una risoluzione WXGA (1.280 x 800), una luminosit\u00e0 di 5.500 lumen e un rapporto di contrasto di 5.000:1.<br \/>\n\u00c8 versatile, ad esempio in aule, sale conferenze o uffici, e offre un funzionamento senza manutenzione fino a 10.000 ore.<\/p>\n<h2>Proiettore LCD Panasonic PT-EW630U<\/h2>\n<p>Specifiche tecniche<\/p>\n<ul>\n<li>Dimensioni del pannello (diagonale): 19,0 mm (0,75 \") di diagonale<\/li>\n<li>Rapporto d'aspetto: 16.10<\/li>\n<li>Metodo di visualizzazione: Pannello LCD trasparente (x 3, R \/ G \/ B)<\/li>\n<li>Risoluzione: WXGA (1.280 x 800 pixel)<\/li>\n<li>Dimensioni dello schermo: da 1,02 a 10,16 m<\/li>\n<li>Lampada: lampada UHM da 330 W x 1<\/li>\n<li>Ciclo di sostituzione della lampada: 3.000 ore1 (potenza della lampada: normale) \u2013 4.000 ore1 (potenza della lampada ECO)<\/li>\n<li>Luminosit\u00e0: 5.500 lumen 2<\/li>\n<li>Rapporto di contrasto: 5000: 12 (Full On \/ Full Off, potenza della lampada: AUTO)<\/li>\n<li>Unit\u00e0 di controllo (compatibile con RS-232C)<\/li>\n<li>REMOTE IN: M3 x 1 per il telecomando via cavo<\/li>\n<li>Alimentazione: 100-240 V CA, 50\/60 Hz<\/li>\n<li>Consumo di energia: 490 W (492 VA) (0,4 W con MODO STANDBY su ECO4 11 W con MODO STANDBY su RETE).<\/li>\n<li>Dimensioni (LxAxP): 489,5 mm x 164 mm5 x 434 mm (19-9 \/ 32 x 6-15 \/ 325 x 17-3 \/ 32 pollici) (con l'obiettivo in dotazione)<\/li>\n<li>Otturatore meccanico: S\u00ec<\/li>\n<li>Filtro: x 1, ciclo di sostituzione consigliato: 12.000 ore<\/li>\n<li>Intervallo di correzione trapezoidale: verticale: \u00b1 40\u00b0 7, orizzontale: \u00b1 30\u00b0 8<\/li>\n<li>Spostamento asse ottico: verticale: \u00b1 60% (alimentato), orizzontale: \u00b1 10% (alimentato) 9<\/li>\n<li>Peso: circa 10,3 kg (22,7 \u20ac) (con obiettivo in dotazione) 10<\/li>\n<li>Altoparlante incorporato: 10 W (mono) di potenza in uscita<\/li>\n<li>Livello di rumore: 37 dB (POTENZA LAMPADA: NORMALE), 31 dB (POTENZA LAMPADA: ECO 1 \/ ECO 2)<\/li>\n<li>Accessori in dotazione: cavo di alimentazione, supporto per cavo di alimentazione, unit\u00e0 di controllo remoto wireless\/cablato, batterie (tipo R03 \/ LR03AA x 2), cavo per computer, software<\/li>\n<\/ul>\n<h2>Barco PHXG-91B<\/h2>\n<p><a href=\"https:\/\/konferenztechnik.de\/wp-content\/uploads\/2013\/08\/barco-PHWU-81b.jpg\"><img decoding=\"async\" width=\"900\" height=\"674\" class=\"alignleft size-full wp-image-4267\" src=\"https:\/\/konferenztechnik.de\/wp-content\/uploads\/2013\/08\/barco-PHWU-81b.jpg\" alt=\"Proiettore Barco PHXG-91B\" title=\"\" srcset=\"https:\/\/konferenztechnik.de\/wp-content\/uploads\/2013\/08\/barco-PHWU-81b.jpg 900w, https:\/\/konferenztechnik.de\/wp-content\/uploads\/2013\/08\/barco-PHWU-81b-300x225.jpg 300w, https:\/\/konferenztechnik.de\/wp-content\/uploads\/2013\/08\/barco-PHWU-81b-768x575.jpg 768w\" sizes=\"(max-width: 900px) 100vw, 900px\" \/><\/a><\/p>\n<p>Proiettore Barco \u2013 da 8.500 lumen, XGA, single-chip DLP Presente<\/p>\n<p>Questo proiettore da 8.500 lumen con risoluzione XGA \u00e8 perfetto per proiezioni professionali su grande schermo nella vostra elegante sala riunioni o sala riunioni.<\/p>\n<h2>Barco PHXG-91B<\/h2>\n<ul>\n<li>Design elegante che si integra perfettamente negli interni<\/li>\n<li>Immagini di alta qualit\u00e0 con un livello di dettaglio ineguagliabile e massimo contrasto<\/li>\n<li>Senza pulsanti e senza cavi per un funzionamento semplice e un minore ingombro dei cavi<\/li>\n<li>Tecnologia DLP affidabile<\/li>\n<li>\"Componenti aggiuntivi di connettivit\u00e0 futura\" facilmente espandibili<\/li>\n<li>Costi ridotti grazie alla tecnologia DLP e alle ottiche sigillate<\/li>\n<li>La modalit\u00e0 immagine preimpostata consente una gestione flessibile del colore<\/li>\n<li>Menu operativo intuitivo con le funzioni utilizzate pi\u00f9 frequentemente<\/li>\n<li>Telecomando di facile utilizzo. Basta un solo pulsante!<\/li>\n<\/ul>\n<h2>ClickShare Inside<\/h2>\n<p>Questo proiettore supporta moduli di connessione opzionali. Ci\u00f2 significa che pu\u00f2 essere facilmente aggiornato con funzioni aggiuntive e a prova di futuro. Basato sul sistema di presentazione wireless Click Share di Barco, l'opzione \"Click Inside\" pu\u00f2 essere integrata nel proiettore e consente di inviare e condividere in modalit\u00e0 wireless i contenuti dallo schermo del laptop al proiettore con un solo clic e senza cavi \u2013 per una vera collaborazione.<\/p>\n<h2>Proiettore DLP laser Panasonic PT-RW330E LE<\/h2>\n<p><a href=\"https:\/\/konferenztechnik.de\/wp-content\/uploads\/2013\/08\/projektor-panasonic_PT-RW330E.jpg\"><img decoding=\"async\" width=\"468\" height=\"312\" class=\"alignleft size-full wp-image-4268\" src=\"https:\/\/konferenztechnik.de\/wp-content\/uploads\/2013\/08\/projektor-panasonic_PT-RW330E.jpg\" alt=\"Proiettore DLP laser a LED Panasonic PT-RW330E\" title=\"\" srcset=\"https:\/\/konferenztechnik.de\/wp-content\/uploads\/2013\/08\/projektor-panasonic_PT-RW330E.jpg 468w, https:\/\/konferenztechnik.de\/wp-content\/uploads\/2013\/08\/projektor-panasonic_PT-RW330E-300x200.jpg 300w\" sizes=\"(max-width: 468px) 100vw, 468px\" \/><\/a><\/p>\n<p>Il proiettore DLP PT-RW330 LED\/Laser fa parte della serie di proiettori Panasonic SOLID SHINE. Offre un'elevata affidabilit\u00e0 e una luminosit\u00e0 di lunga durata che in precedenza non era possibile ottenere con i proiettori \"convenzionali\".<\/p>\n<h2>Proiettore DLP laser Panasonic PT-RW330E LE<\/h2>\n<ul>\n<li>Luminosit\u00e0 di 3.500 lm con risoluzione WXGA<\/li>\n<li>Rapporto di contrasto di 10.000:1<\/li>\n<li>Fino a 20.000 ore di funzionamento senza manutenzione<\/li>\n<li>Il design LED\/laser garantisce che non sia necessario sostituire n\u00e9 la lampada n\u00e9 il filtro.<\/li>\n<li>Qualit\u00e0 d'immagine duratura ed eccezionale riproduzione dei colori<\/li>\n<li>Grazie alla compatibilit\u00e0 DIGITAL LINK, i segnali video, audio e di controllo possono essere trasmessi fino a 100 metri tramite un unico cavo LAN.<\/li>\n<\/ul>\n<h2>Senza manutenzione<\/h2>\n<p>La nuova combinazione LED\/laser come sorgente luminosa nei proiettori garantisce circa 20.000 ore di funzionamento senza dover sostituire la lampada o il filtro. Questo riduce drasticamente i costi e gli sforzi di manutenzione.<\/p>\n<h2>Alta affidabilit\u00e0<\/h2>\n<p>Grazie al sistema di raffreddamento sviluppato appositamente per la nuova sorgente luminosa e alla struttura dell'alloggiamento protetto dalla polvere, il sistema \u00e8 stato progettato in particolare per garantire la massima affidabilit\u00e0 operativa. Consente un utilizzo affidabile del proiettore anche per un lungo periodo di tempo.<\/p>\n<h2>Installazione flessibile<\/h2>\n<p>Le funzioni del sistema, come il doppio zoom, l'ampia escursione dell'obiettivo e le opzioni di montaggio a 360\u00b0, garantiscono un elevato grado di flessibilit\u00e0 durante l'installazione. La compatibilit\u00e0 con DIGITAL LINK consente la trasmissione del segnale digitale con un solo cavo LAN \u2013, anche su lunghe distanze.<\/p>\n<h2>Che cos'\u00e8 il DIGITAL LINK?<\/h2>\n<p>DIGITAL LINK consente la trasmissione simultanea di segnali video, audio e di controllo fino a 100 metri attraverso un unico cavo di rete CAT5e\/6. Questo semplifica il cablaggio o la futura espansione del sistema e contribuisce a risparmiare sui costi.<\/p>\n<h2>Proiettore interattivo a ottica ultra corta VPL-SW536C di Sony<\/h2>\n<p><a href=\"https:\/\/konferenztechnik.de\/wp-content\/uploads\/2013\/08\/kurzdistanz-projektor-sony-VPL-SW536C.jpeg\"><img loading=\"lazy\" decoding=\"async\" width=\"558\" height=\"336\" class=\"alignleft size-full wp-image-4269\" src=\"https:\/\/konferenztechnik.de\/wp-content\/uploads\/2013\/08\/kurzdistanz-projektor-sony-VPL-SW536C.jpeg\" alt=\"Proiettore interattivo a ottica ultra corta VPL-SW536C di Sony\" title=\"\" srcset=\"https:\/\/konferenztechnik.de\/wp-content\/uploads\/2013\/08\/kurzdistanz-projektor-sony-VPL-SW536C.jpeg 558w, https:\/\/konferenztechnik.de\/wp-content\/uploads\/2013\/08\/kurzdistanz-projektor-sony-VPL-SW536C-300x181.jpeg 300w\" sizes=\"(max-width: 558px) 100vw, 558px\" \/><\/a><\/p>\n<h2>Proiettore interattivo a ottica ultra corta VPL-SW536C di Sony<\/h2>\n<p>Questo proiettore economico e interattivo a ottica ultracorta con funzione Wi-Fi crea le condizioni di base per presentazioni luminose ed efficaci in classe o nell'area didattica. \u00c8 progettato per il montaggio a parete in ambienti di piccole e medie dimensioni e proietta immagini nitide e ben visibili su schermo, parete o lavagna. Poich\u00e9 il proiettore \u00e8 posizionato molto vicino allo schermo, non abbaglia gli alunni\/studenti o gli insegnanti\/docenti.<\/p>\n<h2>Proiettore interattivo a ottica ultra corta VPL-SW536C di Sony<\/h2>\n<ul>\n<li>Con il software interattivo per due penne (incluse), l'insegnante e lo studente possono disegnare e scrivere contemporaneamente con il riconoscimento della scrittura. Per la creazione di tabelle e diagrammi, sono a disposizione strumenti grafici 2D e 2D versatili e funzioni di formula e calcolo. \u00c8 possibile modificare gli oggetti e creare schermate per i documenti degli studenti.<\/li>\n<li>Immagini estremamente chiare e luminose con un'emissione luminosa a colori massima di 3100 lumen. L'elevata luminosit\u00e0 del proiettore garantisce una chiara visibilit\u00e0 delle presentazioni in qualsiasi aula o sala riunioni. Con tre livelli di luminosit\u00e0, la proiezione pu\u00f2 essere adattata a qualsiasi situazione di illuminazione \u2013 dalla luce diurna alla penombra.<\/li>\n<li><em>Risoluzione WXGA per presentazioni dettagliate<\/em>. La risoluzione WXGA (1280 x 800) mostra tutti i dettagli ed \u00e8 quindi perfetta per le presentazioni tenute direttamente da un notebook o da un PC.<\/li>\n<li><em>Tecnologia 3LCD BrightEra<\/em>. L'efficiente sistema di pannelli 3LCD del proiettore \u00e8 completato dall'avanzata tecnologia BrightEra\u2122 di Sony. La differenza \u00e8 immediatamente riconoscibile: immagini straordinariamente luminose e ad alta risoluzione ed elevata affidabilit\u00e0 del pannello.<\/li>\n<li><em>Sei modalit\u00e0 di immagine per ogni applicazione<\/em>. Grazie alle sei modalit\u00e0 di immagine Dinamica, Standard, Gioco, Lavagna, Cinema e Presentazione \u2013, la qualit\u00e0 dell'immagine pu\u00f2 essere ottimizzata per qualsiasi materiale sorgente. Le modalit\u00e0 di immagine possono essere combinate con tre modalit\u00e0 di luminosit\u00e0 (Alta, Media, Bassa) per adattare la proiezione a quasi tutte le condizioni di presentazione.<\/li>\n<li><em>Funzione Wi-Fi per un facile scambio di dati<\/em>. Il modulo WLAN USB IFU-WLM3 opzionale consente la connessione ad altri dispositivi in aula, come PC, smartphone e tablet.<\/li>\n<li><em>Presente da qualsiasi PC tramite la rete<\/em>. Le presentazioni possono essere facilmente proiettate in modalit\u00e0 wireless (con il modulo Wi-Fi opzionale) o tramite cavo LAN da qualsiasi PC collegato alla rete. \u00c8 inoltre possibile accedere e gestire le funzioni e lo stato del proiettore da qualsiasi PC docente in rete.<\/li>\n<li>Visualizzazione delle immagini direttamente tramite USB. Foto, immagini e grafici possono essere visualizzati anche senza un PC tramite la porta USB.<\/li>\n<li>Con una minore manutenzione, che si ripercuote positivamente anche sui costi di esercizio, \u00e8 possibile insegnare pi\u00f9 a lungo senza interruzioni. I cicli di pulizia dei filtri sono sincronizzati con la sostituzione delle lampade, riducendo ulteriormente i requisiti di manutenzione.<\/li>\n<li><em>Risparmio energetico con la semplice pressione di un tasto<\/em>. Il tasto ECO MODE sul proiettore o sul telecomando consente di accedere a una serie di impostazioni di risparmio energetico.<\/li>\n<li>Dimmerazione automatica. Se non viene immesso alcun segnale o se \u00e8 trascorso un certo tempo predefinito, la luminosit\u00e0 del proiettore pu\u00f2 essere ridotta automaticamente. In questo modo si risparmia energia e si riduce la bolletta elettrica.<\/li>\n<li><em>Regolazione automatica della luminosit\u00e0<\/em>. La potenza di uscita del laser si adatta automaticamente al contenuto dell'immagine. In questo modo, il dispositivo risparmia energia nelle scene con scarsa illuminazione.<\/li>\n<li><em>Oscuramento dell'immagine a risparmio energetico<\/em>. L'immagine pu\u00f2 essere spenta immediatamente premendo un tasto del telecomando del proiettore. Ci\u00f2 riduce il consumo di energia di 75 %. Dopo aver premuto nuovamente il tasto, il proiettore riaccende immediatamente l'immagine, consentendo di continuare la presentazione.<\/li>\n<li><em>Rilevamento automatico dell'ingresso facile e veloce<\/em>. Il proiettore riconosce automaticamente il collegamento corretto, semplificando e velocizzando l'installazione.<\/li>\n<li><em>Installazione semplice<\/em>. Lo zoom ottico personalizzabile e lo spostamento dell'obiettivo consentono di installare il dispositivo in modo rapido e semplice in qualsiasi aula. Le connessioni versatili consentono di collegare facilmente PC, lettori DVD, microfoni e altri dispositivi AV.<\/li>\n<li><em>Precauzioni di sicurezza integrate<\/em>. Il proiettore \u00e8 protetto contro i furti grazie a un codice PIN e a una robusta barra di sicurezza.<\/li>\n<\/ul>\n<h2>Ottica per proiettori<\/h2>\n<p><a href=\"https:\/\/konferenztechnik.de\/wp-content\/uploads\/2013\/08\/sony_objektiv_vpll1008_gross.jpg\"><img loading=\"lazy\" decoding=\"async\" class=\"size-full wp-image-1180\" src=\"https:\/\/konferenztechnik.de\/wp-content\/uploads\/2013\/08\/sony_objektiv_vpll1008_gross.jpg\" alt=\"Obiettivo Sony VPLL1008\" width=\"687\" height=\"627\" title=\"\" srcset=\"https:\/\/konferenztechnik.de\/wp-content\/uploads\/2013\/08\/sony_objektiv_vpll1008_gross.jpg 687w, https:\/\/konferenztechnik.de\/wp-content\/uploads\/2013\/08\/sony_objektiv_vpll1008_gross-300x274.jpg 300w\" sizes=\"(max-width: 687px) 100vw, 687px\" \/><\/a> Obiettivo Sony VPLL1008<\/p>\n<h2>Ottica per proiettori<\/h2>\n<p>Grazie alle diverse ottiche, i proiettori professionali possono essere adattati a quasi tutte le distanze e alle dimensioni dello schermo. Nella nostra progettazione includiamo tutti i parametri importanti e vi forniamo raccomandazioni per l'uso corretto dei vostri proiettori, comprese le ottiche adatte e gli accessori necessari.<\/p>","protected":false},"excerpt":{"rendered":"<p>Projektoren Eine kleine Auswahl an professionellen, leisen und \u00e4u\u00dferst leistungstarken Projektoren. Wenn Sie sich f\u00fcr Beamer interessieren, melden Sie sich einfach bei uns, wir finden das passende Modell, genau auf Ihre Bed\u00fcrfnisse abgestimmt. Panasonic LCD-Projektor PT-EW630U Panasonic LCD-Projektor PT-EW630U Der PT- EW630U LCD-Projektor von Panasonic bietet eine WXGA-Aufl\u00f6sung (1.280 x 800), 5.500 Lumen Helligkeit und [&hellip;]<\/p>","protected":false},"author":1,"featured_media":45482,"parent":1138,"menu_order":230,"comment_status":"closed","ping_status":"open","template":"","meta":{"_acf_changed":false,"footnotes":""},"class_list":["post-1141","page","type-page","status-publish","has-post-thumbnail","hentry"],"acf":[],"_links":{"self":[{"href":"https:\/\/konferenztechnik.de\/it\/wp-json\/wp\/v2\/pages\/1141","targetHints":{"allow":["GET"]}}],"collection":[{"href":"https:\/\/konferenztechnik.de\/it\/wp-json\/wp\/v2\/pages"}],"about":[{"href":"https:\/\/konferenztechnik.de\/it\/wp-json\/wp\/v2\/types\/page"}],"author":[{"embeddable":true,"href":"https:\/\/konferenztechnik.de\/it\/wp-json\/wp\/v2\/users\/1"}],"replies":[{"embeddable":true,"href":"https:\/\/konferenztechnik.de\/it\/wp-json\/wp\/v2\/comments?post=1141"}],"version-history":[{"count":0,"href":"https:\/\/konferenztechnik.de\/it\/wp-json\/wp\/v2\/pages\/1141\/revisions"}],"up":[{"embeddable":true,"href":"https:\/\/konferenztechnik.de\/it\/wp-json\/wp\/v2\/pages\/1138"}],"wp:featuredmedia":[{"embeddable":true,"href":"https:\/\/konferenztechnik.de\/it\/wp-json\/wp\/v2\/media\/45482"}],"wp:attachment":[{"href":"https:\/\/konferenztechnik.de\/it\/wp-json\/wp\/v2\/media?parent=1141"}],"curies":[{"name":"wp","href":"https:\/\/api.w.org\/{rel}","templated":true}]}}