{"id":11679,"date":"2017-10-12T16:35:11","date_gmt":"2017-10-12T14:35:11","guid":{"rendered":"https:\/\/www.konferenztechnik.de\/?page_id=11679"},"modified":"2023-09-01T13:50:03","modified_gmt":"2023-09-01T11:50:03","slug":"noleggio-di-attrezzature-per-conferenze-a-innsbruck","status":"publish","type":"page","link":"https:\/\/konferenztechnik.de\/it\/noleggio-di-attrezzature-per-conferenze-a-innsbruck\/","title":{"rendered":"Noleggio di tecnologie per conferenze a Innsbruck"},"content":{"rendered":"<h1>Noleggio di attrezzature per conferenze Innsbruck, noleggio di attrezzature audio, video e simultanee in Tirolo<\/h1>\n<div class=\"call-action-slider-img\" style=\"padding-top:2px;\">\n<img decoding=\"async\" src=\"https:\/\/konferenztechnik.de\/wp-content\/uploads\/2017\/06\/veranstaltungstechnik-innsbruck.jpg\" alt=\"Noleggio di tecnologie per conferenze a Innsbruck\" class=\"alignleft size-full wp-image-9527\" title=\"\"><br \/>\n<button class=\"btn popmake-10003\">Richiedete un preventivo,<br \/>\nin un'ora<br \/>\ncon voi! &#x9B;<\/button><\/div>\n<p>PCS fornisce agli organizzatori di congressi di Innsbruck e del Tirolo, agli hotel congressuali, agli organizzatori di eventi, agli interpreti organizzativi e alle aziende turistiche un'ampia gamma di attrezzature e sistemi nel campo della tecnologia congressuale, dei supporti AV e della simultanea. PCS noleggia i seguenti sistemi nel capoluogo tirolese e nell'area circostante:<br \/>\n[spacer size=\"20\u2033]<br \/>\n[list icon=\"moon-checkmark\" color=\"#a62055\u2033]Tecnologia audio \/ sistemi di diffusione sonora \u2013 Altoparlanti, amplificatori e tecnologia microfonica[\/list]<br \/>\n[list icon=\"moon-checkmark\" color=\"#a62055\u2033]Tecnologia video \u2013 proiettori, display, sistemi di votazione TED e schermi[\/list]<br \/>\n[list icon=\"moon-checkmark\" color=\"#a62055\u2033]Tecnologia simultanea \u2013 Sistemi di interpretariato, cabine di interpretariato e accessori tecnici[\/list]<br \/>\n[list icon=\"moon-checkmark\" color=\"#a62055\u2033]tecnologia classica per conferenze come catene di microfoni (o sistemi di discussione, microfoni da tavolo, unit\u00e0 microfoniche o unit\u00e0 microfoniche per delegati)[\/list]<br \/>\n[list icon=\"moon-checkmark\" color=\"#a62055\u2033]Sistemi di guida personale (PFA) \u2013 noti anche come Pefa, sistemi di guida turistica, tecnologia whisper, custodie whisper o sistemi di guida[\/list]<br \/>\n[spacer size=\"20\u2033]<br \/>\nIl campo di applicazione di questi sistemi \u00e8 molto vasto e va dai congressi multilingue e dalle conferenze accademiche alle riunioni aziendali, agli eventi culturali e alle udienze in tribunale in cui sono presenti interpreti simultanei. Oltre ai numerosi hotel per congressi, le sedi tipiche degli eventi a Innsbruck includono le strutture del Congress Innsbruck o del Congresspark Igls.<\/p>\n<p>[spacer size=\"20\u2033]<\/p>\n<p><img decoding=\"async\" src=\"https:\/\/konferenztechnik.de\/wp-content\/uploads\/2016\/10\/events-fullservice.jpg\" alt=\"Noleggio di attrezzature per conferenze a Innsbruck da PCS GmbH\" class=\"alignleft size-full wp-image-8570\" title=\"\"><\/p>\n<h2>Perch\u00e9 noleggiare tecnologia per conferenze a Innsbruck?<\/h2>\n<p>Quando si tratta di noleggiare tecnologie per conferenze, supporti AV o simultanee a Innsbruck, PCS si affida principalmente a produttori di marca come Sennheiser, Bosch, Yamaha, Kling &amp; Freitag e Audipack. Gli organizzatori tirolesi che si affidano a sistemi a noleggio per i loro eventi hanno quindi a disposizione, per ogni evento, sistemi perfettamente adattati al rispettivo scopo. Poich\u00e9 PCS offre un'ampia gamma di sistemi per le pi\u00f9 svariate esigenze, \u00e8 importante richiedere una consulenza adeguata al momento della scelta. Oltre alla consulenza professionale, PCS offre un supporto completo nella pianificazione tecnica degli eventi.<\/p>\n<p>Oltre a servizi di consulenza completi, PCS offre anche numerosi servizi di tecnologia congressuale per i clienti di Innsbruck. Su richiesta, i sistemi possono essere consegnati direttamente alla sede e allestiti in modo professionale. Se necessario, personale PCS qualificato si occuper\u00e0 delle questioni tecniche durante l'evento. Naturalmente, PCS si occupa anche del rapido smontaggio e della tempestiva rimozione delle apparecchiature.<\/p>\n<p>[spacer size=\"20\u2033]<\/p>\n<div id=\"newscontainer\">\n<div class=\"newskasten\"><a href=\"https:\/\/konferenztechnik.de\/it\/noleggio-di-cabine-di-interpretazione\/\">Cabine per interpreti<br \/>\n<img decoding=\"async\" src=\"https:\/\/konferenztechnik.de\/wp-content\/uploads\/2017\/03\/dolmetscherkabinen-mieten.jpg\" alt=\"noleggio cabina di interpretariato\" class=\"alignnone size-full wp-image-9535\" title=\"\"><\/a><br \/>\n[chiaro]<br \/>\n[list icon=\"moon-checkmark\" color=\"#a62055\u2033]Certificazione ISO[\/list]<br \/>\n[list icon=\"moon-checkmark\" color=\"#a62055\u2033]Flessibilmente espandibile[\/list]<br \/>\n[list icon=\"moon-checkmark\" color=\"#a62055\u2033]Sistemi di interpretazione[\/list]<br \/>\n[spacer size=\"20\u2033]<br \/>\n[button link=\"#popmake-9771\u2033 target=\"self\" color=\"#a62055\u2033 text=\"light\"]Richiedi un preventivo[\/button]<br \/>\n[chiaro]<br \/>\n<a class=\"weiter\" href=\"https:\/\/konferenztechnik.de\/it\/noleggio-di-cabine-di-interpretazione\/\"><span class=\"text-kleiner\">&#x9B; Maggiori informazioni<\/span><\/a><\/div>\n<div class=\"newskasten\"><a href=\"https:\/\/konferenztechnik.de\/it\/noleggio-di-attrezzature-per-conferenze\/strutture-di-discussione-3\/\">Strutture di discussione<br \/>\n<img decoding=\"async\" src=\"https:\/\/konferenztechnik.de\/wp-content\/uploads\/2017\/03\/diskussionsanlagen-mieten.jpg\" alt=\"noleggio di attrezzature per dibattiti\" class=\"alignnone size-full wp-image-9534\" title=\"\"><\/a><br \/>\n[chiaro]<br \/>\n[list icon=\"moon-checkmark\" color=\"#a62055\u2033]Stazioni interfoniche da tavolo[\/list]<br \/>\n[list icon=\"moon-checkmark\" color=\"#a62055\u2033]Votazioni[\/list]<br \/>\n[list icon=\"moon-checkmark\" color=\"#a62055\u2033]Wireless o cablato[\/list]<br \/>\n[spacer size=\"20\u2033]<br \/>\n[button link=\"#popmake-9771\u2033 target=\"self\" color=\"#a62055\u2033 text=\"light\"]Richiedi un preventivo[\/button]<br \/>\n[chiaro]<br \/>\n<a href=\"https:\/\/konferenztechnik.de\/it\/noleggio-di-attrezzature-per-conferenze\/strutture-di-discussione-3\/\"><span class=\"text-kleiner\">&#x9B; Maggiori informazioni<\/span><\/a><\/div>\n<div class=\"newskasten\"><a href=\"https:\/\/konferenztechnik.de\/it\/noleggio-di-attrezzature-per-conferenze\/sistemi-di-guida\/\">Sistemi di guida<br \/>\n<img decoding=\"async\" src=\"https:\/\/konferenztechnik.de\/wp-content\/uploads\/2017\/03\/fuehrungsanlagen-mieten.jpg\" alt=\"noleggio di sistemi di guida\" class=\"alignnone size-full wp-image-9536\" title=\"\"><\/a><br \/>\n[chiaro]<br \/>\n[list icon=\"moon-checkmark\" color=\"#a62055\u2033]Guida turistica, Synexis[\/list]<br \/>\n[list icon=\"moon-checkmark\" color=\"#a62055\u2033]Sistemi che sussurrano[\/list]<br \/>\n[list icon=\"moon-checkmark\" color=\"#a62055\u2033]Sistemi di gestione[\/list]<br \/>\n[spacer size=\"20\u2033]<br \/>\n[button link=\"#popmake-9771\u2033 target=\"self\" color=\"#a62055\u2033 text=\"light\"]Richiedi un preventivo[\/button]<br \/>\n[chiaro]<br \/>\n<a class=\"weiter\" href=\"https:\/\/konferenztechnik.de\/it\/noleggio-di-attrezzature-per-conferenze\/sistemi-di-guida\/\"><span class=\"text-kleiner\">&#x9B; Maggiori informazioni<\/span><\/a><\/div>\n<div class=\"newskasten\"><a href=\"https:\/\/konferenztechnik.de\/it\/sennheiser-teamconnect-wireless\/\">Strutture per conferenze<br \/>\n<img decoding=\"async\" src=\"https:\/\/konferenztechnik.de\/wp-content\/uploads\/2017\/03\/konferenzanlagen-mieten.jpg\" alt=\"noleggio di attrezzature per conferenze\" class=\"alignnone size-full wp-image-9537\" title=\"\"><\/a><br \/>\n[chiaro]<br \/>\n[list icon=\"moon-checkmark\" color=\"#a62055\u2033]Tecnologia di interpretazione[\/list]<br \/>\n[list icon=\"moon-checkmark\" color=\"#a62055\u2033]Videoconferenza[\/list]<br \/>\n[list icon=\"moon-checkmark\" color=\"#a62055\u2033]Personalizzabile[\/list]<br \/>\n[spacer size=\"20\u2033]<br \/>\n[button link=\"#popmake-9771\u2033 target=\"self\" color=\"#a62055\u2033 text=\"light\"]Richiedi un preventivo[\/button]<br \/>\n[chiaro]<br \/>\n<a class=\"weiter\" href=\"https:\/\/konferenztechnik.de\/it\/sennheiser-teamconnect-wireless\/\"><span class=\"text-kleiner\">&#x9B; Maggiori informazioni<\/span><\/a><\/div>\n<div class=\"newskasten\"><a href=\"https:\/\/konferenztechnik.de\/it\/noleggio-di-attrezzature-per-conferenze\/sistemi-di-tuning-sistemi-ted\/\">Sistemi di messa a punto<br \/>\n<img fetchpriority=\"high\" decoding=\"async\" width=\"410\" height=\"304\" src=\"https:\/\/konferenztechnik.de\/wp-content\/uploads\/2017\/03\/abstimmsysteme-mieten-1.jpg\" alt=\"sistemi di tuning - noleggio\" class=\"alignnone size-full wp-image-9558\" title=\"\" srcset=\"https:\/\/konferenztechnik.de\/wp-content\/uploads\/2017\/03\/abstimmsysteme-mieten-1.jpg 410w, https:\/\/konferenztechnik.de\/wp-content\/uploads\/2017\/03\/abstimmsysteme-mieten-1-300x222.jpg 300w\" sizes=\"(max-width: 410px) 100vw, 410px\" \/><\/a><br \/>\n[chiaro]<br \/>\n[list icon=\"moon-checkmark\" color=\"#a62055\u2033]Unit\u00e0 di voto[\/list]<br \/>\n[list icon=\"moon-checkmark\" color=\"#a62055\u2033]Software di voto[\/list]<br \/>\n[list icon=\"moon-checkmark\" color=\"#a62055\u2033]Votazioni[\/list]<br \/>\n[spacer size=\"20\u2033]<br \/>\n[button link=\"#popmake-9771\u2033 target=\"self\" color=\"#a62055\u2033 text=\"light\"]Richiedi un preventivo[\/button]<br \/>\n[chiaro]<br \/>\n<a class=\"weiter\" href=\"https:\/\/konferenztechnik.de\/it\/noleggio-di-attrezzature-per-conferenze\/sistemi-di-tuning-sistemi-ted\/\"><span class=\"text-kleiner\">&#x9B; Maggiori informazioni<\/span><\/a><\/div>\n<div class=\"newskasten\"><a href=\"https:\/\/konferenztechnik.de\/it\/noleggio-di-attrezzature-per-conferenze\/tecnologia-av-microfoni-sistemi-audio-proiettori\/\">Tecnologia audio e video<br \/>\n<img decoding=\"async\" src=\"https:\/\/konferenztechnik.de\/wp-content\/uploads\/2017\/03\/av-technik-mieten.jpg\" alt=\"av-technik-noleggi\" class=\"alignnone size-full wp-image-9533\" title=\"\"><\/a><br \/>\n[chiaro]<br \/>\n[list icon=\"moon-checkmark\" color=\"#a62055\u2033]Proiettori[\/list]<br \/>\n[list icon=\"moon-checkmark\" color=\"#a62055\u2033]Schermi, display[\/list]<br \/>\n[list icon=\"moon-checkmark\" color=\"#a62055\u2033]Lecterne[\/list]<br \/>\n[spacer size=\"20\u2033]<br \/>\n[button link=\"#popmake-9771\u2033 target=\"self\" color=\"#a62055\u2033 text=\"light\"]Richiedi un preventivo[\/button]<br \/>\n[chiaro]<br \/>\n<a class=\"weiter\" href=\"https:\/\/konferenztechnik.de\/it\/noleggio-di-attrezzature-per-conferenze\/tecnologia-av-microfoni-sistemi-audio-proiettori\/\"><span class=\"text-kleiner\">&#x9B; Maggiori informazioni<\/span><\/a><\/div>\n<\/div>\n<h2>L'evoluzione delle esigenze dei clienti e le tendenze attuali dei sistemi wireless<\/h2>\n<p>Dal punto di vista tecnico, PCS cerca sempre di rispondere alle mutevoli esigenze dei clienti e alle tendenze tecniche quando si tratta di sistemi a noleggio. In Tirolo, ad esempio, si registra attualmente un notevole aumento della domanda di sistemi wireless, soprattutto per quanto riguarda le unit\u00e0 microfoniche. I tecnici PCS sono solitamente in grado di chiarire in tempi relativamente brevi se i sistemi wireless, flessibili e rapidamente implementabili, sono adatti a una particolare location per eventi o se sarebbe meglio optare per soluzioni cablate.<\/p>\n<p>Per le richieste provenienti da Innsbruck e dal Tirolo, sia la filiale PCS di Monaco che quella di Heilbronn sono sempre disponibili. Le richieste via e-mail ricevono solitamente una risposta entro un'ora. Inoltre, le aziende tirolesi di ogni dimensione sono naturalmente invitate a chiamare direttamente i referenti delle rispettive filiali.<\/p>\n<p>[spacer size=\"20\u2033]<\/p>\n<div class=\"call-action-slider-img\">\n<img decoding=\"async\" src=\"https:\/\/konferenztechnik.de\/wp-content\/uploads\/2016\/10\/events-berlin.jpg\" alt=\"Noleggio di tecnologia per conferenze da PCS GmbH\" class=\"alignleft size-full wp-image-8570\" title=\"\"><br \/>\n<button class=\"btn popmake-9671\">Richiedete un preventivo,<br \/>\nin un'ora<br \/>\ncon voi! &#x9B;<\/button><\/div>\n<p>[spacer size=\"10\u2033]<\/p>\n<div class=\"sidebar-line\">\n<span><\/span><\/div>\n<p>[spacer size=\"20\u2033]<\/p>\n<div class=\"leistungen-menu\">\n[column size=\"1-4\u2033 last=\"0\u2033]<\/p>\n<h3>Noleggio di tecnologia per conferenze<\/h3>\n<p>[menu theme_location='dolmetschertechnik-mieten-stuttgart']<br \/>\n[\/colonna]<\/p>\n<p>[column size=\"1-4\u2033 last=\"0\u2033]<\/p>\n<h3>Acquistare tecnologia per conferenze<\/h3>\n<p>[menu theme_location='dolmetschertechnik-mieten-stuttgart-2\u2032]<br \/>\n[\/colonna]<\/p>\n<p>[column size=\"1-4\u2033 last=\"0\u2033]<\/p>\n<h3>Installazione e integrazione<\/h3>\n<p>[menu theme_location='dolmetschertechnik-mieten-stuttgart-4\u2032]<br \/>\n[\/colonna]<\/p>\n<p>[column size=\"1-4\u2033 last=\"1\u2033]<\/p>\n<h3 >Tecnologia per conferenze PCS<\/h3>\n<p>[menu theme_location='dolmetschertechnik-mieten-stuttgart-3\u2032]<br \/>\n[\/colonna]<\/p>\n<\/div>","protected":false},"excerpt":{"rendered":"<p>Konferenztechnik mieten Innsbruck, Verleih von Audio-, Video- und Simultantechnik in Tirol Angebot anfordern, in einer Stunde bei Ihnen! &#x9B; PCS versorgt Innsbrucker und Tiroler Kongress-Veranstalter, Konferenzhotels, Event-Organisatoren, organisierende Dolmetscher und Tourismusbetriebe mit verschiedensten Anlagen und Systemen aus den Bereichen Konferenz-, AV-Medien- und Simultantechnik. Unter anderem vermietet PCS in der Tiroler Landeshauptstadt und ihrem Umland folgende [&hellip;]<\/p>","protected":false},"author":1,"featured_media":45482,"parent":0,"menu_order":0,"comment_status":"closed","ping_status":"closed","template":"","meta":{"_acf_changed":false,"footnotes":""},"class_list":["post-11679","page","type-page","status-publish","has-post-thumbnail","hentry"],"acf":[],"_links":{"self":[{"href":"https:\/\/konferenztechnik.de\/it\/wp-json\/wp\/v2\/pages\/11679","targetHints":{"allow":["GET"]}}],"collection":[{"href":"https:\/\/konferenztechnik.de\/it\/wp-json\/wp\/v2\/pages"}],"about":[{"href":"https:\/\/konferenztechnik.de\/it\/wp-json\/wp\/v2\/types\/page"}],"author":[{"embeddable":true,"href":"https:\/\/konferenztechnik.de\/it\/wp-json\/wp\/v2\/users\/1"}],"replies":[{"embeddable":true,"href":"https:\/\/konferenztechnik.de\/it\/wp-json\/wp\/v2\/comments?post=11679"}],"version-history":[{"count":0,"href":"https:\/\/konferenztechnik.de\/it\/wp-json\/wp\/v2\/pages\/11679\/revisions"}],"wp:featuredmedia":[{"embeddable":true,"href":"https:\/\/konferenztechnik.de\/it\/wp-json\/wp\/v2\/media\/45482"}],"wp:attachment":[{"href":"https:\/\/konferenztechnik.de\/it\/wp-json\/wp\/v2\/media?parent=11679"}],"curies":[{"name":"wp","href":"https:\/\/api.w.org\/{rel}","templated":true}]}}