{"id":12182,"date":"2018-01-12T12:12:34","date_gmt":"2018-01-12T11:12:34","guid":{"rendered":"https:\/\/www.konferenztechnik.de\/?page_id=12182"},"modified":"2023-09-01T13:11:32","modified_gmt":"2023-09-01T11:11:32","slug":"acquistare-il-sistema-di-guida-personale","status":"publish","type":"page","link":"https:\/\/konferenztechnik.de\/it\/acquistare-il-sistema-di-guida-personale\/","title":{"rendered":"Acquistare un sistema di guide turistiche"},"content":{"rendered":"<h1>Acquistare un sistema di guida turistica: Sistemi e accessori professionali per guide turistiche<\/h1>\n<div class=\"call-action-slider-img\">\n<img fetchpriority=\"high\" decoding=\"async\" width=\"850\" height=\"319\" src=\"https:\/\/konferenztechnik.de\/wp-content\/uploads\/2018\/01\/personenfuehrungsanlage-kaufen-bei-pcs.jpg\" alt=\"Acquista i sistemi di guida per le persone di PCS Konferenztechnik\" class=\"alignnone size-full wp-image-12201\" title=\"\" srcset=\"https:\/\/konferenztechnik.de\/wp-content\/uploads\/2018\/01\/personenfuehrungsanlage-kaufen-bei-pcs.jpg 850w, https:\/\/konferenztechnik.de\/wp-content\/uploads\/2018\/01\/personenfuehrungsanlage-kaufen-bei-pcs-300x113.jpg 300w, https:\/\/konferenztechnik.de\/wp-content\/uploads\/2018\/01\/personenfuehrungsanlage-kaufen-bei-pcs-768x288.jpg 768w\" sizes=\"(max-width: 850px) 100vw, 850px\" \/><br \/>\n<button class=\"bbtn popmake-12226\">Richiedete un preventivo &#x9B;<\/button><\/div>\n<p><a href=\"#sennheiser\">Guida turistica Sennheiser<\/a>, <a href=\"#beyerdynamic\">Beyerdynamic UNITE<\/a>, <a href=\"#audioropa\">Audioropa Xepton<\/a> o <a href=\"#mipro\">Mipro MTG<\/a>Acquistate da PCS sistemi di guida maneggevoli di altissimo livello tecnico. In qualit\u00e0 di rivenditore ufficiale specializzato di diversi produttori rinomati, vi offriamo una consulenza competente e l'elaborazione degli ordini alle migliori condizioni. Se desiderate acquistare un sistema di guida turistica o siete interessati a un sistema di guida turistica, contattateci. Saremo lieti di inviarvi un'offerta non vincolante \u2013 e naturalmente a livello nazionale!<\/p>\n<p>[spacer size=\"10\u2033]<\/p>\n<p><img decoding=\"async\" src=\"https:\/\/konferenztechnik.de\/wp-content\/uploads\/2019\/09\/Sennheiser-logo.png\" alt=\"Logo Sennheiser\" width=\"231\" height=\"39\" class=\"alignleft size-full wp-image-15046\" id=\"sennheiser\" title=\"\"><\/p>\n<hr style=\"background-color:#999999; margin-bottom:30px;\">\n<h2>Sennheiser Tourguide 2020 D<\/h2>\n<p><a href=\"https:\/\/konferenztechnik.de\/it\/acquistare-sennheiser-tourguide\/\"><br \/>\n<img decoding=\"async\" width=\"850\" height=\"388\" src=\"https:\/\/konferenztechnik.de\/wp-content\/uploads\/2018\/01\/sennheiser-tourguide-kaufen-set.jpg\" alt=\"Acquista il set Sennheiser Tourguide\" class=\"alignnone size-full wp-image-12216\" title=\"\" srcset=\"https:\/\/konferenztechnik.de\/wp-content\/uploads\/2018\/01\/sennheiser-tourguide-kaufen-set.jpg 850w, https:\/\/konferenztechnik.de\/wp-content\/uploads\/2018\/01\/sennheiser-tourguide-kaufen-set-300x137.jpg 300w, https:\/\/konferenztechnik.de\/wp-content\/uploads\/2018\/01\/sennheiser-tourguide-kaufen-set-768x351.jpg 768w\" sizes=\"(max-width: 850px) 100vw, 850px\" \/><\/a><\/p>\n<p>Il sistema digitale di guida turistica Sennheiser 2020-D combina la facilit\u00e0 d'uso con le funzioni professionali: Il sistema di guida turistica Sennheiser pu\u00f2 essere facilmente utilizzato per visite guidate, conferenze o come supporto all'udito. I ricevitori per mentoniera HDE-2020 combinano cuffie e ricevitore in un unico dispositivo. Il vantaggio \u00e8 che non ci sono cavi per le cuffie, rendendo pi\u00f9 facile la consegna\/restituzione dei ricevitori guida. Questo ricevitore per mentoniera \u00e8 quindi una buona scelta anche quando il casco \u00e8 obbligatorio durante un tour. Tra l'altro, i ricevitori si accendono automaticamente quando vengono indossati e si spengono se rimangono inutilizzati per un periodo di tempo prolungato.<\/p>\n<div>\n<div style=\"float:left; text-align:left; font-size:0.8em; width:70%;\">\nIl Sennheiser Tourguide 2020 D \u00e8 un sistema di guida classico e il suo design speciale lo rende un'attrazione per gli esteti di musei e gallerie.<\/div>\n<div style=\"float:left; text-align:right; width:30%;\">\n<p>[button link=\"#popmake-12226\u2033 target=\"self\" color=\"#a62055\u2033 class=\"bbtn\" text=\"light\"]Richiedi un preventivo[\/button][clear]<br \/>\n<a class=\"weiter\" href=\"https:\/\/konferenztechnik.de\/it\/acquistare-sennheiser-tourguide\/\"><span class=\"text-kleiner\">&#x9B; Maggiori informazioni<\/span><\/a><\/p>\n<\/div>\n<\/div>\n<p>[chiaro]<\/p>\n<hr style=\"background-color:#999999; margin-bottom:30px;\">\n<h2>Sennheiser Tourguide 1039<\/h2>\n<p><img loading=\"lazy\" decoding=\"async\" width=\"850\" height=\"388\" src=\"https:\/\/konferenztechnik.de\/wp-content\/uploads\/2019\/09\/sennheiser-tourguide-1039-kaufen-bei-pcs.jpg\" alt=\"Acquistare Sennheiser Tourguide 1039 presso PCS\" class=\"alignleft size-full wp-image-15021\" title=\"\" srcset=\"https:\/\/konferenztechnik.de\/wp-content\/uploads\/2019\/09\/sennheiser-tourguide-1039-kaufen-bei-pcs.jpg 850w, https:\/\/konferenztechnik.de\/wp-content\/uploads\/2019\/09\/sennheiser-tourguide-1039-kaufen-bei-pcs-300x137.jpg 300w, https:\/\/konferenztechnik.de\/wp-content\/uploads\/2019\/09\/sennheiser-tourguide-1039-kaufen-bei-pcs-768x351.jpg 768w\" sizes=\"(max-width: 850px) 100vw, 850px\" \/><\/p>\n<p>Il Tourguide System 1039 di Sennheiser opera nella gamma di frequenze UHF disponibili a livello mondiale. Le preimpostazioni di frequenza aiutano a configurare facilmente il sistema. Grazie alla possibilit\u00e0 di trasmettere fino a 32 canali contemporaneamente, il Tourguide 1039 \u00e8 adatto anche a grandi eventi con interpreti simultanei. I ricevitori EK 1039 sono estremamente robusti e trasmettono con la migliore qualit\u00e0 audio. \u00c8 possibile utilizzare una presa jack standard da 3,5 mm per collegare sia le cuffie che i loop a induzione, utilizzati per l'assistenza all'udito.<\/p>\n<div>\n<div style=\"float:left; text-align:left; font-size:0.8em; width:70%;\">\nAffidabilit\u00e0 di trasmissione, costruzione robusta e gestione semplice della frequenza caratterizzano il Sennheiser Tourguide 1039.<\/div>\n<div style=\"float:left; text-align:right; width:30%;\">\n<p>[button link=\"#popmake-12226\u2033 target=\"self\" color=\"#a62055\u2033 class=\"bbtn\" text=\"light\"]Richiedi un preventivo[\/button][clear]<\/p>\n<\/div>\n<\/div>\n<p>[chiaro]<\/p>\n<p>[spacer size=\"35\u2033]<br \/>\n<img loading=\"lazy\" decoding=\"async\" src=\"https:\/\/konferenztechnik.de\/wp-content\/uploads\/2019\/09\/beyerdynamic-logo-1-300x78.png\" alt=\"\" width=\"300\" height=\"78\" class=\"alignleft size-medium wp-image-15031\" id=\"beyerdynamic\" title=\"\" srcset=\"https:\/\/konferenztechnik.de\/wp-content\/uploads\/2019\/09\/beyerdynamic-logo-1-300x78.png 300w, https:\/\/konferenztechnik.de\/wp-content\/uploads\/2019\/09\/beyerdynamic-logo-1-768x198.png 768w, https:\/\/konferenztechnik.de\/wp-content\/uploads\/2019\/09\/beyerdynamic-logo-1.png 774w\" sizes=\"(max-width: 300px) 100vw, 300px\" \/><\/p>\n<hr style=\"background-color:#999999; margin-bottom:30px;\">\n<h2>Beyerdynamic UNITE<\/h2>\n<p><a href=\"https:\/\/konferenztechnik.de\/it\/sistema-di-guida-digitale-beyerdynamic-unite\/\"><br \/>\n<img loading=\"lazy\" decoding=\"async\" width=\"850\" height=\"388\" src=\"https:\/\/konferenztechnik.de\/wp-content\/uploads\/2019\/09\/Beyerdynamic-UNITE-kaufen-bei-PCS.jpg\" alt=\"Acquistare Beyerdynamic UNITE presso PCS\" class=\"alignleft size-full wp-image-15018\" title=\"\" srcset=\"https:\/\/konferenztechnik.de\/wp-content\/uploads\/2019\/09\/Beyerdynamic-UNITE-kaufen-bei-PCS.jpg 850w, https:\/\/konferenztechnik.de\/wp-content\/uploads\/2019\/09\/Beyerdynamic-UNITE-kaufen-bei-PCS-300x137.jpg 300w, https:\/\/konferenztechnik.de\/wp-content\/uploads\/2019\/09\/Beyerdynamic-UNITE-kaufen-bei-PCS-768x351.jpg 768w\" sizes=\"(max-width: 850px) 100vw, 850px\" \/><\/a><\/p>\n<p>Il sistema per conferenze wireless UNITE di Beyerdynamic \u00e8 estremamente flessibile ed \u00e8 adatto all'uso come sistema per guide turistiche, per conferenze o per eventi PA silenziosi. UNITE utilizza lo standard DECT per la trasmissione. Il DECT pu\u00f2 essere utilizzato senza autorizzazione e senza costi. Il sistema cerca automaticamente le frequenze radio libere e imposta sempre il canale di trasmissione migliore. UNITE pu\u00f2 trasmettere e ricevere fino a 32 canali contemporaneamente. Anche tre altoparlanti possono parlare contemporaneamente. Il sistema offre anche un canale di ritorno per le domande degli spettatori.<\/p>\n<div>\n<div style=\"float:left; text-align:left; font-size:0.8em; width:70%;\">\nTrasmissione bidirezionale Beyerdynamic UNITE, fino a 32 gruppi contemporaneamente, migliore qualit\u00e0 audio e di trasmissione nel moderno standard radio DECT.<\/div>\n<div style=\"float:left; text-align:right; width:30%;\">\n<p>[button link=\"#popmake-12226\u2033 target=\"self\" color=\"#a62055\u2033 class=\"bbtn\" text=\"light\"]Richiedi un preventivo[\/button][clear]<br \/>\n<a class=\"weiter\" href=\"https:\/\/konferenztechnik.de\/it\/sistema-di-guida-digitale-beyerdynamic-unite\/\"><span class=\"text-kleiner\">&#x9B; Maggiori informazioni<\/span><\/a><\/p>\n<\/div>\n<\/div>\n<p>[chiaro]<\/p>\n<hr style=\"background-color:#999999; margin-bottom:30px;\">\n<h2>Beyerdynamic Synexis (modello fuori produzione)<\/h2>\n<p><a href=\"https:\/\/konferenztechnik.de\/it\/acquistare-beyerdynamic-synexis\/\"><br \/>\n<img loading=\"lazy\" decoding=\"async\" width=\"850\" height=\"388\" src=\"https:\/\/konferenztechnik.de\/wp-content\/uploads\/2018\/01\/beyerdynamic-synexis-kaufen-set.jpg\" alt=\"Acquista il set Synexis di Beyerdynamic\" class=\"alignnone size-full wp-image-12217\" title=\"\" srcset=\"https:\/\/konferenztechnik.de\/wp-content\/uploads\/2018\/01\/beyerdynamic-synexis-kaufen-set.jpg 850w, https:\/\/konferenztechnik.de\/wp-content\/uploads\/2018\/01\/beyerdynamic-synexis-kaufen-set-300x137.jpg 300w, https:\/\/konferenztechnik.de\/wp-content\/uploads\/2018\/01\/beyerdynamic-synexis-kaufen-set-768x351.jpg 768w\" sizes=\"(max-width: 850px) 100vw, 850px\" \/><\/a><\/p>\n<p>Il Beyerdynamic Synexis \u00e8 ideale per le visite guidate e le conferenze, pu\u00f2 essere utilizzato per applicazioni di interpretariato multilingue ed \u00e8 molto apprezzato anche per l'amplificazione dell'udito. Il ricevitore pu\u00f2 essere agganciato agli indumenti grazie alla clip da cintura rimovibile o portato al collo con un cordino. Il ricevitore \u00e8 alimentato da due batterie ricaricabili NiMH o in alternativa da batterie AA da 1,5 V. I contatti di ricarica integrati consentono alle batterie ricaricabili di rimanere nel ricevitore durante la ricarica. Il sistema Synexis \u00e8 un modello fuori produzione, ma sono ancora disponibili scorte e pezzi di ricambio.<\/p>\n<p>[callout add_button=\"no\" button_url=\"\" button_color=\"#a62055\u2033]<\/p>\n<p>Si prega di notare che Beyerdynamic ha dismesso il sistema Synexis e lo ha rimosso dalla sua gamma. Le scorte rimanenti possono essere acquistate da noi fino ad esaurimento. Il successore del Synexis \u00e8 il sistema UNITE. Per qualsiasi domanda, contattateci.<\/p>\n<p>Tuttavia, i servizi di garanzia e gli ordini di assistenza ancora in corso restano validi per il periodo specificato.<\/p>\n<p>[\/callout]<\/p>\n<div>\n<div style=\"float:left; text-align:left; font-size:0.8em; width:70%;\">\nIl sistema Beyerdynamic Synexis \u00e8 un tuttofare di qualit\u00e0 superiore \u2013, senza compromessi con la classe B. Il sistema \u00e8 molto semplice e intuitivo da usare.<\/div>\n<div style=\"float:left; text-align:right; width:30%;\">\n<p>[button link=\"#popmake-12226\u2033 target=\"self\" color=\"#a62055\u2033 class=\"bbtn\" text=\"light\"]Richiedi un preventivo[\/button][clear]<br \/>\n<a class=\"weiter\" href=\"https:\/\/konferenztechnik.de\/it\/acquistare-beyerdynamic-synexis\/\"><span class=\"text-kleiner\">&#x9B; Maggiori informazioni<\/span><\/a><\/p>\n<\/div>\n<\/div>\n<p>[chiaro]<br \/>\n[spacer size=\"35\u2033]<\/p>\n<p><img loading=\"lazy\" decoding=\"async\" src=\"https:\/\/konferenztechnik.de\/wp-content\/uploads\/2019\/09\/Audioropa-logo.png\" alt=\"\" width=\"197\" height=\"50\" class=\"alignleft size-full wp-image-15033\" id=\"audioropa\" title=\"\"><\/p>\n<hr style=\"background-color:#999999; margin-bottom:30px;\">\n<h2>Audioropa Xepton<\/h2>\n<p><img loading=\"lazy\" decoding=\"async\" width=\"850\" height=\"338\" src=\"https:\/\/konferenztechnik.de\/wp-content\/uploads\/2019\/08\/Audioropa-Xepton-Tourguidesystem-1.jpg\" alt=\"Sistema di guide turistiche Audioropa Xepton\" class=\"alignleft size-full wp-image-15012\" title=\"\" srcset=\"https:\/\/konferenztechnik.de\/wp-content\/uploads\/2019\/08\/Audioropa-Xepton-Tourguidesystem-1.jpg 850w, https:\/\/konferenztechnik.de\/wp-content\/uploads\/2019\/08\/Audioropa-Xepton-Tourguidesystem-1-300x119.jpg 300w, https:\/\/konferenztechnik.de\/wp-content\/uploads\/2019\/08\/Audioropa-Xepton-Tourguidesystem-1-768x305.jpg 768w\" sizes=\"(max-width: 850px) 100vw, 850px\" \/><\/p>\n<p>Con lo Xepton, Audioropa ha lanciato un sistema di guida turistica e comunicazione via radio che combina perfettamente flessibilit\u00e0 ed economia. Lo Xepton ha un design robusto ed \u00e8 quindi ideale per l'uso quotidiano \"on the road\" per le visite alle citt\u00e0 e alle fabbriche, nei musei o alle conferenze. Lo Xepton pu\u00f2 essere dotato, come opzione, di teleloop per trasmettere segnali audio tramite induzione per le persone con problemi di udito e gli utenti di impianti cocleari. A seconda del modello, lo Xepton offre anche un canale di feedback per rispondere facilmente alle domande del pubblico in qualsiasi momento.<\/p>\n<div>\n<div style=\"float:left; text-align:left; font-size:0.8em; width:70%;\">\nXepton di Audioropa \u00e8 robusto, flessibile e offre canali di ritorno per le domande del pubblico.<\/div>\n<div style=\"float:left; text-align:right; width:30%;\">\n<p>[button link=\"#popmake-12226\u2033 target=\"self\" color=\"#a62055\u2033 class=\"bbtn\" text=\"light\"]Richiedi un preventivo[\/button][clear]<\/p>\n<\/div>\n<\/div>\n<p>[chiaro]<br \/>\n[spacer size=\"35\u2033]<\/p>\n<p><img loading=\"lazy\" decoding=\"async\" src=\"https:\/\/konferenztechnik.de\/wp-content\/uploads\/2019\/09\/mipro-logo-1.png\" alt=\"\" width=\"180\" height=\"70\" class=\"alignleft size-full wp-image-15037\" id=\"mipro\" title=\"\"><\/p>\n<hr style=\"background-color:#999999; margin-bottom:30px;\">\n<h2>Mipro MTG 100<\/h2>\n<p><a href =\"https:\/\/konferenztechnik.de\/it\/acquistare-il-sistema-di-guida-mipro\/\"><br \/>\n<img loading=\"lazy\" decoding=\"async\" width=\"850\" height=\"388\" src=\"https:\/\/konferenztechnik.de\/wp-content\/uploads\/2018\/01\/mipro-mtg-kaufen-set.jpg\" alt=\"Acquista il set MTG Mipro\" class=\"alignnone size-full wp-image-12218\" title=\"\" srcset=\"https:\/\/konferenztechnik.de\/wp-content\/uploads\/2018\/01\/mipro-mtg-kaufen-set.jpg 850w, https:\/\/konferenztechnik.de\/wp-content\/uploads\/2018\/01\/mipro-mtg-kaufen-set-300x137.jpg 300w, https:\/\/konferenztechnik.de\/wp-content\/uploads\/2018\/01\/mipro-mtg-kaufen-set-768x351.jpg 768w\" sizes=\"(max-width: 850px) 100vw, 850px\" \/><\/a><\/p>\n<p>Mipro pu\u00f2 ancora essere un'idea per molti. \u00c8 il pi\u00f9 grande produttore di microfoni wireless professionali di Taiwan. Il sistema di guida offre un'ottima qualit\u00e0 del suono e una trasmissione affidabile e stabile. Sono disponibili 16 canali. Sono possibili fino a 4 trasmissioni separate per evento. Le batterie integrate ai polimeri di litio offrono fino a 14 ore di autonomia.<\/p>\n<div>\n<div style=\"float:left; text-align:left; font-size:0.8em; width:70%;\">\nAlta qualit\u00e0, stabilit\u00e0, compattezza. Il sistema pi\u00f9 piccolo e leggero del mercato.<\/div>\n<div style=\"float:left; text-align:right; width:30%;\">\n<p>[button link=\"#popmake-12226\u2033 target=\"self\" color=\"#a62055\u2033 class=\"bbtn\" text=\"light\"]Richiedi un preventivo[\/button][clear]<br \/>\n<a class=\"weiter\" href=\"https:\/\/konferenztechnik.de\/it\/acquistare-il-sistema-di-guida-mipro\/\"><span class=\"text-kleiner\">&#x9B; Maggiori informazioni<\/span><\/a><\/p>\n<\/div>\n<\/div>\n<p>[chiaro]<\/p>\n<hr style=\"background-color:#999999; margin-bottom:30px;\">\n<h2>Accessori per sistemi di guida per passeggeri<\/h2>\n<p>Offriamo anche un'ampia gamma di accessori per i sistemi qui presentati. Questi includono<\/p>\n<p>[list icon=\"moon-checkmark\" color=\"#a62055\u2033]Custodia di ricarica\/trasporto[\/list]<br \/>\n[list icon=\"moon-checkmark\" color=\"#a62055\u2033]Gancio per microfono[\/list]<br \/>\n[list icon=\"moon-checkmark\" color=\"#a62055\u2033]Imbragature a induzione[\/list]<br \/>\n[list icon=\"moon-checkmark\" color=\"#a62055\u2033]Pezzi di ricambio, batterie[\/list]<br \/>\n[list icon=\"moon-checkmark\" color=\"#a62055\u2033]Prodotti su misura[\/list]<br \/>\n[spacer size=\"20\u2033]<\/p>\n<p><img loading=\"lazy\" decoding=\"async\" width=\"850\" height=\"850\" src=\"https:\/\/konferenztechnik.de\/wp-content\/uploads\/2019\/09\/personenfuehrungsanlagen-zubehoer.jpg\" alt=\"Accessori per sistemi di guida pedonale presso PCS\" class=\"alignleft size-full wp-image-15049\" title=\"\" srcset=\"https:\/\/konferenztechnik.de\/wp-content\/uploads\/2019\/09\/personenfuehrungsanlagen-zubehoer.jpg 850w, https:\/\/konferenztechnik.de\/wp-content\/uploads\/2019\/09\/personenfuehrungsanlagen-zubehoer-300x300.jpg 300w, https:\/\/konferenztechnik.de\/wp-content\/uploads\/2019\/09\/personenfuehrungsanlagen-zubehoer-150x150.jpg 150w, https:\/\/konferenztechnik.de\/wp-content\/uploads\/2019\/09\/personenfuehrungsanlagen-zubehoer-768x768.jpg 768w\" sizes=\"(max-width: 850px) 100vw, 850px\" \/><\/p>\n<p>[spacer size=\"20\u2033]<\/p>\n<div>\n<div style=\"float:left; text-align:left; font-size:0.8em; width:70%;\">\nCustodie di ricarica, anelli a induzione, cuffie monoauricolari, batterie di ricambio o copri-microfono. Possiamo fornirvi tutti gli accessori necessari per il vostro sistema di guida turistica.<\/div>\n<div style=\"float:left; text-align:right; width:30%;\">\n<p>[button link=\"#popmake-12226\u2033 target=\"self\" color=\"#a62055\u2033 class=\"bbtn\" text=\"light\"]Richiedi un preventivo[\/button][clear]<\/p>\n<\/div>\n<\/div>\n<p>[chiaro]<\/p>\n<hr style=\"background-color:#999999; margin-bottom:30px;\">\n<p>[spacer size=\"35\u2033]<\/p>\n<div class=\"callouthoch\">\n[callout add_button=\"no\" button_text=\"Per saperne di pi\u00f9\" button_url=\"#\" button_color=\"#a62055\u2033]<br \/>\nDistribuzione PCS<br \/>\n[v_icon color=\"#a62055\u2033 size=\"20px\" target=\"_blank\" name=\"moon-phone-2\u2033] +49 211 737798 20<br \/>\n[\/callout]<\/div>\n<div class=\"callouthoch\">\n[callout add_button=\"no\" button_text=\"Per saperne di pi\u00f9\" button_url=\"#\" button_color=\"#a62055\u2033]<br \/>\ne-mail<br \/>\n[v_icon color=\"#a62055\u2033 size=\"20px\" target=\"_blank\" name=\"moon-envelop-2\u2033] <a href=\"mailto:vertrieb@konferenztechnik.de\" onclick=\"ga('send', 'event', 'Email-Klick', 'F\u00fchrungsanlagen kaufen Vertrieb');\"> vertrieb@konferenztechnik.de<\/a><br \/>\n[\/callout]<\/div>\n<p>[spacer size=\"10\u2033]<\/p>\n<div class=\"weiterlinks\" style=\"background-color:#ffffff;\">\n<h1>Ulteriori link<\/h1>\n<ul>\n      [list icon=\"moon-arrow-right-2\u2033 color=\"#a62055\u2033]<a title=\"Supporto per eventi multilingue\" href=\"\/it\/supporto-per-eventi-multilingue\/\">Supporto per eventi multilingue<\/a>[\/list]<br \/>\n[list icon=\"moon-arrow-right-2\u2033 color=\"#a62055\u2033]<a title=\"Riferimenti\" href=\"\/it\/chi-siamo-2\/elenco-di-riferimento-evento\/\">Referenze Noleggio, Eventi<\/a>[\/list]<br \/>\n[list icon=\"moon-arrow-right-2\u2033 color=\"#a62055\u2033]<a title=\"Formazione e servizi per interpreti\" href=\"\/it\/corsi-di-formazione-e-servizi-per-interpreti\/\">Formazione e servizi per interpreti<\/a>[\/list]<br \/>\n[list icon=\"moon-arrow-right-2\u2033 color=\"#a62055\u2033]<a title=\"10 buoni motivi per il PCS\" href=\"\/it\/chi-siamo-2\/10-buone-ragioni-per-i-pc\/\">10 buoni motivi per il PCS<\/a>[\/list]<br \/>\n[list icon=\"moon-arrow-right-2\u2033 color=\"#a62055\u2033]<a title=\"PCS: Tutti i servizi in sintesi\" href=\"\/it\/servizi-2\/\">PCS: Tutti i servizi in sintesi<\/a>[\/list]<\/ul>\n<\/div>\n<p>[spacer size=\"20\u2033]<\/p>","protected":false},"excerpt":{"rendered":"<p>Acquistare un sistema di guida turistica: sistemi professionali per guide turistiche e accessori Richiedi un'offerta &#x9B; Sennheiser Tourguide, Beyerdynamic UNITE, Audioropa Xepton o Mipro MTG: acquista da PCS sistemi di guida pratici e all'avanguardia dal punto di vista tecnico. In qualit\u00e0 di rivenditore ufficiale di diversi produttori rinomati, vi offriamo una consulenza competente e l'evasione degli ordini alle migliori condizioni. Se desiderate acquistare un sistema di guida turistica o siete interessati a un [\u2026]<\/p>","protected":false},"author":1,"featured_media":45482,"parent":0,"menu_order":0,"comment_status":"closed","ping_status":"closed","template":"","meta":{"_acf_changed":false,"footnotes":""},"class_list":["post-12182","page","type-page","status-publish","has-post-thumbnail","hentry"],"acf":[],"_links":{"self":[{"href":"https:\/\/konferenztechnik.de\/it\/wp-json\/wp\/v2\/pages\/12182","targetHints":{"allow":["GET"]}}],"collection":[{"href":"https:\/\/konferenztechnik.de\/it\/wp-json\/wp\/v2\/pages"}],"about":[{"href":"https:\/\/konferenztechnik.de\/it\/wp-json\/wp\/v2\/types\/page"}],"author":[{"embeddable":true,"href":"https:\/\/konferenztechnik.de\/it\/wp-json\/wp\/v2\/users\/1"}],"replies":[{"embeddable":true,"href":"https:\/\/konferenztechnik.de\/it\/wp-json\/wp\/v2\/comments?post=12182"}],"version-history":[{"count":0,"href":"https:\/\/konferenztechnik.de\/it\/wp-json\/wp\/v2\/pages\/12182\/revisions"}],"wp:featuredmedia":[{"embeddable":true,"href":"https:\/\/konferenztechnik.de\/it\/wp-json\/wp\/v2\/media\/45482"}],"wp:attachment":[{"href":"https:\/\/konferenztechnik.de\/it\/wp-json\/wp\/v2\/media?parent=12182"}],"curies":[{"name":"wp","href":"https:\/\/api.w.org\/{rel}","templated":true}]}}