{"id":1219,"date":"2013-08-23T10:29:49","date_gmt":"2013-08-23T08:29:49","guid":{"rendered":"https:\/\/pcs-miete.de\/?page_id=1219"},"modified":"2023-07-05T14:17:33","modified_gmt":"2023-07-05T12:17:33","slug":"schermi","status":"publish","type":"page","link":"https:\/\/konferenztechnik.de\/it\/distribuzione-di-tecnologia-per-conferenze-e-media-av\/tecnologia-video\/schermi\/","title":{"rendered":"Schermi"},"content":{"rendered":"<h1>Schermi<\/h1>\n<p>Al giorno d'oggi, gli schermi diventano sempre pi\u00f9 grandi, con una risoluzione pi\u00f9 elevata, pi\u00f9 resistenti alle intemperie, pi\u00f9 resistenti ai graffi, pi\u00f9 economici \u2013 e ad un ritmo sempre pi\u00f9 rapido. Qui presentiamo una piccola selezione di schermi come esempio.<\/p>\n<p>Altrettanto importanti in quest'area sono, ovviamente, tutte le opzioni di montaggio, come le staffe a parete, le staffe a soffitto e i supporti a pavimento per gli schermi. Anche qui abbiamo un'ampia scelta di opzioni.<\/p>\n<h2>Display LCD da 52\u2033 con risoluzione Full HD<\/h2>\n<p><a href=\"https:\/\/konferenztechnik.de\/wp-content\/uploads\/2013\/09\/Sony_LCD-Display_GXD-L52H1_gross.jpg\"><img fetchpriority=\"high\" decoding=\"async\" width=\"383\" height=\"300\" class=\"alignleft size-full wp-image-2415\" src=\"https:\/\/konferenztechnik.de\/wp-content\/uploads\/2013\/09\/Sony_LCD-Display_GXD-L52H1_gross.jpg\" alt=\" Display LCD Full HD GXDL52H1 di Sony\" title=\"\" srcset=\"https:\/\/konferenztechnik.de\/wp-content\/uploads\/2013\/09\/Sony_LCD-Display_GXD-L52H1_gross.jpg 383w, https:\/\/konferenztechnik.de\/wp-content\/uploads\/2013\/09\/Sony_LCD-Display_GXD-L52H1_gross-300x235.jpg 300w\" sizes=\"(max-width: 383px) 100vw, 383px\" \/><\/a><\/p>\n<p>Il primo display LCD Full HD professionale GXDL52H1 di Sony offre un'eccezionale qualit\u00e0 delle immagini, \u00e8 estremamente robusto ed \u00e8 quindi particolarmente adatto all'uso continuo. Il sistema di ventilazione di nuova concezione, privo di aperture per l'alloggiamento, garantisce un raffreddamento efficace, anche quando il display \u00e8 posizionato in verticale.<\/p>\n<p>Un altro punto a favore di una lunga durata \u00e8 il vetro protettivo del display, stabile e resistente agli urti, che pu\u00f2 sopportare anche forti impatti diretti.<\/p>\n<p>\u00c8 quindi la scelta ideale per un'ampia gamma di ambienti come centri di trasporto, bar, discoteche, negozi e uffici. Grazie alla compatibilit\u00e0 HDSDI, il dispositivo \u00e8 adatto anche a diverse applicazioni broadcast e sanitarie.<\/p>\n<h2>Display al plasma Full HD da 50\u2033<\/h2>\n<p><a href=\"https:\/\/konferenztechnik.de\/wp-content\/uploads\/2013\/09\/Panasonic_PlasmaDisplay_TH-50PF10_gross.jpg\"><img decoding=\"async\" width=\"404\" height=\"290\" class=\"alignleft size-full wp-image-2417\" src=\"https:\/\/konferenztechnik.de\/wp-content\/uploads\/2013\/09\/Panasonic_PlasmaDisplay_TH-50PF10_gross.jpg\" alt=\"Schermo al plasma Full-HD TH-50PF10EK di Panasonic\" title=\"\" srcset=\"https:\/\/konferenztechnik.de\/wp-content\/uploads\/2013\/09\/Panasonic_PlasmaDisplay_TH-50PF10_gross.jpg 404w, https:\/\/konferenztechnik.de\/wp-content\/uploads\/2013\/09\/Panasonic_PlasmaDisplay_TH-50PF10_gross-300x215.jpg 300w\" sizes=\"(max-width: 404px) 100vw, 404px\" \/><\/a><\/p>\n<p>Il display al plasma Full HD TH-50PF10EK di Panasonic vanta una risoluzione ad alta definizione (1920 x 1080 pixel) e un impressionante rapporto di contrasto pari a 10.000:1. Uno spazio colore di 68,7 miliardi di colori e un'ampia gamma di nuove tecnologie consentono ai nuovi display di fornire una presentazione dettagliata e immagini convincenti in tutti gli ambienti e le aree di utilizzo. Le nuove caratteristiche tecnologiche includono il pannello New MACH migliorato e il controllo automatico della luminosit\u00e0 per una maggiore luminosit\u00e0. La riduzione del rumore MPD ad alta precisione garantisce immagini nitide e brillanti con sequenze di movimento veloci. L'ampia gamma di opzioni di interfaccia modulari offre inoltre la massima capacit\u00e0 di integrazione. Le schede di connessione per tutti i formati e i segnali attualmente disponibili possono essere alloggiate direttamente nell'alloggiamento negli slot multifunzione dei display, per risparmiare spazio.<\/p>\n<h2>Supporti e fissaggi per schermi<\/h2>\n<p><a href=\"https:\/\/konferenztechnik.de\/wp-content\/uploads\/2013\/09\/Audipack_Bodenstaender_Serie-700_gross.jpg\"><img decoding=\"async\" width=\"780\" height=\"585\" class=\"alignleft size-full wp-image-2416\" src=\"https:\/\/konferenztechnik.de\/wp-content\/uploads\/2013\/09\/Audipack_Bodenstaender_Serie-700_gross.jpg\" alt=\"Supporto da pavimento Audipack serie 700\" title=\"\" srcset=\"https:\/\/konferenztechnik.de\/wp-content\/uploads\/2013\/09\/Audipack_Bodenstaender_Serie-700_gross.jpg 780w, https:\/\/konferenztechnik.de\/wp-content\/uploads\/2013\/09\/Audipack_Bodenstaender_Serie-700_gross-300x225.jpg 300w, https:\/\/konferenztechnik.de\/wp-content\/uploads\/2013\/09\/Audipack_Bodenstaender_Serie-700_gross-768x576.jpg 768w\" sizes=\"(max-width: 780px) 100vw, 780px\" \/><\/a><\/p>\n<p>Abbiamo una soluzione adatta per ogni tipo di montaggio dello schermo, sia esso da pavimento, da parete o da soffitto! Disponiamo di prodotti dell'azienda olandese Audipack, di cui siamo rivenditori ufficiali tedeschi specializzati.<\/p>\n<p>L'immagine mostra un supporto da terra della serie 700. Ma scegliete voi stessi tra una variet\u00e0 di supporti pratici ed eleganti:<\/p>\n<p><a href=\"\/it\/distribuzione-di-tecnologia-per-conferenze-e-media-av\/tecnologia-video\/supporti-per-display-e-proiettori-2\/\">\u203a Collegamento alle staffe<\/a><\/p>","protected":false},"excerpt":{"rendered":"<p>Bildschirme Heutzutage werden Bildschirme immer gr\u00f6\u00dfer, hochaufl\u00f6sender, wetterfester, kratzfester, preiswerter &#8211; und das in einem rasanten Tempo. Wir zeigen hier einmal stellvertretend eine kleine Auswahl an Bildschirmen auf. Mindestens ebenso wichtig sind in diesem Bereich nat\u00fcrlich auch s\u00e4mtliche Befestigungsm\u00f6glichkeiten wie Wandhalter, Deckenhalter und Bodenst\u00e4nder f\u00fcr die Bildschirme. Hier haben wir ebenfalls eine gro\u00dfe Auswahl an [&hellip;]<\/p>","protected":false},"author":1,"featured_media":45482,"parent":1138,"menu_order":229,"comment_status":"closed","ping_status":"open","template":"","meta":{"_acf_changed":false,"footnotes":""},"class_list":["post-1219","page","type-page","status-publish","has-post-thumbnail","hentry"],"acf":[],"_links":{"self":[{"href":"https:\/\/konferenztechnik.de\/it\/wp-json\/wp\/v2\/pages\/1219","targetHints":{"allow":["GET"]}}],"collection":[{"href":"https:\/\/konferenztechnik.de\/it\/wp-json\/wp\/v2\/pages"}],"about":[{"href":"https:\/\/konferenztechnik.de\/it\/wp-json\/wp\/v2\/types\/page"}],"author":[{"embeddable":true,"href":"https:\/\/konferenztechnik.de\/it\/wp-json\/wp\/v2\/users\/1"}],"replies":[{"embeddable":true,"href":"https:\/\/konferenztechnik.de\/it\/wp-json\/wp\/v2\/comments?post=1219"}],"version-history":[{"count":0,"href":"https:\/\/konferenztechnik.de\/it\/wp-json\/wp\/v2\/pages\/1219\/revisions"}],"up":[{"embeddable":true,"href":"https:\/\/konferenztechnik.de\/it\/wp-json\/wp\/v2\/pages\/1138"}],"wp:featuredmedia":[{"embeddable":true,"href":"https:\/\/konferenztechnik.de\/it\/wp-json\/wp\/v2\/media\/45482"}],"wp:attachment":[{"href":"https:\/\/konferenztechnik.de\/it\/wp-json\/wp\/v2\/media?parent=1219"}],"curies":[{"name":"wp","href":"https:\/\/api.w.org\/{rel}","templated":true}]}}