{"id":1221,"date":"2013-08-23T10:31:53","date_gmt":"2013-08-23T08:31:53","guid":{"rendered":"https:\/\/pcs-miete.de\/?page_id=1221"},"modified":"2023-07-05T14:30:41","modified_gmt":"2023-07-05T12:30:41","slug":"supporti-per-display-e-proiettori-2","status":"publish","type":"page","link":"https:\/\/konferenztechnik.de\/it\/distribuzione-di-tecnologia-per-conferenze-e-media-av\/tecnologia-video\/supporti-per-display-e-proiettori-2\/","title":{"rendered":"Supporti per display e proiettori"},"content":{"rendered":"<h1>Supporti per display e proiettori<\/h1>\n<p>Nella nostra gamma troverete supporti per un'ampia variet\u00e0 di applicazioni: Sia che si tratti di tablet (ad es. iPad), proiettori o videowall, posizionati sul pavimento, appesi al soffitto o fissati alla parete.<\/p>\n<p>Lasciatevi convincere dalla nostra selezione di staffe e contattateci se avete bisogno di assistenza nella scelta. Offriamo anche soluzioni speciali e prodotti personalizzati. Parlate con il nostro team di assistenza. Saremo lieti di chiamarvi.<\/p>\n<h4>Staffe a parete<\/h4>\n<p><a href=\"\/it\/distribuzione-di-tecnologia-per-conferenze-e-media-av\/tecnologia-video\/supporti-per-display-e-proiettori-2\/staffe-a-parete\/\"><img fetchpriority=\"high\" decoding=\"async\" width=\"288\" height=\"198\" class=\"alignleft size-full wp-image-1356\" src=\"https:\/\/konferenztechnik.de\/wp-content\/uploads\/2013\/08\/01-wandhalterungen-fuer-projektoren.jpg\" alt=\"Supporti a parete per proiettori\" title=\"\"><\/a><\/p>\n<p>Supporti per display, proiettori, tablet, telecamere o pareti video<\/p>\n<p><a class=\"weiter\" href=\"\/it\/distribuzione-di-tecnologia-per-conferenze-e-media-av\/tecnologia-video\/supporti-per-display-e-proiettori-2\/staffe-a-parete\/\">\u203a Altro<\/a><\/p>\n<h4>Supporto da terra<\/h4>\n<p><a href=\"\/it\/distribuzione-di-tecnologia-per-conferenze-e-media-av\/tecnologia-video\/supporti-per-display-e-proiettori-2\/supporto-a-pavimento\/\"><img decoding=\"async\" width=\"288\" height=\"198\" class=\"alignleft size-full wp-image-1359\" src=\"https:\/\/konferenztechnik.de\/wp-content\/uploads\/2013\/08\/04-bodenstaender-fuer-projektoren.jpg\" alt=\"Supporto da pavimento per proiettori\" title=\"\"><\/a><\/p>\n<p>Piantane per proiettori e display, piantane basse per monitor di anteprima, piantane completamente smontabili, adattatori e piastre di supporto.<\/p>\n<p><a class=\"weiter\" href=\"\/it\/distribuzione-di-tecnologia-per-conferenze-e-media-av\/tecnologia-video\/supporti-per-display-e-proiettori-2\/supporto-a-pavimento\/\">\u203a Altro<\/a><\/p>\n<h4>Staffe per il soffitto<\/h4>\n<p><a href=\"\/it\/distribuzione-di-tecnologia-per-conferenze-e-media-av\/tecnologia-video\/supporti-per-display-e-proiettori-2\/supporti-a-soffitto\/\"><img decoding=\"async\" width=\"288\" height=\"198\" class=\"alignleft size-full wp-image-1357\" src=\"https:\/\/konferenztechnik.de\/wp-content\/uploads\/2013\/08\/02-deckenhalterungen-fuer-projektoren.jpg\" alt=\"Supporti a soffitto per proiettori\" title=\"\"><\/a><\/p>\n<p>Staffe di varie lunghezze, staffe di rotazione, kit di specchi, staffe di fissaggio per travi in acciaio<\/p>\n<p><a class=\"weiter\" href=\"\/it\/distribuzione-di-tecnologia-per-conferenze-e-media-av\/tecnologia-video\/supporti-per-display-e-proiettori-2\/supporti-a-soffitto\/\">\u203a Altro<\/a><\/p>\n<h4>Staffe per capriate<\/h4>\n<p><a href=\"\/it\/distribuzione-di-tecnologia-per-conferenze-e-media-av\/tecnologia-video\/supporti-per-display-e-proiettori-2\/staffe-per-capriate\/\"><img loading=\"lazy\" decoding=\"async\" width=\"288\" height=\"198\" class=\"alignleft size-full wp-image-1358\" src=\"https:\/\/konferenztechnik.de\/wp-content\/uploads\/2013\/08\/03-trusshalterungen-fuer-projektoren.jpg\" alt=\"Supporti per proiettori\" title=\"\"><\/a><\/p>\n<p>Supporti a traliccio per schermi e proiettori, supporti con dispositivi per una facile regolazione fine, telai a pila (alloggiamento protettivo), supporti per un'installazione molto rapida per le aziende di noleggio tecnologico<\/p>\n<p><a class=\"weiter\" title=\"Corso di formazione autunnale per interpreti\" href=\"\/it\/distribuzione-di-tecnologia-per-conferenze-e-media-av\/tecnologia-video\/supporti-per-display-e-proiettori-2\/staffe-per-capriate\/\">\u203a Altro<\/a><\/p>\n<h4>Mobili per conferenze<\/h4>\n<p><a href=\"\/it\/distribuzione-di-tecnologia-per-conferenze-e-media-av\/tecnologia-video\/supporti-per-display-e-proiettori-2\/mobili-per-conferenze\/\"><img loading=\"lazy\" decoding=\"async\" width=\"288\" height=\"191\" class=\"alignleft size-full wp-image-4381\" src=\"https:\/\/konferenztechnik.de\/wp-content\/uploads\/2013\/08\/konferenzmoebel.jpg\" alt=\"Mobili per conferenze\" title=\"\"><\/a><\/p>\n<p>Armadi per sistemi di videoconferenza, lavagne o display, supporti per proiettori, soluzioni mobili su ruote<\/p>\n<p><a class=\"weiter\" title=\"Corso di formazione autunnale per interpreti\" href=\"\/it\/distribuzione-di-tecnologia-per-conferenze-e-media-av\/tecnologia-video\/supporti-per-display-e-proiettori-2\/mobili-per-conferenze\/\">\u203a Altro<\/a><\/p>\n<h4>Staffe speciali<\/h4>\n<p><a href=\"\/it\/distribuzione-di-tecnologia-per-conferenze-e-media-av\/tecnologia-video\/supporti-per-display-e-proiettori-2\/staffe-speciali\/\"><img loading=\"lazy\" decoding=\"async\" width=\"288\" height=\"191\" class=\"alignleft size-full wp-image-4484\" src=\"https:\/\/konferenztechnik.de\/wp-content\/uploads\/2013\/08\/pcs-spezialanwendungen.jpg\" alt=\"Supporti per display e proiettori: Supporti speciali\" title=\"\"><\/a><\/p>\n<p>Supporti per tablet (ad es. iPad) per pareti e pavimenti, supporti per videowall, cornici, supporti tip &amp; touch (supporti da tavolo per schermi touch)<\/p>\n<p><a class=\"weiter\" title=\"Staffe speciali\" href=\"\/it\/distribuzione-di-tecnologia-per-conferenze-e-media-av\/tecnologia-video\/supporti-per-display-e-proiettori-2\/staffe-speciali\/\">\u203a Altro<\/a><\/p>","protected":false},"excerpt":{"rendered":"<p>Halterungen f\u00fcr Displays und Projektoren In unserem Sortiment finden Sie Halterungen f\u00fcr die unterschiedlichsten Anwendungsgebiete: Ob Tablet (z. B. iPad), Display Projektor oder Videowall, auf den Boden gestellt, von der Decke h\u00e4ngend oder and der Wand befestigt. Lassen Sie sich von unserer Auswahl an Halterungen \u00fcberzeugen und kontaktieren Sie uns einfach, wenn Sie Unterst\u00fctzung bei [&hellip;]<\/p>","protected":false},"author":1,"featured_media":45482,"parent":1138,"menu_order":228,"comment_status":"closed","ping_status":"open","template":"","meta":{"_acf_changed":false,"footnotes":""},"class_list":["post-1221","page","type-page","status-publish","has-post-thumbnail","hentry"],"acf":[],"_links":{"self":[{"href":"https:\/\/konferenztechnik.de\/it\/wp-json\/wp\/v2\/pages\/1221","targetHints":{"allow":["GET"]}}],"collection":[{"href":"https:\/\/konferenztechnik.de\/it\/wp-json\/wp\/v2\/pages"}],"about":[{"href":"https:\/\/konferenztechnik.de\/it\/wp-json\/wp\/v2\/types\/page"}],"author":[{"embeddable":true,"href":"https:\/\/konferenztechnik.de\/it\/wp-json\/wp\/v2\/users\/1"}],"replies":[{"embeddable":true,"href":"https:\/\/konferenztechnik.de\/it\/wp-json\/wp\/v2\/comments?post=1221"}],"version-history":[{"count":0,"href":"https:\/\/konferenztechnik.de\/it\/wp-json\/wp\/v2\/pages\/1221\/revisions"}],"up":[{"embeddable":true,"href":"https:\/\/konferenztechnik.de\/it\/wp-json\/wp\/v2\/pages\/1138"}],"wp:featuredmedia":[{"embeddable":true,"href":"https:\/\/konferenztechnik.de\/it\/wp-json\/wp\/v2\/media\/45482"}],"wp:attachment":[{"href":"https:\/\/konferenztechnik.de\/it\/wp-json\/wp\/v2\/media?parent=1221"}],"curies":[{"name":"wp","href":"https:\/\/api.w.org\/{rel}","templated":true}]}}