{"id":1230,"date":"2013-08-23T11:04:32","date_gmt":"2013-08-23T09:04:32","guid":{"rendered":"https:\/\/pcs-miete.de\/?page_id=1230"},"modified":"2023-07-05T14:31:24","modified_gmt":"2023-07-05T12:31:24","slug":"abitazione","status":"publish","type":"page","link":"https:\/\/konferenztechnik.de\/it\/distribuzione-di-tecnologia-per-conferenze-e-media-av\/tecnologia-video\/abitazione\/","title":{"rendered":"Alloggiamento"},"content":{"rendered":"<h1>Alloggiamento<\/h1>\n<h2>Alloggiamenti antifurto per proiettori<\/h2>\n<p><a href=\"https:\/\/konferenztechnik.de\/wp-content\/uploads\/2013\/08\/Audipack_GehaeuseAntidiebstahl.jpg\"><img fetchpriority=\"high\" decoding=\"async\" width=\"792\" height=\"594\" class=\"alignleft size-full wp-image-2428\" src=\"https:\/\/konferenztechnik.de\/wp-content\/uploads\/2013\/08\/Audipack_GehaeuseAntidiebstahl.jpg\" alt=\"Custodia antifurto per proiettori\" title=\"\" srcset=\"https:\/\/konferenztechnik.de\/wp-content\/uploads\/2013\/08\/Audipack_GehaeuseAntidiebstahl.jpg 792w, https:\/\/konferenztechnik.de\/wp-content\/uploads\/2013\/08\/Audipack_GehaeuseAntidiebstahl-300x225.jpg 300w, https:\/\/konferenztechnik.de\/wp-content\/uploads\/2013\/08\/Audipack_GehaeuseAntidiebstahl-768x576.jpg 768w\" sizes=\"(max-width: 792px) 100vw, 792px\" \/><\/a><\/p>\n<p>Custodia antifurto per proiettori con struttura metallica aperta per uso interno ed esterno. La parte anteriore dell'alloggiamento \u00e8 aperta ed \u00e8 assicurata da due barre antifurto. Le barre possono essere posizionate in modo diverso, in modo che l'obiettivo del proiettore rimanga sempre libero, a seconda del produttore. Sono disponibili anche alloggiamenti di diverse dimensioni. L'alloggiamento \u00e8 disponibile in grigio o bianco. Altri colori sono disponibili su richiesta. \u00c8 possibile dotare l'alloggiamento di un sistema di allarme.<\/p>\n<h2>Custodia per tablet TC-IPAD per iPad 1, 2, 3 e 4<\/h2>\n<p><a href=\"https:\/\/konferenztechnik.de\/wp-content\/uploads\/2014\/02\/audipack-ipad-tablet-housing.jpg\"><img decoding=\"async\" width=\"450\" height=\"311\" class=\"alignleft size-full wp-image-4263\" src=\"https:\/\/konferenztechnik.de\/wp-content\/uploads\/2014\/02\/audipack-ipad-tablet-housing.jpg\" alt=\"Alloggiamento per tablet iPad\" title=\"\" srcset=\"https:\/\/konferenztechnik.de\/wp-content\/uploads\/2014\/02\/audipack-ipad-tablet-housing.jpg 450w, https:\/\/konferenztechnik.de\/wp-content\/uploads\/2014\/02\/audipack-ipad-tablet-housing-300x207.jpg 300w\" sizes=\"(max-width: 450px) 100vw, 450px\" \/><\/a><\/p>\n<p>La custodia TC-iPad protegge elegantemente il vostro iPad quando deve essere installato o esposto in luoghi pubblici.<br \/>\nL'iPad pu\u00f2 essere fissato rapidamente nella custodia ed \u00e8 quindi efficacemente protetto dai furti. Grazie al sistema Smart Keylock, dall'esterno non sono visibili fori per chiavi o viti. La custodia TC pu\u00f2 essere utilizzata per il montaggio a parete o, in combinazione con un supporto opzionale, come supporto da terra.<\/p>\n<h2>Silenziatore Audipack<\/h2>\n<p><a href=\"https:\/\/konferenztechnik.de\/wp-content\/uploads\/2013\/08\/Audipack_Silencer.jpg\"><img decoding=\"async\" width=\"792\" height=\"592\" class=\"alignleft size-full wp-image-2430\" src=\"https:\/\/konferenztechnik.de\/wp-content\/uploads\/2013\/08\/Audipack_Silencer.jpg\" alt=\"Silenziatore Audipack\" title=\"\" srcset=\"https:\/\/konferenztechnik.de\/wp-content\/uploads\/2013\/08\/Audipack_Silencer.jpg 792w, https:\/\/konferenztechnik.de\/wp-content\/uploads\/2013\/08\/Audipack_Silencer-300x224.jpg 300w, https:\/\/konferenztechnik.de\/wp-content\/uploads\/2013\/08\/Audipack_Silencer-768x574.jpg 768w\" sizes=\"(max-width: 792px) 100vw, 792px\" \/><\/a><\/p>\n<p>I silenziatori vengono utilizzati per attutire il rumore di funzionamento dei proiettori (ad esempio in teatri, musei o teatri d'opera). Il Silenziatore Audipack attutisce il rumore con circa 16 \u2013 20 dBA. Il Silenziatore viene fornito di serie con due ventole e una finestra di proiezione davanti all'obiettivo. Non \u00e8 necessaria una staffa aggiuntiva per il proiettore. Le dimensioni standard dell'alloggiamento sono circa 978 mm x 470 mm x 1.054 mm, ma possono essere fornite anche versioni personalizzate. L'alloggiamento \u00e8 adatto solo per uso interno. I colori standard sono nero, bianco o grigio, ma sono possibili anche colori speciali.<\/p>\n<h2>Cornice dello schermo<\/h2>\n<p><a href=\"https:\/\/konferenztechnik.de\/wp-content\/uploads\/2013\/08\/Audipack_PanelRahmen.jpg\"><img loading=\"lazy\" decoding=\"async\" width=\"792\" height=\"594\" class=\"alignleft size-full wp-image-2429\" src=\"https:\/\/konferenztechnik.de\/wp-content\/uploads\/2013\/08\/Audipack_PanelRahmen.jpg\" alt=\"Cornice per display Audipack\" title=\"\" srcset=\"https:\/\/konferenztechnik.de\/wp-content\/uploads\/2013\/08\/Audipack_PanelRahmen.jpg 792w, https:\/\/konferenztechnik.de\/wp-content\/uploads\/2013\/08\/Audipack_PanelRahmen-300x225.jpg 300w, https:\/\/konferenztechnik.de\/wp-content\/uploads\/2013\/08\/Audipack_PanelRahmen-768x576.jpg 768w\" sizes=\"(max-width: 792px) 100vw, 792px\" \/><\/a><\/p>\n<p>Le cornici per espositori Audipack sono realizzate per applicazioni DOOH indoor. Il display viene montato nella cornice, conferendogli un aspetto attraente, proteggendolo da danni e da furti. La cornice del display ha un design elegante ed \u00e8 disponibile di serie nei colori rosso, bianco, blu e nero. \u00c8 possibile stampare anche dei loghi. La cornice \u00e8 adatta per l'installazione a parete e a soffitto o pu\u00f2 essere montata su un supporto da terra.<\/p>\n<h2>Sistemi informativi Audipack Eye-Point<\/h2>\n<p><a href=\"https:\/\/konferenztechnik.de\/wp-content\/uploads\/2013\/08\/Audipack_EyePoint.jpg\"><img loading=\"lazy\" decoding=\"async\" width=\"792\" height=\"594\" class=\"alignleft size-full wp-image-2427\" src=\"https:\/\/konferenztechnik.de\/wp-content\/uploads\/2013\/08\/Audipack_EyePoint.jpg\" alt=\"Sistemi informativi Audipack Eye-Point\" title=\"\" srcset=\"https:\/\/konferenztechnik.de\/wp-content\/uploads\/2013\/08\/Audipack_EyePoint.jpg 792w, https:\/\/konferenztechnik.de\/wp-content\/uploads\/2013\/08\/Audipack_EyePoint-300x225.jpg 300w, https:\/\/konferenztechnik.de\/wp-content\/uploads\/2013\/08\/Audipack_EyePoint-768x576.jpg 768w\" sizes=\"(max-width: 792px) 100vw, 792px\" \/><\/a><\/p>\n<p>Eye-Point \u00e8 un supporto mobile che funge da alloggiamento per schermi piatti. L'Eye-Point \u00e8 un modo molto flessibile di esporre presentazioni mobili. \u00c8 ideale anche come segnaletica e\/o sistema di orientamento per hotel e centri congressi. L'Eye-Point attira l'attenzione e pu\u00f2 essere facilmente integrato in qualsiasi ambiente. Lo schermo piatto \u00e8 nascosto nell'alloggiamento e allo stesso tempo \u00e8 protetto. L'Eye-Point \u00e8 attualmente disponibile per schermi di dimensioni comprese tra 102 e 165 centimetri (40 e 65 pollici), sia in formato orizzontale che verticale. \u00c8 possibile scegliere tra un'ampia gamma di colori e materiali moderni. Tutti i modelli sono dotati di serie di un braccio girevole L&amp;S 5 integrato per schermi piatti e di un ampio spazio per l'installazione di PC e altre apparecchiature. Grazie al sistema di montaggio universale L&amp;S 5, \u00e8 possibile installare nell'Eye-Point schermi di quasi tutti i produttori e tipi.<\/p>\n<p>PCS GmbH \u00e8 il distributore ufficiale tedesco di Audipack. Vi offriamo una consulenza esperta e tempi di consegna rapidi.<\/p>\n<p><img loading=\"lazy\" decoding=\"async\" class=\"alignright size-full wp-image-5489\" src=\"https:\/\/konferenztechnik.de\/wp-content\/uploads\/2013\/09\/PCS-GmbH-Audipack-authorized-dealer-small.jpg\" alt=\"PCS GmbH \u00e8 un rivenditore autorizzato Audipack\" width=\"200\" height=\"81\" title=\"\"><\/p>","protected":false},"excerpt":{"rendered":"<p>Housing Diebstahl hemmende Geh\u00e4use f\u00fcr Beamer Anti-Diebstahlgeh\u00e4use f\u00fcr Projektoren in offener Metallstruktur f\u00fcr innen und au\u00dfen. Die Vorderseite des Geh\u00e4uses ist offen und wird durch zwei Anti-Diebstahl-St\u00e4be gesichert. Die St\u00e4be k\u00f6nnen verschieden positioniert werden, damit die Projektorlinse je nach Hersteller immer frei bleibt. Es sind au\u00dferdem verschiedene Geh\u00e4usegr\u00f6\u00dfen erh\u00e4ltlich. Das Geh\u00e4use ist in grau oder [&hellip;]<\/p>","protected":false},"author":1,"featured_media":45482,"parent":1138,"menu_order":226,"comment_status":"closed","ping_status":"open","template":"","meta":{"_acf_changed":false,"footnotes":""},"class_list":["post-1230","page","type-page","status-publish","has-post-thumbnail","hentry"],"acf":[],"_links":{"self":[{"href":"https:\/\/konferenztechnik.de\/it\/wp-json\/wp\/v2\/pages\/1230","targetHints":{"allow":["GET"]}}],"collection":[{"href":"https:\/\/konferenztechnik.de\/it\/wp-json\/wp\/v2\/pages"}],"about":[{"href":"https:\/\/konferenztechnik.de\/it\/wp-json\/wp\/v2\/types\/page"}],"author":[{"embeddable":true,"href":"https:\/\/konferenztechnik.de\/it\/wp-json\/wp\/v2\/users\/1"}],"replies":[{"embeddable":true,"href":"https:\/\/konferenztechnik.de\/it\/wp-json\/wp\/v2\/comments?post=1230"}],"version-history":[{"count":0,"href":"https:\/\/konferenztechnik.de\/it\/wp-json\/wp\/v2\/pages\/1230\/revisions"}],"up":[{"embeddable":true,"href":"https:\/\/konferenztechnik.de\/it\/wp-json\/wp\/v2\/pages\/1138"}],"wp:featuredmedia":[{"embeddable":true,"href":"https:\/\/konferenztechnik.de\/it\/wp-json\/wp\/v2\/media\/45482"}],"wp:attachment":[{"href":"https:\/\/konferenztechnik.de\/it\/wp-json\/wp\/v2\/media?parent=1230"}],"curies":[{"name":"wp","href":"https:\/\/api.w.org\/{rel}","templated":true}]}}