{"id":1245,"date":"2013-08-23T11:26:53","date_gmt":"2013-08-23T09:26:53","guid":{"rendered":"https:\/\/pcs-miete.de\/?page_id=1245"},"modified":"2023-07-05T10:48:18","modified_gmt":"2023-07-05T08:48:18","slug":"visualizzatore","status":"publish","type":"page","link":"https:\/\/konferenztechnik.de\/it\/distribuzione-di-tecnologia-per-conferenze-e-media-av\/tecnologia-video\/visualizzatore\/","title":{"rendered":"Visualizzatore"},"content":{"rendered":"<div data-elementor-type=\"wp-page\" data-elementor-id=\"1245\" class=\"elementor elementor-1245\" data-elementor-post-type=\"page\">\n\t\t\t\t\t\t<section data-particle_enable=\"false\" data-particle-mobile-disabled=\"false\" class=\"elementor-section elementor-top-section elementor-element elementor-element-ff88ff4 elementor-section-boxed elementor-section-height-default elementor-section-height-default\" data-id=\"ff88ff4\" data-element_type=\"section\">\n\t\t\t\t\t\t<div class=\"elementor-container elementor-column-gap-default\">\n\t\t\t\t\t<div class=\"elementor-column elementor-col-100 elementor-top-column elementor-element elementor-element-7892d15b\" data-id=\"7892d15b\" data-element_type=\"column\">\n\t\t\t<div class=\"elementor-widget-wrap elementor-element-populated\">\n\t\t\t\t\t\t<div class=\"elementor-element elementor-element-255320ba elementor-widget elementor-widget-text-editor\" data-id=\"255320ba\" data-element_type=\"widget\" data-widget_type=\"text-editor.default\">\n\t\t\t\t<div class=\"elementor-widget-container\">\n\t\t\t\t\t\t\t\t\t<h1>Visualizzatore<\/h1>\nChe cos'\u00e8 un visualizzatore?\nUn visualizzatore \u00e8 in grado di raccogliere rapidamente e facilmente qualsiasi tipo di modello (libri, foto, oggetti tridimensionali, ecc.) e di fornire un'immagine ad alta risoluzione per proiettori, monitor, lavagne digitali o sistemi di videoconferenza.\nLe applicazioni tipiche dei visualizzatori includono corsi di formazione, riunioni, conferenze, seminari e presentazioni di prodotti. Anche nelle presentazioni di prove in tribunale, in varie applicazioni mediche (telemedicina, telepatologia, immagini a raggi X, ecc.).\n<h2>Visualizzatore da tavolo \u2013 VZ-9plus\u00b3<\/h2>\n<a href=\"https:\/\/konferenztechnik.de\/wp-content\/uploads\/2013\/09\/wolfvison_desktop_visualizer_vz9plus.jpg\"><img fetchpriority=\"high\" decoding=\"async\" width=\"357\" height=\"436\" src=\"https:\/\/konferenztechnik.de\/wp-content\/uploads\/2013\/09\/wolfvison_desktop_visualizer_vz9plus.jpg\" alt=\"Visualizzatore da tavolo - VZ-9plus\u00b3\" class=\"alignleft size-full wp-image-2626\" title=\"\" srcset=\"https:\/\/konferenztechnik.de\/wp-content\/uploads\/2013\/09\/wolfvison_desktop_visualizer_vz9plus.jpg 357w, https:\/\/konferenztechnik.de\/wp-content\/uploads\/2013\/09\/wolfvison_desktop_visualizer_vz9plus-246x300.jpg 246w\" sizes=\"(max-width: 357px) 100vw, 357px\" \/><\/a>\n\nIl Visualiser VZ-9plus\u00b3 \u00e8 il Visualiser portatile top di gamma di WolfVision. Supera la serie VZ-8 Visualiser:\n<ul>\n \t<li>Caratteristiche ancora pi\u00f9 utili e uniche<\/li>\n \t<li>ancora pi\u00f9 facile da usare (posizionamento pi\u00f9 semplice degli oggetti)<\/li>\n \t<li>Qualit\u00e0 dell'immagine ancora migliore<\/li>\n<\/ul>\nLa terza generazione del VZ-9plus\u00b3 colpisce per l'alloggiamento completamente ridisegnato, nuovo, moderno ed elegante.\n<h2>Visualizzatore a soffitto VZ-C12\u00b3 \/ VZ-C32\u00b3<\/h2>\n<a href=\"https:\/\/konferenztechnik.de\/wp-content\/uploads\/2013\/09\/wolfvision_deckenvisualizer_vz-c12.jpg\"><img decoding=\"async\" width=\"600\" height=\"514\" src=\"https:\/\/konferenztechnik.de\/wp-content\/uploads\/2013\/09\/wolfvision_deckenvisualizer_vz-c12.jpg\" alt=\"Visualizzatore a soffitto VZ-C12\u00b3 \/ VZ-C32\u00b3 \" class=\"alignleft size-full wp-image-2625\" title=\"\" srcset=\"https:\/\/konferenztechnik.de\/wp-content\/uploads\/2013\/09\/wolfvision_deckenvisualizer_vz-c12.jpg 600w, https:\/\/konferenztechnik.de\/wp-content\/uploads\/2013\/09\/wolfvision_deckenvisualizer_vz-c12-300x257.jpg 300w\" sizes=\"(max-width: 600px) 100vw, 600px\" \/><\/a>\n\nUn visualizzatore a soffitto pu\u00f2 essere montato sul soffitto come un proiettore o integrato in un controsoffitto. Non c'\u00e8 alcun dispositivo sul tavolo o sul leggio e nulla ostruisce la visuale tra il relatore e il pubblico.\n<h2>Visualizzatore a soffitto VZ-C12\u00b3 \/ VZ-C32\u00b3<\/h2>\nUlteriori vantaggi sono\n<ul>\n \t<li>il Visualiser pu\u00f2 essere completamente nascosto in un controsoffitto<\/li>\n \t<li>Dispositivo installato in modo permanente che difficilmente pu\u00f2 essere rubato<\/li>\n \t<li>Nessun cavo dal tavolo al dispositivo<\/li>\n \t<li>Gli oggetti possono essere ancora pi\u00f9 grandi e pi\u00f9 alti<\/li>\n<\/ul>\nLe caratteristiche, il design e i collegamenti del VZ-C32\u00b3 sono identici a quelli del visualizzatore da soffitto VZ-C12\u00b3. La grande differenza \u00e8 la telecamera integrata:\n<ul>\n \t<li>VZ-C12\u00b3 = 1 telecamera CCD SXGA\/WXGA\/720p HD<\/li>\n \t<li>VZ-C32\u00b3 = Telecamera 3-CCD SXGA\/WXGA\/720p HD<\/li>\n<\/ul>\nLa fotocamera a 3 CCD del VZ-C32\u00b3 supera quella del VZ-C12\u00b3 in termini di fedelt\u00e0 cromatica e risoluzione. Ci\u00f2 \u00e8 particolarmente evidente con originali molto dettagliati e multicolori.\t\t\t\t\t\t\t\t<\/div>\n\t\t\t\t<\/div>\n\t\t\t\t\t<\/div>\n\t\t<\/div>\n\t\t\t\t\t<\/div>\n\t\t<\/section>\n\t\t\t\t<\/div>","protected":false},"excerpt":{"rendered":"<p>Che cos'\u00e8 un visualizzatore?\nUn visualizzatore \u00e8 in grado di raccogliere rapidamente e facilmente qualsiasi tipo di modello (libri, foto, oggetti tridimensionali, ecc.) e di fornire un'immagine ad alta risoluzione per proiettori, monitor, lavagne digitali o sistemi di videoconferenza.\nLe applicazioni tipiche dei visualizzatori includono corsi di formazione, riunioni, conferenze, seminari e presentazioni di prodotti. Anche nelle presentazioni di prove in tribunale, in varie applicazioni mediche (telemedicina, telepatologia, immagini a raggi X, ecc.).<\/p>","protected":false},"author":1,"featured_media":45482,"parent":1138,"menu_order":221,"comment_status":"closed","ping_status":"open","template":"","meta":{"_acf_changed":false,"footnotes":""},"class_list":["post-1245","page","type-page","status-publish","has-post-thumbnail","hentry"],"acf":[],"_links":{"self":[{"href":"https:\/\/konferenztechnik.de\/it\/wp-json\/wp\/v2\/pages\/1245","targetHints":{"allow":["GET"]}}],"collection":[{"href":"https:\/\/konferenztechnik.de\/it\/wp-json\/wp\/v2\/pages"}],"about":[{"href":"https:\/\/konferenztechnik.de\/it\/wp-json\/wp\/v2\/types\/page"}],"author":[{"embeddable":true,"href":"https:\/\/konferenztechnik.de\/it\/wp-json\/wp\/v2\/users\/1"}],"replies":[{"embeddable":true,"href":"https:\/\/konferenztechnik.de\/it\/wp-json\/wp\/v2\/comments?post=1245"}],"version-history":[{"count":0,"href":"https:\/\/konferenztechnik.de\/it\/wp-json\/wp\/v2\/pages\/1245\/revisions"}],"up":[{"embeddable":true,"href":"https:\/\/konferenztechnik.de\/it\/wp-json\/wp\/v2\/pages\/1138"}],"wp:featuredmedia":[{"embeddable":true,"href":"https:\/\/konferenztechnik.de\/it\/wp-json\/wp\/v2\/media\/45482"}],"wp:attachment":[{"href":"https:\/\/konferenztechnik.de\/it\/wp-json\/wp\/v2\/media?parent=1245"}],"curies":[{"name":"wp","href":"https:\/\/api.w.org\/{rel}","templated":true}]}}