{"id":12456,"date":"2018-02-06T10:01:05","date_gmt":"2018-02-06T09:01:05","guid":{"rendered":"https:\/\/www.konferenztechnik.de\/?page_id=12456"},"modified":"2023-09-01T13:14:59","modified_gmt":"2023-09-01T11:14:59","slug":"sistema-di-comunicazione-beyerdynamic-unite","status":"publish","type":"page","link":"https:\/\/konferenztechnik.de\/it\/sistema-di-comunicazione-beyerdynamic-unite\/","title":{"rendered":"Sistema di comunicazione Beyerdynamic UNITE"},"content":{"rendered":"<h1>Sistema di comunicazione digitale senza fili Beyerdynamic UNITE \u2013<\/h1>\n<p><img fetchpriority=\"high\" decoding=\"async\" width=\"850\" height=\"618\" src=\"https:\/\/konferenztechnik.de\/wp-content\/uploads\/2018\/02\/bayerdynamic-unite-fuehrungsanlage.jpg\" alt=\"Sistema di guida Beyerdynamic UNITE\" class=\"alignleft size-full wp-image-12467\" title=\"\" srcset=\"https:\/\/konferenztechnik.de\/wp-content\/uploads\/2018\/02\/bayerdynamic-unite-fuehrungsanlage.jpg 850w, https:\/\/konferenztechnik.de\/wp-content\/uploads\/2018\/02\/bayerdynamic-unite-fuehrungsanlage-300x218.jpg 300w, https:\/\/konferenztechnik.de\/wp-content\/uploads\/2018\/02\/bayerdynamic-unite-fuehrungsanlage-768x558.jpg 768w\" sizes=\"(max-width: 850px) 100vw, 850px\" \/><\/p>\n<p>Beyerdynamic ha presentato il nuovo sistema di comunicazione UNITE alla fiera ISE 2018 di Amsterdam. Beyerdynamic UNITE \u00e8 un moderno sistema di guida per i visitatori. La nuova funzione \"Multi-Way-Communication\" permette di entrare in dialogo con il pubblico. I partecipanti possono porre domande direttamente tramite il loro ricevitore, in modo udibile da tutti. Nel sistema possono parlare fino a tre persone contemporaneamente. Ci\u00f2 significa che ora \u00e8 possibile includere nella comunicazione anche guide turistiche o interpreti sussurrati.<\/p>\n<h2>Punti salienti del sistema UNITE<\/h2>\n<div id=\"newscontainer\">\n<div class=\"newskasten\">\n<img decoding=\"async\" width=\"83\" height=\"83\" src=\"https:\/\/konferenztechnik.de\/wp-content\/uploads\/2018\/02\/Schnittstellen-fuer-Toneinspielungen.png\" alt=\"5 interfacce per le registrazioni sonore\" class=\"size-full wp-image-12474\" title=\"\"><br \/>\n[chiaro]<br \/>\n5 interfacce per le registrazioni sonore<\/div>\n<div class=\"newskasten\">\n<img decoding=\"async\" width=\"83\" height=\"83\" src=\"https:\/\/konferenztechnik.de\/wp-content\/uploads\/2018\/02\/Automatic-Level-Control.png\" alt=\"Controllo automatico del livello\" class=\"alignleft size-full wp-image-12463\" title=\"\"><br \/>\n[chiaro]<br \/>\nControllo automatico del livello e cancellazione del rumore<\/div>\n<div class=\"newskasten\">\n<img loading=\"lazy\" decoding=\"async\" width=\"83\" height=\"83\" src=\"https:\/\/konferenztechnik.de\/wp-content\/uploads\/2018\/02\/gleichzeitig-sprechen.png\" alt=\"Tre persone possono parlare contemporaneamente\" class=\"size-full wp-image-12471\" title=\"\"><br \/>\n[chiaro]<br \/>\nFino a tre altoparlanti contemporaneamente<\/div>\n<div class=\"newskasten\">\n<img loading=\"lazy\" decoding=\"async\" width=\"83\" height=\"83\" src=\"https:\/\/konferenztechnik.de\/wp-content\/uploads\/2018\/02\/biderektionale-uebertragung-1.png\" alt=\"Comunicazione bidirezionale\" class=\"alignleft size-full wp-image-12477\" title=\"\"><br \/>\n[chiaro]<br \/>\nComunicazione bidirezionale<\/div>\n<div class=\"newskasten\">\n<img loading=\"lazy\" decoding=\"async\" width=\"83\" height=\"83\" src=\"https:\/\/konferenztechnik.de\/wp-content\/uploads\/2018\/02\/dect.png\" alt=\"Beyerdynamic UNITE DECT standard\" class=\"alignleft size-full wp-image-12470\" title=\"\"><br \/>\n[chiaro]<br \/>\nStandard DECT<\/div>\n<div class=\"newskasten\">\n<img loading=\"lazy\" decoding=\"async\" src=\"https:\/\/konferenztechnik.de\/wp-content\/uploads\/2018\/02\/32-Gruppen-Gleichzeitig.png\" alt=\"32 gruppi o canali in parallelo\" width=\"83\" height=\"83\" class=\"alignleft size-full wp-image-12460\" title=\"\"><br \/>\n[chiaro]<br \/>\nFino a 32 gruppi (canali) in parallelo<\/div>\n<\/div>\n<p>[chiaro]<\/p>\n<h2>Interfacce moderne<\/h2>\n<p>Il sistema Beyerdynamic UNITE \u00e8 dotato di interfacce moderne. Queste includono una connessione jack, una connessione USB e un'interfaccia Bluetooth. In questo modo \u00e8 facile importare segnali audio (musica, suoni originali, riproduzioni audio) o collegare al sistema UNITE dispositivi Bluetooth come le cuffie.<\/p>\n<h2>Elevata intelligibilit\u00e0 del parlato e qualit\u00e0 del suono<\/h2>\n<p>Il processore audio dell'UNITE digitale ottimizza automaticamente l'intelligibilit\u00e0 del parlato. Grazie al controllo automatico del livello, l'altoparlante viene sempre riprodotto al volume perfetto. Anche se l'oratore parla a bassa voce o la distanza dal microfono \u00e8 maggiore. La cancellazione del rumore aiuta a mantenere alta l'intelligibilit\u00e0 del parlato anche in situazioni difficili (ad esempio, durante le visite in fabbrica o nelle fiere in sale rumorose).<\/p>\n<h2>DECT come tecnologia di trasmissione a prova di futuro<\/h2>\n<p>UNITE utilizza lo standard DECT. I dispositivi possono essere utilizzati senza ulteriori autorizzazioni e costi di licenza. Il sistema si occupa automaticamente della gestione delle frequenze, in modo che l'utente non debba preoccuparsi di nulla. Con il Beyerdynamic UNITE \u00e8 possibile trasmettere fino a 32 gruppi (cio\u00e8 canali) contemporaneamente. Lo standard DECT offre inoltre una portata molto ampia.<\/p>\n<h2>Dispositivi e accessori Beyerdynamic UNITE \u2013<\/h2>\n<p>Il sistema UNITE sar\u00e0 disponibile in diverse versioni e con vari accessori. Questi includono trasmettitori bodypack, trasmettitori palmari, ricevitori con funzione talkback, custodie di ricarica e persino imbracature a induzione.<br \/>\n[chiaro]<br \/>\n[spacer size=\"20\u2033]<br \/>\n[column size=\"1-4\u2033 last=\"0\u2033]<\/p>\n<figure id=\"attachment_12466\" aria-describedby=\"caption-attachment-12466\" style=\"width: 850px\" class=\"wp-caption alignleft\"><img loading=\"lazy\" decoding=\"async\" src=\"https:\/\/konferenztechnik.de\/wp-content\/uploads\/2018\/02\/bayerdynamic-unite-empfaenger-sender.jpg\" alt=\"\" width=\"850\" height=\"680\" class=\"size-full wp-image-12466\" title=\"\" srcset=\"https:\/\/konferenztechnik.de\/wp-content\/uploads\/2018\/02\/bayerdynamic-unite-empfaenger-sender.jpg 850w, https:\/\/konferenztechnik.de\/wp-content\/uploads\/2018\/02\/bayerdynamic-unite-empfaenger-sender-300x240.jpg 300w, https:\/\/konferenztechnik.de\/wp-content\/uploads\/2018\/02\/bayerdynamic-unite-empfaenger-sender-768x614.jpg 768w\" sizes=\"(max-width: 850px) 100vw, 850px\" \/><figcaption id=\"caption-attachment-12466\" class=\"wp-caption-text\">UNITE TH | trasmettitore portatile e Unite RP-T | ricevitore bodypack con funzione talkback<\/figcaption><\/figure>\n<p>[\/colonna]<br \/>\n[column size=\"1-4\u2033 last=\"0\u2033]<\/p>\n<figure id=\"attachment_12486\" aria-describedby=\"caption-attachment-12486\" style=\"width: 850px\" class=\"wp-caption alignleft\"><img loading=\"lazy\" decoding=\"async\" src=\"https:\/\/konferenztechnik.de\/wp-content\/uploads\/2018\/02\/bayerdynamic-unite-ladekoffer-b.jpg\" alt=\"beyerdynamic-unit\u00e0-carica-b\" width=\"850\" height=\"680\" class=\"size-full wp-image-12486\" title=\"\" srcset=\"https:\/\/konferenztechnik.de\/wp-content\/uploads\/2018\/02\/bayerdynamic-unite-ladekoffer-b.jpg 850w, https:\/\/konferenztechnik.de\/wp-content\/uploads\/2018\/02\/bayerdynamic-unite-ladekoffer-b-300x240.jpg 300w, https:\/\/konferenztechnik.de\/wp-content\/uploads\/2018\/02\/bayerdynamic-unite-ladekoffer-b-768x614.jpg 768w\" sizes=\"(max-width: 850px) 100vw, 850px\" \/><figcaption id=\"caption-attachment-12486\" class=\"wp-caption-text\">UNITE CC-24P | Custodia per il trasporto e la ricarica, disponibile in diverse varianti e dimensioni<\/figcaption><\/figure>\n<p>[\/colonna]<\/p>\n<h2>Aree di applicazione Beyerdynamic UNITE<\/h2>\n<p>[list icon=\"moon-checkmark\" color=\"#a62055\u2033] Sistema di guide turistiche[\/list]<br \/>\n[list icon=\"moon-checkmark\" color=\"#a62055\u2033] Tour della fabbrica[\/list]<br \/>\n[list icon=\"moon-checkmark\" color=\"#a62055\u2033] Tour di gruppo[\/list]<br \/>\n[list icon=\"moon-checkmark\" color=\"#a62055\u2033] Interpretazione sussurrata[\/list]<br \/>\n[list icon=\"moon-checkmark\" color=\"#a62055\u2033] Visite guidate[\/list]<br \/>\n[list icon=\"moon-checkmark\" color=\"#a62055\u2033] Indicazioni sul palco[\/list]<br \/>\n[list icon=\"moon-checkmark\" color=\"#a62055\u2033] Presentazioni[\/list]<\/p>\n<p>[spacer size=\"20\u2033]<\/p>\n<h2>Acquistare Beyerdynamic UNITE \u2013 Disponibilit\u00e0<\/h2>\n<p>Il sistema UNITE \u00e8 stato presentato all'ISE 2018 nel febbraio di quest'anno ed \u00e8 ancora in fase di test finale. Riferiremo qui non appena il sistema sar\u00e0 disponibile.<\/p>\n<p><a href=\"https:\/\/konferenztechnik.de\/it\/sistema-di-guida-digitale-beyerdynamic-unite\/\">Dati tecnici di Beyerdynamic UNITE \u2013<\/a><br \/>\n<a href=\"https:\/\/konferenztechnik.de\/it\/sistema-di-guida-per-visitatori-beyerdynamic-unite\/\">Beyerdynamic UNITE \u2013 Impressioni dall'ISE<\/a><br \/>\n<a href=\"\/it\/acquistare-il-sistema-di-guida-personale\/\">Panoramica dei sistemi di guida per i passeggeri<\/a><\/p>","protected":false},"excerpt":{"rendered":"<p>Beyerdynamic UNITE &#8211; digitales drahtloses Kommunikationssystem Beyerdynamic hat auf der Amsterdamer Messe ISE 2018 das neue UNITE Kommunikationssystem vorgestellt. Das Beyerdynamic UNITE ist eine moderne Besucher-F\u00fchrungsanlage. \u00dcber die neue Funktion &#8222;Multi-Way-Communication&#8220; ist es m\u00f6glich, mit den Zuh\u00f6rern in einen Dialog zu treten. Die Teilnehmer k\u00f6nnen direkt \u00fcber ihren Empf\u00e4nger, f\u00fcr alle h\u00f6rbar, R\u00fcckfragen stellen. Im [&hellip;]<\/p>","protected":false},"author":1,"featured_media":45482,"parent":0,"menu_order":0,"comment_status":"closed","ping_status":"closed","template":"","meta":{"_acf_changed":false,"footnotes":""},"class_list":["post-12456","page","type-page","status-publish","has-post-thumbnail","hentry"],"acf":[],"_links":{"self":[{"href":"https:\/\/konferenztechnik.de\/it\/wp-json\/wp\/v2\/pages\/12456","targetHints":{"allow":["GET"]}}],"collection":[{"href":"https:\/\/konferenztechnik.de\/it\/wp-json\/wp\/v2\/pages"}],"about":[{"href":"https:\/\/konferenztechnik.de\/it\/wp-json\/wp\/v2\/types\/page"}],"author":[{"embeddable":true,"href":"https:\/\/konferenztechnik.de\/it\/wp-json\/wp\/v2\/users\/1"}],"replies":[{"embeddable":true,"href":"https:\/\/konferenztechnik.de\/it\/wp-json\/wp\/v2\/comments?post=12456"}],"version-history":[{"count":0,"href":"https:\/\/konferenztechnik.de\/it\/wp-json\/wp\/v2\/pages\/12456\/revisions"}],"wp:featuredmedia":[{"embeddable":true,"href":"https:\/\/konferenztechnik.de\/it\/wp-json\/wp\/v2\/media\/45482"}],"wp:attachment":[{"href":"https:\/\/konferenztechnik.de\/it\/wp-json\/wp\/v2\/media?parent=12456"}],"curies":[{"name":"wp","href":"https:\/\/api.w.org\/{rel}","templated":true}]}}