{"id":12605,"date":"2018-02-08T09:14:51","date_gmt":"2018-02-08T08:14:51","guid":{"rendered":"https:\/\/www.konferenztechnik.de\/?page_id=12605"},"modified":"2023-09-01T13:14:47","modified_gmt":"2023-09-01T11:14:47","slug":"sistema-di-guida-digitale-beyerdynamic-unite","status":"publish","type":"page","link":"https:\/\/konferenztechnik.de\/it\/sistema-di-guida-digitale-beyerdynamic-unite\/","title":{"rendered":"Sistema di guida digitale Beyerdynamic UNITE"},"content":{"rendered":"<h1>Dati tecnici del sistema di guida digitale Beyerdynamic UNITE \u2013<\/h1>\n<p><img decoding=\"async\" src=\"https:\/\/konferenztechnik.de\/wp-content\/uploads\/2018\/02\/beyerdynamic-unite-digital-wireless.jpg\" alt=\"Sistema di guida Beyerdynamic UNITE\" class=\"alignleft size-full wp-image-12467\" title=\"\"><\/p>\n<p>[spacer size=\"30\u2033]<\/p>\n<h2>Unite RP-T<\/h2>\n<p><img decoding=\"async\" src=\"https:\/\/konferenztechnik.de\/wp-content\/uploads\/2018\/02\/Unite-RP-T.jpg\" alt=\"Ricevitore Beyerdynamic UNITE RP-T\" width=\"850\" class=\"alignnone size-full wp-image-12615\" title=\"\"><\/p>\n<p>Ricevitore tascabile con funzione talkback<br \/>\n[list icon=\"moon-checkmark\" color=\"#a62055\u2033] Batteria al litio sostituibile[\/list]<br \/>\n[list icon=\"moon-checkmark\" color=\"#a62055\u2033] Oltre 20 ore di funzionamento[\/list]<br \/>\n[list icon=\"moon-checkmark\" color=\"#a62055\u2033] Contatti di ricarica e opzione di ricarica USB[\/list]<br \/>\n[list icon=\"moon-checkmark\" color=\"#a62055\u2033] Cuffie \/ headset[\/list]<br \/>\n[list icon=\"moon-checkmark\" color=\"#a62055\u2033] Collare a induzione per non udenti[\/list]<br \/>\n[list icon=\"moon-checkmark\" color=\"#a62055\u2033] Microfono interno[\/list]<br \/>\n[list icon=\"moon-checkmark\" color=\"#a62055\u2033] Talkback[\/list]<\/p>\n<p>[spacer size=\"30\u2033]<\/p>\n<h2>Unire HT<\/h2>\n<p><img decoding=\"async\" src=\"https:\/\/konferenztechnik.de\/wp-content\/uploads\/2018\/02\/Unite-Handsender-TH.jpg\" alt=\"Trasmettitore palmare Beyerdynamic UNITE HT\" width=\"850\" class=\"alignnone size-full wp-image-12615\" title=\"\"><\/p>\n<p>Trasmettitore portatile<br \/>\n[list icon=\"moon-checkmark\" color=\"#a62055\u2033] Batteria al litio sostituibile[\/list]<br \/>\n[list icon=\"moon-checkmark\" color=\"#a62055\u2033] Oltre 15 ore di autonomia[\/list]<br \/>\n[list icon=\"moon-checkmark\" color=\"#a62055\u2033] Contatti di ricarica e opzione di ricarica USB[\/list]<br \/>\n[list icon=\"moon-checkmark\" color=\"#a62055\u2033] Bluetooth[\/list]<br \/>\n[list icon=\"moon-checkmark\" color=\"#a62055\u2033] Protezione dei rotoli e Lenyard[\/list]<\/p>\n<p>Funzioni:<br \/>\n[list icon=\"moon-checkmark\" color=\"#a62055\u2033] Mute\/Potere[\/list]<br \/>\n[list icon=\"moon-checkmark\" color=\"#a62055\u2033] Menu\/Set[\/list]<br \/>\n[list icon=\"moon-checkmark\" color=\"#a62055\u2033] Menu\/Canale +\/-[\/list]<\/p>\n<p>[spacer size=\"30\u2033]<\/p>\n<h2>Unite TP<\/h2>\n<p><img decoding=\"async\" src=\"https:\/\/konferenztechnik.de\/wp-content\/uploads\/2018\/02\/Beyerdynamic-Unite-TP-Taschensender.jpg\" alt=\"Trasmettitore bodypack Beyerdynamic UNITE TP\" width=\"850\" class=\"alignnone size-full wp-image-12615\" title=\"\"><\/p>\n<p>Trasmettitore tascabile<br \/>\n[list icon=\"moon-checkmark\" color=\"#a62055\u2033] Batteria al litio sostituibile[\/list]<br \/>\n[list icon=\"moon-checkmark\" color=\"#a62055\u2033] Oltre 15 ore di autonomia[\/list]<br \/>\n[list icon=\"moon-checkmark\" color=\"#a62055\u2033] Contatti di ricarica e opzione di ricarica USB[\/list]<br \/>\n[list icon=\"moon-checkmark\" color=\"#a62055\u2033] Connessioni microfono e cuffie (TQG \/mini XLR)[\/list]<br \/>\n[list icon=\"moon-checkmark\" color=\"#a62055\u2033] Microfono interno[\/list]<br \/>\n[list icon=\"moon-checkmark\" color=\"#a62055\u2033] Ingressi audio[\/list]<br \/>\n[list icon=\"moon-checkmark\" color=\"#a62055\u2033] Line-In[\/list]<br \/>\n[list icon=\"moon-checkmark\" color=\"#a62055\u2033] Bluetooth[\/list]<br \/>\n[list icon=\"moon-checkmark\" color=\"#a62055\u2033] USB[\/list]<\/p>\n<p>[spacer size=\"30\u2033]<\/p>\n<h2>Unitevi RP<\/h2>\n<p><img decoding=\"async\" src=\"https:\/\/konferenztechnik.de\/wp-content\/uploads\/2018\/02\/Beyerdynamic-Unite-RP-Empfaenger.jpg\" alt=\"Ricevitore Bodypack Beyerdynamic UNITE RP\" width=\"850\" class=\"alignnone size-full wp-image-12615\" title=\"\"><\/p>\n<p>Ricevitore bodypack<br \/>\n[list icon=\"moon-checkmark\" color=\"#a62055\u2033] Batteria al litio sostituibile[\/list]<br \/>\n[list icon=\"moon-checkmark\" color=\"#a62055\u2033] Oltre 20 ore di funzionamento[\/list]<br \/>\n[list icon=\"moon-checkmark\" color=\"#a62055\u2033] Contatti di ricarica e opzione di ricarica USB[\/list]<br \/>\n[list icon=\"moon-checkmark\" color=\"#a62055\u2033] Cuffie[\/list]<br \/>\n[list icon=\"moon-checkmark\" color=\"#a62055\u2033] Collare a induzione per non udenti[\/list]<\/p>\n<p>[spacer size=\"30\u2033]<\/p>\n<h2>UNITE CC-24P<\/h2>\n<p><img decoding=\"async\" src=\"https:\/\/konferenztechnik.de\/wp-content\/uploads\/2018\/02\/Unite-CC-24P.jpg\" alt=\"Custodia di ricarica Beyerdynamic UNITE CC-24P\" width=\"850\" class=\"alignnone size-full wp-image-12615\" title=\"\"><\/p>\n<p>Custodia per il trasporto e la ricarica<br \/>\n[list icon=\"moon-checkmark\" color=\"#a62055\u2033] Custodia di ricarica e trasporto per 24 ricevitori[\/list]<br \/>\n[list icon=\"moon-checkmark\" color=\"#a62055\u2033] Collegamento di alimentazione (IEC)[\/list]<br \/>\n[list icon=\"moon-checkmark\" color=\"#a62055\u2033] Connessione Ethernet (per aggiornamenti del firmware, pairing)[\/list]<br \/>\n[list icon=\"moon-checkmark\" color=\"#a62055\u2033] Scomparto per microfono portatile[\/list]<br \/>\n[list icon=\"moon-checkmark\" color=\"#a62055\u2033] Portatile[\/list]<\/p>\n<p>Funzioni:<br \/>\n[list icon=\"moon-checkmark\" color=\"#a62055\u2033] Interruttore di accoppiamento[\/list]<br \/>\n[list icon=\"moon-checkmark\" color=\"#a62055\u2033] Reset switch (per IP)[\/list]<br \/>\n[list icon=\"moon-checkmark\" color=\"#a62055\u2033] Reset della password[\/list]<\/p>\n<p>[spacer size=\"30\u2033]<\/p>\n<h2>Tutte le funzioni del sistema UNITE in un colpo d'occhio<\/h2>\n<div id=\"newscontainer\">\n<div class=\"newskasten\">\n<img decoding=\"async\" width=\"83\" height=\"83\" src=\"https:\/\/konferenztechnik.de\/wp-content\/uploads\/2018\/02\/Schnittstellen-fuer-Toneinspielungen.png\" alt=\"Interfacce per registrazioni sonore\" class=\"size-full wp-image-12474\" title=\"\"><br \/>\n[chiaro]<br \/>\nInterfacce per registrazioni sonore<\/div>\n<div class=\"newskasten\">\n<img decoding=\"async\" width=\"83\" height=\"83\" src=\"https:\/\/konferenztechnik.de\/wp-content\/uploads\/2018\/02\/Automatic-Level-Control.png\" alt=\"Controllo automatico del livello e cancellazione del rumore\" class=\"alignleft size-full wp-image-12463\" title=\"\"><br \/>\n[chiaro]<br \/>\nControllo automatico del livello e cancellazione del rumore<\/div>\n<div class=\"newskasten\">\n<img decoding=\"async\" width=\"83\" height=\"83\" src=\"https:\/\/konferenztechnik.de\/wp-content\/uploads\/2018\/02\/gleichzeitig-sprechen.png\" alt=\"Tre persone possono parlare contemporaneamente\" class=\"size-full wp-image-12471\" title=\"\"><br \/>\n[chiaro]<br \/>\nFino a tre altoparlanti contemporaneamente<\/div>\n<div class=\"newskasten\">\n<img loading=\"lazy\" decoding=\"async\" width=\"83\" height=\"83\" src=\"https:\/\/konferenztechnik.de\/wp-content\/uploads\/2018\/02\/biderektionale-uebertragung-1.png\" alt=\"Comunicazione bidirezionale\" class=\"alignleft size-full wp-image-12477\" title=\"\"><br \/>\n[chiaro]<br \/>\nComunicazione bidirezionale<\/div>\n<div class=\"newskasten\">\n<img loading=\"lazy\" decoding=\"async\" width=\"83\" height=\"83\" src=\"https:\/\/konferenztechnik.de\/wp-content\/uploads\/2018\/02\/dect.png\" alt=\"Beyerdynamic UNITE DECT standard\" class=\"alignleft size-full wp-image-12470\" title=\"\"><br \/>\n[chiaro]<br \/>\nStandard DECT<\/div>\n<div class=\"newskasten\">\n<img loading=\"lazy\" decoding=\"async\" src=\"https:\/\/konferenztechnik.de\/wp-content\/uploads\/2018\/02\/Abhoersicher.png\" alt=\"Sistema di guida a prova di rubinetto\" width=\"83\" height=\"83\" class=\"alignleft size-full wp-image-12460\" title=\"\"><br \/>\n[chiaro]<br \/>\nA prova di intercettazione grazie alla crittografia all'avanguardia AES a 256 bit<\/div>\n<div class=\"newskasten\">\n<img decoding=\"async\" src=\"https:\/\/konferenztechnik.de\/wp-content\/uploads\/2018\/02\/Hohe-Reichweite.png\" alt=\"Gamma alta\" class=\"alignleft size-full wp-image-12477\" title=\"\"><br \/>\n[chiaro]<br \/>\nGamma alta<\/div>\n<div class=\"newskasten\">\n<img decoding=\"async\" src=\"https:\/\/konferenztechnik.de\/wp-content\/uploads\/2018\/02\/AktiveGeraeuschuunterdrueckung.png\" alt=\"Cancellazione attiva del rumore\" class=\"alignleft size-full wp-image-12470\" title=\"\"><br \/>\n[chiaro]<br \/>\nCancellazione attiva del rumore<\/div>\n<div class=\"newskasten\">\n<img loading=\"lazy\" decoding=\"async\" src=\"https:\/\/konferenztechnik.de\/wp-content\/uploads\/2018\/02\/AutomatischesFrequenz-undStoerungsmanagement.png\" alt=\"Gestione automatica della frequenza e dei guasti\" width=\"83\" height=\"83\" class=\"alignleft size-full wp-image-12460\" title=\"\"><br \/>\n[chiaro]<br \/>\nFrequenza automatica e<br \/>\nGestione dei guasti<\/div>\n<div class=\"newskasten\">\n<img decoding=\"async\" src=\"https:\/\/konferenztechnik.de\/wp-content\/uploads\/2018\/02\/Barrierefreiheit-fuer-Schwerhoerige.png\" alt=\"Accessibilit\u00e0 per i non udenti\" class=\"alignleft size-full wp-image-12477\" title=\"\"><br \/>\n[chiaro]<br \/>\nAccessibilit\u00e0<br \/>\nper i non udenti<\/div>\n<div class=\"newskasten\">\n<img decoding=\"async\" src=\"https:\/\/konferenztechnik.de\/wp-content\/uploads\/2018\/02\/Lange-Betriebszeiten.png\" alt=\"Tempi di funzionamento prolungati\" class=\"alignleft size-full wp-image-12470\" title=\"\"><br \/>\n[chiaro]<br \/>\nLungo<br \/>\nOrario di funzionamento<\/div>\n<div class=\"newskasten\">\n<img loading=\"lazy\" decoding=\"async\" src=\"https:\/\/konferenztechnik.de\/wp-content\/uploads\/2018\/02\/32-Gruppen-Gleichzeitig.png\" alt=\"32 gruppi contemporaneamente\" width=\"83\" height=\"83\" class=\"alignleft size-full wp-image-12460\" title=\"\"><br \/>\n[chiaro]<br \/>\nFino a 32 gruppi<br \/>\nallo stesso tempo<\/div>\n<\/div>\n<p>[chiaro]<\/p>\n<h2>Accessori<\/h2>\n<p><img decoding=\"async\" src=\"https:\/\/konferenztechnik.de\/wp-content\/uploads\/2018\/02\/DT-287-Unite.jpg\" alt=\"DT 287 UNITE 80 Ohm, cuffia\" width=\"850\" class=\"alignnone size-full wp-image-12615\" title=\"\"><\/p>\n<p>DT 287 UNITE 80 Ohm, cuffia<br \/>\nCombinazione monoauricolare\/ascolto\/parlato con microfono a condensatore (cardioide) e snodo girevole<br \/>\n[spacer size=\"10\u2033]<br \/>\n[list icon=\"moon-checkmark\" color=\"#a62055\u2033] Cuffie chiuse[\/list]<br \/>\n[list icon=\"moon-checkmark\" color=\"#a62055\u2033] Versione speciale con microfono alimentato direttamente[\/list]<br \/>\n[list icon=\"moon-checkmark\" color=\"#a62055\u2033] Connessione a 6 pin, funzionale solo con K109.25 o altri cavi della serie DT 109[\/list]<br \/>\n[list icon=\"moon-checkmark\" color=\"#a62055\u2033] Morbidi cuscinetti auricolari circumaurali, pratico sistema a scatto per cambiare i cuscinetti auricolari[\/list]<\/p>\n<p>[spacer size=\"30\u2033]<\/p>\n<p><img decoding=\"async\" src=\"https:\/\/konferenztechnik.de\/wp-content\/uploads\/2018\/02\/TG-H56.jpg\" alt=\"DT 287 UNITE 80 Ohm, cuffia\" width=\"850\" class=\"alignnone size-full wp-image-12615\" title=\"\"><br \/>\nTG H56, microfono per cuffie a condensatore (omnidirezionale)<br \/>\nManeggevolezza, suono naturale e vestibilit\u00e0 ottimale \u2013: le caratteristiche del microfono per cuffie TG H56 possono essere riassunte semplicemente. Sul palcoscenico, nei musical, in teatro o per i presentatori: il TG H56 convince per il suo suono equilibrato e l'aspetto discreto.<\/p>\n<p>Grazie al cavo staccabile, al meccanismo regolabile nel collo e ai ganci auricolari girevoli, il TG H56 offre la massima flessibilit\u00e0 e si adatta a quasi tutte le forme di testa, anche a quelle dei bambini. Insieme alla facilit\u00e0 di posizionamento dovuta alla caratteristica omnidirezionale, il TG H56 \u00e8 la cuffia migliore per tutti.<br \/>\n[spacer size=\"10\u2033]<\/p>\n<p>[list icon=\"moon-checkmark\" color=\"#a62055\u2033] suono naturale[\/list]<\/p>\n<p>[list icon=\"moon-checkmark\" color=\"#a62055\u2033] Caratteristica omnidirezionale[\/list]<\/p>\n<p>[list icon=\"moon-checkmark\" color=\"#a62055\u2033] nessun effetto di prossimit\u00e0 grazie alla caratteristica omnidirezionale[\/list]<\/p>\n<p>[list icon=\"moon-checkmark\" color=\"#a62055\u2033] capsula piccola \u00f8 3mm[\/list]<\/p>\n<p>[list icon=\"moon-checkmark\" color=\"#a62055\u2033] alto livello massimo di pressione sonora (127 dB)[\/list]<\/p>\n<p>[list icon=\"moon-checkmark\" color=\"#a62055\u2033] alto SNR, basso self-noise[\/list]<\/p>\n<p>[list icon=\"moon-checkmark\" color=\"#a62055\u2033] meccanica in filigrana[\/list]<\/p>\n<p>[list icon=\"moon-checkmark\" color=\"#a62055\u2033] meccanismo del collo regolabile[\/list]<\/p>\n<p>[list icon=\"moon-checkmark\" color=\"#a62055\u2033] ganci auricolari ruotabili per posizionare la capsula a destra o a sinistra[\/list]<\/p>\n<p>[list icon=\"moon-checkmark\" color=\"#a62055\u2033] Cavo staccabile[\/list]<\/p>\n<p>[spacer size=\"30\u2033]<\/p>\n<h2>Acquistare Beyerdynamic UNITE \u2013 Disponibilit\u00e0<\/h2>\n<p>Il sistema UNITE \u00e8 stato presentato all'ISE 2018 nel febbraio di quest'anno ed \u00e8 ancora in fase di test finale. Riferiremo qui non appena il sistema sar\u00e0 disponibile.<\/p>\n<p><a href=\"https:\/\/konferenztechnik.de\/it\/sistema-di-guida-per-visitatori-beyerdynamic-unite\/\">Beyerdynamic UNITE \u2013 Impressioni dall'ISE<\/a><\/p>\n<p><a href=\"https:\/\/konferenztechnik.de\/it\/sistema-di-comunicazione-beyerdynamic-unite\/\">Presentazione del prodotto: Beyerdynamic UNITE<\/a><br \/>\n<a href=\"\/it\/acquistare-il-sistema-di-guida-personale\/\">Panoramica dei sistemi di guida per i passeggeri<\/a><\/p>","protected":false},"excerpt":{"rendered":"<p>Beyerdynamic UNITE digitale F\u00fchrungsanlage \u2013 technische Daten [spacer size=&#8220;30&#8243;] Unite RP-T Taschenempf\u00e4nger mit Talkback-Funktion [list icon=&#8220;moon-checkmark&#8220; color=&#8220;#a62055&#8243;] Austauschbarer Lithium-Akku[\/list] [list icon=&#8220;moon-checkmark&#8220; color=&#8220;#a62055&#8243;] Mehr als 20 Stunden Betriebsdauer[\/list] [list icon=&#8220;moon-checkmark&#8220; color=&#8220;#a62055&#8243;] Ladekontakte &#038; USB-Ladem\u00f6glichkeit[\/list] [list icon=&#8220;moon-checkmark&#8220; color=&#8220;#a62055&#8243;] Kopfh\u00f6rer \/ Headset[\/list] [list icon=&#8220;moon-checkmark&#8220; color=&#8220;#a62055&#8243;] Induktions-Nackenschlaufe f\u00fcr H\u00f6rbehinderte[\/list] [list icon=&#8220;moon-checkmark&#8220; color=&#8220;#a62055&#8243;] Internes Mikrofon[\/list] [list icon=&#8220;moon-checkmark&#8220; color=&#8220;#a62055&#8243;] Talkback[\/list] [spacer [&hellip;]<\/p>","protected":false},"author":1,"featured_media":45482,"parent":0,"menu_order":0,"comment_status":"closed","ping_status":"closed","template":"","meta":{"_acf_changed":false,"footnotes":""},"class_list":["post-12605","page","type-page","status-publish","has-post-thumbnail","hentry"],"acf":[],"_links":{"self":[{"href":"https:\/\/konferenztechnik.de\/it\/wp-json\/wp\/v2\/pages\/12605","targetHints":{"allow":["GET"]}}],"collection":[{"href":"https:\/\/konferenztechnik.de\/it\/wp-json\/wp\/v2\/pages"}],"about":[{"href":"https:\/\/konferenztechnik.de\/it\/wp-json\/wp\/v2\/types\/page"}],"author":[{"embeddable":true,"href":"https:\/\/konferenztechnik.de\/it\/wp-json\/wp\/v2\/users\/1"}],"replies":[{"embeddable":true,"href":"https:\/\/konferenztechnik.de\/it\/wp-json\/wp\/v2\/comments?post=12605"}],"version-history":[{"count":0,"href":"https:\/\/konferenztechnik.de\/it\/wp-json\/wp\/v2\/pages\/12605\/revisions"}],"wp:featuredmedia":[{"embeddable":true,"href":"https:\/\/konferenztechnik.de\/it\/wp-json\/wp\/v2\/media\/45482"}],"wp:attachment":[{"href":"https:\/\/konferenztechnik.de\/it\/wp-json\/wp\/v2\/media?parent=12605"}],"curies":[{"name":"wp","href":"https:\/\/api.w.org\/{rel}","templated":true}]}}