{"id":13037,"date":"2018-05-02T18:50:17","date_gmt":"2018-05-02T17:50:17","guid":{"rendered":"https:\/\/www.konferenztechnik.de\/?page_id=13037"},"modified":"2023-09-01T13:16:24","modified_gmt":"2023-09-01T11:16:24","slug":"acquistare-sennheiser-tourguide","status":"publish","type":"page","link":"https:\/\/konferenztechnik.de\/it\/acquistare-sennheiser-tourguide\/","title":{"rendered":"Acquista Sennheiser Tourguide"},"content":{"rendered":"<h1>Acquista Sennheiser Tourguide 2020 D<\/h1>\n<div class=\"call-action-slider-img\">\n<img decoding=\"async\" src=\"https:\/\/konferenztechnik.de\/wp-content\/uploads\/2018\/05\/EK-2020-D-II-kaufen.jpg\" alt=\"Acquista Sennheiser Tourguide presso PCS Konferenztechnik\" class=\"alignnone size-full wp-image-12201\" title=\"\"><br \/>\n<button class=\"bbtn popmake-12226\">Richiedete un preventivo &#x9B;<\/button><\/div>\n<h2>Ricevitore EK 2020-D-II<\/h2>\n<p>[spacer size=\"10\u2033]<\/p>\n<p>Il ricevitore bodypack, molto robusto e versatile, \u00e8<br \/>\nIdeale per le visite guidate, le conferenze e l'assistenza all'udito: basta scegliere le cuffie giuste.<br \/>\no loop a induzione per l'utilizzo di apparecchi acustici con bobina a T, fatto! Trasmissione del segnale digitale per un'elevata<br \/>\nLa qualit\u00e0 audio e il concetto di funzionamento intuitivo sono unici. Volume, qualit\u00e0 di ricezione, stato della batteria e canale di ricezione<br \/>\nvengono letti da un display LCD retroilluminato. Una clip integrata permette di indossarlo su una camicia, una cintura o un cordino.<\/p>\n<p>4: Il display OLED retroilluminato fornisce informazioni sul canale di ricezione, sul volume, sullo stato della batteria e sulla qualit\u00e0 della ricezione.<\/p>\n<p>2: Pulsanti di selezione del canale<\/p>\n<p>3: Controllo del volume<\/p>\n<p>Una funzione di autospegnimento (quando il trasmettitore \u00e8 spento o<br \/>\nRimuovendo le cuffie) si risparmia la batteria (durata della batteria fino a 16 ore). Il raggio di ricezione all'aperto \u00e8 di circa 100 metri,<br \/>\ncirca 50 metri in ambienti chiusi.<\/p>\n<hr style=\"background-color:#999999; margin-bottom:30px;\">\n<div class=\"call-action-slider-img\">\n<img decoding=\"async\" src=\"https:\/\/konferenztechnik.de\/wp-content\/uploads\/2018\/05\/HDE-2020-D-II-kaufen.jpg\" alt=\"Acquistare la guida turistica per mentoniera Sennheiser presso PCS Konferenztechnik\" class=\"alignnone size-full wp-image-12201\" title=\"\"><\/p>\n<\/div>\n<h2>Ricevitore HDE 2020-D-II<\/h2>\n<p>[spacer size=\"10\u2033]<\/p>\n<p>Le cuffie con mentoniera, comode da indossare per gli ascoltatori, pesano<br \/>\nsolo 70 g. \u00c8 un ricevitore e una cuffia in uno, senza cavi aggrovigliati. In questo modo gli ascoltatori non portano con s\u00e9 pi\u00f9 di quanto sia necessario.<br \/>\nLa potente batteria del portatile garantisce fino a 8 ore di funzionamento, consentendo cos\u00ec di girare in citt\u00e0 anche per un'intera giornata.<br \/>\nun centro culturale o una grande azienda. La cuffia si accende automaticamente quando la si indossa e la si toglie.<br \/>\ne spento. In questo modo si risparmia la batteria.<\/p>\n<p>Il raggio di ricezione del ricevitore della mentoniera \u00e8 di circa 100 metri all'aperto e di circa 100 metri in ambienti chiusi.<br \/>\ncamere a circa 50 metri.<\/p>\n<hr style=\"background-color:#999999; margin-bottom:30px;\">\n<div class=\"call-action-slider-img\">\n<img decoding=\"async\" src=\"https:\/\/konferenztechnik.de\/wp-content\/uploads\/2018\/05\/SK-2020-D-kaufen.jpg\" alt=\"Acquista il trasmettitore bodypack Sennheiser Tourguide\" class=\"alignnone size-full wp-image-12201\" title=\"\"><\/p>\n<\/div>\n<h2>Trasmettitore tascabile SK 2020-D<\/h2>\n<p>[spacer size=\"10\u2033]<\/p>\n<p>La combinazione di trasmettitore bodypack e microfono per cuffie (HS 2-ew) offre la massima libert\u00e0 di movimento durante il tour.<br \/>\nSi pu\u00f2 spiegare con calma un oggetto o fare una dimostrazione con entrambe le mani.<br \/>\n\u00c8 inoltre possibile utilizzare l'ingresso di linea del trasmettitore per riprodurre sorgenti sonore esterne \u2013 mentre si continua a parlare o<br \/>\ndisattivare il microfono. Il trasmettitore pu\u00f2 essere utilizzato in modo molto intuitivo, il display retroilluminato vi informa sul funzionamento del trasmettitore.<br \/>\nimpostazione del canale, lo stato della batteria e il livello dell'ingresso microfonico e di linea. Il trasmettitore \u00e8 robusto<br \/>\ncon il suo alloggiamento in metallo.<\/p>\n<hr style=\"background-color:#999999; margin-bottom:30px;\">\n<div class=\"call-action-slider-img\">\n<img decoding=\"async\" src=\"https:\/\/konferenztechnik.de\/wp-content\/uploads\/2018\/05\/SKM-2020-D-kaufen.jpg\" alt=\"Acquista il trasmettitore portatile Sennheiser Tourguide\" class=\"alignnone size-full wp-image-12201\" title=\"\"><\/p>\n<\/div>\n<h2>Trasmettitore portatile SKM 2020-D<\/h2>\n<p>[spacer size=\"10\u2033]<\/p>\n<p>Il microfono portatile SKM 2020-D attutisce i rumori di fondo indesiderati. Il suo trasmettitore molto robusto \u00e8 facile e comodo da usare. Il display retroilluminato visualizza il canale di trasmissione e il<br \/>\nVisualizzazione dello stato della batteria. La batteria ricaricabile consente di effettuare tour della durata massima di 8 ore.<\/p>\n<p>1: Interruttore on\/off<\/p>\n<p>2: Tappo girevole e rimovibile (per proteggere gli elementi di comando)<\/p>\n<p>3: Vano batteria<\/p>\n<hr style=\"background-color:#999999; margin-bottom:30px;\">\n<div class=\"call-action-slider-img\">\n<img decoding=\"async\" src=\"https:\/\/konferenztechnik.de\/wp-content\/uploads\/2018\/05\/EZL-2020-20-L-kaufen.jpg\" alt=\"Acquista gli accessori Sennheiser Tourguide\" class=\"alignnone size-full wp-image-12201\" title=\"\"><\/p>\n<\/div>\n<h2>Custodia di ricarica EZL 2020-20-L<\/h2>\n<p>[spacer size=\"10\u2033]<\/p>\n<p>caso di carico, che pu\u00f2 essere utilizzato come<br \/>\nspazio per tutte le apparecchiature e una stazione di ricarica per telefoni e trasmettitori. 20 slot di ricarica per il<br \/>\nA questo scopo sono previsti un ricevitore per mentoniera e due slot di ricarica per il trasmettitore e una batteria di riserva.<br \/>\nIl pulsante verde \"Copia\" consente di risparmiare molto lavoro: basta impostare un portatile sul canale di ricezione desiderato e premere il pulsante,<br \/>\ne tutti i ricevitori utilizzati sono automaticamente impostati sulla stessa frequenza e su un volume medio.<\/p>\n<hr style=\"background-color:#999999; margin-bottom:30px;\">\n<div class=\"call-action-slider-img\">\n<img decoding=\"async\" src=\"https:\/\/konferenztechnik.de\/wp-content\/uploads\/2018\/05\/EK2020-Mikro.jpg\" alt=\"Sistema di guida Sennheiser Tourguide con cuffie\" class=\"alignnone size-full wp-image-12201\" title=\"\"><\/p>\n<\/div>\n<div class=\"call-action-slider-img\">\n<img decoding=\"async\" src=\"https:\/\/konferenztechnik.de\/wp-content\/uploads\/2018\/05\/sennheiser-personenfuehrung-tourguide.jpg\" alt=\"Mento del sistema di guida personale Sennheiser Tourguide\" class=\"alignnone size-full wp-image-12201\" title=\"\"><br \/>\n<button class=\"bbtn popmake-12226\">Richiedete un preventivo &#x9B;<\/button><\/div>\n<div style=\"background-color:#f2f2f2; width:100%; display:block; margin-bottom:40px;\">\n<div style=\"text-align:center; width:100%; padding:left:10px; padding-top:18px;\"><img decoding=\"async\" src=\"https:\/\/konferenztechnik.de\/wp-content\/uploads\/2018\/05\/bewerten-happy.png\" alt=\"\" width=\"142\" height=\"42\" class=\"aligncenter size-full wp-image-13128\" title=\"\"><\/div>\n<div style=\"text-align:left; padding:10px;\">Si adatta come un guanto! Approfittate della nostra consulenza. Saremo lieti di lavorare con voi per determinare quale sistema di guida soddisfa le vostre esigenze in quale ambiente.<\/div>\n<\/div>\n<div class=\"callouthoch\">\n[callout add_button=\"no\" button_text=\"Per saperne di pi\u00f9\" button_url=\"#\" button_color=\"#a62055\u2033]<br \/>\nPotete raggiungerci direttamente per telefono:<br \/>\n[v_icon color=\"#a62055\u2033 size=\"20px\" target=\"_blank\" name=\"moon-phone-2\u2033] +49 211 737798 20<br \/>\n[\/callout]<\/div>\n<div class=\"callouthoch\">\n[callout add_button=\"no\" button_text=\"Per saperne di pi\u00f9\" button_url=\"#\" button_color=\"#a62055\u2033]<br \/>\nSi prega di inviare le richieste di informazioni via e-mail a:<br \/>\n[v_icon color=\"#a62055\u2033 size=\"20px\" target=\"_blank\" name=\"moon-envelop-2\u2033] <a href=\"mailto:vertrieb@konferenztechnik.de\" onclick=\"ga('send', 'event', 'Email-Klick', 'F\u00fchrungsanlagen kaufen  Vertrieb');\"> vertrieb@konferenztechnik.de<\/a><br \/>\n[\/callout]<\/div>\n<p>[spacer size=\"10\u2033]<\/p>\n<div class=\"weiterlinks\" style=\"background-color:#ffffff;\">\n<h1>Ulteriori link<\/h1>\n<p>[list icon=\"moon-arrow-right-2\u2033 color=\"#a62055\u2033]<a title=\"Supporto per eventi multilingue\" href=\"\/it\/acquistare-il-sistema-di-guida-personale\/\">Pagina panoramica dei sistemi di guida per i passeggeri<\/a>[\/list]<br \/>\n[list icon=\"moon-arrow-right-2\u2033 color=\"#a62055\u2033]<a title=\"Supporto per eventi multilingue\" href=\"\/it\/sistema-di-comunicazione-beyerdynamic-unite\/\">Presto disponibile: Sistema di guida Beyerdynamic Unite<\/a>[\/list]<br \/>\n[list icon=\"moon-arrow-right-2\u2033 color=\"#a62055\u2033]<a title=\"Supporto per eventi multilingue\" href=\"\/it\/acquistare-tecnologia-per-conferenze\/\">Vendite di tecnologia per conferenze<\/a>[\/list]<br \/>\n[list icon=\"moon-arrow-right-2\u2033 color=\"#a62055\u2033]<a title=\"Riferimenti\" href=\"\/it\/installazione-e-integrazione-di-sistemi-tecnologici-e-multimediali-per-conferenze\/\">Installazione di tecnologie per conferenze e media<\/a>[\/list]<br \/>\n[list icon=\"moon-arrow-right-2\u2033 color=\"#a62055\u2033]<a title=\"Formazione e servizi per interpreti\" href=\"\/it\/corsi-di-formazione-e-servizi-per-interpreti\/\">Formazione e servizi per interpreti<\/a>[\/list]<br \/>\n[list icon=\"moon-arrow-right-2\u2033 color=\"#a62055\u2033]<a title=\"10 buoni motivi per il PCS\" href=\"\/it\/chi-siamo-2\/10-buone-ragioni-per-i-pc\/\">10 buoni motivi per il PCS<\/a>[\/list]<br \/>\n[list icon=\"moon-arrow-right-2\u2033 color=\"#a62055\u2033]<a title=\"PCS: Tutti i servizi in sintesi\" href=\"\/it\/servizi-2\/\">PCS: Tutti i servizi in sintesi<\/a>[\/list]<\/ul>\n<\/div>\n<\/div>\n<p>[spacer size=\"20\u2033]<\/p>","protected":false},"excerpt":{"rendered":"<p>Sennheiser Tourguide 2020 D kaufen Angebot anfordern &#x9B; Empf\u00e4nger EK 2020-D-II [spacer size=&#8220;10&#8243;] Der sehr robuste, vielseitige Bodypack-Empf\u00e4nger ist ideal f\u00fcr den Einsatz in den Bereichen Personenf\u00fchrungen, Konferenzen und H\u00f6runterst\u00fctzung: Einfach passenden Kopfh\u00f6rer oder Induktionsschlinge f\u00fcr den Einsatz von H\u00f6rger\u00e4ten mit T-Spule w\u00e4hlen, fertig! Die digitale Signal\u00fcbertragung f\u00fcr hohe Audioqualit\u00e4t und das intuitive Bedienkonzept sind [&hellip;]<\/p>","protected":false},"author":1,"featured_media":45482,"parent":0,"menu_order":0,"comment_status":"closed","ping_status":"closed","template":"","meta":{"_acf_changed":false,"footnotes":""},"class_list":["post-13037","page","type-page","status-publish","has-post-thumbnail","hentry"],"acf":[],"_links":{"self":[{"href":"https:\/\/konferenztechnik.de\/it\/wp-json\/wp\/v2\/pages\/13037","targetHints":{"allow":["GET"]}}],"collection":[{"href":"https:\/\/konferenztechnik.de\/it\/wp-json\/wp\/v2\/pages"}],"about":[{"href":"https:\/\/konferenztechnik.de\/it\/wp-json\/wp\/v2\/types\/page"}],"author":[{"embeddable":true,"href":"https:\/\/konferenztechnik.de\/it\/wp-json\/wp\/v2\/users\/1"}],"replies":[{"embeddable":true,"href":"https:\/\/konferenztechnik.de\/it\/wp-json\/wp\/v2\/comments?post=13037"}],"version-history":[{"count":0,"href":"https:\/\/konferenztechnik.de\/it\/wp-json\/wp\/v2\/pages\/13037\/revisions"}],"wp:featuredmedia":[{"embeddable":true,"href":"https:\/\/konferenztechnik.de\/it\/wp-json\/wp\/v2\/media\/45482"}],"wp:attachment":[{"href":"https:\/\/konferenztechnik.de\/it\/wp-json\/wp\/v2\/media?parent=13037"}],"curies":[{"name":"wp","href":"https:\/\/api.w.org\/{rel}","templated":true}]}}