{"id":13067,"date":"2018-05-03T09:28:17","date_gmt":"2018-05-03T08:28:17","guid":{"rendered":"https:\/\/www.konferenztechnik.de\/?page_id=13067"},"modified":"2023-09-01T13:12:43","modified_gmt":"2023-09-01T11:12:43","slug":"acquistare-il-sistema-di-guida-mipro","status":"publish","type":"page","link":"https:\/\/konferenztechnik.de\/it\/acquistare-il-sistema-di-guida-mipro\/","title":{"rendered":"Acquista il sistema di guida Mipro"},"content":{"rendered":"<h1>Acquista il sistema di guida Mipro<\/h1>\n<div class=\"call-action-slider-img\">\n<img decoding=\"async\" src=\"https:\/\/konferenztechnik.de\/wp-content\/uploads\/2018\/05\/mipro-tour-guide-kaufen.jpg\" alt=\"Acquista il sistema di guida Mipro\" class=\"alignnone size-full wp-image-12201\" title=\"\"><br \/>\n<button class=\"bbtn popmake-12226\">Richiedete un preventivo &#x9B;<\/button><\/div>\n<h2>Ricevitore MTG-100R<\/h2>\n<p>[spacer size=\"10\u2033]<\/p>\n<p>Il ricevitore pi\u00f9 piccolo e leggero al mondo in formato tascabile. Robusto, resistente e facile da usare.<\/p>\n<p>1: Controllo del volume (regolabile su 20 livelli)<\/p>\n<p>2: Interruttore on\/off (tenere premuto per 2 secondi)<br \/>\ntenere premuto per accendere o spegnere)<\/p>\n<p>3: Display LCD (visualizzazione del canale, dell'intensit\u00e0 di ricezione,<br \/>\nvolume e stato della batteria)<\/p>\n<p>4: Selettore di canale (16 canali)<\/p>\n<p>5: Sensore a infrarossi (per la selezione automatica dei canali)<br \/>\nsincronizzazione nella stazione di ricarica)<\/p>\n<p>6: Contatti di ricarica (per la ricarica automatica<br \/>\ndelle batterie nella stazione di ricarica)<\/p>\n<p>Crittografia digitale per una trasmissione sicura del segnale<br \/>\nprotegge dagli ascoltatori non autorizzati.<br \/>\nLa tecnologia digitale a diversit\u00e0 reale impedisce<br \/>\nabbandoni e aumenta l'area di ricezione. Attraverso<br \/>\ntrasmissione digitale costante, non c'\u00e8 bisogno di<br \/>\nattenuazione del segnale dovuta al percorso.<br \/>\nSuono cristallino e ottima intelligibilit\u00e0 del parlato.<br \/>\nFunzione di spegnimento automatico ridotta<br \/>\nil consumo di energia in modalit\u00e0 stand-by ed estende<br \/>\nquindi il tempo totale di funzionamento.<\/p>\n<hr style=\"background-color:#999999; margin-bottom:30px;\">\n<div class=\"call-action-slider-img\">\n<img decoding=\"async\" src=\"https:\/\/konferenztechnik.de\/wp-content\/uploads\/2018\/05\/mipro-personenfuehrungsanlage-kaufen.jpg\" alt=\"Acquista il sistema di guida per persone Mipro\" class=\"alignnone size-full wp-image-12201\" title=\"\"><\/p>\n<\/div>\n<h2>Trasmettitore tascabile MTG-100T \/ MTG-100Ta<\/h2>\n<p>[spacer size=\"10\u2033]<\/p>\n<p>Ultra-compatto, ultra-leggero e in formato tascabile, l'MTG-100 fornisce un suono cristallino nella banda ISM 863-865 MHz, priva di licenza. \u00c8 possibile assegnare fino a 16 canali pre-programmati, privi di interferenze, a diversi gruppi di visitatori, senza interferire l'uno con l'altro.<\/p>\n<p>MTG100T: con batteria agli ioni di litio (45 x 84 x 21 mm, 65 g)<\/p>\n<p>MTG100Ta: con batterie AA (45 x 84 x 28 mm, 72 g)<\/p>\n<hr style=\"background-color:#999999; margin-bottom:30px;\">\n<div class=\"call-action-slider-img\">\n<img decoding=\"async\" src=\"https:\/\/konferenztechnik.de\/wp-content\/uploads\/2018\/05\/mipro-handsender-MTG-100Ha.jpg\" alt=\"Microfono palmare Mipro PFA\" class=\"alignnone size-full wp-image-12201\" title=\"\"><\/p>\n<\/div>\n<h2>Trasmettitore portatile MTG-100Ha<\/h2>\n<p>[spacer size=\"10\u2033]<\/p>\n<p>Suono cristallino e ottima intelligibilit\u00e0 del parlato. Robusto, durevole e facile da usare. Resistente alle interferenze delle trasmissioni radio Bluetooth, WLAN e 2,4 GHz.<\/p>\n<p>1: Display LCD retroilluminato<\/p>\n<p>2: Vano batteria<\/p>\n<hr style=\"background-color:#999999; margin-bottom:30px;\">\n<div class=\"call-action-slider-img\">\n<img decoding=\"async\" src=\"https:\/\/konferenztechnik.de\/wp-content\/uploads\/2018\/05\/mipro-sender-pfa.jpg\" alt=\"Trasmettitore Mipro PFA\" class=\"alignnone size-full wp-image-12201\" title=\"\"><\/p>\n<\/div>\n<h2>Trasmettitore digitale stazionario MTS-100<\/h2>\n<p>[spacer size=\"10\u2033]<\/p>\n<p>Il trasmettitore fisso MTS-100 pu\u00f2 essere utilizzato come stazione trasmittente per i ricevitori MTG-100R e MTG-100Ra. Le sorgenti audio esterne, come un microfono cablato, un lettore CD\/MP3 o un mixer audio, possono essere facilmente collegate tramite una presa combinata XLR\/6,35 mm.<\/p>\n<p>1: Visualizzazione del segnale audio (mostra il livello di ingresso).<br \/>\ndel segnale audio)<\/p>\n<p>2: Visualizzazione del segnale di trasmissione (mostra il livello del segnale di trasmissione).<br \/>\nSegnale di trasmissione HF)<\/p>\n<p>3: Modulo trasmettitore (modulare, intercambiabile)<br \/>\nModulo trasmettitore con 16 canali pre-programmati)<\/p>\n<hr style=\"background-color:#999999; margin-bottom:30px;\">\n<div class=\"call-action-slider-img\">\n<img decoding=\"async\" src=\"https:\/\/konferenztechnik.de\/wp-content\/uploads\/2018\/05\/mipro-ladekoffer.jpg\" alt=\"Custodia di ricarica Mipro\" class=\"alignnone size-full wp-image-12201\" title=\"\"><\/p>\n<\/div>\n<h2>Custodia di ricarica e trasporto MTG-100C-12 \/ MTG-100C-28<\/h2>\n<p>[spacer size=\"10\u2033]<\/p>\n<p>Ricarica rapida in meno di 4 ore;<br \/>\nIndicatore LED del livello di carica per ogni scomparto (rosso: carica; verde: carica);<br \/>\nIl pulsante ACT\u2122 (Automatic Channel Targeting) assicura una sincronizzazione precisa e veloce della frequenza tra il trasmettitore e tutti i ricevitori;<br \/>\nAlimentazione interna a commutazione 100-240 V CA.<\/p>\n<p>MTG-100C-12 (per 12 ricevitori)<\/p>\n<p>MTG-100C-28 (per 28 ricevitori)<\/p>\n<hr style=\"background-color:#999999; margin-bottom:30px;\">\n<div class=\"call-action-slider-img\">\n<img decoding=\"async\" src=\"https:\/\/konferenztechnik.de\/wp-content\/uploads\/2018\/05\/MTG-100C4-Ladestation.jpg\" alt=\"Stazione di ricarica Mipro Installazione del sistema di guida delle persone\" class=\"alignnone size-full wp-image-12201\" title=\"\"><\/p>\n<\/div>\n<h2>Stazione di ricarica MTG-100C4<\/h2>\n<p>[spacer size=\"10\u2033]<\/p>\n<p>Stazione di ricarica a 4 vie per trasmettitore\/ricevitore MTG-100;<br \/>\nRicarica rapida in meno di 4 ore;<br \/>\nIndicatore LED del livello di carica per ogni scomparto (rosso: carica; verde: carica);<br \/>\nCollegamento per alimentatore 8V\/0,75A CC.<\/p>\n<p>Espandibile in modo modulare, adatto all'installazione fissa e al montaggio a rack (modulo da 4 unit\u00e0 disponibile come MTG-100C-16).<\/p>\n<hr style=\"background-color:#999999; margin-bottom:30px;\">\n<div class=\"call-action-slider-img\">\n<img decoding=\"async\" src=\"https:\/\/konferenztechnik.de\/wp-content\/uploads\/2018\/05\/mipro-mikrofone-kopfhoerer.jpg\" alt=\"Microfoni Mipro accessori per cuffie\" class=\"alignnone size-full wp-image-12201\" title=\"\"><\/p>\n<\/div>\n<h2>Microfoni, cuffie, accessori<\/h2>\n<p>[spacer size=\"10\u2033]<\/p>\n<p>Ampio assortimento di microfoni \u2013, sia a clip che ad archetto (omnidirezionali o cardioidi), loop ad induzione, auricolari, cuffie stereo...<\/p>\n<p>Espandibile in modo modulare, adatto all'installazione fissa e al montaggio a rack (modulo da 4 unit\u00e0 disponibile come MTG-100C-16).<\/p>\n<hr style=\"background-color:#999999; margin-bottom:30px;\">\n<div class=\"call-action-slider-img\">\n<img decoding=\"async\" src=\"https:\/\/konferenztechnik.de\/wp-content\/uploads\/2018\/05\/mipro-fuehrungsanlage.jpg\" alt=\"Acquista il sistema di guida Mipro\" class=\"alignnone size-full wp-image-12201\" title=\"\"><br \/>\n<button class=\"bbtn popmake-12226\">Richiedete un preventivo &#x9B;<\/button><\/div>\n<div style=\"background-color:#f2f2f2; width:100%; display:block; margin-bottom:40px;\">\n<div style=\"text-align:center; width:100%; padding:left:10px; padding-top:18px;\"><img decoding=\"async\" src=\"https:\/\/konferenztechnik.de\/wp-content\/uploads\/2018\/05\/bewerten-happy.png\" alt=\"\" width=\"142\" height=\"42\" class=\"aligncenter size-full wp-image-13128\" title=\"\"><\/div>\n<div style=\"text-align:left; padding:10px;\">Si adatta come un guanto! Approfittate della nostra consulenza. Saremo lieti di collaborare con voi per determinare quale sistema di guida e quale configurazione soddisfino al meglio le vostre esigenze.<\/div>\n<\/div>\n<div class=\"callouthoch\">\n[callout add_button=\"no\" button_text=\"Per saperne di pi\u00f9\" button_url=\"#\" button_color=\"#a62055\u2033]<br \/>\nPotete raggiungerci direttamente per telefono:<br \/>\n[v_icon color=\"#a62055\u2033 size=\"20px\" target=\"_blank\" name=\"moon-phone-2\u2033] +49 211 737798 20<br \/>\n[\/callout]<\/div>\n<div class=\"callouthoch\">\n[callout add_button=\"no\" button_text=\"Per saperne di pi\u00f9\" button_url=\"#\" button_color=\"#a62055\u2033]<br \/>\nSi prega di inviare le richieste di informazioni via e-mail a:<br \/>\n[v_icon color=\"#a62055\u2033 size=\"20px\" target=\"_blank\" name=\"moon-envelop-2\u2033] <a href=\"mailto:vertrieb@konferenztechnik.de\" onclick=\"ga('send', 'event', 'Email-Klick', 'F\u00fchrungsanlagen kaufen  Vertrieb');\"> vertrieb@konferenztechnik.de<\/a><br \/>\n[\/callout]<\/div>\n<p>[spacer size=\"10\u2033]<\/p>\n<div class=\"weiterlinks\" style=\"background-color:#ffffff;\">\n<h1>Ulteriori link<\/h1>\n<p>[list icon=\"moon-arrow-right-2\u2033 color=\"#a62055\u2033]<a title=\"Supporto per eventi multilingue\" href=\"\/it\/acquistare-il-sistema-di-guida-personale\/\">Pagina panoramica dei sistemi di guida per i passeggeri<\/a>[\/list]<br \/>\n[list icon=\"moon-arrow-right-2\u2033 color=\"#a62055\u2033]<a title=\"Supporto per eventi multilingue\" href=\"\/it\/sistema-di-comunicazione-beyerdynamic-unite\/\">Presto disponibile: Sistema di guida Beyerdynamic Unite<\/a>[\/list]<br \/>\n[list icon=\"moon-arrow-right-2\u2033 color=\"#a62055\u2033]<a title=\"Supporto per eventi multilingue\" href=\"\/it\/acquistare-tecnologia-per-conferenze\/\">Vendite di tecnologia per conferenze<\/a>[\/list]<br \/>\n[list icon=\"moon-arrow-right-2\u2033 color=\"#a62055\u2033]<a title=\"Riferimenti\" href=\"\/it\/installazione-e-integrazione-di-sistemi-tecnologici-e-multimediali-per-conferenze\/\">Installazione di tecnologie per conferenze e media<\/a>[\/list]<br \/>\n[list icon=\"moon-arrow-right-2\u2033 color=\"#a62055\u2033]<a title=\"Formazione e servizi per interpreti\" href=\"\/it\/corsi-di-formazione-e-servizi-per-interpreti\/\">Formazione e servizi per interpreti<\/a>[\/list]<br \/>\n[list icon=\"moon-arrow-right-2\u2033 color=\"#a62055\u2033]<a title=\"10 buoni motivi per il PCS\" href=\"\/it\/chi-siamo-2\/10-buone-ragioni-per-i-pc\/\">10 buoni motivi per il PCS<\/a>[\/list]<br \/>\n[list icon=\"moon-arrow-right-2\u2033 color=\"#a62055\u2033]<a title=\"PCS: Tutti i servizi in sintesi\" href=\"\/it\/servizi-2\/\">PCS: Tutti i servizi in sintesi<\/a>[\/list]<\/ul>\n<\/div>\n<\/div>\n<p>[spacer size=\"20\u2033]<\/p>","protected":false},"excerpt":{"rendered":"<p>Mipro F\u00fchrungsanlage kaufen Angebot anfordern &#x9B; Empf\u00e4nger MTG-100R [spacer size=&#8220;10&#8243;] Der weltweit kleinste und leichteste Empf\u00e4nger im Brusttaschenformat. Robust, langlebig und einfach zu bedienen. 1: Lautst\u00e4rkeregelung (in 20 Stufen einstellbar) 2: Ein-\/Ausschalter (dr\u00fccken und 2 Sekunden halten, um ein- oder auszuschalten) 3: LCD-Display (Anzeige f\u00fcr Kanal, Empfangsst\u00e4rke, Lautst\u00e4rke und Batteriestatus) 4: Kanalwahlschalter (16 Kan\u00e4le) 5: [&hellip;]<\/p>","protected":false},"author":1,"featured_media":45482,"parent":0,"menu_order":0,"comment_status":"closed","ping_status":"closed","template":"","meta":{"_acf_changed":false,"footnotes":""},"class_list":["post-13067","page","type-page","status-publish","has-post-thumbnail","hentry"],"acf":[],"_links":{"self":[{"href":"https:\/\/konferenztechnik.de\/it\/wp-json\/wp\/v2\/pages\/13067","targetHints":{"allow":["GET"]}}],"collection":[{"href":"https:\/\/konferenztechnik.de\/it\/wp-json\/wp\/v2\/pages"}],"about":[{"href":"https:\/\/konferenztechnik.de\/it\/wp-json\/wp\/v2\/types\/page"}],"author":[{"embeddable":true,"href":"https:\/\/konferenztechnik.de\/it\/wp-json\/wp\/v2\/users\/1"}],"replies":[{"embeddable":true,"href":"https:\/\/konferenztechnik.de\/it\/wp-json\/wp\/v2\/comments?post=13067"}],"version-history":[{"count":0,"href":"https:\/\/konferenztechnik.de\/it\/wp-json\/wp\/v2\/pages\/13067\/revisions"}],"wp:featuredmedia":[{"embeddable":true,"href":"https:\/\/konferenztechnik.de\/it\/wp-json\/wp\/v2\/media\/45482"}],"wp:attachment":[{"href":"https:\/\/konferenztechnik.de\/it\/wp-json\/wp\/v2\/media?parent=13067"}],"curies":[{"name":"wp","href":"https:\/\/api.w.org\/{rel}","templated":true}]}}