{"id":13130,"date":"2018-05-03T15:12:09","date_gmt":"2018-05-03T14:12:09","guid":{"rendered":"https:\/\/www.konferenztechnik.de\/?page_id=13130"},"modified":"2023-09-01T13:18:20","modified_gmt":"2023-09-01T11:18:20","slug":"acquistare-beyerdynamic-synexis","status":"publish","type":"page","link":"https:\/\/konferenztechnik.de\/it\/acquistare-beyerdynamic-synexis\/","title":{"rendered":"Acquista Beyerdynamic Synexis"},"content":{"rendered":"<h1>Acquista Beyerdynamic Synexis<\/h1>\n<div class=\"call-action-slider-img\">\n<img decoding=\"async\" src=\"https:\/\/konferenztechnik.de\/wp-content\/uploads\/2018\/05\/Beyerdynamic-SYNEXIS-RP8-kaufen.jpg\" alt=\"Acquista Beyerdynamic Synexis presso PCS Konferenztechnik\" class=\"alignnone size-full wp-image-12201\" title=\"\"><br \/>\n<button class=\"bbtn popmake-12226\">Richiedete un preventivo &#x9B;<\/button><\/div>\n<h2>Ricevitore tascabile SYNEXIS RP8<\/h2>\n<p>[spacer size=\"10\u2033]<\/p>\n<p>Il ricevitore tascabile Synexis RP8 \u00e8 ideale per visite guidate, conferenze o applicazioni di interpretariato multilingue. Alla connessione mini jack (3,5 mm) \u00e8 possibile collegare cuffie standard o un loop a induzione per persone con apparecchi acustici. La portata \u00e8 di circa 100 metri con una linea visiva tra il trasmettitore e il ricevitore. Le informazioni sul canale, sullo stato della batteria e sulla frequenza sono visualizzate chiaramente sul display. Il ricevitore pu\u00f2 essere agganciato a una clip da cintura staccabile o portato al collo con un cordino. Il Synexis RP8 pu\u00f2 essere alimentato con due batterie ricaricabili NiMH o con batterie AA da 1,5 V.<\/p>\n<p>1: Controllo del volume<\/p>\n<p>2: Uscita mini jack<\/p>\n<p>3: Pulsanti di selezione dei canali<\/p>\n<p>4: Il display OLED retroilluminato fornisce informazioni sul canale di ricezione, sul volume, sullo stato della batteria e sulla qualit\u00e0 della ricezione.<\/p>\n<hr style=\"background-color:#999999; margin-bottom:30px;\">\n<div class=\"call-action-slider-img\">\n<img decoding=\"async\" src=\"https:\/\/konferenztechnik.de\/wp-content\/uploads\/2018\/05\/TaschensenderSYNEXIS-TP8.jpg\" alt=\"Acquista il trasmettitore bodypack SYNEXIS-TP8\" class=\"alignnone size-full wp-image-12201\" title=\"\"><\/p>\n<\/div>\n<h2>Trasmettitore bodypack SYNEXIS TP8<\/h2>\n<p>[spacer size=\"10\u2033]<\/p>\n<p>Il trasmettitore bodypack Synexis TP8 viene utilizzato insieme al ricevitore bodypack Synexis RP8 per visite guidate e conferenze. La portata \u00e8 di circa 100 metri con una linea di vista tra il trasmettitore e il ricevitore. \u00c8 possibile collegare un microfono alla connessione mini XLR a 4 pin e una sorgente audio esterna alla connessione aux-in. Tramite l'ingresso AUX \u00e8 possibile riprodurre musica o qualsiasi segnale audio. Il display OLED offre una visualizzazione di facile lettura del canale, dello stato della batteria e della frequenza. Il trasmettitore \u00e8 alimentato da due batterie ricaricabili NiMH o da batterie AA da 1,5 V.<\/p>\n<p>1: Ingresso mini XLR<\/p>\n<p>2: Pulsante per la funzione di silenziamento del microfono (interruttore mute)<\/p>\n<p>3: Pulsanti di selezione dei canali<\/p>\n<p>4: Display OLED (per la visualizzazione del canale, dello stato della batteria, della frequenza e della frequenza).<br \/>\nFunzione di blocco della selezione dei canali)<\/p>\n<p>5: Ingresso Line-in (per il collegamento di una sorgente di segnale audio, ad esempio un lettore MP3),<br \/>\nJack stereo da 3,5 mm)<\/p>\n<h3>Trasmettitore tascabile versatile<\/p>\n<h3>Oltre a diversi microfoni e cuffie, \u00e8 possibile collegare altre sorgenti sonore e alimentarle tramite l'ingresso separato. Questa funzione di mixaggio consente, ad esempio, di immettere musica o un secondo trasmettitore per una comunicazione bidirezionale.<\/p>\n<hr style=\"background-color:#999999; margin-bottom:30px;\">\n<div class=\"call-action-slider-img\">\n<img decoding=\"async\" src=\"https:\/\/konferenztechnik.de\/wp-content\/uploads\/2018\/05\/Handsender-SYNEXIS-TH8.jpg\" alt=\"Acquista il trasmettitore portatile SYNEXIS-TH8\" class=\"alignnone size-full wp-image-12201\" title=\"\"><\/p>\n<\/div>\n<h2>Trasmettitore portatile SYNEXIS TH8<\/h2>\n<p>[spacer size=\"10\u2033]<\/p>\n<p>Il trasmettitore portatile Synexis TH8 in combinazione con il ricevitore bodypack Synexis RP8 \u00e8 ideale per visite guidate, conferenze o interpretariato sussurrato. La portata \u00e8 di circa 100 metri in linea d'aria tra trasmettitore e ricevitore. Il microfono a cancellazione di rumore con caratteristica cardioide blocca efficacemente i rumori di fondo. La protezione antiapparizione\/schermo integrato garantisce inoltre un'intelligibilit\u00e0 ottimale del parlato. Un interruttore consente di regolare la sensibilit\u00e0 del microfono per comunicazioni a distanza o ravvicinate. Il trasmettitore \u00e8 alimentato da due batterie ricaricabili NiMH o da pile AA da 1,5 V. Il display mostra in modo molto chiaro il canale, lo stato delle batterie e la frequenza. Il trasmettitore pu\u00f2 anche essere portato al collo con un laccetto opzionale per tenere le mani libere.<\/p>\n<p>1: Pulsante con funzione mute e LED per lo stato mute e lo stato di carica<\/p>\n<p>2: Tasti freccia per la selezione del canale e la visualizzazione della frequenza<\/p>\n<p>3: Display OLED per la visualizzazione dello stato della batteria, del canale, della frequenza e della frequenza.<br \/>\nFunzione Mute<\/p>\n<p>4: Pulsante di accensione\/spegnimento e di impostazione<\/p>\n<hr style=\"background-color:#999999; margin-bottom:30px;\">\n<div class=\"call-action-slider-img\">\n<img decoding=\"async\" src=\"https:\/\/konferenztechnik.de\/wp-content\/uploads\/2018\/05\/Sender-SYNEXIS-TS8.jpg\" alt=\"Acquista il trasmettitore stazionario SYNEXIS TS8 \" class=\"alignnone size-full wp-image-12201\" title=\"\"><\/p>\n<\/div>\n<h2>Trasmettitore stazionario SYNEXIS TS8<\/h2>\n<p>[spacer size=\"10\u2033]<\/p>\n<p>Il trasmettitore fisso Synexis TS8 viene utilizzato insieme al ricevitore bodypack Synexis RP8. Il trasmettitore fisso \u00e8 adatto a diverse applicazioni: nelle conferenze, ad esempio, \u00e8 possibile trasmettere contemporaneamente pi\u00f9 lingue. In alternativa, si possono fare annunci e spiegazioni tramite un microfono collegato. \u00c8 possibile trasmettere musica o qualsiasi segnale audio utilizzando un lettore MP3 o CD. Anche in questo caso la portata \u00e8 di circa 100 metri con una linea di vista tra il trasmettitore e il ricevitore. Il trasmettitore \u00e8 alimentato dall'adattatore di rete in dotazione. La gamma completa di accessori in dotazione consente di installare il trasmettitore fisso in un rack o in un alloggiamento da 19\u2033 e di fissare l'antenna sul lato anteriore.<\/p>\n<p>1: Controllo del livello di ingresso principale<\/p>\n<p>2: Controllo del livello di ingresso ausiliario<\/p>\n<p>3: Display OLED, selezione del canale<\/p>\n<p>4: Controllo del livello delle cuffie<\/p>\n<p>5: Ingresso\/uscita AUX<\/p>\n<p>6: Ingresso principale (bilanciato\/sbilanciato)<\/p>\n<hr style=\"background-color:#999999; margin-bottom:30px;\">\n<div class=\"call-action-slider-img\">\n<img decoding=\"async\" src=\"https:\/\/konferenztechnik.de\/wp-content\/uploads\/2018\/05\/Ladegeraet-SYNEXIS-C10.jpg\" alt=\"Acquista il caricabatterie SYNEXIS C10\" class=\"alignnone size-full wp-image-12201\" title=\"\"><\/p>\n<\/div>\n<h2>Caricabatterie SYNEXIS C10<\/h2>\n<p>[spacer size=\"10\u2033]<\/p>\n<p>Il caricatore Synexis C10 offre 10 slot di ricarica per i trasmettitori bodypack Synexis TP8 o per i ricevitori bodypack RP8, se dotati di batterie ricaricabili NiMH. Lo stato di carica delle batterie viene visualizzato tramite un LED sul rispettivo trasmettitore o ricevitore.<\/p>\n<ul>\n<li>Dieci slot di ricarica per ricevitori\/trasmettitori tascabili<\/li>\n<li>Collegamento alla rete, in cascata<\/li>\n<li>LED per l'indicatore di funzionamento<\/li>\n<li>Robusto alloggiamento in metallo, 19\u2033, 3 U<\/li>\n<\/ul>\n<p>Synexis SG24: armadio a pavimento 19\u2033\/24 U L'armadio a pavimento SG 24 da 19\u2033 con porta chiudibile a chiave<\/p>\n<p>[spacer size=\"10\u2033]<\/p>\n<hr style=\"background-color:#999999; margin-bottom:30px;\">\n<div class=\"call-action-slider-img\">\n<img decoding=\"async\" src=\"https:\/\/konferenztechnik.de\/wp-content\/uploads\/2018\/05\/fuehrungsanlage-zueboer-kaufen.jpg\" alt=\"Acquista gli accessori SYNEXIS \" class=\"alignnone size-full wp-image-12201\" title=\"\"><\/p>\n<\/div>\n<div class=\"call-action-slider-img\">\n<img decoding=\"async\" src=\"https:\/\/konferenztechnik.de\/wp-content\/uploads\/2018\/05\/synexis-ladekoffer.jpg\" alt=\"Acquista la custodia di ricarica SYNEXIS\" class=\"alignnone size-full wp-image-12201\" title=\"\"><\/p>\n<\/div>\n<h2>Accessori SYNEXIS<\/h2>\n<p>[spacer size=\"10\u2033]<\/p>\n<p>Per la famiglia di prodotti SYNEXIS \u00e8 disponibile un'ampia gamma di accessori:<\/p>\n<p>[list icon=\"moon-checkmark\" color=\"#a62055\u2033]Cuffie DT1 single-ear[\/list]<br \/>\n[list icon=\"moon-checkmark\" color=\"#a62055\u2033]Imbragatura a induzione IL 200[\/list]<br \/>\n[list icon=\"moon-checkmark\" color=\"#a62055\u2033]Custodia per il trasporto e la ricarica SYNEXIS C20[\/list]<br \/>\n[list icon=\"moon-checkmark\" color=\"#a62055\u2033]Custodia per il trasporto e la ricarica SYNEXIS C30[\/list]<\/p>\n<p>...e molto altro ancora.<\/p>\n<p>I ricevitori e i trasmettitori possono anche essere combinati con cuffie e microfoni di altri produttori o integrati in sistemi di conferenza esistenti. Contattateci, saremo lieti di consigliarvi.<\/p>\n<p>[spacer size=\"10\u2033]<\/p>\n<hr style=\"background-color:#999999; margin-bottom:30px;\">\n<div class=\"call-action-slider-img\">\n<img decoding=\"async\" src=\"https:\/\/konferenztechnik.de\/wp-content\/uploads\/2018\/05\/synexis-personenfuehrungsanlage-kaufen.jpg\" alt=\"Acquistare il sistema di guida personale Synexis\" class=\"alignnone size-full wp-image-12201\" title=\"\"><br \/>\n<button class=\"bbtn popmake-12226\">Richiedete un preventivo &#x9B;<\/button><\/div>\n<div style=\"background-color:#f2f2f2; width:100%; display:block; margin-bottom:40px;\">\n<div style=\"text-align:center; width:100%; padding:left:10px; padding-top:18px;\"><img decoding=\"async\" src=\"https:\/\/konferenztechnik.de\/wp-content\/uploads\/2018\/05\/bewerten-happy.png\" alt=\"\" width=\"142\" height=\"42\" class=\"aligncenter size-full wp-image-13128\" title=\"\"><\/div>\n<div style=\"text-align:left; padding:10px;\">Si adatta come un guanto! Approfittate della nostra consulenza. Saremo lieti di collaborare con voi per determinare quale sistema di guida e quale configurazione soddisfino al meglio le vostre esigenze.<\/div>\n<\/div>\n<div class=\"callouthoch\">\n[callout add_button=\"no\" button_text=\"Per saperne di pi\u00f9\" button_url=\"#\" button_color=\"#a62055\u2033]<br \/>\nPotete raggiungerci direttamente per telefono:<br \/>\n[v_icon color=\"#a62055\u2033 size=\"20px\" target=\"_blank\" name=\"moon-phone-2\u2033] +49 211 737798 20<br \/>\n[\/callout]<\/div>\n<div class=\"callouthoch\">\n[callout add_button=\"no\" button_text=\"Per saperne di pi\u00f9\" button_url=\"#\" button_color=\"#a62055\u2033]<br \/>\nSi prega di inviare le richieste di informazioni via e-mail a:<br \/>\n[v_icon color=\"#a62055\u2033 size=\"20px\" target=\"_blank\" name=\"moon-envelop-2\u2033] <a href=\"mailto:vertrieb@konferenztechnik.de\" onclick=\"ga('send', 'event', 'Email-Klick', 'F\u00fchrungsanlagen kaufen  Vertrieb');\"> vertrieb@konferenztechnik.de<\/a><br \/>\n[\/callout]<\/div>\n<p>[spacer size=\"10\u2033]<\/p>\n<div class=\"weiterlinks\" style=\"background-color:#ffffff;\">\n<h1>Ulteriori link<\/h1>\n<p>[list icon=\"moon-arrow-right-2\u2033 color=\"#a62055\u2033]<a title=\"Supporto per eventi multilingue\" href=\"\/it\/acquistare-il-sistema-di-guida-personale\/\">Pagina panoramica dei sistemi di guida per i passeggeri<\/a>[\/list]<br \/>\n[list icon=\"moon-arrow-right-2\u2033 color=\"#a62055\u2033]<a title=\"Supporto per eventi multilingue\" href=\"\/it\/sistema-di-comunicazione-beyerdynamic-unite\/\">Presto disponibile: Sistema di guida Beyerdynamic Unite<\/a>[\/list]<br \/>\n[list icon=\"moon-arrow-right-2\u2033 color=\"#a62055\u2033]<a title=\"Supporto per eventi multilingue\" href=\"\/it\/acquistare-tecnologia-per-conferenze\/\">Vendite di tecnologia per conferenze<\/a>[\/list]<br \/>\n[list icon=\"moon-arrow-right-2\u2033 color=\"#a62055\u2033]<a title=\"Riferimenti\" href=\"\/it\/installazione-e-integrazione-di-sistemi-tecnologici-e-multimediali-per-conferenze\/\">Installazione di tecnologie per conferenze e media<\/a>[\/list]<br \/>\n[list icon=\"moon-arrow-right-2\u2033 color=\"#a62055\u2033]<a title=\"Formazione e servizi per interpreti\" href=\"\/it\/corsi-di-formazione-e-servizi-per-interpreti\/\">Formazione e servizi per interpreti<\/a>[\/list]<br \/>\n[list icon=\"moon-arrow-right-2\u2033 color=\"#a62055\u2033]<a title=\"10 buoni motivi per il PCS\" href=\"\/it\/chi-siamo-2\/10-buone-ragioni-per-i-pc\/\">10 buoni motivi per il PCS<\/a>[\/list]<br \/>\n[list icon=\"moon-arrow-right-2\u2033 color=\"#a62055\u2033]<a title=\"PCS: Tutti i servizi in sintesi\" href=\"\/it\/servizi-2\/\">PCS: Tutti i servizi in sintesi<\/a>[\/list]<\/ul>\n<\/div>\n<\/div>\n<p>[spacer size=\"20\u2033]<\/p><\/h3>","protected":false},"excerpt":{"rendered":"<p>Beyerdynamic Synexis kaufen Angebot anfordern &#x9B; Taschenempf\u00e4nger SYNEXIS RP8 [spacer size=&#8220;10&#8243;] Der Synexis RP8 Taschenempf\u00e4nger ist ideal f\u00fcr Personenf\u00fchrungen, Konferenzen oder mehrsprachige Dolmetscheranwendungen geeignet. An den Miniklinkenanschluss (3,5 mm) kann ein handels\u00fcblicher Kopfh\u00f6rer oder eine Induktionsschlinge f\u00fcr Personen mit H\u00f6rger\u00e4t angeschlossen werden. Die Reichweite betr\u00e4gt bei Sichtverbindung zwischen Sender und Empf\u00e4nger ca. 100 m. Auf [&hellip;]<\/p>","protected":false},"author":1,"featured_media":45482,"parent":0,"menu_order":0,"comment_status":"closed","ping_status":"closed","template":"","meta":{"_acf_changed":false,"footnotes":""},"class_list":["post-13130","page","type-page","status-publish","has-post-thumbnail","hentry"],"acf":[],"_links":{"self":[{"href":"https:\/\/konferenztechnik.de\/it\/wp-json\/wp\/v2\/pages\/13130","targetHints":{"allow":["GET"]}}],"collection":[{"href":"https:\/\/konferenztechnik.de\/it\/wp-json\/wp\/v2\/pages"}],"about":[{"href":"https:\/\/konferenztechnik.de\/it\/wp-json\/wp\/v2\/types\/page"}],"author":[{"embeddable":true,"href":"https:\/\/konferenztechnik.de\/it\/wp-json\/wp\/v2\/users\/1"}],"replies":[{"embeddable":true,"href":"https:\/\/konferenztechnik.de\/it\/wp-json\/wp\/v2\/comments?post=13130"}],"version-history":[{"count":0,"href":"https:\/\/konferenztechnik.de\/it\/wp-json\/wp\/v2\/pages\/13130\/revisions"}],"wp:featuredmedia":[{"embeddable":true,"href":"https:\/\/konferenztechnik.de\/it\/wp-json\/wp\/v2\/media\/45482"}],"wp:attachment":[{"href":"https:\/\/konferenztechnik.de\/it\/wp-json\/wp\/v2\/media?parent=13130"}],"curies":[{"name":"wp","href":"https:\/\/api.w.org\/{rel}","templated":true}]}}