{"id":1389,"date":"2013-08-27T15:36:14","date_gmt":"2013-08-27T13:36:14","guid":{"rendered":"https:\/\/konferenztechnik.de\/?page_id=1389"},"modified":"2026-03-31T15:58:12","modified_gmt":"2026-03-31T13:58:12","slug":"impronta-2","status":"publish","type":"page","link":"https:\/\/konferenztechnik.de\/it\/impronta-2\/","title":{"rendered":"Impronta"},"content":{"rendered":"<div data-elementor-type=\"wp-page\" data-elementor-id=\"1389\" class=\"elementor elementor-1389\" data-elementor-post-type=\"page\">\n\t\t\t\t<div data-particle_enable=\"false\" data-particle-mobile-disabled=\"false\" class=\"elementor-element elementor-element-948f719 e-flex e-con-boxed e-con e-parent\" data-id=\"948f719\" data-element_type=\"container\">\n\t\t\t\t\t<div class=\"e-con-inner\">\n\t\t\t\t<div class=\"elementor-element elementor-element-b06e6cd elementor-widget__width-initial elementor-widget elementor-widget-heading\" data-id=\"b06e6cd\" data-element_type=\"widget\" data-widget_type=\"heading.default\">\n\t\t\t\t<div class=\"elementor-widget-container\">\n\t\t\t\t\t<h1 class=\"elementor-heading-title elementor-size-default\">Impronta<\/h1>\t\t\t\t<\/div>\n\t\t\t\t<\/div>\n\t\t\t\t<div class=\"elementor-element elementor-element-d59a44f elementor-widget__width-initial elementor-widget elementor-widget-heading\" data-id=\"d59a44f\" data-element_type=\"widget\" data-widget_type=\"heading.default\">\n\t\t\t\t<div class=\"elementor-widget-container\">\n\t\t\t\t\t<h1 class=\"elementor-heading-title elementor-size-default\">PCS Event &amp; Media Systems GmbH i.G.<\/h1>\t\t\t\t<\/div>\n\t\t\t\t<\/div>\n\t\t\t\t<div class=\"elementor-element elementor-element-d31c727 elementor-widget__width-initial elementor-widget elementor-widget-text-editor\" data-id=\"d31c727\" data-element_type=\"widget\" data-widget_type=\"text-editor.default\">\n\t\t\t\t<div class=\"elementor-widget-container\">\n\t\t\t\t\t\t\t\t\t<p><b>Proprietario<\/b><br \/>Mike Bertsch<\/p><p>\u00a0<\/p><p><b>Direttore generale<\/b><br \/>Mike Bertsch<\/p><p>\u00a0<\/p><p><b>Indirizzo<\/b><br \/>Reisholzer Werftstra\u00dfe 42<br \/>40589 D\u00fcsseldorf<br \/>Tel.: +49 211 737798-0<\/p><p>\u00a0<\/p><p>Informazioni aggiuntive ai sensi della legge sul quadro giuridico del commercio elettronico (EGG) in combinato disposto con il \u00a7 6 della legge sui servizi telematici (TDG):<\/p><p>\u00a0<\/p><p><b>Internet<\/b><br \/><a href=\"https:\/\/konferenztechnik.de\/it\/\">www.konferenztechnik.de<\/a><\/p><p>\u00a0<\/p><p><b>e-mail<\/b><br \/><a href=\"mailto:info@konferenztechnik.de\">info@konferenztechnik.de<\/a><\/p><p>\u00a0<\/p><p><b>Fondazione<\/b><br \/>notariell 30.03.2026<\/p><p>\u00a0<\/p><p><b>Forma giuridica<\/b><br \/>GmbH i.G.<\/p>\t\t\t\t\t\t\t\t<\/div>\n\t\t\t\t<\/div>\n\t\t\t\t<div class=\"elementor-element elementor-element-92ed11f elementor-widget__width-initial elementor-widget elementor-widget-heading\" data-id=\"92ed11f\" data-element_type=\"widget\" data-widget_type=\"heading.default\">\n\t\t\t\t<div class=\"elementor-widget-container\">\n\t\t\t\t\t<h1 class=\"elementor-heading-title elementor-size-default\">Diritti di utilizzo<\/h1>\t\t\t\t<\/div>\n\t\t\t\t<\/div>\n\t\t\t\t<div class=\"elementor-element elementor-element-3b4e3b2 elementor-widget__width-initial elementor-widget elementor-widget-text-editor\" data-id=\"3b4e3b2\" data-element_type=\"widget\" data-widget_type=\"text-editor.default\">\n\t\t\t\t<div class=\"elementor-widget-container\">\n\t\t\t\t\t\t\t\t\t<p>Inhalte, Bilder und sonstige Werke auf dieser Website unterliegen dem Urheberrecht oder sonstigen Schutzrechten der PCS Event &amp; Media Systems GmbH i.G. oder Dritter. Eine Nutzung, Vervielf\u00e4ltigung oder Verbreitung au\u00dferhalb der gesetzlichen Grenzen bedarf der vorherigen schriftlichen Zustimmung. Bildquellen und Rechteinhaber sind \u2013 soweit erforderlich \u2013 entsprechend gekennzeichnet. Sollten Sie trotz sorgf\u00e4ltiger Pr\u00fcfung einen Rechteversto\u00df feststellen, wenden Sie sich bitte an info@konferenztechnik.de<\/p><p>\u00a0<\/p>\t\t\t\t\t\t\t\t<\/div>\n\t\t\t\t<\/div>\n\t\t\t\t\t<\/div>\n\t\t\t\t<\/div>\n\t\t\t\t<\/div>","protected":false},"excerpt":{"rendered":"<p>Impressum PCS Event &amp; Media Systems GmbH i.G. InhaberMike Bertsch \u00a0 Gesch\u00e4ftsf\u00fchrerMike Bertsch \u00a0 AdresseReisholzer Werftstra\u00dfe 4240589 D\u00fcsseldorfTel.: +49 211 737798-0 \u00a0 Zus\u00e4tzliche Informationen gem. Gesetz \u00fcber rechtliche Rahmenbedingungen f\u00fcr den elektronischen Gesch\u00e4ftsverkehr (EGG) in Verbindung mit \u00a7 6 Teledienstgesetz (TDG): \u00a0 Internetwww.konferenztechnik.de \u00a0 E-Mailinfo@konferenztechnik.de \u00a0 Gr\u00fcndungnotariell 30.03.2026 \u00a0 RechtsformGmbH i.G. Nutzungsrechte Inhalte, Bilder und [&hellip;]<\/p>","protected":false},"author":1,"featured_media":45482,"parent":0,"menu_order":211,"comment_status":"closed","ping_status":"open","template":"","meta":{"_acf_changed":false,"footnotes":""},"class_list":["post-1389","page","type-page","status-publish","has-post-thumbnail","hentry"],"acf":[],"_links":{"self":[{"href":"https:\/\/konferenztechnik.de\/it\/wp-json\/wp\/v2\/pages\/1389","targetHints":{"allow":["GET"]}}],"collection":[{"href":"https:\/\/konferenztechnik.de\/it\/wp-json\/wp\/v2\/pages"}],"about":[{"href":"https:\/\/konferenztechnik.de\/it\/wp-json\/wp\/v2\/types\/page"}],"author":[{"embeddable":true,"href":"https:\/\/konferenztechnik.de\/it\/wp-json\/wp\/v2\/users\/1"}],"replies":[{"embeddable":true,"href":"https:\/\/konferenztechnik.de\/it\/wp-json\/wp\/v2\/comments?post=1389"}],"version-history":[{"count":12,"href":"https:\/\/konferenztechnik.de\/it\/wp-json\/wp\/v2\/pages\/1389\/revisions"}],"predecessor-version":[{"id":49848,"href":"https:\/\/konferenztechnik.de\/it\/wp-json\/wp\/v2\/pages\/1389\/revisions\/49848"}],"wp:featuredmedia":[{"embeddable":true,"href":"https:\/\/konferenztechnik.de\/it\/wp-json\/wp\/v2\/media\/45482"}],"wp:attachment":[{"href":"https:\/\/konferenztechnik.de\/it\/wp-json\/wp\/v2\/media?parent=1389"}],"curies":[{"name":"wp","href":"https:\/\/api.w.org\/{rel}","templated":true}]}}