{"id":14162,"date":"2018-10-30T11:39:11","date_gmt":"2018-10-30T10:39:11","guid":{"rendered":"https:\/\/www.konferenztechnik.de\/?page_id=14162"},"modified":"2018-10-30T11:39:11","modified_gmt":"2018-10-30T10:39:11","slug":"noleggiare-un-ricevitore-per-conferenze","status":"publish","type":"page","link":"https:\/\/konferenztechnik.de\/it\/noleggiare-un-ricevitore-per-conferenze\/","title":{"rendered":"Noleggio di un ricevitore per conferenze"},"content":{"rendered":"<h1>Noleggio di ricevitori per conferenze: Ricevitori e cuffie per conferenze con traduzione simultanea<\/h1>\n<p>Noleggiate i nostri ricevitori per conferenze, riunioni e congressi di tutte le dimensioni. I nostri moderni ricevitori sono affidabili, facili da usare e comodi da indossare. I ricevitori per conferenze possono ricevere fino a 32 canali vocali contemporaneamente. Possono essere utilizzati sia in piccole sale conferenze che in grandi sale per eventi e mostre. \u00c8 inoltre possibile noleggiare la tecnologia di trasmissione necessaria (tecnologia digitale a infrarossi, radio UHF o DECT), i sistemi di interpretariato e le cabine di interpretariato. Saremo lieti di farvi un'offerta per singoli componenti o per un sistema completo.<\/p>\n<div class=\"call-action-slider-img\">\n<img decoding=\"async\" src=\"https:\/\/konferenztechnik.de\/wp-content\/uploads\/2018\/10\/konferenzempfaenger-mieten-bei-PCS-1.jpg\" alt=\"Noleggio di ricevitori per conferenze da PCS\" class=\"alignleft size-full wp-image-14171\" title=\"\"><br \/>\n<button class=\"btn popmake-14167\">Richiedete un preventivo,<br \/>in un'ora<br \/>con voi! &#x9B;<\/button>\n<\/div>\n<h2>Noleggio di ricevitori senza quantit\u00e0 minima d'ordine<\/h2>\n<p>Tra l'altro, con PCS non c'\u00e8 un minimo d'ordine. Se avete bisogno di un solo ricevitore, dovete pagare per un solo ricevitore. \u00c8 cos\u00ec semplice.<\/p>\n<h2>Ricevitore a infrarossi e ricevitore radio per la traduzione<\/h2>\n<p>PCS Konferenztechnik noleggia sia ricevitori digitali a infrarossi che ricevitori radio per conferenze con interpreti simultanei. Selezioniamo la tecnologia di trasmissione pi\u00f9 adatta alle condizioni spaziali e al segnale da trasmettere. <\/p>\n<h2>Trasmissione digitale a infrarossi per conferenze<\/h2>\n<p>I segnali a infrarossi vengono trasmessi digitalmente. In questo modo \u00e8 possibile trasmettere segnali con la massima qualit\u00e0 audio e allo stesso tempo con un raggio di trasmissione molto lungo. Grazie all'elevata luminosit\u00e0, \u00e8 possibile coprire ampie aree con pochi emettitori a infrarossi. Il segnale \u00e8 insensibile alla luce e pu\u00f2 essere utilizzato anche all'aperto.<\/p>\n<h2>Ricevitore radio UHF per conferenze<\/h2>\n<p>\u00c8 possibile noleggiare i moderni ricevitori radio UHF di PCS. I ricevitori hanno un'ampia portata, anche in edifici e sale di grandi dimensioni. I ricevitori trasmettono nella banda ISM senza registrazione. Nella gamma da 863 a 865 MHz, possono essere facilmente utilizzati in parallelo con radiomicrofoni professionali senza causare interferenze o altri disturbi.<\/p>\n<p><img decoding=\"async\" src=\"https:\/\/konferenztechnik.de\/wp-content\/uploads\/2018\/10\/Empfaenger-mieten-bei-pcs-1.jpg\" alt=\"Noleggio di ricevitori da PCS\" class=\"alignleft size-full wp-image-14175\" title=\"\"><\/p>\n<h2>Noleggio di cuffie per i ricevitori della conferenza<\/h2>\n<p>Presso PCS \u00e8 possibile noleggiare cuffie in grandi quantit\u00e0. Sono disponibili tre tipi di cuffie:<br \/>\nAuricolare singolo<br \/>\nLe cuffie monoauricolari sono particolarmente adatte per l'uso in tavole rotonde o discussioni di gruppo; ogni volta che i partecipanti hanno bisogno di sentire sia il parlato in sala che la traduzione in rapida successione.<\/p>\n<p>2. cuffie mono<br \/>\nLe cuffie mono sono sempre ideali quando viene trasmesso quasi esclusivamente il parlato. Le nostre cuffie mono hanno due auricolari da cui viene trasmesso lo stesso segnale.<\/p>\n<p>3. cuffie stereo<br \/>\nLe cuffie stereo possono essere utilizzate universalmente. Sono adatte per trasmettere il parlato, la musica o il suono dei film.<\/p>\n<h2>Trasmettere segnali audio in stereo<\/h2>\n<p>I nostri ricevitori a infrarossi e DECT possono essere utilizzati per ascoltare segnali in qualit\u00e0 stereo e CD. In questo modo \u00e8 possibile, ad esempio, trasmettere musica, audio di film o segnali simili che richiedono un suono particolarmente buono. Tra i settori di applicazione vi sono i film cinematografici multilingue, le passeggiate audio, le discoteche mute, le presentazioni mute o gli spettacoli teatrali. I ricevitori consentono inoltre di utilizzare le proprie cuffie.<\/p>\n<h2>Noleggio di sistemi di interpretariato completi da PCS<\/h2>\n<p>Da noi potete noleggiare sistemi di interpretariato completi. Questi includono cabine di interpretazione, centri di interpretazione, scrivanie di interpretazione, tecnologia di trasmissione e ricevitori per conferenze. \u00c8 inoltre possibile noleggiare apparecchiature audio e video. Il team di progettazione di PCS vi supporter\u00e0 nella pianificazione tecnica e nella realizzazione della vostra conferenza o evento. I nostri tecnici specializzati saranno lieti di occuparsi dell'allestimento e dello smontaggio, nonch\u00e9 dell'assistenza tecnica.<\/p>\n<h2>Altre tecnologie per conferenze e interpretariato della nostra gamma<\/h2>\n<div id=\"newscontainer\">\n<div class=\"newskasten\"><a href=\"https:\/\/konferenztechnik.de\/it\/noleggio-di-attrezzature-per-conferenze\/sistemi-di-interpretazione\/\">Sistemi di interpretazione<br \/>\n<img fetchpriority=\"high\" decoding=\"async\" width=\"410\" height=\"304\" src=\"https:\/\/konferenztechnik.de\/wp-content\/uploads\/2017\/05\/dolmetscheranlagen-mieten.jpg\" alt=\"Noleggio di sistemi di interpretariato - PCS Konferenztechnik\" class=\"alignleft size-full wp-image-10339\" title=\"\" srcset=\"https:\/\/konferenztechnik.de\/wp-content\/uploads\/2017\/05\/dolmetscheranlagen-mieten.jpg 410w, https:\/\/konferenztechnik.de\/wp-content\/uploads\/2017\/05\/dolmetscheranlagen-mieten-300x222.jpg 300w\" sizes=\"(max-width: 410px) 100vw, 410px\" \/><br \/>\n<\/a><br \/>\n[chiaro]<br \/>\n[list icon=\"moon-checkmark\" color=\"#a62055\u2033]Abbinamento alla cabina[\/list]<br \/>\n[list icon=\"moon-checkmark\" color=\"#a62055\u2033]Sistemi moderni[\/list]<br \/>\n[list icon=\"moon-checkmark\" color=\"#a62055\u2033]Alta quantit\u00e0[\/list]<\/p>\n<p><a class=\"weiter\" href=\"https:\/\/konferenztechnik.de\/it\/noleggio-di-attrezzature-per-conferenze\/sistemi-di-interpretazione\/\">\u203a Altro<\/a><\/div>\n<div class=\"newskasten\"><a href=\"https:\/\/konferenztechnik.de\/it\/noleggio-di-attrezzature-per-conferenze\/strutture-di-discussione-3\/\">Stazioni interfoniche<br \/>\n<img decoding=\"async\" width=\"410\" height=\"304\" src=\"https:\/\/konferenztechnik.de\/wp-content\/uploads\/2017\/05\/drahtlose-sprechstellen-mieten.jpg\" alt=\"Noleggio di unit\u00e0 microfoniche wireless - PCS Konferenztechnik\" class=\"alignleft size-full wp-image-10340\" title=\"\" srcset=\"https:\/\/konferenztechnik.de\/wp-content\/uploads\/2017\/05\/drahtlose-sprechstellen-mieten.jpg 410w, https:\/\/konferenztechnik.de\/wp-content\/uploads\/2017\/05\/drahtlose-sprechstellen-mieten-300x222.jpg 300w\" sizes=\"(max-width: 410px) 100vw, 410px\" \/><\/a><br \/>\n[chiaro]<br \/>\n[list icon=\"moon-checkmark\" color=\"#a62055\u2033]Wireless[\/list]<br \/>\n[list icon=\"moon-checkmark\" colour=\"#a62055\u2033]Wired[\/list]<br \/>\n[list icon=\"moon-checkmark\" color=\"#a62055\u2033]Digitale e sicura[\/list]<\/p>\n<p><a class=\"weiter\" href=\"https:\/\/konferenztechnik.de\/it\/noleggio-di-attrezzature-per-conferenze\/strutture-di-discussione-3\/\">\u203a Altro<\/a><\/div>\n<div class=\"newskasten\"><a href=\"https:\/\/konferenztechnik.de\/it\/noleggio-di-attrezzature-per-conferenze\/tecnologia-av-microfoni-sistemi-audio-proiettori\/\">Tecnologia audio e video<br \/>\n<img decoding=\"async\" width=\"410\" height=\"304\" src=\"https:\/\/konferenztechnik.de\/wp-content\/uploads\/2017\/05\/audiotechnik-mieten-pcs.jpg\" alt=\"Noleggio di tecnologia audio - PCS Konferenztechnik\" class=\"alignleft size-full wp-image-10341\" title=\"\" srcset=\"https:\/\/konferenztechnik.de\/wp-content\/uploads\/2017\/05\/audiotechnik-mieten-pcs.jpg 410w, https:\/\/konferenztechnik.de\/wp-content\/uploads\/2017\/05\/audiotechnik-mieten-pcs-300x222.jpg 300w\" sizes=\"(max-width: 410px) 100vw, 410px\" \/><\/a><br \/>\n[chiaro]<br \/>\n[list icon=\"moon-checkmark\" color=\"#a62055\u2033]Proiettori[\/list]<br \/>\n[list icon=\"moon-checkmark\" color=\"#a62055\u2033]Microfoni[\/list]<br \/>\n[list icon=\"moon-checkmark\" color=\"#a62055\u2033]Rafforzamento del suono di qualsiasi tipo[\/list]<\/p>\n<p><a class=\"weiter\" href=\"https:\/\/konferenztechnik.de\/it\/noleggio-di-attrezzature-per-conferenze\/tecnologia-av-microfoni-sistemi-audio-proiettori\/\">\u203a Altro<\/a><\/div>\n<\/div>\n<p>[spacer size=\"20\u2033]<\/p>\n<p>[callout add_button=\"no\" button_text=\"Per saperne di pi\u00f9\" button_url=\"#\" button_color=\"#a62055\u2033]<br \/>\nI nostri consulenti di progetto saranno lieti di aiutarvi nella pianificazione e nella realizzazione del vostro evento. Basta mettersi in contatto con noi.<br \/>\n[\/callout]<\/p>\n<p>[spacer size=\"20\u2033]<br \/>\n[chiaro]<\/p>\n<div class=\"boxcontainer\">\n<div class=\"box1-4\">\n<div class=\"box-head\">Nord e Ovest<\/div>\n<p><img loading=\"lazy\" decoding=\"async\" width=\"800\" height=\"533\" src=\"https:\/\/konferenztechnik.de\/wp-content\/uploads\/2013\/09\/monika_van_den_boogaard_pcs-gmbh.jpg\" alt=\"monika_van_den_boogaard_pcs-gmbh\" class=\"alignleft size-full wp-image-2312\" title=\"\" srcset=\"https:\/\/konferenztechnik.de\/wp-content\/uploads\/2013\/09\/monika_van_den_boogaard_pcs-gmbh.jpg 800w, https:\/\/konferenztechnik.de\/wp-content\/uploads\/2013\/09\/monika_van_den_boogaard_pcs-gmbh-300x200.jpg 300w, https:\/\/konferenztechnik.de\/wp-content\/uploads\/2013\/09\/monika_van_den_boogaard_pcs-gmbh-768x512.jpg 768w\" sizes=\"(max-width: 800px) 100vw, 800px\" \/><br \/>\nMonika van den Boogaard<br \/>\nConsulente di progetto Locazione<br \/>\nTelefono +49 211 737798 10<br \/>\n<span class=\"volleansicht\">e-mail <a href=\"mailto:vandenboogaard@konferenztechnik.de\" onclick=\"ga('send', 'event', 'Email-Klick', 'Kontakt Boogaard');\">scrivere<\/a><br \/><\/span><br \/>\n<span class=\"mobileansicht\">e-mail <a href=\"mailto:vandenboogaard@konferenztechnik.de\" onclick=\"ga('send', 'event', 'Email-Klick', 'Kontakt Boogaard');\">scrivere<\/a><br \/><\/span>\n<\/div>\n<div class=\"box1-4\">\n<div class=\"box-head\">Est<\/div>\n<p><img loading=\"lazy\" decoding=\"async\" width=\"2316\" height=\"1543\" src=\"https:\/\/konferenztechnik.de\/wp-content\/uploads\/2017\/05\/sebastian-meyer-pcs-gmbh.jpg\" alt=\"Sebastian Meyer PCS GmbH - Cessione\" class=\"alignleft size-full wp-image-10048\" title=\"\" srcset=\"https:\/\/konferenztechnik.de\/wp-content\/uploads\/2017\/05\/sebastian-meyer-pcs-gmbh.jpg 2316w, https:\/\/konferenztechnik.de\/wp-content\/uploads\/2017\/05\/sebastian-meyer-pcs-gmbh-300x200.jpg 300w, https:\/\/konferenztechnik.de\/wp-content\/uploads\/2017\/05\/sebastian-meyer-pcs-gmbh-1024x682.jpg 1024w, https:\/\/konferenztechnik.de\/wp-content\/uploads\/2017\/05\/sebastian-meyer-pcs-gmbh-768x512.jpg 768w, https:\/\/konferenztechnik.de\/wp-content\/uploads\/2017\/05\/sebastian-meyer-pcs-gmbh-1536x1023.jpg 1536w, https:\/\/konferenztechnik.de\/wp-content\/uploads\/2017\/05\/sebastian-meyer-pcs-gmbh-2048x1364.jpg 2048w\" sizes=\"(max-width: 2316px) 100vw, 2316px\" \/><br \/>\nSebastian Meyer<br \/>\nConsulente di progetto Locazione<br \/>\nTelefono +49 30 6959690 15<br \/>\n<span class=\"volleansicht\">e-mail <a href=\"mailto:meyer@konferenztechnik.de\" onclick=\"ga('send', 'event', 'Email-Klick', 'Kontakt Meyer');\">scrivere<\/a><br \/><\/span><br \/>\n<span class=\"mobileansicht\">e-mail <a href=\"mailto:meyer@konferenztechnik.de\" onclick=\"ga('send', 'event', 'Email-Klick', 'Kontakt Meyer');\">scrivere<\/a><br \/><\/span>\n<\/div>\n<div class=\"box1-4\">\n<div class=\"box-head\">Sud<\/div>\n<p><img loading=\"lazy\" decoding=\"async\" width=\"800\" height=\"533\" src=\"https:\/\/konferenztechnik.de\/wp-content\/uploads\/2013\/09\/sebastian_gegusch_pcs-gmbh.jpg\" alt=\"Sebastian Gegusch PCS-GmbH\" class=\"alignleft size-full wp-image-3153\" title=\"\" srcset=\"https:\/\/konferenztechnik.de\/wp-content\/uploads\/2013\/09\/sebastian_gegusch_pcs-gmbh.jpg 800w, https:\/\/konferenztechnik.de\/wp-content\/uploads\/2013\/09\/sebastian_gegusch_pcs-gmbh-300x200.jpg 300w, https:\/\/konferenztechnik.de\/wp-content\/uploads\/2013\/09\/sebastian_gegusch_pcs-gmbh-768x512.jpg 768w\" sizes=\"(max-width: 800px) 100vw, 800px\" \/><br \/>\nSebastian Gegusch<br \/>\nGestione e programmazione dei progetti<br \/>\nTelefono +49 89 248830021<br \/>\n<span class=\"volleansicht\">e-mail <a href=\"mailto:gegusch@konferenztechnik.de\" onclick=\"ga('send', 'event', 'Email-Klick', 'Kontakt Gegusch');\">scrivere<\/a><br \/><\/span><br \/>\n<span class=\"mobileansicht\">e-mail <a href=\"mailto:gegusch@konferenztechnik.de\" onclick=\"ga('send', 'event', 'Email-Klick', 'Kontakt Gegusch');\">scrivere<\/a><br \/><\/span>\n<\/div>\n<div class=\"box1-4-empty\">\n<\/div>\n<\/div>","protected":false},"excerpt":{"rendered":"<p>Konferenzempf\u00e4nger mieten: Empf\u00e4nger und Kopfh\u00f6rer f\u00fcr Konferenzen mit Simultan\u00fcbersetzung Mieten Sie bei PCS Konferenzempf\u00e4nger f\u00fcr Konferenzen, Tagungen und Kongresse jeder Gr\u00f6\u00dfenordnung. Unsere modernen Empf\u00e4nger sind zuverl\u00e4ssig, einfach zu bedienen und bieten einen hohen Tragekomfort. Mit den Konferenzempf\u00e4ngern k\u00f6nnen bis zu 32 Sprach-Kan\u00e4le gleichzeitig empfangen werden. Sie k\u00f6nnen sowohl in kleinen Tagungsr\u00e4umen als auch in gro\u00dfen [&hellip;]<\/p>","protected":false},"author":1,"featured_media":45482,"parent":0,"menu_order":0,"comment_status":"closed","ping_status":"closed","template":"page-right-sidebar.php","meta":{"_acf_changed":false,"footnotes":""},"class_list":["post-14162","page","type-page","status-publish","has-post-thumbnail","hentry"],"acf":[],"_links":{"self":[{"href":"https:\/\/konferenztechnik.de\/it\/wp-json\/wp\/v2\/pages\/14162","targetHints":{"allow":["GET"]}}],"collection":[{"href":"https:\/\/konferenztechnik.de\/it\/wp-json\/wp\/v2\/pages"}],"about":[{"href":"https:\/\/konferenztechnik.de\/it\/wp-json\/wp\/v2\/types\/page"}],"author":[{"embeddable":true,"href":"https:\/\/konferenztechnik.de\/it\/wp-json\/wp\/v2\/users\/1"}],"replies":[{"embeddable":true,"href":"https:\/\/konferenztechnik.de\/it\/wp-json\/wp\/v2\/comments?post=14162"}],"version-history":[{"count":0,"href":"https:\/\/konferenztechnik.de\/it\/wp-json\/wp\/v2\/pages\/14162\/revisions"}],"wp:featuredmedia":[{"embeddable":true,"href":"https:\/\/konferenztechnik.de\/it\/wp-json\/wp\/v2\/media\/45482"}],"wp:attachment":[{"href":"https:\/\/konferenztechnik.de\/it\/wp-json\/wp\/v2\/media?parent=14162"}],"curies":[{"name":"wp","href":"https:\/\/api.w.org\/{rel}","templated":true}]}}