{"id":15284,"date":"2019-09-26T15:54:02","date_gmt":"2019-09-26T14:54:02","guid":{"rendered":"https:\/\/www.konferenztechnik.de\/?page_id=15284"},"modified":"2023-09-01T13:19:45","modified_gmt":"2023-09-01T11:19:45","slug":"acquistare-sennheiser-lsp-500-pro","status":"publish","type":"page","link":"https:\/\/konferenztechnik.de\/it\/acquistare-sennheiser-lsp-500-pro\/","title":{"rendered":"Acquista Sennheiser LSP 500 PRO"},"content":{"rendered":"<h1>Acquista Sennheiser LSP 500 PRO<\/h1>\n<h2>Sistema audio wireless per riunioni, conferenze ed eventi. Funzionamento a batteria, controllo tramite app, utilizzo flessibile, pacchetti PCS, consegna rapida.<\/h2>\n<p><!-- <img decoding=\"async\" src=\"https:\/\/konferenztechnik.de\/wp-content\/uploads\/2019\/09\/sennheiser-lsp-500-pro-kaufen-und-angebote-1.jpg\" alt=\"Sennheiser LSP 500 PRO kaufen\" class=\"aligncenter size-full wp-image-15112\" title=\"\"> --><\/p>\n<p>Si prega di notare che Sennheiser ha dismesso la serie LSP 500 PRO con effetto immediato. Tuttavia, abbiamo in serbo per voi delle alternative. Basta mettersi in contatto con noi.<\/p>\n<p>Tuttavia, i servizi di garanzia e gli ordini di assistenza ancora in corso restano validi per il periodo specificato.<\/p>\n<p>L'LSP 500 PRO di Sennheiser \u00e8 un sistema audio completo che pu\u00f2 essere utilizzato completamente senza fili. Gli altoparlanti e i microfoni sono alimentati da una batteria ricaricabile. I ricevitori dei microfoni wireless sono integrati nel retro dei diffusori.<\/p>\n<h2>Sennheiser LSP 500 PRO \u2013 Offerte e pacchetti PCS (non pi\u00f9 disponibili)<\/h2>\n<div class=\"bundle-container\">\n<div class=\"bundle-box\"><span class=\"no-hint\">Come integratore<\/span><\/p>\n<div class=\"bundle-box-head\"><span class=\"bundle-title\">LSP 500 Base<\/span><\/div>\n<figure class=\"bundle-pic\"><img fetchpriority=\"high\" decoding=\"async\" width=\"500\" height=\"280\" class=\"alignleft size-full wp-image-15171\" src=\"https:\/\/konferenztechnik.de\/wp-content\/uploads\/2019\/09\/sennheiser-lsp-500-pro-basis-angebot.jpg\" alt=\"sennheiser-lsp-500-pro-basic-offerta\" title=\"\" srcset=\"https:\/\/konferenztechnik.de\/wp-content\/uploads\/2019\/09\/sennheiser-lsp-500-pro-basis-angebot.jpg 500w, https:\/\/konferenztechnik.de\/wp-content\/uploads\/2019\/09\/sennheiser-lsp-500-pro-basis-angebot-300x168.jpg 300w\" sizes=\"(max-width: 500px) 100vw, 500px\" \/><\/figure>\n<div class=\"bundle-box-body\">1 altoparlante (mono)<br \/>\nFunzionamento a batteria<br \/>\nStreaming via Bluetooth<br \/>\nRiproduzione e registrazione audio<\/div>\n<\/div>\n<div class=\"bundle-box bundle-box-hint\"><span class=\"hint\">La nostra raccomandazione<\/span><\/p>\n<div class=\"bundle-box-head\"><span class=\"bundle-title\">LSP 500 Azione<\/span><\/div>\n<figure class=\"bundle-pic\"><img decoding=\"async\" width=\"500\" height=\"280\" class=\"alignleft size-full wp-image-15174\" src=\"https:\/\/konferenztechnik.de\/wp-content\/uploads\/2019\/09\/sennheiser-lsp-500-pro-start-angebot.jpg\" alt=\"\" title=\"\" srcset=\"https:\/\/konferenztechnik.de\/wp-content\/uploads\/2019\/09\/sennheiser-lsp-500-pro-start-angebot.jpg 500w, https:\/\/konferenztechnik.de\/wp-content\/uploads\/2019\/09\/sennheiser-lsp-500-pro-start-angebot-300x168.jpg 300w\" sizes=\"(max-width: 500px) 100vw, 500px\" \/><\/figure>\n<div class=\"bundle-box-body\">2 altoparlanti (stereo)<br \/>\nFunzionamento a batteria<br \/>\nStreaming via Bluetooth<br \/>\nRiproduzione e registrazione audio<br \/>\n1 microfono e ricevitore wireless<br \/>\n2 supporti per diffusori<\/div>\n<\/div>\n<div class=\"bundle-box\"><span class=\"no-hint\">Esattamente secondo le vostre idee<\/span><\/p>\n<div class=\"bundle-box-head\"><span class=\"bundle-title\">LSP 500 personalizzato<\/span><\/div>\n<figure class=\"bundle-pic\"><img decoding=\"async\" width=\"500\" height=\"280\" class=\"alignleft size-full wp-image-15176\" src=\"https:\/\/konferenztechnik.de\/wp-content\/uploads\/2019\/09\/sennheiser-lsp-500-pro-custom-angebot.jpg\" alt=\"\" title=\"\" srcset=\"https:\/\/konferenztechnik.de\/wp-content\/uploads\/2019\/09\/sennheiser-lsp-500-pro-custom-angebot.jpg 500w, https:\/\/konferenztechnik.de\/wp-content\/uploads\/2019\/09\/sennheiser-lsp-500-pro-custom-angebot-300x168.jpg 300w\" sizes=\"(max-width: 500px) 100vw, 500px\" \/><\/figure>\n<div class=\"bundle-box-body\">Configurato secondo i vostri desideri<br \/>\nFunzionamento a batteria<br \/>\nStreaming via Bluetooth<br \/>\nRiproduzione e registrazione audio<\/div>\n<\/div>\n<\/div>\n<p>Il diffusore Sennheiser LSP 500 PRO viene consegnato dalla fabbrica nella configurazione di base. Questa \u00e8 la configurazione che riceverete anche da vari rivenditori online se trovate il diffusore con un motore di ricerca.<\/p>\n<p>Per sfruttare appieno le prestazioni e il potenziale del sistema audio, vi consigliamo di optare per uno dei nostri bundle o di farci configurare il sistema in base alle vostre esigenze. Potete quindi ordinare il sistema preconfigurato direttamente da noi. Oppure potete farlo integrare nei vostri locali dai nostri tecnici. Offriamo anche corsi di formazione e addestramento per voi e i vostri dipendenti. Contattateci per un preventivo non vincolante.<\/p>\n<h2>+ PCS offre un servizio completo di assistenza per l'LSP 500 PRO<\/h2>\n<div id=\"newscontainer\">\n<div class=\"newskasten\">\n<h3>Preconfigurazione<\/h3>\n<p>Iniziare subito<br \/>\nTutti i dispositivi cablati<br \/>\nRegistrazione della frequenza<br \/>\nBatterie cariche<\/p>\n<p><span class=\"popmake-13384\"> Richiedi ora <\/span><\/p>\n<\/div>\n<div class=\"newskasten\">\n<h3>Formazione<\/h3>\n<p>Istruzioni in loco<br \/>\nFormazione di tutti i dipendenti<br \/>\nRiunioni di successo<\/p>\n<p><span class=\"popmake-13384\"> Richiedi ora <\/span><\/p>\n<\/div>\n<div class=\"newskasten\">\n<h3>Installazione<\/h3>\n<p>Integrazione nelle vostre stanze<br \/>\nSuono ottimale<br \/>\nMiglior posizionamento<\/p>\n<p><span class=\"popmake-13384\"> Richiedi ora <\/span><\/p>\n<\/div>\n<div class=\"newskasten\">\n<h3>Servizio<\/h3>\n<p>Aiuto rapido<br \/>\nPer telefono\/sul posto<br \/>\nDiversi livelli di supporto prenotabili<\/p>\n<p><span class=\"popmake-13384\"> Richiedi ora <\/span><\/p>\n<\/div>\n<\/div>\n<p>Non dovrete preoccuparvi di nulla e potrete iniziare subito a utilizzare il vostro nuovo sistema. Ci occupiamo della preconfigurazione e della registrazione delle frequenze radio presso la Federal Network Agency, se necessario. I nostri tecnici installeranno il sistema presso la vostra sede e organizzeranno corsi di formazione per voi e i vostri dipendenti. Offriamo anche il nostro servizio di assistenza rapida PCS. Se qualcosa non funziona, veniamo ad aiutarvi. \u00c8 sufficiente prenotare questi servizi opzionali in aggiunta al vostro ordine.<\/p>\n<h2>Caratteristiche principali del sistema audio Sennheiser LSP 500 PRO<\/h2>\n<p><img decoding=\"async\" class=\"alignleft size-full wp-image-15121\" src=\"https:\/\/konferenztechnik.de\/wp-content\/uploads\/2019\/09\/sennheiser-lsp-500-pro-ansicht-1-1.jpg\" alt=\"Sennheiser LSP 500 PRO Vista\" title=\"\"><\/p>\n<p><span style=\"font-family: AvenirLTPro-LightOblique; font-size: 1.1em; color: #ac145a;\">Sistema audio all-in-one portatile, wireless e flessibile.<\/span><\/p>\n<p>Con l'LSP 500 PRO di Sennheiser si acquistano solo i componenti necessari. Se le vostre esigenze cambiano, il sistema pu\u00f2 essere ampliato in modo flessibile in qualsiasi momento. Per l'LSP 500 PRO \u00e8 disponibile un'ampia gamma di accessori, come carrelli di trasporto, coperture protettive e batterie di ricambio.<\/p>\n<p><span class=\"popmake-13384\"> Richiedi ora gratuitamente <\/span><\/p>\n<p><img decoding=\"async\" class=\"alignleft size-full wp-image-15104\" src=\"https:\/\/konferenztechnik.de\/wp-content\/uploads\/2019\/09\/Sennheiser-LSP-500-PRO-kaufen-bei-pcs-1-1.jpg\" alt=\"Acquistare Sennheiser LSP 500 PRO presso PCS\" title=\"\"><\/p>\n<p><span style=\"font-family: AvenirLTPro-LightOblique; font-size: 1.1em; color: #ac145a;\">Controllo tramite app, non \u00e8 necessaria una console di missaggio.<\/span><\/p>\n<p>L'intero sistema audio pu\u00f2 essere livellato e controllato tramite un'app. Non \u00e8 necessaria una console di mixaggio aggiuntiva per controllare il sistema. \u00c8 possibile collegare tra loro fino a 20 diffusori, in modo da coprire anche riunioni o eventi di grandi dimensioni.<\/p>\n<p><img decoding=\"async\" class=\"aligncenter size-full wp-image-15117\" src=\"https:\/\/konferenztechnik.de\/wp-content\/uploads\/2019\/09\/Sennheiser_LSP_500_PRO_anschluesse-rueckseite-1.jpg\" alt=\"Sennheiser LSP 500 PRO Connessioni posteriori\" title=\"\"><\/p>\n<p><span style=\"font-family: AvenirLTPro-LightOblique; font-size: 1.1em; color: #ac145a;\">Streaming musicale tramite Bluetooth e UHF.<\/span><\/p>\n<p>Un ricevitore Bluetooth integrato consente una semplice riproduzione da sorgenti audio esterne (ad esempio, smartphone o laptop). In alternativa, \u00e8 possibile utilizzare il lettore e il registratore audio integrati (per la riproduzione e la registrazione).<\/p>\n<p><img loading=\"lazy\" decoding=\"async\" width=\"800\" height=\"207\" class=\"alignleft size-full wp-image-15271\" src=\"https:\/\/konferenztechnik.de\/wp-content\/uploads\/2019\/09\/sennheiser-lsp-500-pro-anschluesse-rueckseite-1.jpg\" alt=\"Sennheiser LSP 500 PRO Connessioni posteriori\" title=\"\" srcset=\"https:\/\/konferenztechnik.de\/wp-content\/uploads\/2019\/09\/sennheiser-lsp-500-pro-anschluesse-rueckseite-1.jpg 800w, https:\/\/konferenztechnik.de\/wp-content\/uploads\/2019\/09\/sennheiser-lsp-500-pro-anschluesse-rueckseite-1-300x78.jpg 300w, https:\/\/konferenztechnik.de\/wp-content\/uploads\/2019\/09\/sennheiser-lsp-500-pro-anschluesse-rueckseite-1-768x199.jpg 768w\" sizes=\"(max-width: 800px) 100vw, 800px\" \/><\/p>\n<p><span style=\"font-family: AvenirLTPro-LightOblique; font-size: 1.1em; color: #ac145a;\">Connessioni per ogni situazione.<\/span><\/p>\n<p>Connessioni per un microfono cablato, supporti di memorizzazione USB (da utilizzare come lettore e registratore MP3), streaming via Bluetooth, ingresso e uscita stereo cinch per il lettore CD o altri lettori, sollevamento da terra per evitare loop di ronzio, 3 slot per microfoni wireless.<\/p>\n<h2>Accessori per l'LSP 500 PRO<\/h2>\n<p><img loading=\"lazy\" decoding=\"async\" width=\"1200\" height=\"430\" class=\"alignleft size-full wp-image-15275\" src=\"https:\/\/konferenztechnik.de\/wp-content\/uploads\/2019\/09\/sennheiser-lsp-500-pro-zubehoer.jpg\" alt=\"Accessori Sennheiser LSP 500 PRO\" title=\"\" srcset=\"https:\/\/konferenztechnik.de\/wp-content\/uploads\/2019\/09\/sennheiser-lsp-500-pro-zubehoer.jpg 1200w, https:\/\/konferenztechnik.de\/wp-content\/uploads\/2019\/09\/sennheiser-lsp-500-pro-zubehoer-300x108.jpg 300w, https:\/\/konferenztechnik.de\/wp-content\/uploads\/2019\/09\/sennheiser-lsp-500-pro-zubehoer-1024x367.jpg 1024w, https:\/\/konferenztechnik.de\/wp-content\/uploads\/2019\/09\/sennheiser-lsp-500-pro-zubehoer-768x275.jpg 768w\" sizes=\"(max-width: 1200px) 100vw, 1200px\" \/><\/p>\n<p>1. il Sennheiser LSP PRO 500<br \/>\n2. sennheiser LAS 500, copridivano bianco<br \/>\n3. sennheiser LAP 500 copertura protettiva \u2013 nero<\/p>\n<p>4 Carrello Sennheiser LAB 500 lato anteriore<br \/>\n5 Pannello posteriore del carrello Sennheiser LAB 500<\/p>\n<p>Per l'LSP 500 Pro \u00e8 disponibile un'ampia gamma di accessori: Trolley, coperture protettive, supporti per truss, treppiedi e molto altro ancora. Chiedeteci pure, saremo lieti di aiutarvi.<\/p>\n<h2>Dati tecnici del sistema audio Sennheiser LSP 500 PRO<\/h2>\n<table class=\"tg\">\n<tbody>\n<tr>\n<td><strong>Dimensioni<\/strong><\/td>\n<td>290 x 550 x 320 mm<\/td>\n<\/tr>\n<tr>\n<td><strong>Portata di trasmissione (audio)<\/strong><\/td>\n<td>65 \u2013 18.000 Hz<\/td>\n<\/tr>\n<tr>\n<td><strong>Peso<\/strong><\/td>\n<td>circa 13 kg<\/td>\n<\/tr>\n<tr>\n<td><strong>Tempo di ricarica<\/strong><\/td>\n<td>circa 2,5 ore per batteria<\/td>\n<\/tr>\n<tr>\n<td><strong>Potenza di uscita (audio)<\/strong><\/td>\n<td>Da 55 a 120 W (picco)<\/td>\n<\/tr>\n<tr>\n<td><strong>Batteria<\/strong><\/td>\n<td>2 batterie agli ioni di litio 14,4 V \/ 4,4 Ah<\/td>\n<\/tr>\n<tr>\n<td><strong>Tipo di altoparlante<\/strong><\/td>\n<td>Woofer da 20,3 cm, tweeter da 19 mm<\/td>\n<\/tr>\n<\/tbody>\n<\/table>\n<h2>Download<\/h2>\n<p><a href=\"https:\/\/konferenztechnik.de\/wp-content\/uploads\/2019\/09\/LSP_500_PRO_Manual_03_2019_DE-1.pdf\" target=\"_blank\" rel=\"noopener noreferrer\">Istruzioni per l'uso Manuale Sennheiser LSP 500 PRO (7,5 MB)<\/a><\/p>\n<p><a href=\"https:\/\/konferenztechnik.de\/wp-content\/uploads\/2019\/09\/LSP_500_product_sheet-1.pdf\" target=\"_blank\" rel=\"noopener noreferrer\">Opuscolo Sennheiser LSP 500 PRO (2,4 MB)<\/a><\/p>\n<div class=\"boxcontainer\">\n<div class=\"box1-2\">\n<h1>Persona di contatto<\/h1>\n<\/div>\n<div class=\"box1-2-order\">\n<h1>Ulteriori link<\/h1>\n<\/div>\n<div class=\"box1-4\">\n<div class=\"box-head\">Contatto a livello nazionale<\/div>\n<\/div>\n<div class=\"box2-4-2\" style=\"order: 1;\">\n<div class=\"weiterlinks\"><a title=\"Distribuzione per gruppo di prodotti\" href=\"\/it\/gruppi-di-prodotti\/\">Distribuzione per gruppo di prodotti<\/a><br \/>\n<a title=\"Distribuzione per produttore\" href=\"\/it\/produttore\/\">Distribuzione per produttore<\/a><br \/>\n<a title=\"Prodotti personalizzati, manutenzione e riparazione\" href=\"\/it\/servizi-2\/manutenzione-e-riparazione\/\">Prodotti personalizzati, manutenzione e riparazione<\/a><br \/>\n<a title=\"10 buoni motivi per il PCS\" href=\"\/it\/chi-siamo-2\/10-buone-ragioni-per-i-pc\/\">10 buoni motivi per il PCS<\/a><br \/>\n<a title=\"Riferimenti\" href=\"\/it\/chi-siamo-2\/elenco-di-riferimento-installazione\/\">Riferimenti Installazione e integrazione<\/a><br \/>\n<a title=\"PCS: Tutti i servizi in sintesi\" href=\"\/it\/servizi-2\/\">PCS: Tutti i servizi in sintesi<\/a><\/p>\n<\/div>\n<\/div>\n<\/div>","protected":false},"excerpt":{"rendered":"<p>Sennheiser LSP 500 PRO kaufen Kabelloses Audiosystem f\u00fcr Meetings, Konferenzen und Events. L\u00e4uft mit Akku, Steuerung per App, flexibel einsetzbar, PCS-Bundles, schnelle Lieferung. Bitte beachten Sie, dass Sennheiser die LSP 500 PRO Serie ab sofort nicht mehr anbietet und weiterentwickelt. Wir haben aber Alternativen f\u00fcr Sie im Angebot. Melden Sie sich einfach bei uns. Noch [&hellip;]<\/p>","protected":false},"author":1,"featured_media":45482,"parent":0,"menu_order":0,"comment_status":"closed","ping_status":"closed","template":"","meta":{"_acf_changed":false,"footnotes":""},"class_list":["post-15284","page","type-page","status-publish","has-post-thumbnail","hentry"],"acf":[],"_links":{"self":[{"href":"https:\/\/konferenztechnik.de\/it\/wp-json\/wp\/v2\/pages\/15284","targetHints":{"allow":["GET"]}}],"collection":[{"href":"https:\/\/konferenztechnik.de\/it\/wp-json\/wp\/v2\/pages"}],"about":[{"href":"https:\/\/konferenztechnik.de\/it\/wp-json\/wp\/v2\/types\/page"}],"author":[{"embeddable":true,"href":"https:\/\/konferenztechnik.de\/it\/wp-json\/wp\/v2\/users\/1"}],"replies":[{"embeddable":true,"href":"https:\/\/konferenztechnik.de\/it\/wp-json\/wp\/v2\/comments?post=15284"}],"version-history":[{"count":0,"href":"https:\/\/konferenztechnik.de\/it\/wp-json\/wp\/v2\/pages\/15284\/revisions"}],"wp:featuredmedia":[{"embeddable":true,"href":"https:\/\/konferenztechnik.de\/it\/wp-json\/wp\/v2\/media\/45482"}],"wp:attachment":[{"href":"https:\/\/konferenztechnik.de\/it\/wp-json\/wp\/v2\/media?parent=15284"}],"curies":[{"name":"wp","href":"https:\/\/api.w.org\/{rel}","templated":true}]}}