{"id":15570,"date":"2020-01-13T14:32:45","date_gmt":"2020-01-13T13:32:45","guid":{"rendered":"https:\/\/www.konferenztechnik.de\/?page_id=15570"},"modified":"2023-08-29T14:42:19","modified_gmt":"2023-08-29T12:42:19","slug":"formazione","status":"publish","type":"page","link":"https:\/\/konferenztechnik.de\/it\/formazione\/","title":{"rendered":"Formazione"},"content":{"rendered":"<div data-elementor-type=\"wp-page\" data-elementor-id=\"15570\" class=\"elementor elementor-15570\" data-elementor-post-type=\"page\">\n\t\t\t\t\t\t<section data-particle_enable=\"false\" data-particle-mobile-disabled=\"false\" class=\"elementor-section elementor-top-section elementor-element elementor-element-64b4538a elementor-section-boxed elementor-section-height-default elementor-section-height-default\" data-id=\"64b4538a\" data-element_type=\"section\">\n\t\t\t\t\t\t<div class=\"elementor-container elementor-column-gap-default\">\n\t\t\t\t\t<div class=\"elementor-column elementor-col-100 elementor-top-column elementor-element elementor-element-6aa4f7d1\" data-id=\"6aa4f7d1\" data-element_type=\"column\">\n\t\t\t<div class=\"elementor-widget-wrap elementor-element-populated\">\n\t\t\t\t\t\t<div class=\"elementor-element elementor-element-24a31a8 elementor-widget elementor-widget-text-editor\" data-id=\"24a31a8\" data-element_type=\"widget\" data-widget_type=\"text-editor.default\">\n\t\t\t\t<div class=\"elementor-widget-container\">\n\t\t\t\t\t\t\t\t\t<h1>Formazione e servizi per gli interpreti<\/h1>\n<p>PCS offre corsi di formazione per tecnici, interpreti, presentatori, manager e personale che lavora nel settore teatrale e alberghiero.<\/p>\n<p>Organizziamo sessioni di formazione di gruppo e individuali nei nostri e nei vostri uffici. Saper utilizzare e gestire la tecnologia per conferenze \u00e8 un fattore cruciale per il successo della vostra presentazione.<\/p>\n<p>Siete un interprete che sta pianificando una missione o un evento tecnico? Avete bisogno di progetti o avete domande sulle normative relative ai luoghi di riunione? Contattate il nostro servizio di formazione: qui troverete sempre un'oreille attenta.<\/p>\n<p><br>\n<img decoding=\"async\" alt=\"formazione-n\" src=\"https:\/\/konferenztechnik.de\/wp-content\/uploads\/2016\/10\/sprecherkabine-masse.jpg\" title=\"\"><br>\n[\/colonna]<br>\n[spacer size=\"20\u2033]<\/p>\n<p><img decoding=\"async\" alt=\"\" src=\"https:\/\/konferenztechnik.de\/wp-content\/uploads\/2016\/10\/dolmetscherschulung-1.jpg\" title=\"\"><\/p>\n<p><br><\/p>\n<p>Il PCS attribuisce grande importanza alla formazione nel campo della tecnologia delle conferenze e ha sviluppato un programma di formazione interessante ed efficace.<\/p>\t\t\t\t\t\t\t\t<\/div>\n\t\t\t\t<\/div>\n\t\t\t\t\t<\/div>\n\t\t<\/div>\n\t\t\t\t\t<\/div>\n\t\t<\/section>\n\t\t\t\t<\/div>","protected":false},"excerpt":{"rendered":"<p>Formation et service pour les interpr\u00e8tes PCS offre des cours de formation pour les techniciens, les interpr\u00e8tes, les conf\u00e9renciers, les manager, le personnel travaillant dans les th\u00e9\u00e2tres ou l\u2019industrie h\u00f4teli\u00e8re. Nous organisons des formations de groupe et individuelles dans nos locaux et dans vos locaux. Savoir utiliser et manipuler la technologie de conf\u00e9rence est un [&hellip;]<\/p>","protected":false},"author":1,"featured_media":45482,"parent":0,"menu_order":0,"comment_status":"closed","ping_status":"closed","template":"","meta":{"_acf_changed":false,"footnotes":""},"class_list":["post-15570","page","type-page","status-publish","has-post-thumbnail","hentry"],"acf":[],"_links":{"self":[{"href":"https:\/\/konferenztechnik.de\/it\/wp-json\/wp\/v2\/pages\/15570","targetHints":{"allow":["GET"]}}],"collection":[{"href":"https:\/\/konferenztechnik.de\/it\/wp-json\/wp\/v2\/pages"}],"about":[{"href":"https:\/\/konferenztechnik.de\/it\/wp-json\/wp\/v2\/types\/page"}],"author":[{"embeddable":true,"href":"https:\/\/konferenztechnik.de\/it\/wp-json\/wp\/v2\/users\/1"}],"replies":[{"embeddable":true,"href":"https:\/\/konferenztechnik.de\/it\/wp-json\/wp\/v2\/comments?post=15570"}],"version-history":[{"count":0,"href":"https:\/\/konferenztechnik.de\/it\/wp-json\/wp\/v2\/pages\/15570\/revisions"}],"wp:featuredmedia":[{"embeddable":true,"href":"https:\/\/konferenztechnik.de\/it\/wp-json\/wp\/v2\/media\/45482"}],"wp:attachment":[{"href":"https:\/\/konferenztechnik.de\/it\/wp-json\/wp\/v2\/media?parent=15570"}],"curies":[{"name":"wp","href":"https:\/\/api.w.org\/{rel}","templated":true}]}}