{"id":15875,"date":"2020-03-04T15:27:31","date_gmt":"2020-03-04T14:27:31","guid":{"rendered":"https:\/\/www.konferenztechnik.de\/?page_id=15875"},"modified":"2020-03-04T15:27:31","modified_gmt":"2020-03-04T14:27:31","slug":"affittare-la-tecnologia-di-streaming","status":"publish","type":"page","link":"https:\/\/konferenztechnik.de\/it\/affittare-la-tecnologia-di-streaming\/","title":{"rendered":"Tecnologia di streaming a noleggio"},"content":{"rendered":"<h1>Noleggio tecnologia streaming \u2013 Streaming di eventi, conferenze e riunioni<\/h1>\n<h2>Collegare dipendenti, clienti, reparti e filiali dell'azienda in tutto il mondo e rafforzare la comunicazione attraverso lo streaming<\/h2>\n<div class=\"call-action-slider-img\">\n<img fetchpriority=\"high\" decoding=\"async\" width=\"940\" height=\"411\" src=\"https:\/\/konferenztechnik.de\/wp-content\/uploads\/2013\/09\/b061.jpg\" alt=\"Tecnologia di streaming a noleggio\" class=\"alignleft size-full wp-image-3201\" title=\"\" srcset=\"https:\/\/konferenztechnik.de\/wp-content\/uploads\/2013\/09\/b061.jpg 940w, https:\/\/konferenztechnik.de\/wp-content\/uploads\/2013\/09\/b061-300x131.jpg 300w, https:\/\/konferenztechnik.de\/wp-content\/uploads\/2013\/09\/b061-768x336.jpg 768w\" sizes=\"(max-width: 940px) 100vw, 940px\" \/><br \/>\n<button class=\"btn btn-nopic popmake-14167\">Richiedete subito un preventivo &#x9B;<\/button>\n<\/div>\n<p>Noleggiate la tecnologia di streaming di PCS: trasmettiamo il vostro evento online: trasmettete conferenze, riunioni ed eventi in diretta su Internet e rendeteli disponibili per una visione successiva. Permettete ai partecipanti internazionali, ai dipendenti di altre filiali o a un pubblico pi\u00f9 vasto di partecipare facilmente ai vostri eventi.<\/p>\n<h2><strong>Streaming audio<\/strong><\/h2>\n<div class=\"call-action-slider-img\">\n<img decoding=\"async\" src=\"https:\/\/konferenztechnik.de\/wp-content\/uploads\/2013\/06\/06-ueber-uns-technikerplatz.jpg\" alt=\"Tecnici al lavoro.\" width=\"940\" height=\"420\" class=\"size-full wp-image-233\" title=\"\" srcset=\"https:\/\/konferenztechnik.de\/wp-content\/uploads\/2013\/06\/06-ueber-uns-technikerplatz.jpg 940w, https:\/\/konferenztechnik.de\/wp-content\/uploads\/2013\/06\/06-ueber-uns-technikerplatz-300x134.jpg 300w, https:\/\/konferenztechnik.de\/wp-content\/uploads\/2013\/06\/06-ueber-uns-technikerplatz-768x343.jpg 768w\" sizes=\"(max-width: 940px) 100vw, 940px\" \/><br \/>\n<button class=\"btn btn-nopic popmake-14167\">Richiedete subito informazioni sui prezzi &#x9B;<\/button>\n<\/div>\n<p>Fornite al vostro pubblico un flusso audio. Possono seguire l'evento in diretta o con un ritardo.<\/p>\n<h2><strong>Streaming video<\/strong><\/h2>\n<div class=\"call-action-slider-img\">\n<img decoding=\"async\" src=\"https:\/\/konferenztechnik.de\/wp-content\/uploads\/2013\/09\/b02.jpg\" alt=\"Noleggiate la tecnologia di streaming di PCS\" width=\"940\" height=\"411\" class=\"alignleft size-full wp-image-3151\" title=\"\" srcset=\"https:\/\/konferenztechnik.de\/wp-content\/uploads\/2013\/09\/b02.jpg 940w, https:\/\/konferenztechnik.de\/wp-content\/uploads\/2013\/09\/b02-300x131.jpg 300w, https:\/\/konferenztechnik.de\/wp-content\/uploads\/2013\/09\/b02-768x336.jpg 768w\" sizes=\"(max-width: 940px) 100vw, 940px\" \/><br \/>\n<button class=\"btn btn-nopic popmake-14167\">Richiedete subito un preventivo &#x9B;<\/button>\n<\/div>\n<p>Oltre al suono, viene trasmessa anche l'immagine. Sono possibili sia trasmissioni semplici con poche postazioni di ripresa, sia produzioni elaborate con registi, cameraman e mixer video propri. Se cercate ulteriori informazioni sulle videoconferenze, potete trovarle qui: <a href=\"https:\/\/konferenztechnik.de\/it\/videoconferenza\/\">Noleggio di tecnologia per videoconferenze<\/a>.<\/p>\n<h2><strong>Interpretazione a distanza<\/strong><\/h2>\n<div class=\"call-action-slider-img\">\n<img loading=\"lazy\" decoding=\"async\" src=\"https:\/\/konferenztechnik.de\/wp-content\/uploads\/2013\/06\/11-simultanevent-konferenztechnik.jpg\" alt=\"Supervisione di eventi, conferenze e funzioni simultanee.\" width=\"940\" height=\"420\" class=\"size-full wp-image-266\" title=\"\" srcset=\"https:\/\/konferenztechnik.de\/wp-content\/uploads\/2013\/06\/11-simultanevent-konferenztechnik.jpg 940w, https:\/\/konferenztechnik.de\/wp-content\/uploads\/2013\/06\/11-simultanevent-konferenztechnik-300x134.jpg 300w, https:\/\/konferenztechnik.de\/wp-content\/uploads\/2013\/06\/11-simultanevent-konferenztechnik-768x343.jpg 768w\" sizes=\"(max-width: 940px) 100vw, 940px\" \/><br \/>\n<button class=\"btn btn-nopic popmake-14167\">Richiedete subito un preventivo &#x9B;<\/button>\n<\/div>\n<p>Offriamo interpretariato a distanza da tutte le filiali PCS a livello nazionale. Se necessario, utilizzate i nostri HUB centralizzati per l'interpretariato a distanza.<\/p>\n<p>Con l'interpretariato a distanza (RSI), gli interpreti lavorano indipendentemente dal luogo dell'evento. Il loro posto di lavoro pu\u00f2 trovarsi in una sala vicina, in un'altra parte dell'edificio o addirittura in un luogo completamente diverso. Si tratta del cosiddetto interpretariato a distanza. I segnali audio e video necessari vengono convertiti digitalmente da noi e trasmessi in streaming in qualsiasi luogo tramite la rete dell'edificio o Internet, per poi essere rispediti indietro. Idealmente, il lavoro viene svolto dai cosiddetti studi di interpretariato (hub di interpretariato).<\/p>\n<p><a href=\"https:\/\/konferenztechnik.de\/it\/interpretariato-a-distanza\/\">Ulteriori informazioni<\/a><\/p>\n<h2><strong>Studio remoto \/ HUB di interpretariato remoto<\/strong><\/h2>\n<p>Ora offriamo studi di interpretariato in tutte le filiali PCS. Utilizzate i nostri HUB remoti a Berlino, Monaco o D\u00fcsseldorf per far interpretare il vostro evento simultaneamente a livello nazionale o mondiale. Possiamo anche allestire i nostri HUB temporanei nel vostro quartiere o nella posizione migliore per gli interpreti.<\/p>\n<p><a href=\"https:\/\/konferenztechnik.de\/it\/interpretariato-a-distanza\/\">Ulteriori informazioni<\/a><\/p>\n<p>Se si desidera utilizzare l'interpretariato a distanza, \u00e8 necessario che gli interpreti dispongano di una postazione di lavoro indipendente dalla sede. Questa pu\u00f2 essere allestita in una sala vicina o in un'altra parte dell'edificio oppure all'esterno. Se necessario, possiamo allestire un centro di interpretariato esterno, mobile e temporaneo \u2013, noto anche come \"studio di interpretariato\". Questo studio sar\u00e0 adattato in termini di dimensioni e portata a seconda delle esigenze.<\/p>\n<p>\u00c8 importante che il luogo di lavoro degli interpreti soddisfi gli standard di qualit\u00e0 richiesti per l'interpretazione simultanea. Le parole chiave sono: Acustica della sala, qualit\u00e0 dei flussi audio e video e tecnologia di interpretazione. Questi standard sono regolamentati dalle norme ISO, che utilizziamo come guida per l'allestimento della postazione di lavoro. Se avete idee pi\u00f9 specifiche, possiamo anche allestire gli HUB\/studios secondo i vostri desideri.<\/p>\n<h2><strong>Conferenza telefonica<\/strong><\/h2>\n<div class=\"call-action-slider-img\">\n<img loading=\"lazy\" decoding=\"async\" width=\"1024\" height=\"385\" src=\"https:\/\/konferenztechnik.de\/wp-content\/uploads\/2017\/02\/sennheiserteamconnectwireless-1024x385.jpg\" alt=\"\" class=\"alignleft size-large wp-image-9113\" title=\"\" srcset=\"https:\/\/konferenztechnik.de\/wp-content\/uploads\/2017\/02\/sennheiserteamconnectwireless-1024x385.jpg 1024w, https:\/\/konferenztechnik.de\/wp-content\/uploads\/2017\/02\/sennheiserteamconnectwireless-300x113.jpg 300w, https:\/\/konferenztechnik.de\/wp-content\/uploads\/2017\/02\/sennheiserteamconnectwireless-768x288.jpg 768w, https:\/\/konferenztechnik.de\/wp-content\/uploads\/2017\/02\/sennheiserteamconnectwireless.jpg 1201w\" sizes=\"(max-width: 1024px) 100vw, 1024px\" \/><br \/>\n<button class=\"btn btn-nopic popmake-14167\">Richiedete subito un preventivo &#x9B;<\/button>\n<\/div>\n<p>In una conferenza telefonica, il segnale audio viene trasmesso anche via Internet e quindi reso disponibile alla postazione remota, oppure la trasmissione avviene attraverso la linea telefonica. Lavoriamo con ibridi telefonici digitali (o analogici, se necessario) ad alte prestazioni o con altri sistemi basati sul web.<\/p>\n<p>[spacer size=\"20\u2033]<br \/>\n[chiaro]<\/p>\n<div class=\"boxcontainer\">\n<div class=\"box1-4\">\n<div class=\"box-head\">Streaming e RSI<\/div>\n<p><img loading=\"lazy\" decoding=\"async\" width=\"800\" height=\"533\" src=\"https:\/\/konferenztechnik.de\/wp-content\/uploads\/2013\/09\/christian_becker_pcs-gmbh.jpg\" alt=\"christian_becker_pcs-gmbh\" class=\"alignleft size-full wp-image-2293\" title=\"\" srcset=\"https:\/\/konferenztechnik.de\/wp-content\/uploads\/2013\/09\/christian_becker_pcs-gmbh.jpg 800w, https:\/\/konferenztechnik.de\/wp-content\/uploads\/2013\/09\/christian_becker_pcs-gmbh-300x200.jpg 300w, https:\/\/konferenztechnik.de\/wp-content\/uploads\/2013\/09\/christian_becker_pcs-gmbh-768x512.jpg 768w\" sizes=\"(max-width: 800px) 100vw, 800px\" \/><br \/>\nChristian Becker<br \/>\nResponsabile affitti<br \/>\nTelefono +49 211 737798 17<br \/>\n<span class=\"volleansicht\">e-mail <a href=\"mailto:becker@konferenztechnik.de\" onclick=\"ga('send', 'event', 'Email-Klick', 'Kontakt Becker');\">scrivere<\/a><br \/><\/span><br \/>\n<span class=\"mobileansicht\">e-mail <a href=\"mailto:becker@konferenztechnik.de\" onclick=\"ga('send', 'event', 'Email-Klick', 'Kontakt Becker');\">scrivere<\/a><br \/><\/span>\n<\/div>\n<\/div>","protected":false},"excerpt":{"rendered":"<p>Noleggio di tecnologia di streaming \u2013 Streaming di eventi, conferenze e riunioni Mettete in rete dipendenti, clienti, reparti e filiali aziendali in tutto il mondo e rafforzate la comunicazione grazie allo streaming Richiedete subito un preventivo &#x9B; Noleggiate la tecnologia di streaming di PCS: trasmettiamo il vostro evento online: trasmettete conferenze, riunioni ed eventi in diretta su Internet e rendeteli disponibili per una visione successiva. Lasciate che il pubblico internazionale [...]<\/p>","protected":false},"author":1,"featured_media":45482,"parent":0,"menu_order":0,"comment_status":"closed","ping_status":"closed","template":"page-right-sidebar.php","meta":{"_acf_changed":false,"footnotes":""},"class_list":["post-15875","page","type-page","status-publish","has-post-thumbnail","hentry"],"acf":[],"_links":{"self":[{"href":"https:\/\/konferenztechnik.de\/it\/wp-json\/wp\/v2\/pages\/15875","targetHints":{"allow":["GET"]}}],"collection":[{"href":"https:\/\/konferenztechnik.de\/it\/wp-json\/wp\/v2\/pages"}],"about":[{"href":"https:\/\/konferenztechnik.de\/it\/wp-json\/wp\/v2\/types\/page"}],"author":[{"embeddable":true,"href":"https:\/\/konferenztechnik.de\/it\/wp-json\/wp\/v2\/users\/1"}],"replies":[{"embeddable":true,"href":"https:\/\/konferenztechnik.de\/it\/wp-json\/wp\/v2\/comments?post=15875"}],"version-history":[{"count":0,"href":"https:\/\/konferenztechnik.de\/it\/wp-json\/wp\/v2\/pages\/15875\/revisions"}],"wp:featuredmedia":[{"embeddable":true,"href":"https:\/\/konferenztechnik.de\/it\/wp-json\/wp\/v2\/media\/45482"}],"wp:attachment":[{"href":"https:\/\/konferenztechnik.de\/it\/wp-json\/wp\/v2\/media?parent=15875"}],"curies":[{"name":"wp","href":"https:\/\/api.w.org\/{rel}","templated":true}]}}